{"id":11062,"date":"2017-02-09T11:54:52","date_gmt":"2017-02-09T13:54:52","guid":{"rendered":"https:\/\/www.tjes.jus.br\/corregedoria\/?page_id=11062"},"modified":"2017-02-09T11:54:52","modified_gmt":"2017-02-09T13:54:52","slug":"consulta-publica-dos-sistemas-da-corregedoria-nacional-de-justica","status":"publish","type":"page","link":"https:\/\/www.tjes.jus.br\/corregedoria\/consulta-publica-dos-sistemas-da-corregedoria-nacional-de-justica\/","title":{"rendered":"Consulta P\u00fablica dos Sistemas da Corregedoria Nacional de Justi\u00e7a"},"content":{"rendered":"<p><strong>Abaixo voc\u00ea encontra todos os sistemas da Corregedoria Nacional de Justi\u00e7a que possuem consulta p\u00fablica ao cidad\u00e3o:<\/strong><\/p>\n<p>&nbsp;<\/p>\n<ul>\n<li><a href=\"http:\/\/www.cnj.jus.br\/cnanovo\/pages\/publico\/index.jsf\" target=\"_blank\" rel=\"alternate\">Cadastro Nacional de Ado\u00e7\u00e3o (CNA)<\/a><\/li>\n<\/ul>\n<p>&nbsp;<\/p>\n<ul>\n<li><a href=\"http:\/\/www.cnj.jus.br\/cnca\/publico\/\" target=\"_blank\">Cadastro Nacional de Crian\u00e7as Acolhidas (CNCA)<\/a><\/li>\n<\/ul>\n<p>&nbsp;<\/p>\n<ul>\n<li>Cadastro Nacional de Condena\u00e7\u00f5es C\u00edveis por Ato de Improbidade Administrativa\n<ul>\n<li><a href=\"http:\/\/www.cnj.jus.br\/improbidade_adm\/consultar_processo.php\" target=\"_blank\">Consultar processo<\/a><\/li>\n<li><a href=\"http:\/\/www.cnj.jus.br\/improbidade_adm\/consultar_requerido.php\" target=\"_blank\">Consultar requerido<\/a><\/li>\n<li><a href=\"http:\/\/www.cnj.jus.br\/improbidade_adm\/autenticar_certidao.php\" target=\"_blank\">Autenticar certid\u00e3o<\/a><\/li>\n<\/ul>\n<\/li>\n<\/ul>\n<p>&nbsp;<\/p>\n<ul>\n<li><a href=\"http:\/\/www.cnj.jus.br\/geo-cnj-presidios\/?w=1440&amp;h=900&amp;pular=false\" target=\"_blank\">Cadastro Nacional de Inspe\u00e7\u00f5es nos Estabelecimentos Penais<\/a><\/li>\n<\/ul>\n<p>&nbsp;<\/p>\n<ul>\n<li><a href=\"http:\/\/www.cnj.jus.br\/corregedoria\/justica_aberta\" target=\"_blank\">Justi\u00e7a Aberta<\/a><\/li>\n<\/ul>\n<p>&nbsp;<\/p>\n<ul>\n<li><a href=\"http:\/\/www.cnj.jus.br\/corregedoria\/saprs\/?a=consultaPublica&amp;d=consultaPublica&amp;f=formPesquisar\" target=\"_blank\">Justi\u00e7a Plena (Sistema de Controle de Processos de Relev\u00e2ncia Social)<\/a><\/li>\n<\/ul>\n","protected":false},"excerpt":{"rendered":"<p>Abaixo voc\u00ea encontra todos os sistemas da Corregedoria Nacional de Justi\u00e7a que possuem consulta p\u00fablica ao cidad\u00e3o: &nbsp; Cadastro Nacional de Ado\u00e7\u00e3o (CNA) &nbsp; Cadastro Nacional de Crian\u00e7as Acolhidas (CNCA) &nbsp; Cadastro Nacional de Condena\u00e7\u00f5es C\u00edveis por Ato de Improbidade Administrativa Consultar processo Consultar requerido Autenticar certid\u00e3o &nbsp; Cadastro Nacional de Inspe\u00e7\u00f5es nos Estabelecimentos Penais [&hellip;]<\/p>\n","protected":false},"author":2,"featured_media":0,"parent":0,"menu_order":0,"comment_status":"closed","ping_status":"closed","template":"","meta":{"footnotes":""},"_links":{"self":[{"href":"https:\/\/www.tjes.jus.br\/corregedoria\/wp-json\/wp\/v2\/pages\/11062"}],"collection":[{"href":"https:\/\/www.tjes.jus.br\/corregedoria\/wp-json\/wp\/v2\/pages"}],"about":[{"href":"https:\/\/www.tjes.jus.br\/corregedoria\/wp-json\/wp\/v2\/types\/page"}],"author":[{"embeddable":true,"href":"https:\/\/www.tjes.jus.br\/corregedoria\/wp-json\/wp\/v2\/users\/2"}],"replies":[{"embeddable":true,"href":"https:\/\/www.tjes.jus.br\/corregedoria\/wp-json\/wp\/v2\/comments?post=11062"}],"version-history":[{"count":3,"href":"https:\/\/www.tjes.jus.br\/corregedoria\/wp-json\/wp\/v2\/pages\/11062\/revisions"}],"predecessor-version":[{"id":11065,"href":"https:\/\/www.tjes.jus.br\/corregedoria\/wp-json\/wp\/v2\/pages\/11062\/revisions\/11065"}],"wp:attachment":[{"href":"https:\/\/www.tjes.jus.br\/corregedoria\/wp-json\/wp\/v2\/media?parent=11062"}],"curies":[{"name":"wp","href":"https:\/\/api.w.org\/{rel}","templated":true}]}}