{"id":1732,"date":"2016-06-09T17:37:17","date_gmt":"2016-06-09T20:37:17","guid":{"rendered":"http:\/\/10.14.3.75\/corregedoria\/?page_id=1732"},"modified":"2026-03-20T13:43:46","modified_gmt":"2026-03-20T16:43:46","slug":"atos-normativos-2","status":"publish","type":"page","link":"https:\/\/www.tjes.jus.br\/corregedoria\/legislacao\/atos-normativos-2\/","title":{"rendered":"Atos Normativos"},"content":{"rendered":"<table>\n<tbody>\n<tr>\n<td style=\"text-align: center;\"><strong>AS PUBLICA\u00c7\u00d5ES EST\u00c3O AGRUPADAS POR ANO<\/strong><\/td>\n<\/tr>\n<tr>\n<td>\n<ul>\n<li><strong>Bi\u00eanio 2026\/2027<\/strong><\/li>\n<li>Atos Normativos &#8211; <a href=\"https:\/\/www.tjes.jus.br\/corregedoria\/atos-normativos-2026\/\">2026<\/a><span style=\"font-family: inherit; font-size: inherit;\">\u00a0| 2027<\/span><\/li>\n<li><strong>Bi\u00eanio 2024\/2025<\/strong><\/li>\n<li>Atos Normativos &#8211; <a href=\"https:\/\/www.tjes.jus.br\/corregedoria\/atos-normativos-2024-teste\/\">2024<\/a><span style=\"font-family: inherit; font-size: inherit;\"> | <a href=\"https:\/\/www.tjes.jus.br\/corregedoria\/atos-normativos-2025\/\">2025<\/a><\/span><\/li>\n<li><strong>Bi\u00eanio 2022\/2023<\/strong><\/li>\n<li>Atos Normativos &#8211;<a href=\"https:\/\/www.tjes.jus.br\/corregedoria\/atos-normativos-2022\/\"> 2022<\/a><span style=\"font-family: inherit; font-size: inherit;\"> | <a href=\"https:\/\/www.tjes.jus.br\/corregedoria\/atos-normativos-2023\/\">2023<\/a><\/span><\/li>\n<li><strong>Bi\u00eanio 2020\/2021<\/strong><\/li>\n<li>Atos Normativos &#8211; <a style=\"font-family: inherit; font-size: inherit;\" href=\"https:\/\/www.tjes.jus.br\/corregedoria\/legislacao\/atos-normativos-2\/atos-normativos-2020\/\">2020<\/a><span style=\"font-family: inherit; font-size: inherit;\"> | <a href=\"https:\/\/www.tjes.jus.br\/corregedoria\/legislacao\/atos-normativos-2\/atos-normativos-2021\/\">2021<\/a><\/span><\/li>\n<li><strong>Bi\u00eanio 2018\/2019<br \/>\n<\/strong>Atos Normativos &#8211; <a href=\"https:\/\/www.tjes.jus.br\/corregedoria\/legislacao\/atos-normativos-2\/atos-normativos-2018\/\">2018<\/a>\u00a0| <a href=\"https:\/\/www.tjes.jus.br\/corregedoria\/legislacao\/atos-normativos-2\/atos-normativos-2019\/\" rel=\"noopener\">2019<\/a><\/li>\n<li><strong>Bi\u00eanio 2016\/2017<br \/>\n<\/strong>Atos Normativos &#8211; <a href=\"https:\/\/www.tjes.jus.br\/corregedoria\/index.php\/legislacao\/atos-normativos-2\/atos-normativos-2016\/\">2016<\/a>\u00a0| <a href=\"https:\/\/www.tjes.jus.br\/corregedoria\/index.php\/legislacao\/atos-normativos-2\/atos-normativos-2017\/\">2017<\/a><\/li>\n<li><strong style=\"font-family: inherit; font-size: inherit;\">Bi\u00eanio 2014\/2015<\/strong><\/li>\n<li>Atos Normativos &#8211; <a href=\"https:\/\/www.tjes.jus.br\/corregedoria\/index.php\/legislacao\/atos-normativos-2\/atos-normativos-2014\/\">2014<\/a> | <a href=\"https:\/\/www.tjes.jus.br\/corregedoria\/index.php\/legislacao\/atos-normativos-2\/atos-normativos-2015\/\">2015<\/a><\/li>\n<li><strong>Bi\u00eanio 2012\/2013<br \/>\n<\/strong>Atos Normativos &#8211; <a href=\"https:\/\/www.tjes.jus.br\/corregedoria\/index.php\/legislacao\/atos-normativos-2\/atos-normativos-2012\/\">2012<\/a> | <a href=\"https:\/\/www.tjes.jus.br\/corregedoria\/index.php\/legislacao\/atos-normativos-2\/atos-normativos-2013\/\">2013<\/a><\/li>\n<li><strong>Bi\u00eanio 2010\/2011<\/strong><br \/>\nAtos Normativos &#8211; <a href=\"https:\/\/www.tjes.jus.br\/corregedoria\/index.php\/legislacao\/atos-normativos-2\/atos-normativos-2010\/\">2010<\/a> | <a href=\"https:\/\/www.tjes.jus.br\/corregedoria\/index.php\/legislacao\/atos-normativos-2\/atos-normativos-2011\/\">2011<\/a><\/li>\n<li><strong>Bi\u00eanio 2008\/2009<\/strong><br \/>\nAtos Normativos &#8211; <a href=\"https:\/\/www.tjes.jus.br\/corregedoria\/index.php\/legislacao\/atos-normativos-2\/atos-normativos-2008\/\">2008<\/a> | <a href=\"https:\/\/www.tjes.jus.br\/corregedoria\/index.php\/legislacao\/atos-normativos-2\/atos-normativos-2009\/\">2009<\/a><\/li>\n<li><strong>Bi\u00eanio 2006\/2007<\/strong><br \/>\nAtos Normativos &#8211; <a href=\"https:\/\/www.tjes.jus.br\/corregedoria\/index.php\/legislacao\/atos-normativos-2\/atos-normativos-2006\/\">2006 <\/a>| <a href=\"https:\/\/www.tjes.jus.br\/corregedoria\/index.php\/legislacao\/atos-normativos-2\/atos-normativos-2007\/\">2007<\/a><\/li>\n<li><strong>Bi\u00eanio 2004\/2005<\/strong><br \/>\nAtos Normativos &#8211; <a href=\"https:\/\/www.tjes.jus.br\/corregedoria\/index.php\/legislacao\/atos-normativos-2\/atos-normativos-2004\/\">2004 <\/a>| <a href=\"https:\/\/www.tjes.jus.br\/corregedoria\/index.php\/legislacao\/atos-normativos-2\/atos-normativos-2005\/\">2005<\/a><\/li>\n<\/ul>\n<\/td>\n<\/tr>\n<tr>\n<td><strong>\u00a0<\/strong><\/td>\n<\/tr>\n<\/tbody>\n<\/table>\n","protected":false},"excerpt":{"rendered":"<p>AS PUBLICA\u00c7\u00d5ES EST\u00c3O AGRUPADAS POR ANO Bi\u00eanio 2026\/2027 Atos Normativos &#8211; 2026\u00a0| 2027 Bi\u00eanio 2024\/2025 Atos Normativos &#8211; 2024 | 2025 Bi\u00eanio 2022\/2023 Atos Normativos &#8211; 2022 | 2023 Bi\u00eanio 2020\/2021 Atos Normativos &#8211; 2020 | 2021 Bi\u00eanio 2018\/2019 Atos Normativos &#8211; 2018\u00a0| 2019 Bi\u00eanio 2016\/2017 Atos Normativos &#8211; 2016\u00a0| 2017 Bi\u00eanio 2014\/2015 Atos Normativos [&hellip;]<\/p>\n","protected":false},"author":1,"featured_media":0,"parent":216,"menu_order":0,"comment_status":"closed","ping_status":"closed","template":"","meta":{"footnotes":""},"_links":{"self":[{"href":"https:\/\/www.tjes.jus.br\/corregedoria\/wp-json\/wp\/v2\/pages\/1732"}],"collection":[{"href":"https:\/\/www.tjes.jus.br\/corregedoria\/wp-json\/wp\/v2\/pages"}],"about":[{"href":"https:\/\/www.tjes.jus.br\/corregedoria\/wp-json\/wp\/v2\/types\/page"}],"author":[{"embeddable":true,"href":"https:\/\/www.tjes.jus.br\/corregedoria\/wp-json\/wp\/v2\/users\/1"}],"replies":[{"embeddable":true,"href":"https:\/\/www.tjes.jus.br\/corregedoria\/wp-json\/wp\/v2\/comments?post=1732"}],"version-history":[{"count":35,"href":"https:\/\/www.tjes.jus.br\/corregedoria\/wp-json\/wp\/v2\/pages\/1732\/revisions"}],"predecessor-version":[{"id":46705,"href":"https:\/\/www.tjes.jus.br\/corregedoria\/wp-json\/wp\/v2\/pages\/1732\/revisions\/46705"}],"up":[{"embeddable":true,"href":"https:\/\/www.tjes.jus.br\/corregedoria\/wp-json\/wp\/v2\/pages\/216"}],"wp:attachment":[{"href":"https:\/\/www.tjes.jus.br\/corregedoria\/wp-json\/wp\/v2\/media?parent=1732"}],"curies":[{"name":"wp","href":"https:\/\/api.w.org\/{rel}","templated":true}]}}