{"id":1757,"date":"2016-06-09T18:03:30","date_gmt":"2016-06-09T21:03:30","guid":{"rendered":"http:\/\/10.14.3.75\/corregedoria\/?page_id=1757"},"modified":"2020-05-27T12:51:57","modified_gmt":"2020-05-27T15:51:57","slug":"atos-normativos-2010","status":"publish","type":"page","link":"https:\/\/www.tjes.jus.br\/corregedoria\/legislacao\/atos-normativos-2\/atos-normativos-2010\/","title":{"rendered":"Atos Normativos &#8211; 2010"},"content":{"rendered":"<p><a href=\"https:\/\/www.tjes.jus.br\/corregedoria\/index.php\/2017\/04\/26\/ato-normativo-no-692010-disp-05012011\/\">069 &#8211; 05\/01\/2011 Fechamento do F\u00f3rum da Comarca de Barra de S\u00e3o Francisco no per\u00edodo de 3 a 7\/01\/2011<\/a><\/p>\n<p><a href=\"https:\/\/www.tjes.jus.br\/corregedoria\/index.php\/2017\/04\/26\/ato-normativo-no-672010-disp-03012011\/\">067 &#8211; 03\/01\/2011 Fechamento do F\u00f3rum da Comarca de Cachoeiro de Itapemirim e do F\u00f3rum da Comarca de Jer\u00f4nimo Monteiro no dia 30\/12\/2010<\/a><\/p>\n<p><a href=\"https:\/\/www.tjes.jus.br\/corregedoria\/index.php\/2017\/04\/26\/ato-normativo-no-662010-disp-30122010\/\">066 &#8211; 30\/12\/2010 Fechamento F\u00f3rum Itarana dia 29\/12\/10<\/a><\/p>\n<p><a href=\"https:\/\/www.tjes.jus.br\/corregedoria\/index.php\/2017\/04\/26\/ato-normativo-no-652010-disp-30122010\/\">065 &#8211; 30\/12\/2010 Prorroga prazo inicial de 45 dias do Ato Normativo 56.<\/a><\/p>\n<p><a href=\"https:\/\/www.tjes.jus.br\/corregedoria\/index.php\/2017\/04\/20\/ato-normativo-no-642010-disp-28122010\/\">064 &#8211; 28\/12\/2010 Fechamento F\u00f3rum Itagua\u00e7u dia 27\/12\/2010.<\/a><\/p>\n<p><a href=\"https:\/\/www.tjes.jus.br\/corregedoria\/index.php\/2017\/04\/26\/ato-normativo-no-622010-disp-09122010\/\">062 &#8211; 09\/12\/2010 Inclui Servidores na Comiss\u00e3o Sistema Integrado de Administra\u00e7\u00e3o &#8211; <span style=\"color: #ff0000;\"><strong>RETIFICADO<\/strong><\/span><\/a><\/p>\n<p><a href=\"https:\/\/www.tjes.jus.br\/corregedoria\/index.php\/2017\/04\/26\/ato-normativo-no-612010-disp-07122010\/\">061 &#8211; 07\/12\/2010 Prorroga trabalhos mutir\u00e3o carcer\u00e1rios at\u00e9 08\/12\/10.<\/a><\/p>\n<p><a href=\"https:\/\/www.tjes.jus.br\/corregedoria\/index.php\/2017\/04\/26\/ato-normativo-no-592010-disp-30112010\/\">059 &#8211; 30\/11\/2010 Designa Dr. Rodrigo Cardoso Freitas para integrar o Grupo de Apoio.<\/a><\/p>\n<p><a href=\"https:\/\/www.tjes.jus.br\/corregedoria\/index.php\/2017\/04\/26\/ato-normativo-no-572010-disp-22112010\/\">057 &#8211; 22\/11\/2010 Constitui Comiss\u00e3o para implanta\u00e7\u00e3o do Sistema Integrado de Administra\u00e7\u00e3o<\/a><\/p>\n<p><a href=\"https:\/\/www.tjes.jus.br\/corregedoria\/index.php\/2017\/04\/26\/ato-normativo-no-562010-disp-22112010\/\">056 &#8211; 22\/11\/2010 Constitui a Comiss\u00e3o da Elabora\u00e7\u00e3o da Norma de Procedimentos de Aditivo Contratual &#8211; <strong><span style=\"color: #ff0000;\">ALTERADO<\/span><\/strong><\/a><\/p>\n<p><a href=\"https:\/\/www.tjes.jus.br\/corregedoria\/index.php\/2017\/04\/26\/ato-normativo-no-552010-disp-23112010-republicacao\/\">055 &#8211; 23\/11\/2010 Determina a suspens\u00e3o dos prazos processuais nos Juizados Especiais C\u00edvel e Criminal, Fazenda P\u00fablica e 1\u00aa Vara de Fam\u00edlia, todos da Comarca de Linhares em 12\/11\/2010<\/a>\u00a0&#8211; <span style=\"color: #ff0000;\"><strong>REPUBLICA\u00c7\u00c3O<\/strong><\/span><\/p>\n<p><a href=\"https:\/\/www.tjes.jus.br\/corregedoria\/index.php\/2017\/04\/26\/ato-normativo-no-552010-disp-19112010\/\">055 &#8211; 19\/11\/2010\u00a0Determina a suspens\u00e3o dos prazos processuais nos Juizados Especiais C\u00edvel e Criminal, Fazenda P\u00fablica e 1\u00aa Vara de Fam\u00edlia, todos da Comarca de Linhares em 11\/11\/2010<\/a>\u00a0&#8211; <span style=\"color: #ff0000;\"><strong>REPUBLICADO<\/strong><\/span><\/p>\n<p><a href=\"https:\/\/www.tjes.jus.br\/corregedoria\/index.php\/2017\/04\/20\/ato-normativo-no-542010-disp-19112010-republicacao\/\">054 &#8211; 19\/11\/2010 Designa Servidores para Mutir\u00e3o 16 a 26\/11\/10.<\/a>\u00a0&#8211; <span style=\"color: #ff0000;\"><strong>REPUBLICA\u00c7\u00c3O<\/strong><\/span><\/p>\n<p><a href=\"https:\/\/www.tjes.jus.br\/corregedoria\/index.php\/2017\/04\/20\/ato-normativo-no-542010-disp-16112010\/\">054 &#8211; 16\/11\/2010 Designa Servidores para Mutir\u00e3o 16 a 26\/11\/10.<\/a>\u00a0&#8211; <span style=\"color: #ff0000;\"><strong>REPUBLICADO<\/strong><\/span><\/p>\n<p><a href=\"https:\/\/www.tjes.jus.br\/corregedoria\/index.php\/2017\/04\/20\/ato-normativo-no-532010-disp-16112010\/\">053 &#8211; 16\/11\/2010 Institui grupo apoio \u00e0s unidades Judic. c\/ elevado saldo processos Meta 02 &#8211; ALTERADO<\/a><\/p>\n<p><a href=\"https:\/\/www.tjes.jus.br\/corregedoria\/index.php\/2017\/04\/20\/ato-normativo-no-522010-publ-11112010\/\">052 &#8211; 11\/11\/2010 Designa F\u00e1bio Netto da Silva para auxiliar Mutir\u00e3o<\/a><\/p>\n<p><a href=\"https:\/\/www.tjes.jus.br\/corregedoria\/index.php\/2017\/04\/20\/ato-normativo-no-512010-disp-04112010\/\">051 &#8211; 04\/11\/2010 Sele\u00e7\u00e3o e contrata\u00e7\u00e3o estagi\u00e1rios conciliadores<\/a><\/p>\n<p><a href=\"https:\/\/www.tjes.jus.br\/corregedoria\/index.php\/2017\/04\/20\/ato-normativo-no-502010-disp-26102010\/\">050 &#8211; 26\/10\/2010 Fechamento 2\u00aa Vara Faz.P\u00fab. Est. Exec. Fiscais Vit\u00f3ria dias 22, 25 e 26\/10\/10<\/a><\/p>\n<p><a href=\"https:\/\/www.tjes.jus.br\/corregedoria\/index.php\/2017\/04\/20\/ato-normativo-no-492010-disp-22102010\/\">049 &#8211; 22\/10\/2010 Fechamento 2\u00aa vara Criminal de Vila Velha de 13 \u00e0 15\/10\/10.<\/a><\/p>\n<p><a href=\"https:\/\/www.tjes.jus.br\/corregedoria\/index.php\/2017\/04\/20\/ato-normativo-no-482010-disp-18102010\/\">048 &#8211; 18\/10\/2010 Designa Dr. Erivaldo Alberto da Cunha Juiz da 1\u00aa Vara Criminal Barra de S\u00e3o Francisco p\/ mutir\u00e3o<\/a><\/p>\n<p><a href=\"https:\/\/www.tjes.jus.br\/corregedoria\/index.php\/2017\/04\/20\/ato-normativo-no-472010-disp-18102010\/\">047 &#8211; 18\/10\/2010 Fechamento 1\u00aa Vara Criminal Vit\u00f3ria dias 19 e 20\/10\/10.<\/a><\/p>\n<p><a href=\"https:\/\/www.tjes.jus.br\/corregedoria\/index.php\/2017\/04\/20\/ato-normativo-no-462010-disp-18102010\/\">046 &#8211; 18\/10\/2010 Suspende prazos nas autarquias e funda\u00e7\u00f5es federais devido \u00e0 instala\u00e7\u00e3o Proc. Federal<\/a><\/p>\n<p><a href=\"https:\/\/www.tjes.jus.br\/corregedoria\/index.php\/2017\/04\/20\/ato-normativo-no-452010-disp-15102010\/\">045 &#8211; 15\/10\/2010 Fechamento dos Juiz Esp Adjuntos dia 15\/10\/10.<\/a><\/p>\n<p><a href=\"https:\/\/www.tjes.jus.br\/corregedoria\/index.php\/2017\/04\/20\/ato-normativo-no-442010-disp-14102010\/\">044 &#8211; 14\/10\/2010\u00a0Determina\u00a0a suspens\u00e3o dos prazos nos processos de cobran\u00e7a do seguro obrigat\u00f3rio &#8211; DPVAT, nos dias 14 e 15\/10\/2010<\/a><\/p>\n<p><a href=\"https:\/\/www.tjes.jus.br\/corregedoria\/index.php\/2017\/04\/20\/ato-normativo-no-432010-disp-13102010\/\">043 &#8211; 13\/10\/2010 Mutir\u00e3o carcer\u00e1rio de 20\/10 \u00e0 19\/11\/10<\/a><\/p>\n<p><a href=\"https:\/\/www.tjes.jus.br\/corregedoria\/index.php\/2017\/04\/20\/ato-normativo-no-422010-disp-06102010\/\">042 &#8211; 06\/10\/2010 Fechamento cart\u00f3rios das 1\u00aa e 2\u00aa varas criminais Vila Velha de 04 \u00e0 08\/10\/10<\/a><\/p>\n<p><a href=\"https:\/\/www.tjes.jus.br\/corregedoria\/index.php\/2017\/04\/20\/ato-normativo-no-412010-disp-29092010\/\">041 &#8211; 29\/09\/2010 Autoriza fechamento da 1\u00aa, 2\u00aa, 3\u00aa, 5\u00aa e 7\u00aa V.Criminais e 5\u00aa Vara C\u00edvel de V.Velha<\/a><\/p>\n<p><a href=\"https:\/\/www.tjes.jus.br\/corregedoria\/index.php\/2017\/04\/20\/ato-normativo-no-402010-disp-27092010\/\">040 &#8211; 27\/09\/2010 Constitui equipe t\u00e9cnica para an\u00e1lise de precat\u00f3rios <span style=\"color: #ff0000;\"><strong>&#8211; ALTERADO<\/strong><\/span><\/a><\/p>\n<p><a href=\"https:\/\/www.tjes.jus.br\/corregedoria\/index.php\/2017\/04\/20\/ato-normativo-no-392010-disp-23092010\/\">039 &#8211; 23\/09\/2010 Autoriza fechamento do F\u00f3rum e suspende prazos em Mimoso do Sul em 24\/09\/10<\/a><\/p>\n<p><a href=\"https:\/\/www.tjes.jus.br\/corregedoria\/index.php\/2017\/04\/20\/ato-normativo-no-382010-publ-01092010\/\">038 &#8211; 01\/09\/2010 Comit\u00ea Gestor das Contas Especiais de Pagamento de Precat\u00f3rios<\/a>\u00a0&#8211; <span style=\"color: #ff0000;\"><strong>ALTERADO<\/strong><\/span><\/p>\n<p><a href=\"https:\/\/www.tjes.jus.br\/corregedoria\/index.php\/2017\/04\/20\/ato-normativo-no-372010-disp-27082010\/\">037 &#8211; 27\/08\/2010 Constitui grupo de trabalho para o cumprimento da Meta Priorit\u00e1ria n\u00ba 06 de 2010<\/a><\/p>\n<p><a href=\"https:\/\/www.tjes.jus.br\/corregedoria\/index.php\/2017\/04\/20\/ato-normativo-no-362010-disp-26082010\/\">036 &#8211; 26\/08\/2010 Designa Dr Alexandre Farina Lopes como Gestor do Projeto Come\u00e7ar de Novo.<\/a><\/p>\n<p><a href=\"https:\/\/www.tjes.jus.br\/corregedoria\/index.php\/2017\/04\/20\/ato-normativo-no-352010-disp-26082010\/\">035 &#8211; 26\/08\/2010 Fechamento F\u00f3rum Ibira\u00e7u de 30\/08 \u00e0 03\/09\/10<\/a><\/p>\n<p><a href=\"https:\/\/www.tjes.jus.br\/corregedoria\/index.php\/2017\/04\/20\/ato-normativo-no-342010-disp-23082010\/\">034 &#8211; 23\/08\/2010 Grupo trabalho &#8211; meta priorit\u00e1ria n\u00ba 04<\/a><\/p>\n<p><a href=\"https:\/\/www.tjes.jus.br\/corregedoria\/index.php\/2017\/04\/20\/ato-normativo-no-332010-disp-13082010\/\">033 &#8211; 13\/08\/2010 Fechamento 1\u00ba Juiz Esp. Criminal Vit\u00f3ria dias 12 e 13\/08\/10<\/a><\/p>\n<p><a href=\"https:\/\/www.tjes.jus.br\/corregedoria\/index.php\/2017\/04\/20\/ato-normativo-no-322010-publ-05082010\/\">032 &#8211; 05\/08\/2010 Autoriza fechamento do 1\u00ba Juizado Especial Criminal de Vit\u00f3ria<\/a><\/p>\n<p><a href=\"https:\/\/www.tjes.jus.br\/corregedoria\/index.php\/2017\/04\/20\/ato-normativo-no-312010-publ-29072010\/\">031 &#8211; 29\/07\/2010 Determina abertura proc. com compet\u00eancia Juiz. Esp. Faz. P\u00fablica<\/a><\/p>\n<p><a href=\"https:\/\/www.tjes.jus.br\/corregedoria\/index.php\/2017\/04\/20\/ato-normativo-no-302010-disp-21072010\/\">030 &#8211; 21\/07\/2010 Determina suspens\u00e3o prazos, publica\u00e7\u00f5es e audi\u00eancias dias 04 \u00e0 10\/08\/10 Semana Advogado.<\/a><\/p>\n<p><a href=\"https:\/\/www.tjes.jus.br\/corregedoria\/index.php\/2017\/04\/20\/ato-normativo-no-292010-disp-20072010\/\">029 &#8211; 20\/07\/2010 Estabelece procedimentos para pagamentos precat\u00f3rios.<\/a><\/p>\n<p><a href=\"https:\/\/www.tjes.jus.br\/corregedoria\/index.php\/2017\/04\/20\/ato-normativo-no-282010-disp-21072010-republicacao\/\">028 &#8211; 21\/07\/2010 Constitui o grupo de trabalho para o cumprimento da Meta Priorit\u00e1ria n\u00ba 05 de 2010, do colendo CNJ<\/a>\u00a0&#8211; <span style=\"color: #ff0000;\"><strong>REPUBLICA\u00c7\u00c3O<\/strong><\/span><\/p>\n<p><a href=\"https:\/\/www.tjes.jus.br\/corregedoria\/index.php\/2017\/04\/20\/ato-normativo-no-282010-disp-19072010-republicado\/\">028 &#8211; 19\/07\/2010\u00a0Constitui o grupo de trabalho para o cumprimento da Meta Priorit\u00e1ria n\u00ba 05 de 2010, do colendo CNJ<\/a> &#8211; <span style=\"color: #ff0000;\"><strong>REPUBLICADO<\/strong><\/span><\/p>\n<p><a href=\"https:\/\/www.tjes.jus.br\/corregedoria\/index.php\/2017\/04\/20\/ato-normativo-no-272010-disp-13072010\/\">027 &#8211; 13\/07\/2010 Regulamenta a localiza\u00e7\u00e3o provis\u00f3ria dos Assessores de Ju\u00edzes Substitutos de Entr\u00e2ncia Especial e Terceira Entr\u00e2ncia, durante o per\u00edodo de afastamento destes da atividade jurisdicional<\/a><\/p>\n<p><a href=\"https:\/\/www.tjes.jus.br\/corregedoria\/index.php\/2017\/04\/20\/ato-normativo-no-262010-disp-09072010\/\">026 &#8211; 09\/07\/2010 Determina\u00a0os crit\u00e9rios para a atualiza\u00e7\u00e3o monet\u00e1ria e incid\u00eancia de juros sobre precat\u00f3rios judici\u00e1rios j\u00e1 expedidos e sobre os que forem expedidos na vig\u00eancia do regime especial institu\u00eddo pela Emenda Constitucional n. 62\/2009 &#8211; <span style=\"color: #ff0000;\"><strong>ALTERADO<\/strong><\/span><\/a><\/p>\n<p><a href=\"https:\/\/www.tjes.jus.br\/corregedoria\/index.php\/2017\/04\/20\/ato-normativo-no-252010-publ-30062010-republicacao\/\">025 &#8211; 30\/06\/2010 Constitui o Grupo Volunt\u00e1rio de Apoio aos Mutir\u00f5es de Concilia\u00e7\u00e3o e da Cidadania no \u00e2mbito deste Tribunal, nomeia juiz para integrar o Comit\u00ea Estadual respons\u00e1vel pela Concilia\u00e7\u00e3o e d\u00e1 outras provid\u00eancias<\/a>\u00a0&#8211; <span style=\"color: #ff0000;\"><strong>REPUBLICA\u00c7\u00c3O<\/strong><\/span><\/p>\n<p><a href=\"https:\/\/www.tjes.jus.br\/corregedoria\/index.php\/2017\/04\/20\/ato-normativo-no-252010-publ-29062010-republicado\/\">025 &#8211; 29\/06\/2010 Constitui o Grupo Volunt\u00e1rio de Apoio aos Mutir\u00f5es de Concilia\u00e7\u00e3o e da Cidadania no \u00e2mbito deste Tribunal, nomeia juiz para integrar o Comit\u00ea Estadual respons\u00e1vel pela Concilia\u00e7\u00e3o e d\u00e1 outras provid\u00eancias<\/a>\u00a0&#8211; <span style=\"color: #ff0000;\"><strong>REPUBLICADO<\/strong><\/span><\/p>\n<p><a href=\"https:\/\/www.tjes.jus.br\/corregedoria\/index.php\/2017\/04\/20\/ato-normativo-no-242010-disp-28062010\/\">024 &#8211; 28\/06\/2010 Prorroga prazo Comiss\u00e3o Elabora\u00e7\u00e3o de sist. aval. t\u00e9cnica<\/a><\/p>\n<p><a href=\"https:\/\/www.tjes.jus.br\/corregedoria\/index.php\/2017\/04\/20\/ato-normativo-no-232010-disp-28062010\/\">023 &#8211; 28\/06\/2010 Fechamento 1\u00aa Vara Criminal Vit\u00f3ria dias 28 e 29\/06\/2010.<\/a><\/p>\n<p><a href=\"https:\/\/www.tjes.jus.br\/corregedoria\/index.php\/2016\/08\/29\/ato-normativo-no-222010-disp-23062010\/\">022 &#8211; 23\/06\/2010 Constitui a Comiss\u00e3o de Gest\u00e3o do Portal Transpar\u00eancia Do Tribunal de Justi\u00e7a do ES. &#8211; <span style=\"color: #ff0000;\"><strong>REVOGADO<\/strong><\/span><\/a><\/p>\n<p><a href=\"https:\/\/www.tjes.jus.br\/corregedoria\/index.php\/2017\/04\/20\/ato-normativo-no-212010-disp-18062010\/\">021 &#8211; 18\/06\/2010 Ratifica designa\u00e7\u00e3o de Juiz Conciliador da Central de Concilia\u00e7\u00e3o de Precat\u00f3rios<\/a>\u00a0&#8211; <span style=\"color: #ff0000;\"><strong>REVOGADO<\/strong><\/span><\/p>\n<p><a href=\"https:\/\/www.tjes.jus.br\/corregedoria\/index.php\/2016\/08\/29\/ato-normativo-no-202010-disp-15062010-revogado\/\">020 &#8211; 15\/06\/2010 Constitui o Comit\u00ea Est. respons\u00e1vel pela Concilia\u00e7\u00e3o no Tribunal &#8211; <span style=\"color: #ff0000;\"><strong>REVOGADO<\/strong><\/span><\/a><\/p>\n<p><a href=\"https:\/\/www.tjes.jus.br\/corregedoria\/index.php\/2017\/04\/20\/ato-normativo-no-192010-disp-11062010\/\">019 &#8211; 11\/06\/2010 Constitui Comiss\u00e3o avalia\u00e7\u00e3o t\u00e9cnica Engenharia<\/a><\/p>\n<p><a href=\"https:\/\/www.tjes.jus.br\/corregedoria\/index.php\/2017\/04\/20\/ato-normativo-no-182010-disp-14062010-republicacao\/\">018 &#8211; 14\/06\/2010 Fechamento F\u00f3rum Santa Teresa.<\/a> &#8211; <span style=\"color: #ff0000;\"><strong>REPUBLICA\u00c7\u00c3O<\/strong><\/span><\/p>\n<p><a href=\"https:\/\/www.tjes.jus.br\/corregedoria\/index.php\/2017\/04\/20\/ato-normativo-no-182010-disp-09062010\/\">018 &#8211; 09\/06\/2010 Fechamento F\u00f3rum Santa Teresa.<\/a>\u00a0&#8211; <span style=\"color: #ff0000;\"><strong>REPUBLICADO<\/strong><\/span><\/p>\n<p><a href=\"https:\/\/www.tjes.jus.br\/corregedoria\/index.php\/2017\/04\/20\/ato-normativo-no-172010-publ-29042010\/\">017 &#8211; 29\/04\/2010 Fechamento Juizados C\u00edvel e Crim., 1\u00aa e 2\u00aa Criminal, e Juiz Esp C\u00edvel e crim Barra de S\u00e3o Francisco<\/a><\/p>\n<p><a href=\"https:\/\/www.tjes.jus.br\/corregedoria\/index.php\/2017\/04\/20\/ato-normativo-no-162010-disp-09042010\/\">016 &#8211; 09\/04\/2010 Suspens\u00e3o prazos processuais nesta data em todo Poder Judici\u00e1rio.<\/a><\/p>\n<p><a href=\"https:\/\/www.tjes.jus.br\/corregedoria\/index.php\/2017\/04\/20\/ato-normativo-conjunto-no-152010-disp-11112010\/\">015 &#8211; (CONJUNTO) 11\/11\/2010 Institui a Comiss\u00e3o de Concurso para sele\u00e7\u00e3o de servidores do Poder Judici\u00e1rio<\/a><\/p>\n<p><a href=\"https:\/\/www.tjes.jus.br\/corregedoria\/index.php\/2017\/04\/20\/ato-normativo-no-152010-publ-14042010\/\">015 &#8211; 14\/04\/2010 Fechamento 2\u00ba Juiz Esp C\u00edvel Adjunto UFES dia 16\/04\/10.<\/a><\/p>\n<p><a href=\"https:\/\/www.tjes.jus.br\/corregedoria\/index.php\/2017\/04\/20\/ato-normativo-no-142010-disp-25032010\/\">014 &#8211; (CONJUNTO) 04\/10\/2010 Sistema Distribui\u00e7\u00e3o Eletr\u00f4nica de Mandados<\/a><\/p>\n<p><a href=\"https:\/\/www.tjes.jus.br\/corregedoria\/index.php\/2017\/04\/20\/ato-normativo-no-142010-disp-25032010\/\">014 &#8211; 25\/03\/2010 Fechamento 1\u00ba Juiz. Esp. C\u00edvel Adjunto Linhares dias 29 e 30\/03\/10<\/a><\/p>\n<p><a href=\"https:\/\/www.tjes.jus.br\/corregedoria\/index.php\/2017\/04\/20\/ato-normativo-conjunto-no-132010-disp-01092010\/\">013 &#8211; (CONJUNTO) 01\/09\/2010 Recomenda\u00e7\u00e3o aos Magistrados Juiz. Esp. C\u00edveis e Criminais<\/a><\/p>\n<p><a href=\"https:\/\/www.tjes.jus.br\/corregedoria\/index.php\/2016\/08\/25\/ato-normativo-no-132010-disp-23032010-alterado\/\">013 &#8211; 23\/03\/2010 Institui comiss\u00e3o acessibilidade \u00e0s pessoas deficientes.- <span style=\"color: #ff0000;\"><strong>ALTERADO &#8211; REVOGADO<\/strong><\/span><\/a><\/p>\n<p><a href=\"https:\/\/www.tjes.jus.br\/corregedoria\/index.php\/2017\/04\/20\/ato-normativo-conjunto-no-122010-publ-30072010\/\">012 &#8211; (CONJUNTO) 30\/07\/2010 Inclui Reginaldo Lube Gestor Tabelas Processuais Unificadas<\/a><\/p>\n<p><a href=\"https:\/\/www.tjes.jus.br\/corregedoria\/index.php\/2017\/04\/20\/ato-normativo-no-122010-publ-18032010\/\">012 &#8211; 18\/03\/2010 Fechamento da 5\u00aa Vara Criminal de Vit\u00f3ria no dia 19\/03\/2010<\/a><\/p>\n<p><a href=\"https:\/\/www.tjes.jus.br\/corregedoria\/index.php\/2017\/04\/20\/ato-normativo-conjunto-no-112010-publ-29072010\/\">011 &#8211; (CONJUNTO) 29\/07\/2010 Mutir\u00e3o Ju\u00edzo de Vila Velha<\/a><\/p>\n<p><a href=\"https:\/\/www.tjes.jus.br\/corregedoria\/index.php\/2017\/04\/20\/ato-normativo-no-112010-publ-12032010\/\">011 &#8211; 12\/03\/2010 Fechamento F\u00f3rum Bom Jesus do Norte de 22 \u00e0 26\/03\/10.<\/a><\/p>\n<p><a href=\"https:\/\/www.tjes.jus.br\/corregedoria\/index.php\/2017\/04\/20\/ato-normativo-conjunto-no-0102010-publ-15062010\/\">010 &#8211; (CONJUNTO) 15\/06\/2010 Pro\u00edbe uso cigarros e similares nas depend\u00eancias do Tribunal.<\/a><\/p>\n<p><a href=\"https:\/\/www.tjes.jus.br\/corregedoria\/index.php\/2017\/04\/20\/ato-normativo-no-102010-publ-11032010\/\">010 &#8211; 11\/03\/2010 Fechamento 4\u00ba Juiz. Esp. C\u00edvel Vit\u00f3ria Adjunto Est\u00e1cio de S\u00e1 de 05 \u00e0 10\/03\/10.<\/a><\/p>\n<p><a href=\"https:\/\/www.tjes.jus.br\/corregedoria\/index.php\/2017\/04\/20\/ato-normativo-conjunto-no-092010-publ-08062010\/\">009 &#8211; (CONJUNTO) 08\/06\/2010 Para as Comarcas se cadastrarem no E-JUD<\/a><\/p>\n<p><a href=\"https:\/\/www.tjes.jus.br\/corregedoria\/index.php\/2017\/04\/20\/ato-normativo-no-092010-publ-11032010\/\">009 &#8211; 11\/03\/2010 Fechamento Juiz. especial C\u00edvel Viana dia 05\/03\/10<\/a><\/p>\n<p><a href=\"https:\/\/www.tjes.jus.br\/corregedoria\/index.php\/2017\/04\/20\/ato-normativo-conjunto-no-082010-publ-28052010\/\">008 &#8211; (CONJUNTO) 28\/05\/2010 Determina ao CPD que disponibilize a LC n\u00ba 46\/94<\/a>\u00a0<span style=\"color: #ff0000;\"><strong>&#8211; REVOGADO<\/strong><\/span><\/p>\n<p><a href=\"https:\/\/www.tjes.jus.br\/corregedoria\/index.php\/2017\/04\/20\/ato-normativo-no-082010-publ-11032010\/\">008 &#8211; 11\/03\/2010 Fechamento 4\u00ba Juiz. Esp. C\u00edvel Vila Velha dia 05\/03\/10<\/a><\/p>\n<p><a href=\"https:\/\/www.tjes.jus.br\/corregedoria\/index.php\/2017\/04\/20\/ato-normativo-conjunto-no-072010-publ-19052010\/\">007 &#8211; (CONJUNTO) 19\/05\/10 Altera reda\u00e7\u00e3o art. 2\u00ba Ato Normativo 69\/08. &#8211; <span style=\"color: #ff0000;\"><strong>ALTERADO<\/strong><\/span><\/a><\/p>\n<p><a href=\"https:\/\/www.tjes.jus.br\/corregedoria\/index.php\/2017\/04\/20\/ato-normativo-no-072010-publ-11032010\/\">007 &#8211; 11\/03\/2010 Fechamento F\u00f3rum Santa Leopoldina dia 05\/03\/10.<\/a><\/p>\n<p><a href=\"https:\/\/www.tjes.jus.br\/corregedoria\/index.php\/2017\/04\/20\/ato-normativo-conjunto-no-062010-publ-19052010\/\">006 &#8211; (CONJUNTO) 19\/05\/2010 Comiss\u00e3o Sistema de Gest\u00e3o Rec. Hum.e Folha Pagamento &#8211; <span style=\"color: #ff0000;\"><strong>ALTERADO<\/strong><\/span><\/a>\u00a0&#8211; <span style=\"color: #ff0000;\"><strong>TORNADO SEM EFEITO<\/strong><\/span><\/p>\n<p><a href=\"https:\/\/www.tjes.jus.br\/corregedoria\/index.php\/2017\/04\/20\/ato-normativo-no-062010-publ-05032010\/\">006 &#8211; 05\/03\/2010 Disp\u00f5e amplia\u00e7\u00e3o da Coordenadoria Execu\u00e7\u00f5es Penais.<\/a><\/p>\n<p><a href=\"https:\/\/www.tjes.jus.br\/corregedoria\/index.php\/2017\/04\/20\/ato-normativo-conjunto-no-052010-publ-27042010\/\">005 &#8211; (CONJUNTO) 27\/04\/2010 Declara\u00e7\u00e3o Bens dos Magistrados<\/a><\/p>\n<p><a href=\"https:\/\/www.tjes.jus.br\/corregedoria\/index.php\/2017\/04\/20\/ato-normativo-no-052010-publ-04032010\/\">005 &#8211; 04\/03\/2010 Fechamento F\u00f3rum Apiac\u00e1 de 08 \u00e0 12\/03\/10.<\/a><\/p>\n<p><a href=\"https:\/\/www.tjes.jus.br\/corregedoria\/index.php\/2017\/04\/19\/ato-normativo-conjunto-no-042010-publ-15042010\/\">004 &#8211; (CONJUNTO) 15\/04\/2010 Institui o Grupo de Monitoramento, Acompanhamento, Aperfei\u00e7oamento e Fiscaliza\u00e7\u00e3o do Sistema Carcer\u00e1rio e de Execu\u00e7\u00e3o de Medidas Socioeducativas no \u00e2mbito do ES<\/a><\/p>\n<p><a href=\"https:\/\/www.tjes.jus.br\/corregedoria\/index.php\/2017\/04\/19\/ato-normativo-no-042010-publ-01032010\/\">004 &#8211; 01\/03\/2010 Fechamento F\u00f3rum Presidente Kennedy dias 26\/02 e 01\/03\/10.<\/a><\/p>\n<p><a href=\"https:\/\/www.tjes.jus.br\/corregedoria\/index.php\/2017\/04\/19\/ato-normativo-conjunto-no-032010-publ-17032010\/\">003 &#8211; (CONJUNTO) 17\/03\/2010 Constitui Mutir\u00e3o 1\u00aa Contadoria Ju\u00edzo Vit\u00f3ria.<\/a><\/p>\n<p><a href=\"https:\/\/www.tjes.jus.br\/corregedoria\/index.php\/2017\/04\/19\/ato-normativo-no-032010-publ-25022010\/\">003 &#8211; 25\/02\/2010 Constitui o Comit\u00ea Estadual para Monitoramento e Resolu\u00e7\u00e3o de Conflitos Fundi\u00e1rios Rurais e Urbanos do ES\u00a0&#8211; <span style=\"color: #ff0000;\"><strong>ALTERADO<\/strong><\/span><\/a><\/p>\n<p><a href=\"https:\/\/www.tjes.jus.br\/corregedoria\/index.php\/2017\/04\/19\/ato-normativo-conjunto-no-022010-publ-26012010\/\">002 &#8211; 11\/02\/2010 Fechamento F\u00f3rum C\u00ecvel e 5\u00aa Criminal Vit\u00f3ria dia 10\/02\/10.<\/a><\/p>\n<p><a href=\"https:\/\/www.tjes.jus.br\/corregedoria\/index.php\/2017\/04\/19\/ato-normativo-conjunto-no-022010-publ-26012010\/\">002 &#8211; (CONJUNTO) 26\/01\/2010 Estabelece o regime de Mutir\u00e3o na 1\u00aa Contadoria de Vit\u00f3ria<\/a><\/p>\n<p><a href=\"https:\/\/www.tjes.jus.br\/corregedoria\/index.php\/2017\/04\/19\/ato-normativo-conjunto-no-012010-publ-20012010\/\">001 &#8211; (CONJUNTO) 20\/01\/2010 Altera o Ato Normativo n\u00ba 11\/2009<\/a><\/p>\n<p><a href=\"https:\/\/www.tjes.jus.br\/corregedoria\/index.php\/2017\/04\/19\/ato-normativo-no-012010-publ-03022010\/\">001 &#8211; 03\/02\/2010 Disciplina o gozo de f\u00e9rias por parte dos magistrados de 1\u00ba grau.<\/a><\/p>\n","protected":false},"excerpt":{"rendered":"<p>069 &#8211; 05\/01\/2011 Fechamento do F\u00f3rum da Comarca de Barra de S\u00e3o Francisco no per\u00edodo de 3 a 7\/01\/2011 067 &#8211; 03\/01\/2011 Fechamento do F\u00f3rum da Comarca de Cachoeiro de Itapemirim e do F\u00f3rum da Comarca de Jer\u00f4nimo Monteiro no dia 30\/12\/2010 066 &#8211; 30\/12\/2010 Fechamento F\u00f3rum Itarana dia 29\/12\/10 065 &#8211; 30\/12\/2010 Prorroga prazo [&hellip;]<\/p>\n","protected":false},"author":1,"featured_media":0,"parent":1732,"menu_order":0,"comment_status":"closed","ping_status":"closed","template":"","meta":{"footnotes":""},"_links":{"self":[{"href":"https:\/\/www.tjes.jus.br\/corregedoria\/wp-json\/wp\/v2\/pages\/1757"}],"collection":[{"href":"https:\/\/www.tjes.jus.br\/corregedoria\/wp-json\/wp\/v2\/pages"}],"about":[{"href":"https:\/\/www.tjes.jus.br\/corregedoria\/wp-json\/wp\/v2\/types\/page"}],"author":[{"embeddable":true,"href":"https:\/\/www.tjes.jus.br\/corregedoria\/wp-json\/wp\/v2\/users\/1"}],"replies":[{"embeddable":true,"href":"https:\/\/www.tjes.jus.br\/corregedoria\/wp-json\/wp\/v2\/comments?post=1757"}],"version-history":[{"count":26,"href":"https:\/\/www.tjes.jus.br\/corregedoria\/wp-json\/wp\/v2\/pages\/1757\/revisions"}],"predecessor-version":[{"id":30215,"href":"https:\/\/www.tjes.jus.br\/corregedoria\/wp-json\/wp\/v2\/pages\/1757\/revisions\/30215"}],"up":[{"embeddable":true,"href":"https:\/\/www.tjes.jus.br\/corregedoria\/wp-json\/wp\/v2\/pages\/1732"}],"wp:attachment":[{"href":"https:\/\/www.tjes.jus.br\/corregedoria\/wp-json\/wp\/v2\/media?parent=1757"}],"curies":[{"name":"wp","href":"https:\/\/api.w.org\/{rel}","templated":true}]}}