{"id":1759,"date":"2016-06-09T18:04:04","date_gmt":"2016-06-09T21:04:04","guid":{"rendered":"http:\/\/10.14.3.75\/corregedoria\/?page_id=1759"},"modified":"2018-02-19T16:12:20","modified_gmt":"2018-02-19T19:12:20","slug":"atos-normativos-2009","status":"publish","type":"page","link":"https:\/\/www.tjes.jus.br\/corregedoria\/legislacao\/atos-normativos-2\/atos-normativos-2009\/","title":{"rendered":"Atos Normativos &#8211; 2009"},"content":{"rendered":"<p style=\"text-align: justify;\"><a href=\"https:\/\/www.tjes.jus.br\/corregedoria\/index.php\/2017\/04\/19\/errata-publ-em-17122009-no-ato-normativo-no-472009\/\">047 &#8211; 17\/12\/2009 Errata Ato Normativo n\u00ba 47\/2009<\/a><\/p>\n<p style=\"text-align: justify;\"><a href=\"https:\/\/www.tjes.jus.br\/corregedoria\/index.php\/2017\/04\/19\/ato-normativo-no-472009-publ-16122009\/\">047 &#8211; 16\/12\/2009 Concess\u00e3o de recesso aos estagi\u00e1rios em 21\/12\/09 a 07\/01\/2010<\/a><\/p>\n<p style=\"text-align: justify;\"><a href=\"https:\/\/www.tjes.jus.br\/corregedoria\/index.php\/2017\/04\/19\/ato-normativo-no-462009-publ-16122009\/\">046 &#8211; 16\/12\/2009 Prorroga\u00e7\u00e3o do fechamento do 1\u00ba Juizado Especial C\u00edvel de Vit\u00f3ria dias 15 e 16\/12\/09<\/a><\/p>\n<p style=\"text-align: justify;\"><a href=\"https:\/\/www.tjes.jus.br\/corregedoria\/index.php\/2017\/04\/19\/ato-normativo-no-452009-publ-11122009\/\">045 &#8211; 11\/12\/2009 Fechamento do 1\u00ba Juizado Especial C\u00edvel de V\u00edt\u00f3ria dias 11 e 14\/12\/09<\/a><\/p>\n<p style=\"text-align: justify;\"><a href=\"https:\/\/www.tjes.jus.br\/corregedoria\/index.php\/2017\/04\/19\/ato-normativo-no-442009-publ-04122009\/\">044 &#8211; 04\/12\/2009 Fechamento do F\u00f3rum de Manten\u00f3polis em 02\/12\/09<\/a><\/p>\n<p style=\"text-align: justify;\"><a href=\"https:\/\/www.tjes.jus.br\/corregedoria\/index.php\/2017\/04\/19\/ato-normativo-no-432009-publ-03122009\/\">043 &#8211; 03\/12\/2009 Fechamento do 1\u00ba Juizado Especial Criminal de Vit\u00f3ria em 04\/12\/09<\/a><\/p>\n<p style=\"text-align: justify;\"><a href=\"https:\/\/www.tjes.jus.br\/corregedoria\/index.php\/2017\/04\/19\/ato-normativo-no-422009-publ-08122009\/\">042 &#8211; 08\/12\/2009 Fechamento do 2\u00ba Juizado Especial C\u00edvel Adjunto Ufes em 14\/12\/09<\/a><\/p>\n<p style=\"text-align: justify;\"><a href=\"https:\/\/www.tjes.jus.br\/corregedoria\/index.php\/2017\/04\/19\/ato-normativo-no-412009-publ-02122009\/\">041 &#8211; 02\/12\/2009 Fechamento do 1\u00ba Juizado Especial Criminal de Vit\u00f3ria em 03\/12\/09<\/a><\/p>\n<p style=\"text-align: justify;\"><a href=\"https:\/\/www.tjes.jus.br\/corregedoria\/index.php\/2017\/04\/19\/ato-normativo-no-402009-publ-13112009\/\">040 &#8211; 13\/11\/2009 Fechamento do F\u00f3rum de Cariacica entre 16 e 20\/11\/09<\/a><\/p>\n<p style=\"text-align: justify;\"><a href=\"https:\/\/www.tjes.jus.br\/corregedoria\/index.php\/2017\/04\/19\/ato-normativo-no-392009-publ-06112009\/\">039 &#8211; 06\/11\/2009 Fechamento do 1\u00ba Juizado Especial C\u00edvel Adjunto (PROCON) de Vit\u00f3ria<\/a><\/p>\n<p style=\"text-align: justify;\"><a href=\"https:\/\/www.tjes.jus.br\/corregedoria\/index.php\/2017\/04\/19\/ato-normativo-no-382009-publ-29102009\/\">038 &#8211; 29\/10\/2009 Fechamento do F\u00f3rum de Ibira\u00e7u em 29\/10\/2009<\/a><\/p>\n<p style=\"text-align: justify;\"><a href=\"https:\/\/www.tjes.jus.br\/corregedoria\/index.php\/2017\/04\/18\/ato-normativo-no-372009-publ-05112009\/\">037 &#8211; 05\/11\/2009 Fechamento da 11\u00aa Vara Criminal de Vit\u00f3ria em 28\/10\/09<\/a><\/p>\n<p style=\"text-align: justify;\"><a href=\"https:\/\/www.tjes.jus.br\/corregedoria\/index.php\/2017\/04\/19\/ato-normativo-no-362009-publ-28102009\/\">036 &#8211; 28\/10\/2009 Fechamento do 2\u00ba Juiz. Especial C\u00edvel de Vit\u00f3ria em 28\/10\/2009<\/a><\/p>\n<p style=\"text-align: justify;\"><a href=\"https:\/\/www.tjes.jus.br\/corregedoria\/index.php\/2017\/04\/19\/ato-normativo-no-352009-publ-27102009\/\">035 &#8211; 27\/10\/2009 Fechamento 2\u00ba Juiz. Espec. C\u00edvel Adjunto de Vit\u00f3ria &#8211; UFES dia 26\/10\/09<\/a><\/p>\n<p style=\"text-align: justify;\"><a href=\"https:\/\/www.tjes.jus.br\/corregedoria\/index.php\/2017\/04\/19\/ato-normativo-no-342009-publ-13112009\/\">034 &#8211; 13\/11\/2009 Referenda a suspens\u00e3o dos prazos processuais do F\u00f3rum de Cariacica em 13\/10\/09<\/a><\/p>\n<p style=\"text-align: justify;\"><a href=\"https:\/\/www.tjes.jus.br\/corregedoria\/index.php\/2017\/04\/19\/ato-normativo-no-332009-publ-14102009\/\">033 &#8211; 14\/10\/2009 Autoriza fechamento do 4\u00ba Juizado Especial C\u00edvel de Vila Velha dia 15\/10\/2009<\/a><\/p>\n<p style=\"text-align: justify;\"><a href=\"https:\/\/www.tjes.jus.br\/corregedoria\/index.php\/2017\/04\/19\/ato-normativo-no-322009-publ-14102009\/\">032 &#8211; 14\/10\/2009 Autoriza fechamento do 1\u00ba Juizado Especial C\u00edvel Adjunto da Serra de 13 a 16\/10\/09<\/a><\/p>\n<p style=\"text-align: justify;\"><a href=\"https:\/\/www.tjes.jus.br\/corregedoria\/index.php\/2017\/04\/18\/ato-normativo-no-312009-publ-07102009\/\">031 &#8211; 07\/10\/2009 Fechamento F\u00f3rum de Vargem Alta entre 07 e 14\/10\/2009<\/a><\/p>\n<p style=\"text-align: justify;\"><a href=\"https:\/\/www.tjes.jus.br\/corregedoria\/index.php\/2017\/04\/18\/ato-normativo-no-302009-publ-05112009\/\">030 &#8211; 05\/11\/2009 Fechamento da Vara da Fazenda P\u00fablica de Marata\u00edzes em 18\/09\/2009<\/a><\/p>\n<p style=\"text-align: justify;\"><a href=\"https:\/\/www.tjes.jus.br\/corregedoria\/index.php\/2017\/04\/18\/ato-normativo-no-292009-publ-10072009\/\">029 &#8211; 10\/07\/2009 Fechamento F\u00f3rum de Itapemirim dias 29, 30 e 31\/07\/09<\/a><\/p>\n<p style=\"text-align: justify;\"><a href=\"https:\/\/www.tjes.jus.br\/corregedoria\/index.php\/2017\/04\/18\/ato-normativo-no-282009-publ-06072009\/\">028 &#8211; 06\/07\/2009 Fechamento da 2\u00aa Vara C\u00edvel da Serra dia 06\/07\/09<\/a><\/p>\n<p style=\"text-align: justify;\"><a href=\"https:\/\/www.tjes.jus.br\/corregedoria\/index.php\/2017\/04\/18\/ato-normativo-no-272009-publ-19062009\/\">027 &#8211; 19\/06\/2009 Constitui o Comit\u00ea Gestor de Numera\u00e7\u00e3o \u00danica dos Processos do Poder Judici\u00e1rio do ES<\/a><\/p>\n<p style=\"text-align: justify;\"><a href=\"https:\/\/www.tjes.jus.br\/corregedoria\/index.php\/2017\/04\/18\/ato-normativo-no-262009-publ-08062009\/\">026 &#8211; 08\/06\/2009 Fechamento da Vara da Fazenda P\u00fablica Est Priv das Exec. Fiscais de Vit\u00f3ria dias 8, 09 e 10\/06\/09<\/a><\/p>\n<p style=\"text-align: justify;\"><a href=\"https:\/\/www.tjes.jus.br\/corregedoria\/index.php\/2017\/04\/18\/ato-normativo-no-252009-publ-28052009\/\">025 &#8211; 28\/05\/2009 Institui o MUTIR\u00c3O DA INF\u00c2NCIA E JUVENTUDE com o objetivo de se proceder ao exame de todos os processos\/procedimentos relativos a menores infratores do ES\u00a0e d\u00e1 outras provid\u00eancias<\/a><\/p>\n<p style=\"text-align: justify;\"><a href=\"https:\/\/www.tjes.jus.br\/corregedoria\/index.php\/2017\/04\/18\/ato-normativo-no-242009-publ-28052009\/\">024 &#8211; 28\/05\/2009 Institui o MUTIR\u00c3O CARCER\u00c1RIO para exame de todos os processos\/procedimentos relativos a presos provis\u00f3rios e condenados do ES\u00a0e d\u00e1 outras provid\u00eancias.<\/a><\/p>\n<p style=\"text-align: justify;\"><a href=\"https:\/\/www.tjes.jus.br\/corregedoria\/index.php\/2017\/04\/18\/ato-normativo-no-232009-publ-21052009\/\">023 &#8211; 21\/05\/2009 Disp\u00f5e sobre a amplia\u00e7\u00e3o das atribui\u00e7\u00f5es da Coordenadoria das Execu\u00e7\u00f5es Penais, visando o monitoramento, acompanhamento e aperfei\u00e7oamento do Sistema Carcer\u00e1rio.<\/a><\/p>\n<p style=\"text-align: justify;\"><a href=\"https:\/\/www.tjes.jus.br\/corregedoria\/index.php\/2017\/04\/18\/ato-normativo-no-222009-publ-21052009\/\">022 &#8211; 21\/05\/2009 Fechamento do Cart\u00f3rio da 9\u00aa Vara Criminal de Vit\u00f3ria dias 21 e 22\/05\/09<\/a><\/p>\n<p style=\"text-align: justify;\"><a href=\"https:\/\/www.tjes.jus.br\/corregedoria\/index.php\/2017\/04\/18\/ato-normativo-no-212009-publ-15052009\/\">021 &#8211; 15\/05\/2009 Tornar sem efeito o Ato Normativo 20\/09, publicado em 13\/05\/2009<\/a><\/p>\n<p style=\"text-align: justify;\"><a href=\"https:\/\/www.tjes.jus.br\/corregedoria\/index.php\/2017\/04\/18\/ato-normativo-no-202009-publ-13052009\/\">020 &#8211; 13\/05\/2009 Fechamento do F\u00f3rum de Jo\u00e3o Neiva em 15\/06\/09<\/a>\u00a0&#8211; <span style=\"color: #ff0000;\"><strong>SEM EFEITO<\/strong><\/span><\/p>\n<p style=\"text-align: justify;\"><a href=\"https:\/\/www.tjes.jus.br\/corregedoria\/index.php\/2017\/04\/18\/ato-normativo-no-192009-publ-08052009\/\">019 &#8211; 08\/05\/2009 Suspens\u00e3o dos prazos processuais e atividades na Vara da Inf. e Juv de Vit\u00f3ria de 11 a 15\/05\/09<\/a><\/p>\n<p style=\"text-align: justify;\"><a href=\"https:\/\/www.tjes.jus.br\/corregedoria\/index.php\/2017\/04\/18\/ato-normativo-no-182009-publ-05052009\/\">018 &#8211; 05\/05\/2009 Suspens\u00e3o dos prazos processuais e atend. no 2\u00ba Juiz. Esp. C\u00edvel Adj. Ufes de 04 a 18\/05\/09<\/a><\/p>\n<p style=\"text-align: justify;\"><a href=\"https:\/\/www.tjes.jus.br\/corregedoria\/index.php\/2017\/04\/18\/ato-normativo-conjunto-no-172009-publ-26112009\/\">017 &#8211; (CONJUNTO) 26\/11\/2009 Apresenta\u00e7\u00e3o de declara\u00e7\u00e3o de bens de servidores comissionados &#8211; <span style=\"color: #ff0000;\"><strong>REVOGADO<\/strong><\/span><\/a><\/p>\n<p style=\"text-align: justify;\"><a href=\"https:\/\/www.tjes.jus.br\/corregedoria\/index.php\/2017\/04\/18\/ato-normativo-no-172009-publ-30042009\/\">017 &#8211; 30\/04\/2009 Suspens\u00e3o dos prazos e atividades na Comarca de Fund\u00e3o dias 29 e 30\/04\/09<\/a><\/p>\n<p style=\"text-align: justify;\"><a href=\"https:\/\/www.tjes.jus.br\/corregedoria\/index.php\/2017\/04\/18\/ato-normativo-conjunto-no-162009-publ-03112009\/\">016 &#8211; (CONJUNTO) 03\/11\/2009 Trata do aquivamento de recursos no PJES<\/a><\/p>\n<p style=\"text-align: justify;\"><a href=\"https:\/\/www.tjes.jus.br\/index.php?option=com_content&amp;view=article&amp;id=1307:atos-normativos-16-2009&amp;catid=206:atos-normativos-2009&amp;Itemid=46\">016 &#8211; 24\/04\/2009 Suspens\u00e3o dos prazos e trabalhos do 2\u00ba Juizado Especial Adjunto de Vila Velha de 24 a 27\/04\/09<\/a><\/p>\n<p style=\"text-align: justify;\"><a href=\"https:\/\/www.tjes.jus.br\/corregedoria\/index.php\/2017\/04\/18\/ato-normativo-conjunto-no-152009-publ-29092009\/\">015 &#8211; (CONJUNTO) 29\/09\/2009 Comit\u00ea Exec.do F\u00f3rum para Monit. Resolu\u00e7\u00e3o Conflitos Fundi\u00e1rios<\/a><\/p>\n<p style=\"text-align: justify;\"><a href=\"https:\/\/www.tjes.jus.br\/corregedoria\/index.php\/2017\/04\/18\/ato-normativo-no-152009-publ-16042009\/\">015 &#8211; 16\/04\/2009 Suspender os prazos processuais e atend. nas 1\u00aa, 2\u00aa e 3\u00aa Turmas do Coleg. Rec. dias 22 e 24\/04\/09<\/a><\/p>\n<p style=\"text-align: justify;\"><a href=\"https:\/\/www.tjes.jus.br\/corregedoria\/index.php\/2017\/04\/18\/ato-normativo-conjunto-no-142009-publ-25092009\/\">014 &#8211; (CONJUNTO) 25\/09\/2009 Inclui servidora no Grupo de Trabalho de implementa\u00e7\u00e3o do sist. e-jud<\/a><\/p>\n<p style=\"text-align: justify;\"><a href=\"https:\/\/www.tjes.jus.br\/corregedoria\/index.php\/2017\/04\/18\/ato-normativo-no-142009-publ-13032009\/\">014 &#8211; 13\/03\/2009 Constitui\u00e7\u00e3o do quadro de Magistrados para atuarem no Mutir\u00e3o dos Juizados Especiais<\/a><\/p>\n<p style=\"text-align: justify;\"><a href=\"https:\/\/www.tjes.jus.br\/corregedoria\/index.php\/2017\/04\/18\/ato-normativo-conjunto-no-132009-publ-11092009\/\">013 &#8211; (CONJUNTO) 11\/09\/2009 Afastamento de servidoras e estagi\u00e1rias gestantes entre 09 e 20\/09\/09<\/a><\/p>\n<p style=\"text-align: justify;\"><a href=\"https:\/\/www.tjes.jus.br\/corregedoria\/index.php\/2017\/04\/18\/ato-normativo-no-132009-publ-10032009\/\">013 &#8211; 10\/03\/2009 Suspens\u00e3o das atividades da Vara da Inf\u00e2ncia e Juventude de Vila Velha dia 02\/03\/09<\/a><\/p>\n<p style=\"text-align: justify;\"><a href=\"https:\/\/www.tjes.jus.br\/corregedoria\/index.php\/2017\/04\/18\/ato-normativo-conjunto-no-122009-publ-21072009\/\">012 &#8211; (CONJUNTO) 21\/07\/2009 Constitui a Comiss\u00e3o Interna Multidisciplinar<\/a><\/p>\n<p style=\"text-align: justify;\"><a href=\"https:\/\/www.tjes.jus.br\/corregedoria\/index.php\/2017\/04\/18\/ato-normativo-no-122009-publ-02032009\/\">012 &#8211; 02\/03\/2009 Prorroga\u00e7\u00e3o do Fechamento f\u00f3rum at\u00e9 dia 06\/03\/09<\/a><\/p>\n<p style=\"text-align: justify;\"><a href=\"https:\/\/www.tjes.jus.br\/corregedoria\/index.php\/2017\/04\/18\/ato-normativo-conjunto-no-112009-publ-14072009\/\">011 &#8211; (CONJUNTO) 14\/07\/2009 Revoga Ato Normativo Conj. 07\/09 &#8211; InstituI N\u00facleo de Estat. <span style=\"color: #ff0000;\"><strong>-ALTERADO<\/strong><\/span><\/a><\/p>\n<p style=\"text-align: justify;\"><a href=\"https:\/\/www.tjes.jus.br\/corregedoria\/index.php\/2017\/04\/18\/ato-normativo-no-112009-publ-26022009\/\">011 &#8211; 26\/02\/2009 Fechamento da Vara da Inf\u00e2ncia e Juventude de Vila Velha dias 26 e 27\/02\/09<\/a><\/p>\n<p style=\"text-align: justify;\"><a href=\"https:\/\/www.tjes.jus.br\/corregedoria\/index.php\/2017\/04\/18\/ato-normativo-conjunto-no-102009-publ-02072009\/\">010 &#8211; (CONJUNTO) 02\/07\/2009 Medidas para o atendimento do Ato Normativo Conjunto 08\/09<\/a><\/p>\n<p style=\"text-align: justify;\"><a href=\"https:\/\/www.tjes.jus.br\/corregedoria\/index.php\/2017\/04\/18\/ato-normativo-no-102009-publ-11022009\/\">010 &#8211; 11\/02\/2009 Prorroga\u00e7\u00e3o do Fechamento do F\u00f3rum de Ibira\u00e7u at\u00e9 dia 06\/03\/09<\/a><\/p>\n<p style=\"text-align: justify;\"><a href=\"https:\/\/www.tjes.jus.br\/corregedoria\/index.php\/2017\/04\/18\/ato-normativo-conjunto-no-092009-publ-30062009\/\">009 &#8211; (CONJUNTO) 30\/06\/2009 Adapta\u00e7\u00e3o do hor\u00e1rio do expediente para o cumprimento da Meta 2<\/a><\/p>\n<p style=\"text-align: justify;\"><a href=\"https:\/\/www.tjes.jus.br\/corregedoria\/index.php\/2017\/04\/18\/ato-normativo-no-092009-publ-17022009\/\">009 &#8211; 17\/02\/2009 Fechamento do F\u00f3rum de Aracruz em 20\/02\/09<\/a><\/p>\n<p style=\"text-align: justify;\"><a href=\"https:\/\/www.tjes.jus.br\/corregedoria\/index.php\/2017\/04\/18\/ato-normativo-conjunto-no-082009-publ-28052009\/\">008 &#8211; (CONJUNTO) 28\/05\/2009 Constituir Grupo de Trabalho para moderniza\u00e7\u00e3o do sistema E-JUD<\/a>\u00a0&#8211; <span style=\"color: #ff0000;\"><strong>ALTERADO<\/strong><\/span><\/p>\n<p style=\"text-align: justify;\"><a href=\"https:\/\/www.tjes.jus.br\/corregedoria\/index.php\/2017\/04\/18\/ato-normativo-conjunto-no-082009-publ-26062009\/\">008 &#8211; (CONJUNTO) 26\/06\/2009 Implementa\u00e7\u00e3o de medidas para o cumprimento da Meta 2<\/a><\/p>\n<p style=\"text-align: justify;\"><a href=\"https:\/\/www.tjes.jus.br\/corregedoria\/index.php\/2017\/04\/18\/ato-normativo-no-082009-publ-09022009\/\">008 &#8211; 09\/02\/2009 Prorroga\u00e7\u00e3o do fechamento do F\u00f3rum de Bom Jesus do Norte at\u00e9 dia 13\/02\/09<\/a><\/p>\n<p style=\"text-align: justify;\"><a href=\"https:\/\/www.tjes.jus.br\/corregedoria\/index.php\/2017\/04\/18\/ato-normativo-conjunto-no-072009-publ-19052009\/\">007 &#8211; (CONJUNTO) 19\/05\/2009 Constitui o N\u00facleo de Colheita de Indicadores do PJES<\/a>\u00a0&#8211; <span style=\"color: #ff0000;\"><strong>REVOGADO<\/strong><\/span><\/p>\n<p style=\"text-align: justify;\"><a href=\"https:\/\/www.tjes.jus.br\/corregedoria\/index.php\/2017\/04\/18\/ato-normativo-no-072009-publ-06022009\/\">007 &#8211; 06\/02\/2009 Fechamento F\u00f3rum de Fund\u00e3o em 06\/02\/09<\/a><\/p>\n<p style=\"text-align: justify;\"><a href=\"https:\/\/www.tjes.jus.br\/corregedoria\/index.php\/2017\/04\/17\/ato-normativo-no-062009-publ-02022009\/\">006 &#8211; (CONJUNTO) 08\/04\/2009 Institu\u00ed o uso obrigat\u00f3rio do crach\u00e1<\/a><\/p>\n<p style=\"text-align: justify;\"><a href=\"https:\/\/www.tjes.jus.br\/corregedoria\/index.php\/2017\/04\/18\/ato-normativo-conjunto-no-062009-publ-01042009\/\">006 &#8211; (CONJUNTO) 01\/04\/2009 Altera o Ato Normativo Conjunto n\u00ba 69\/2008<\/a><\/p>\n<p style=\"text-align: justify;\"><a href=\"https:\/\/www.tjes.jus.br\/corregedoria\/index.php\/2017\/04\/17\/ato-normativo-no-062009-publ-02022009\/\">006 &#8211; 02\/02\/2009 Fechamento F\u00f3rum de Dores do Rio Preto em 06\/02\/2009<\/a><\/p>\n<p style=\"text-align: justify;\"><a href=\"https:\/\/www.tjes.jus.br\/corregedoria\/index.php\/2017\/04\/17\/ato-conjunto-no-052009-publ-30032009\/\">005 &#8211; (CONJUNTO) 30\/03\/2009 Comiss\u00e3o para implementa\u00e7\u00e3o de sist. integrado de Rec.Hum.e Folha de pagamento<\/a>\u00a0&#8211; <span style=\"color: #ff0000;\"><strong>REVOGADO<\/strong><\/span><\/p>\n<p style=\"text-align: justify;\"><a href=\"https:\/\/www.tjes.jus.br\/corregedoria\/index.php\/2017\/04\/17\/ato-normativo-no-052009-publ-28012009\/\">005 &#8211; 28\/01\/2009 Fechamento do F\u00f3rum de Iconha em 30\/01\/2009<\/a><\/p>\n<p style=\"text-align: justify;\"><a href=\"https:\/\/www.tjes.jus.br\/corregedoria\/index.php\/2017\/04\/17\/ato-normativo-conjunto-no-042009-publ-13022009\/\">004 &#8211; (CONJUNTO) 13\/02\/2009 Detalhamento do Ato Normativo Conjunto 03\/09<\/a><\/p>\n<p style=\"text-align: justify;\"><a href=\"https:\/\/www.tjes.jus.br\/corregedoria\/index.php\/2017\/04\/17\/ato-normativo-no-042009-publ-19012009\/\">004 &#8211; 19\/01\/2009 Prorroga\u00e7\u00e3o do Fechamento do F\u00f3rum de Bom Jesus do Norte at\u00e9 dia 29\/01\/09<\/a><\/p>\n<p style=\"text-align: justify;\"><a href=\"https:\/\/www.tjes.jus.br\/corregedoria\/index.php\/2017\/04\/17\/ato-normativo-conjunto-no-032009-publ-30012009\/\">003 &#8211; (CONJUNTO) 30\/01\/2009 Expedientes complementares para o cumprimento do Cod. \u00c9tica dos Mag.<\/a><\/p>\n<p style=\"text-align: justify;\"><a href=\"https:\/\/www.tjes.jus.br\/corregedoria\/index.php\/2017\/04\/17\/ato-normativo-no-032009-publ-12012009\/\">003 &#8211; 12\/01\/2009 Prorroga\u00e7\u00e3o do Fechamento do F\u00f3rum de Ibira\u00e7u at\u00e9 05\/02\/09<\/a><\/p>\n<p style=\"text-align: justify;\"><a href=\"https:\/\/www.tjes.jus.br\/corregedoria\/index.php\/2017\/04\/17\/ato-normativo-conjunto-no-022009-publ-16012009\/\">002 &#8211; (CONJUNTO) 16\/01\/2009 Padroniza\u00e7\u00e3o das certid\u00f5es produzidas pelas serventias<\/a><\/p>\n<p style=\"text-align: justify;\"><a href=\"https:\/\/www.tjes.jus.br\/corregedoria\/index.php\/2017\/04\/17\/ato-normativo-no-022009-publ-09012009\/\">002 &#8211; 09\/01\/2009 Fechamento F\u00f3rum de Ibira\u00e7u de 07 a 16\/01\/2009<\/a><\/p>\n<p style=\"text-align: justify;\"><a href=\"https:\/\/www.tjes.jus.br\/corregedoria\/index.php\/2017\/04\/17\/ato-normativo-no-012009-publ-09012009\/\">001 &#8211; 09\/01\/2009 Fechamento do F\u00f3rum de Bom Jesus do Norte de 05 a 14\/01\/09<\/a><\/p>\n<p style=\"text-align: justify;\"><a href=\"https:\/\/www.tjes.jus.br\/corregedoria\/index.php\/2017\/04\/17\/ato-normativo-conjunto-no-012009-publ-08012009\/\">001 &#8211; (CONJUNTO) 08\/01\/2008 Estabelece medidas para implementar expedientes complementares relacionados ao cumprimento da Resolu\u00e7\u00e3o n\u00ba 033\/08<\/a><\/p>\n","protected":false},"excerpt":{"rendered":"<p>047 &#8211; 17\/12\/2009 Errata Ato Normativo n\u00ba 47\/2009 047 &#8211; 16\/12\/2009 Concess\u00e3o de recesso aos estagi\u00e1rios em 21\/12\/09 a 07\/01\/2010 046 &#8211; 16\/12\/2009 Prorroga\u00e7\u00e3o do fechamento do 1\u00ba Juizado Especial C\u00edvel de Vit\u00f3ria dias 15 e 16\/12\/09 045 &#8211; 11\/12\/2009 Fechamento do 1\u00ba Juizado Especial C\u00edvel de V\u00edt\u00f3ria dias 11 e 14\/12\/09 044 &#8211; 04\/12\/2009 [&hellip;]<\/p>\n","protected":false},"author":1,"featured_media":0,"parent":1732,"menu_order":0,"comment_status":"closed","ping_status":"closed","template":"","meta":{"footnotes":""},"_links":{"self":[{"href":"https:\/\/www.tjes.jus.br\/corregedoria\/wp-json\/wp\/v2\/pages\/1759"}],"collection":[{"href":"https:\/\/www.tjes.jus.br\/corregedoria\/wp-json\/wp\/v2\/pages"}],"about":[{"href":"https:\/\/www.tjes.jus.br\/corregedoria\/wp-json\/wp\/v2\/types\/page"}],"author":[{"embeddable":true,"href":"https:\/\/www.tjes.jus.br\/corregedoria\/wp-json\/wp\/v2\/users\/1"}],"replies":[{"embeddable":true,"href":"https:\/\/www.tjes.jus.br\/corregedoria\/wp-json\/wp\/v2\/comments?post=1759"}],"version-history":[{"count":14,"href":"https:\/\/www.tjes.jus.br\/corregedoria\/wp-json\/wp\/v2\/pages\/1759\/revisions"}],"predecessor-version":[{"id":22645,"href":"https:\/\/www.tjes.jus.br\/corregedoria\/wp-json\/wp\/v2\/pages\/1759\/revisions\/22645"}],"up":[{"embeddable":true,"href":"https:\/\/www.tjes.jus.br\/corregedoria\/wp-json\/wp\/v2\/pages\/1732"}],"wp:attachment":[{"href":"https:\/\/www.tjes.jus.br\/corregedoria\/wp-json\/wp\/v2\/media?parent=1759"}],"curies":[{"name":"wp","href":"https:\/\/api.w.org\/{rel}","templated":true}]}}