{"id":1766,"date":"2016-06-09T18:06:37","date_gmt":"2016-06-09T21:06:37","guid":{"rendered":"http:\/\/10.14.3.75\/corregedoria\/?page_id=1766"},"modified":"2018-03-09T14:00:50","modified_gmt":"2018-03-09T17:00:50","slug":"atos-normativos-2006","status":"publish","type":"page","link":"https:\/\/www.tjes.jus.br\/corregedoria\/legislacao\/atos-normativos-2\/atos-normativos-2006\/","title":{"rendered":"Atos Normativos &#8211; 2006"},"content":{"rendered":"<p style=\"text-align: justify;\"><a href=\"https:\/\/www.tjes.jus.br\/corregedoria\/index.php\/2017\/04\/04\/ato-normativo-no-0652006-publ-19122006\/\">065 &#8211; 19\/12\/2006 Estabelece hor\u00e1rio diferenciado para o Tribunal de Justi\u00e7a durante recesso forense<\/a><\/p>\n<p style=\"text-align: justify;\"><a href=\"https:\/\/www.tjes.jus.br\/corregedoria\/index.php\/2017\/04\/04\/ato-normativo-no-0642006-publ-19122006\/\">064 &#8211; 19\/12\/2006 Inclui servidor no quadro de pessoal institu\u00eddo pelo Ato Normativo n\u00ba 13\/2006<\/a><\/p>\n<p style=\"text-align: justify;\"><a href=\"https:\/\/www.tjes.jus.br\/corregedoria\/index.php\/2017\/04\/04\/ato-normativo-no-0632006-publ-19122006\/\">063 &#8211; 19\/12\/2006 Estabelece procedimento a ser observado durante o per\u00edodo de recesso forense<\/a><\/p>\n<p style=\"text-align: justify;\"><a href=\"https:\/\/www.tjes.jus.br\/corregedoria\/index.php\/2017\/04\/04\/ato-normativo-no-0622006-publ-15122006\/\">062 &#8211; 15\/12\/2006 Revoga o Ato Normativo n\u00ba 59\/2006, e d\u00e1 outras provid\u00eancias<\/a>\u00a0&#8211; <span style=\"color: #ff0000;\"><strong>REVOGADO<\/strong><\/span><\/p>\n<p style=\"text-align: justify;\"><a href=\"https:\/\/www.tjes.jus.br\/corregedoria\/index.php\/2017\/04\/04\/ato-normativo-no-0612006-publ-11122006\/\">061 &#8211; 11\/12\/2006 Recomenda observa\u00e7\u00e3o ao art. 9\u00ba da Lei Federal n\u00ba 9.469\/99<\/a><\/p>\n<p style=\"text-align: justify;\"><a href=\"https:\/\/www.tjes.jus.br\/corregedoria\/index.php\/2017\/04\/04\/ato-normativo-no-0602006-publ-05122006\/\">060 &#8211; 05\/12\/2006 Fechamento F\u00f3rum I\u00fana dia 05\/12\/06.<\/a><\/p>\n<p style=\"text-align: justify;\"><a href=\"https:\/\/www.tjes.jus.br\/corregedoria\/index.php\/2017\/04\/04\/ato-normativo-no-0592006-publ-01122006\/\">059 &#8211; 01\/12\/2006 Veda o gozo parcial per\u00edodo de f\u00e9rias.<\/a>\u00a0&#8211; <span style=\"color: #ff0000;\"><strong>REVOGADO<\/strong><\/span><\/p>\n<p style=\"text-align: justify;\"><a href=\"https:\/\/www.tjes.jus.br\/corregedoria\/index.php\/2017\/04\/04\/ato-normativo-no-0582006-publ-01122006\/\">058 &#8211; 01\/12\/2006 Fechamento F\u00f3rum Venda Nova do Imigrante dia 18\/12\/2006.<\/a><\/p>\n<p style=\"text-align: justify;\"><a href=\"https:\/\/www.tjes.jus.br\/corregedoria\/index.php\/2017\/04\/04\/ato-normativo-no-0572006-publ-27112006\/\">057 &#8211; 27\/11\/2006 Complementa a Resolu\u00e7\u00e3o 52\/06.<\/a><\/p>\n<p style=\"text-align: justify;\"><a href=\"https:\/\/www.tjes.jus.br\/corregedoria\/index.php\/2017\/04\/04\/ato-normativo-no-0562006-publ-23112006\/\">056 &#8211; 23\/11\/2006 Fechamento F\u00f3rum de Cariacica dia 24\/11\/06.<\/a><\/p>\n<p style=\"text-align: justify;\"><a href=\"https:\/\/www.tjes.jus.br\/corregedoria\/index.php\/2017\/04\/04\/ato-normativo-no-0552006-publ-15122006\/\">055 &#8211;\u00a023\/11\/2006 Fechamento F\u00f3rum Presidente Kennedy dia 04\/12\/06<\/a> &#8211; <strong><span style=\"color: #ff0000;\">REPUBLICA\u00c7\u00c3O<\/span><\/strong><\/p>\n<p style=\"text-align: justify;\"><a href=\"https:\/\/www.tjes.jus.br\/corregedoria\/index.php\/2017\/04\/04\/ato-normativo-no-0552006-publ-23112006\/\">055 &#8211; 23\/11\/2006 Fechamento F\u00f3rum Presidente Kennedy dia 03\/12\/06.<\/a>\u00a0&#8211; <span style=\"color: #ff0000;\"><strong>REPUBLICADO<\/strong><\/span><\/p>\n<p style=\"text-align: justify;\"><a href=\"https:\/\/www.tjes.jus.br\/corregedoria\/index.php\/2017\/04\/04\/ato-normativo-no-0542006-publ-23112006\/\">054 &#8211; 23\/11\/2006 Recomenda a expedi\u00e7\u00e3o \u00e1s Ciretrans<\/a><\/p>\n<p style=\"text-align: justify;\"><a href=\"https:\/\/www.tjes.jus.br\/corregedoria\/index.php\/2017\/04\/04\/ato-normativo-no-0532006-publ-23112006\/\">053 &#8211; 23\/11\/2006 Fechamento F\u00f3rum Apiac\u00e1 dia 23\/11\/2006.<\/a><\/p>\n<p style=\"text-align: justify;\"><a href=\"https:\/\/www.tjes.jus.br\/corregedoria\/index.php\/2017\/04\/04\/ato-normativo-no-0522006-publ-13112006\/\">052 &#8211; 13\/11\/2006 Fechamento F\u00f3rum Guarapari dia 10\/11\/06.<\/a><\/p>\n<p style=\"text-align: justify;\"><a href=\"https:\/\/www.tjes.jus.br\/corregedoria\/index.php\/2017\/04\/04\/ato-normativo-no-0512006-publ-10112006\/\">051 &#8211; 10\/11\/2006 Estabelece prazo aos magistrados 1\u00ba Grau para indica\u00e7\u00e3o interesse atua\u00e7\u00e3o no m\u00eas janeiro\/07.<\/a><\/p>\n<p style=\"text-align: justify;\"><a href=\"https:\/\/www.tjes.jus.br\/corregedoria\/index.php\/2017\/04\/04\/ato-normativo-no-0502006-publ-06112006\/\">050 &#8211; 06\/11\/2006 Amplia a compet\u00eancia do Sistema de Coopera\u00e7\u00e3o Regional institu\u00eddo pelo Ato Normativo n\u00ba 001\/06.<\/a><\/p>\n<p style=\"text-align: justify;\"><a href=\"https:\/\/www.tjes.jus.br\/corregedoria\/index.php\/2017\/04\/04\/ato-normativo-no-0492006-publ-06112006\/\">049 &#8211; 06\/11\/2006 Acrescenta par\u00e1grafo \u00fanico no artigo 1\u00ba do ato Normativo 37\/06.<\/a><\/p>\n<p style=\"text-align: justify;\"><a href=\"https:\/\/www.tjes.jus.br\/corregedoria\/index.php\/2017\/04\/04\/ato-normativo-no-482006-publ-24102006\/\">048 &#8211; 24\/10\/2006 Fechamento F\u00f3rum Viana dia 27\/10\/06.<\/a><\/p>\n<p style=\"text-align: justify;\"><a href=\"https:\/\/www.tjes.jus.br\/corregedoria\/index.php\/2017\/04\/03\/ato-normativo-no-472006-publ-24102006\/\">047 &#8211; 24\/10\/2006 Acrescenta par\u00e1grafo \u00fanico ao artigo 1\u00ba do Ato Normativo 44\/06.<\/a><\/p>\n<p style=\"text-align: justify;\"><a href=\"https:\/\/www.tjes.jus.br\/corregedoria\/index.php\/2017\/04\/03\/ato-normativo-no-462006-publ-17102006\/\">046 &#8211; 17\/10\/2006 Define prazo para indica\u00e7\u00e3o do m\u00eas gozo f\u00e9rias 2007<\/a>\u00a0&#8211; <span style=\"color: #ff0000;\"><strong>REVOGADO<\/strong><\/span><\/p>\n<p style=\"text-align: justify;\"><a href=\"https:\/\/www.tjes.jus.br\/corregedoria\/index.php\/2017\/04\/03\/ato-normativo-no-452006-publ-06102006\/\">045 &#8211; 06\/10\/2006 Estabelece procedimentos quanto a inscri\u00e7\u00e3o dos advogados na OAB<\/a><\/p>\n<p style=\"text-align: justify;\"><a href=\"https:\/\/www.tjes.jus.br\/corregedoria\/index.php\/2017\/04\/03\/ato-normativo-no-442006-publ-28092006\/\">044 &#8211; 28\/09\/2006 Estabelece procedimento para recolhimento custas, taxas e emolumentos, durante greve banc\u00e1ria<\/a><\/p>\n<p style=\"text-align: justify;\"><a href=\"https:\/\/www.tjes.jus.br\/corregedoria\/index.php\/2017\/04\/03\/ato-normativo-no-432006-publ-28092006\/\">043 &#8211; 28\/09\/2006 Estabelece regra tansi\u00e7\u00e3o decorrente a aplica\u00e7\u00e3o da Lei 11.340\/06<\/a><\/p>\n<p style=\"text-align: justify;\"><a href=\"https:\/\/www.tjes.jus.br\/corregedoria\/index.php\/2017\/04\/03\/ato-normativo-no-422006-publ-28092006\/\">042 &#8211; 28\/09\/2006 Estabelece rotina relativas \u00e0s inscri\u00e7\u00f5es dos advogados perante a OAB<\/a><\/p>\n<p style=\"text-align: justify;\"><a href=\"https:\/\/www.tjes.jus.br\/corregedoria\/index.php\/2017\/04\/03\/ato-normativo-no-412006-publ-28092006\/\">041 &#8211; 28\/09\/2006 Estabelece rotina tramita\u00e7\u00e3o relativa aos afastamento magistrados<\/a>\u00a0&#8211; <span style=\"color: #ff0000;\"><strong>REVOGADO<\/strong><\/span><\/p>\n<p style=\"text-align: justify;\"><a href=\"https:\/\/www.tjes.jus.br\/corregedoria\/index.php\/2017\/04\/03\/ato-normativo-no-402006-publ-30082006\/\">040 &#8211; 30\/08\/2006 Suspende prazos 1\u00ba Juiz Esp C\u00edvel adjunto CESV e PROCON<\/a><\/p>\n<p style=\"text-align: justify;\"><a href=\"https:\/\/www.tjes.jus.br\/corregedoria\/index.php\/2017\/04\/03\/ato-normativo-no-392006-publ-29082006\/\">039 &#8211; 29\/08\/2006 Estabelece normas para cadastramento magistrados no SISCRIM<\/a><\/p>\n<p style=\"text-align: justify;\"><a href=\"https:\/\/www.tjes.jus.br\/corregedoria\/index.php\/2017\/04\/03\/ato-normativo-no-382006-publ-23082006\/\">038 &#8211; 23\/08\/2006 Suspende prazos processuais e expediente dias 21 e 22\/08\/06 em Aracruz<\/a><\/p>\n<p style=\"text-align: justify;\"><a href=\"https:\/\/www.tjes.jus.br\/corregedoria\/index.php\/2017\/04\/03\/ato-normativo-no-372006-publ-18082006\/\">037 &#8211; 18\/08\/2006 Regulamenta a compet\u00eancia da 7\u00aa Vara Criminal Vila Velha. &#8211; <span style=\"color: #ff0000;\"><strong>ALTERADO<\/strong><\/span><\/a><\/p>\n<p style=\"text-align: justify;\"><a href=\"https:\/\/www.tjes.jus.br\/corregedoria\/index.php\/2017\/04\/03\/ato-normativo-no-362006-publ-15082006\/\">036 &#8211; 15\/08\/2006 Determina que os Ac\u00f3rd\u00e3os sejam liberados pelos Gabinetes Desembargadores<\/a><\/p>\n<p style=\"text-align: justify;\"><a href=\"https:\/\/www.tjes.jus.br\/corregedoria\/index.php\/2017\/04\/03\/ato-normativo-no-352006-publ-10082006\/\">035 &#8211; 10\/08\/2006 Determina hor\u00e1rio diferenciado para proceder \u00e0 abertura e fechamento das instala\u00e7\u00f5es das respectivas serventias judiciais no dia 11\/08\/2006 em virtude de dedetiza\u00e7\u00e3o\u00a0nas Varas instaladas nos F\u00f3runs C\u00edvel e Criminal do Ju\u00edzo de Vit\u00f3ria<\/a><\/p>\n<p style=\"text-align: justify;\"><a href=\"https:\/\/www.tjes.jus.br\/corregedoria\/index.php\/2017\/04\/03\/ato-normativo-no-342006-publ-02082006\/\">034 &#8211; 02\/08\/2006 Fechamento F\u00f3rum Afonso Cl\u00e1udio dia 18\/08\/06.<\/a><\/p>\n<p style=\"text-align: justify;\"><a href=\"https:\/\/www.tjes.jus.br\/corregedoria\/index.php\/2017\/04\/03\/ato-normativo-no-332006-publ-27072006\/\">033 &#8211; 27\/07\/2006 Referente decis\u00e3o interlocut\u00f3ria<\/a><\/p>\n<p style=\"text-align: justify;\"><a href=\"https:\/\/www.tjes.jus.br\/corregedoria\/index.php\/2017\/04\/03\/ato-normativo-no-322006-publ-24072006\/\">032 &#8211; 24\/07\/2006 Torna insubsistente o Ato Normativo 28\/06.<\/a><\/p>\n<p style=\"text-align: justify;\"><a href=\"https:\/\/www.tjes.jus.br\/corregedoria\/index.php\/2017\/04\/03\/ato-normativo-no-312006-publ-13072006\/\">031 &#8211; 13\/07\/2006 Suspende expediente forense Comarca de Linhares dia 11\/07\/06.<\/a><\/p>\n<p style=\"text-align: justify;\"><a href=\"https:\/\/www.tjes.jus.br\/corregedoria\/index.php\/2017\/04\/03\/ato-normativo-no-302006-publ-11072006\/\">030 &#8211; 11\/07\/2006 Esclarece d\u00favida acerca da Resolu\u00e7\u00e3o 34\/06.<\/a><\/p>\n<p style=\"text-align: justify;\"><a href=\"https:\/\/www.tjes.jus.br\/corregedoria\/index.php\/2017\/04\/03\/ato-normativo-no-292006-publ-11072006\/\">029 &#8211; 11\/07\/2006 Institui regras para requerimento aposentadoria volunt\u00e1ria<\/a><\/p>\n<p style=\"text-align: justify;\"><a href=\"https:\/\/www.tjes.jus.br\/corregedoria\/index.php\/2017\/04\/03\/ato-normativo-no-282006-publ-04072006\/\">028 &#8211; 04\/07\/2006 Exclus\u00e3o Dr. Eliazer C Vieira do quadro formado pelo Ato Normativo 01\/06.<\/a>\u00a0&#8211; <span style=\"color: #ff0000;\"><strong>TORNADO INSUBSISTENTE<\/strong><\/span><\/p>\n<p style=\"text-align: justify;\"><a href=\"https:\/\/www.tjes.jus.br\/corregedoria\/index.php\/2017\/04\/03\/ato-normativo-no-272006-publ-04072006\/\">027 &#8211; 04\/07\/2006 Fechamento F\u00f3rum Cariacica dia 07\/07\/06.<\/a><\/p>\n<p style=\"text-align: justify;\"><a href=\"https:\/\/www.tjes.jus.br\/corregedoria\/index.php\/2017\/04\/03\/ato-normativo-no-262006-publ-14062006\/\">026 &#8211; 14\/06\/2006 Suspende prazo dias 27 e 28\/06\/06 1\u00ba Juiz. Esp C\u00edvel Nova Ven\u00e9cia<\/a><\/p>\n<p style=\"text-align: justify;\"><a href=\"https:\/\/www.tjes.jus.br\/corregedoria\/index.php\/2017\/04\/03\/ato-normativo-no-252006-publ-14062006\/\">025 &#8211; 14\/06\/2006 Altera hor\u00e1rio funcionamento Vara Inf\u00e2ncia e Juv. de Vit\u00f3ria<\/a><\/p>\n<p style=\"text-align: justify;\"><a href=\"https:\/\/www.tjes.jus.br\/corregedoria\/index.php\/2017\/04\/03\/ato-normativo-no-242006-publ-29052006\/\">024 &#8211; 29\/05\/2006 Estabelece normas para cadastramento de Magistrados e Servidores no Sistema Bacenjud 2.0 e d\u00e1 outras provid\u00eancias.<\/a> &#8211; <span style=\"color: #ff0000;\"><strong>RETIFICADO<\/strong><\/span><\/p>\n<p style=\"text-align: justify;\"><a href=\"https:\/\/www.tjes.jus.br\/corregedoria\/index.php\/2017\/04\/03\/ato-normativo-no-232006-publ-25052006\/\">023 &#8211; 25\/05\/2006 Fixa regra em caso decreta\u00e7\u00e3o ponto facultativo, por autoridade municipal<\/a><\/p>\n<p style=\"text-align: justify;\"><a href=\"https:\/\/www.tjes.jus.br\/corregedoria\/index.php\/2017\/04\/03\/ato-normativo-no-222006-publ-18052006\/\">022 &#8211; 18\/05\/2006 Referente emiss\u00e3o certid\u00f5es negativas<\/a><\/p>\n<p style=\"text-align: justify;\"><a href=\"https:\/\/www.tjes.jus.br\/corregedoria\/index.php\/2017\/04\/03\/ato-normativo-no-212006-publ-17052006\/\">021 &#8211; 17\/05\/2006 Suspende prazo processuais r\u00e9us presos nas Varas de Vila Velha<\/a><\/p>\n<p style=\"text-align: justify;\"><a href=\"https:\/\/www.tjes.jus.br\/corregedoria\/index.php\/2017\/04\/03\/ato-normativo-no-202006-publ-09052006\/\">020 &#8211; 09\/05\/2006 Estabelece normas para cadastramento de Magistrado no INFOSEG e d\u00e1 outras provid\u00eancias<\/a><\/p>\n<p style=\"text-align: justify;\"><a href=\"https:\/\/www.tjes.jus.br\/corregedoria\/index.php\/2017\/04\/03\/ato-normativo-no-192006-publ-04052006\/\">019 &#8211; 04\/05\/2006 Prorroga a validade do Ato Normativo Conjunto 01\/06.<\/a><\/p>\n<p style=\"text-align: justify;\"><a href=\"https:\/\/www.tjes.jus.br\/corregedoria\/index.php\/2017\/04\/03\/ato-normativo-no-182006-publ-04052006\/\">018 &#8211; 04\/05\/2006 Constitui Grupo trabalho Juizados Especiais Criminais<\/a><\/p>\n<p style=\"text-align: justify;\"><a href=\"https:\/\/www.tjes.jus.br\/corregedoria\/index.php\/2017\/04\/03\/ato-normativo-no-172006-publ-20042006\/\">017 &#8211; 20\/04\/2006 Disp\u00f5e sobre isen\u00e7\u00e3o de taxas ref a casamentos comunit\u00e1rios de maio\/06 em Serra\/ES<\/a><\/p>\n<p style=\"text-align: justify;\"><a href=\"https:\/\/www.tjes.jus.br\/corregedoria\/index.php\/2017\/04\/03\/ato-normativo-n-162006-publ-19042006\/\">016 &#8211;\u00a019\/04\/2006\u00a0Revogar o Ato Normativo n\u00ba 51\/2005, publicado no Di\u00e1rio da Justi\u00e7a de 06.12.2005<\/a><\/p>\n<p style=\"text-align: justify;\"><a href=\"https:\/\/www.tjes.jus.br\/corregedoria\/index.php\/2017\/04\/03\/ato-normativo-no-152006-publ-04042006\/\">015 &#8211;\u00a004\/04\/2006\u00a0Institui\u00a0grupo de trabalho (GT) objetivando a cria\u00e7\u00e3o de um banco de dados globalizado contemplando todas as informa\u00e7\u00f5es indispens\u00e1veis para um controle eficiente dos presos que estiverem sob a cust\u00f3dia do Estado do Esp\u00edrito Santo<\/a><\/p>\n<p style=\"text-align: justify;\"><a href=\"https:\/\/www.tjes.jus.br\/corregedoria\/index.php\/2017\/04\/03\/ato-normativo-no-142006-publ-30032006\/\">014 &#8211; 30\/03\/2006 Prorroga, no per\u00edodo de 03 a 12\/04\/2006 a suspens\u00e3o do atendimento cartor\u00e1rio e o curso de todos os prazos processuais da Vara da Fazenda P\u00fablica Estadual e de Registros P\u00fablicos e da Vara da Fazenda P\u00fablica Municipal, ambas de Vila Velha<\/a><\/p>\n<p style=\"text-align: justify;\"><a href=\"https:\/\/www.tjes.jus.br\/corregedoria\/index.php\/2017\/04\/03\/ato-normativo-no-0132006-publ-20032006\/\">013 &#8211; 20\/03\/2006 Constitui\u00a0o quadro de magistrados e servidores que atuar\u00e3o no mutir\u00e3o dos JUIZADOS ESPECIAIS do Estado do Esp\u00edrito Santo<\/a>\u00a0&#8211; <span style=\"color: #ff0000;\"><strong>ALTERADO &#8211; REVOGADO<\/strong><\/span><\/p>\n<p style=\"text-align: justify;\"><a href=\"https:\/\/www.tjes.jus.br\/corregedoria\/index.php\/2017\/04\/03\/ato-normativo-no-122006-publ-15032006\/\">012 &#8211; 15\/03\/2006 Inclui DR\u00aa. Serenuza Marques Chamon No &#8220;Mutir\u00e3o&#8221;<\/a><\/p>\n<p style=\"text-align: justify;\"><a href=\"https:\/\/www.tjes.jus.br\/corregedoria\/index.php\/2017\/04\/03\/ato-normativo-no-112006-publ-13032006\/\">011 &#8211; 13\/03\/2006 Suspende prazos 08\/03\/06 1\u00ba Juiz. Esp. C\u00edvel Vit\u00f3ria<\/a><\/p>\n<p style=\"text-align: justify;\"><a href=\"https:\/\/www.tjes.jus.br\/corregedoria\/index.php\/2017\/04\/03\/ato-normativo-no-102006-publ-10032006\/\">010 &#8211; 10\/03\/2006 Suspende atendimento e prazos Vara faz. P\u00fab. Estadual e Municipal Vila Velha.<\/a><\/p>\n<p style=\"text-align: justify;\"><a href=\"https:\/\/www.tjes.jus.br\/corregedoria\/index.php\/2017\/04\/03\/ato-normativo-no-092006-publ-24022006\/\">009 &#8211; 24\/02\/2006 Suspende atendimento e abertura processos 2\u00ba Juiz Esp C\u00ecvel Vila Velha de 02 \u00e0 09\/03\/06.<\/a><\/p>\n<p style=\"text-align: justify;\"><a href=\"https:\/\/www.tjes.jus.br\/corregedoria\/index.php\/2017\/04\/03\/ato-normativo-no-082006-publ-22022006\/\">008 &#8211; 22\/02\/2006 Suspende prazos processuais Comarca de Guarapari dias 06 a 16\/03\/06.<\/a><\/p>\n<p style=\"text-align: justify;\"><a href=\"https:\/\/www.tjes.jus.br\/corregedoria\/index.php\/2017\/04\/03\/ato-normativo-no-072006-publ-17022006\/\">007 &#8211; 17\/02\/2006 Regulamenta Resolu\u00e7\u00e3o 04\/06, pub. dia 20\/01\/06.<\/a><\/p>\n<p style=\"text-align: justify;\"><a href=\"https:\/\/www.tjes.jus.br\/corregedoria\/index.php\/2017\/04\/03\/ato-normativo-no-062006-publ-10022006\/\">006 &#8211; 10\/02\/2006 Estabelece taxa redu\u00e7\u00e3o 10% congestionamento Juiz. Especial<\/a><\/p>\n<p style=\"text-align: justify;\"><a href=\"https:\/\/www.tjes.jus.br\/corregedoria\/index.php\/2017\/04\/03\/ato-normativo-no-052006-publ-06022006\/\">005 &#8211; 06\/02\/2006 Fica vedada nomea\u00e7\u00e3o Servidores efetivos para cargo Assessor Juiz 1\u00ba Grau. <span style=\"color: #ff0000;\"><strong>ALTERADO &#8211; REVOGADO<\/strong><\/span><\/a><\/p>\n<p style=\"text-align: justify;\"><a href=\"https:\/\/www.tjes.jus.br\/corregedoria\/index.php\/2017\/04\/03\/ato-normativo-no-042006-publ-06022006\/\">004 &#8211; 06\/02\/2006 Referente ao gozo recesso pelos Ju\u00edzes.<\/a><\/p>\n<p style=\"text-align: justify;\"><a href=\"https:\/\/www.tjes.jus.br\/corregedoria\/index.php\/2017\/04\/03\/ato-normativo-no-032006-publ-23012006\/\">003 &#8211; 23\/01\/2006 Altera f\u00e9rias Ju\u00edzes.<\/a><\/p>\n<p style=\"text-align: justify;\"><a href=\"https:\/\/www.tjes.jus.br\/corregedoria\/index.php\/2017\/04\/03\/ato-normativo-conjunto-no-032006-publ-19122006\/\">003 &#8211; (CONJUNTO) 19\/12\/2006 Referente Instituto Estudos Protesto de T\u00edtulos do Brasil<\/a><\/p>\n<p style=\"text-align: justify;\"><a href=\"https:\/\/www.tjes.jus.br\/corregedoria\/index.php\/2017\/04\/03\/ato-normativo-no-022006-publ-19012006\/\">002 &#8211; 19\/01\/2006 Designa Servidores para &#8220;Mutir\u00e3o&#8221;. &#8211; <span style=\"color: #ff0000;\"><strong>ALTERADO<\/strong><\/span><\/a>\u00a0&#8211; <strong><span style=\"color: #ff0000;\">EFEITOS CESSADOS<\/span><\/strong><\/p>\n<p style=\"text-align: justify;\"><a href=\"https:\/\/www.tjes.jus.br\/corregedoria\/index.php\/2017\/04\/03\/ato-normativo-conjunto-no-022006-publ-06062006\/\">002 &#8211; (CONJUNTO) 06\/06\/2006 Suspende pagamento diferen\u00e7a remunera\u00e7\u00e3o decorrente substitui\u00e7\u00e3o f\u00e9rias ou licen\u00e7as.<\/a>\u00a0&#8211; <span style=\"color: #ff0000;\"><strong>REVOGADO<\/strong><\/span><\/p>\n<p style=\"text-align: justify;\"><a href=\"https:\/\/www.tjes.jus.br\/corregedoria\/index.php\/2017\/04\/03\/ato-normativo-conjunto-e-no-012006-publ-28042006\/\">001 &#8211; (CONJUNTO) 28\/04\/2006 Ato Normativo Conjunto E 01\/06 &#8211; Institui o Sistema de Coopera\u00e7\u00e3o Regional (Mutir\u00e3o) em todas as Varas do Estado do Esp\u00edrito Santo, nas quais tramitem Guias de Execu\u00e7\u00f5es Penais, para que possam ser analisadas, indistintamente, nos termos dos arts. 41, inc. XVI e 66, inc. X da Lei 7210\/84, alterada pela Lei 10.713\/2003, e d\u00e1 outras provid\u00eancias. &#8211; ALTERADO<\/a><\/p>\n<p style=\"text-align: justify;\"><a href=\"https:\/\/www.tjes.jus.br\/corregedoria\/index.php\/2017\/04\/03\/ato-normativo-no-012006-publ-17012006\/\">001 &#8211; 17\/01\/2006 Constitui quadro Magistrados para &#8220;Mutir\u00e3o&#8221;.- <span style=\"color: #ff0000;\"><strong>ALTERADO<\/strong><\/span><\/a><\/p>\n<p>&nbsp;<\/p>\n","protected":false},"excerpt":{"rendered":"<p>065 &#8211; 19\/12\/2006 Estabelece hor\u00e1rio diferenciado para o Tribunal de Justi\u00e7a durante recesso forense 064 &#8211; 19\/12\/2006 Inclui servidor no quadro de pessoal institu\u00eddo pelo Ato Normativo n\u00ba 13\/2006 063 &#8211; 19\/12\/2006 Estabelece procedimento a ser observado durante o per\u00edodo de recesso forense 062 &#8211; 15\/12\/2006 Revoga o Ato Normativo n\u00ba 59\/2006, e d\u00e1 outras [&hellip;]<\/p>\n","protected":false},"author":1,"featured_media":0,"parent":1732,"menu_order":0,"comment_status":"closed","ping_status":"closed","template":"","meta":{"footnotes":""},"_links":{"self":[{"href":"https:\/\/www.tjes.jus.br\/corregedoria\/wp-json\/wp\/v2\/pages\/1766"}],"collection":[{"href":"https:\/\/www.tjes.jus.br\/corregedoria\/wp-json\/wp\/v2\/pages"}],"about":[{"href":"https:\/\/www.tjes.jus.br\/corregedoria\/wp-json\/wp\/v2\/types\/page"}],"author":[{"embeddable":true,"href":"https:\/\/www.tjes.jus.br\/corregedoria\/wp-json\/wp\/v2\/users\/1"}],"replies":[{"embeddable":true,"href":"https:\/\/www.tjes.jus.br\/corregedoria\/wp-json\/wp\/v2\/comments?post=1766"}],"version-history":[{"count":19,"href":"https:\/\/www.tjes.jus.br\/corregedoria\/wp-json\/wp\/v2\/pages\/1766\/revisions"}],"predecessor-version":[{"id":23225,"href":"https:\/\/www.tjes.jus.br\/corregedoria\/wp-json\/wp\/v2\/pages\/1766\/revisions\/23225"}],"up":[{"embeddable":true,"href":"https:\/\/www.tjes.jus.br\/corregedoria\/wp-json\/wp\/v2\/pages\/1732"}],"wp:attachment":[{"href":"https:\/\/www.tjes.jus.br\/corregedoria\/wp-json\/wp\/v2\/media?parent=1766"}],"curies":[{"name":"wp","href":"https:\/\/api.w.org\/{rel}","templated":true}]}}