{"id":1770,"date":"2016-06-09T18:07:43","date_gmt":"2016-06-09T21:07:43","guid":{"rendered":"http:\/\/10.14.3.75\/corregedoria\/?page_id=1770"},"modified":"2017-04-03T17:47:37","modified_gmt":"2017-04-03T20:47:37","slug":"atos-normativos-2004","status":"publish","type":"page","link":"https:\/\/www.tjes.jus.br\/corregedoria\/legislacao\/atos-normativos-2\/atos-normativos-2004\/","title":{"rendered":"Atos Normativos &#8211; 2004"},"content":{"rendered":"<p><a href=\"https:\/\/www.tjes.jus.br\/corregedoria\/index.php\/2017\/03\/31\/ato-normativo-no-0062004-publ-07122004-republicacao\/\">006 &#8211; 07\/12\/2004 Adota o procedimento administrativo<\/a>\u00a0&#8211; <span style=\"color: #ff0000;\"><strong>REPUBLICA\u00c7\u00c3O<\/strong><\/span><\/p>\n<p><a href=\"https:\/\/www.tjes.jus.br\/corregedoria\/index.php\/2017\/03\/31\/ato-normativo-no-0062004-publ-03122004-republicado\/\">006 &#8211; 03\/12\/2004 Adota o procedimento administrativo<\/a>\u00a0&#8211; <span style=\"color: #ff0000;\"><strong>REPUBLICADO<\/strong><\/span><\/p>\n<p><a href=\"https:\/\/www.tjes.jus.br\/corregedoria\/index.php\/2017\/03\/31\/ato-normativo-no-0042004-publ-22102004\/\">004 &#8211; 22\/10\/2004 Referente distribui\u00e7\u00e3o processos Juizados Especiais C\u00edveis<\/a><\/p>\n<p><a href=\"https:\/\/www.tjes.jus.br\/corregedoria\/index.php\/2017\/03\/31\/ato-normativo-no-0032004-publ-24092004\/\">003 &#8211; 24\/09\/2004 Referente pagamento custas devido greve<\/a><\/p>\n<p><a href=\"https:\/\/www.tjes.jus.br\/corregedoria\/index.php\/2017\/03\/31\/ato-normativo-no-022004-publ-10082004\/\">002 &#8211; 10\/08\/2004 Estabele compet\u00eancia das varas criminais de Colatina<\/a><\/p>\n<p><a href=\"https:\/\/www.tjes.jus.br\/corregedoria\/index.php\/2017\/03\/31\/ato-normativo-no-0012004-publ-02062004\/\">001 &#8211; 02\/06\/2004 Referente dist. processos 1\u00ba Juiz esp. C\u00edvel Linhares &#8211; REVOGADO<\/a><\/p>\n","protected":false},"excerpt":{"rendered":"<p>006 &#8211; 07\/12\/2004 Adota o procedimento administrativo\u00a0&#8211; REPUBLICA\u00c7\u00c3O 006 &#8211; 03\/12\/2004 Adota o procedimento administrativo\u00a0&#8211; REPUBLICADO 004 &#8211; 22\/10\/2004 Referente distribui\u00e7\u00e3o processos Juizados Especiais C\u00edveis 003 &#8211; 24\/09\/2004 Referente pagamento custas devido greve 002 &#8211; 10\/08\/2004 Estabele compet\u00eancia das varas criminais de Colatina 001 &#8211; 02\/06\/2004 Referente dist. processos 1\u00ba Juiz esp. C\u00edvel Linhares &#8211; [&hellip;]<\/p>\n","protected":false},"author":1,"featured_media":0,"parent":1732,"menu_order":0,"comment_status":"closed","ping_status":"closed","template":"","meta":{"footnotes":""},"_links":{"self":[{"href":"https:\/\/www.tjes.jus.br\/corregedoria\/wp-json\/wp\/v2\/pages\/1770"}],"collection":[{"href":"https:\/\/www.tjes.jus.br\/corregedoria\/wp-json\/wp\/v2\/pages"}],"about":[{"href":"https:\/\/www.tjes.jus.br\/corregedoria\/wp-json\/wp\/v2\/types\/page"}],"author":[{"embeddable":true,"href":"https:\/\/www.tjes.jus.br\/corregedoria\/wp-json\/wp\/v2\/users\/1"}],"replies":[{"embeddable":true,"href":"https:\/\/www.tjes.jus.br\/corregedoria\/wp-json\/wp\/v2\/comments?post=1770"}],"version-history":[{"count":4,"href":"https:\/\/www.tjes.jus.br\/corregedoria\/wp-json\/wp\/v2\/pages\/1770\/revisions"}],"predecessor-version":[{"id":13500,"href":"https:\/\/www.tjes.jus.br\/corregedoria\/wp-json\/wp\/v2\/pages\/1770\/revisions\/13500"}],"up":[{"embeddable":true,"href":"https:\/\/www.tjes.jus.br\/corregedoria\/wp-json\/wp\/v2\/pages\/1732"}],"wp:attachment":[{"href":"https:\/\/www.tjes.jus.br\/corregedoria\/wp-json\/wp\/v2\/media?parent=1770"}],"curies":[{"name":"wp","href":"https:\/\/api.w.org\/{rel}","templated":true}]}}