{"id":216,"date":"2016-05-27T07:17:54","date_gmt":"2016-05-27T10:17:54","guid":{"rendered":"http:\/\/localhost\/corregedoria\/?page_id=216"},"modified":"2018-02-20T17:21:41","modified_gmt":"2018-02-20T20:21:41","slug":"legislacao","status":"publish","type":"page","link":"https:\/\/www.tjes.jus.br\/corregedoria\/legislacao\/","title":{"rendered":"Legisla\u00e7\u00e3o"},"content":{"rendered":"<p style=\"text-align: center;\">Encontre, aqui, Normas da Corregedoria Geral de Justi\u00e7a e outras de interesse recorrente na \u00e1rea.<\/p>\n<hr \/>\n<h3 style=\"text-align: center;\"><a href=\"https:\/\/www.tjes.jus.br\/corregedoria\/index.php\/legislacao\/codigo-de-normas\/\">C\u00f3digo de Normas<\/a><\/h3>\n<h3 style=\"text-align: center;\"><a href=\"https:\/\/www.tjes.jus.br\/corregedoria\/index.php\/legislacao\/provimentos\/\">Provimentos<\/a><\/h3>\n<h3 style=\"text-align: center;\"><a href=\"https:\/\/www.tjes.jus.br\/corregedoria\/index.php\/legislacao\/codigo-de-organizacao-judiciaria\/\">C\u00f3digo de Organiza\u00e7\u00e3o Judici\u00e1ria<\/a><\/h3>\n<h3 style=\"text-align: center;\"><a href=\"https:\/\/www.tjes.jus.br\/corregedoria\/index.php\/legislacao\/regimentos-internos\/\">Regimentos Internos<\/a><\/h3>\n<h3 style=\"text-align: center;\"><a href=\"https:\/\/www.tjes.jus.br\/corregedoria\/index.php\/legislacao\/atos-normativos-2\/\">Atos Normativos<\/a><\/h3>\n<h3 style=\"text-align: center;\"><a href=\"https:\/\/www.tjes.jus.br\/corregedoria\/index.php\/legislacao\/resolucoes-tjes\/\">Resolu\u00e7\u00f5es TJES<\/a><\/h3>\n<h3 style=\"text-align: center;\"><a href=\"https:\/\/www.tjes.jus.br\/corregedoria\/index.php\/legislacao\/oficios-circulares\/\">Of\u00edcios Circulares da CGJES<\/a><\/h3>\n<h3 style=\"text-align: center;\"><a href=\"https:\/\/www.tjes.jus.br\/corregedoria\/index.php\/ceja\/legislacao\/portarias\/\">Portarias da CGJES<\/a><\/h3>\n<h3 style=\"text-align: center;\"><a href=\"https:\/\/www.tjes.jus.br\/corregedoria\/index.php\/legislacao\/instrucoes-normativas-2\/\">Instru\u00e7\u00f5es Normativas da CGJES<\/a><\/h3>\n<h3 style=\"text-align: center;\"><a href=\"https:\/\/www.tjes.jus.br\/corregedoria\/index.php\/legislacao\/resolucoes-do-cnj\/\">Resolu\u00e7\u00f5es do CNJ<\/a><\/h3>\n<h3 style=\"text-align: center;\"><a href=\"https:\/\/www.tjes.jus.br\/corregedoria\/index.php\/legislacao\/legislacao-nacional\/\">Legisla\u00e7\u00e3o Nacional e Estadual (Links)<\/a><\/h3>\n","protected":false},"excerpt":{"rendered":"<p>Encontre, aqui, Normas da Corregedoria Geral de Justi\u00e7a e outras de interesse recorrente na \u00e1rea. C\u00f3digo de Normas Provimentos C\u00f3digo de Organiza\u00e7\u00e3o Judici\u00e1ria Regimentos Internos Atos Normativos Resolu\u00e7\u00f5es TJES Of\u00edcios Circulares da CGJES Portarias da CGJES Instru\u00e7\u00f5es Normativas da CGJES Resolu\u00e7\u00f5es do CNJ Legisla\u00e7\u00e3o Nacional e Estadual (Links)<\/p>\n","protected":false},"author":1,"featured_media":0,"parent":0,"menu_order":0,"comment_status":"closed","ping_status":"closed","template":"","meta":{"footnotes":""},"_links":{"self":[{"href":"https:\/\/www.tjes.jus.br\/corregedoria\/wp-json\/wp\/v2\/pages\/216"}],"collection":[{"href":"https:\/\/www.tjes.jus.br\/corregedoria\/wp-json\/wp\/v2\/pages"}],"about":[{"href":"https:\/\/www.tjes.jus.br\/corregedoria\/wp-json\/wp\/v2\/types\/page"}],"author":[{"embeddable":true,"href":"https:\/\/www.tjes.jus.br\/corregedoria\/wp-json\/wp\/v2\/users\/1"}],"replies":[{"embeddable":true,"href":"https:\/\/www.tjes.jus.br\/corregedoria\/wp-json\/wp\/v2\/comments?post=216"}],"version-history":[{"count":6,"href":"https:\/\/www.tjes.jus.br\/corregedoria\/wp-json\/wp\/v2\/pages\/216\/revisions"}],"predecessor-version":[{"id":22683,"href":"https:\/\/www.tjes.jus.br\/corregedoria\/wp-json\/wp\/v2\/pages\/216\/revisions\/22683"}],"wp:attachment":[{"href":"https:\/\/www.tjes.jus.br\/corregedoria\/wp-json\/wp\/v2\/media?parent=216"}],"curies":[{"name":"wp","href":"https:\/\/api.w.org\/{rel}","templated":true}]}}