{"id":23823,"date":"2018-04-18T11:04:41","date_gmt":"2018-04-18T14:04:41","guid":{"rendered":"https:\/\/www.tjes.jus.br\/corregedoria\/?page_id=23823"},"modified":"2026-05-15T17:00:55","modified_gmt":"2026-05-15T20:00:55","slug":"pareceres-decisoes-e-sentencas-do-extrajudicial","status":"publish","type":"page","link":"https:\/\/www.tjes.jus.br\/corregedoria\/pareceres-decisoes-e-sentencas-do-extrajudicial\/","title":{"rendered":"Pareceres, Decis\u00f5es e Senten\u00e7as do Extrajudicial"},"content":{"rendered":"<h5 style=\"text-align: left;\"><span style=\"color: #ff0000;\">* Esta mat\u00e9ria est\u00e1 sendo tratada no SIGEX &#8211; Sistema de Gest\u00e3o das Serventias Extrajudiciais do Esp\u00edrito Santo<\/span><\/h5>\n","protected":false},"excerpt":{"rendered":"<p>* Esta mat\u00e9ria est\u00e1 sendo tratada no SIGEX &#8211; Sistema de Gest\u00e3o das Serventias Extrajudiciais do Esp\u00edrito Santo<\/p>\n","protected":false},"author":3,"featured_media":0,"parent":0,"menu_order":0,"comment_status":"closed","ping_status":"closed","template":"","meta":{"footnotes":""},"_links":{"self":[{"href":"https:\/\/www.tjes.jus.br\/corregedoria\/wp-json\/wp\/v2\/pages\/23823"}],"collection":[{"href":"https:\/\/www.tjes.jus.br\/corregedoria\/wp-json\/wp\/v2\/pages"}],"about":[{"href":"https:\/\/www.tjes.jus.br\/corregedoria\/wp-json\/wp\/v2\/types\/page"}],"author":[{"embeddable":true,"href":"https:\/\/www.tjes.jus.br\/corregedoria\/wp-json\/wp\/v2\/users\/3"}],"replies":[{"embeddable":true,"href":"https:\/\/www.tjes.jus.br\/corregedoria\/wp-json\/wp\/v2\/comments?post=23823"}],"version-history":[{"count":19,"href":"https:\/\/www.tjes.jus.br\/corregedoria\/wp-json\/wp\/v2\/pages\/23823\/revisions"}],"predecessor-version":[{"id":47268,"href":"https:\/\/www.tjes.jus.br\/corregedoria\/wp-json\/wp\/v2\/pages\/23823\/revisions\/47268"}],"wp:attachment":[{"href":"https:\/\/www.tjes.jus.br\/corregedoria\/wp-json\/wp\/v2\/media?parent=23823"}],"curies":[{"name":"wp","href":"https:\/\/api.w.org\/{rel}","templated":true}]}}