{"id":24955,"date":"2018-09-13T18:17:46","date_gmt":"2018-09-13T21:17:46","guid":{"rendered":"https:\/\/www.tjes.jus.br\/corregedoria\/?page_id=24955"},"modified":"2018-09-21T15:19:55","modified_gmt":"2018-09-21T18:19:55","slug":"audiencia-publica","status":"publish","type":"page","link":"https:\/\/www.tjes.jus.br\/corregedoria\/audiencia-publica\/","title":{"rendered":"Audi\u00eancia P\u00fablica Virtual"},"content":{"rendered":"<h4><\/h4>\n<h4 style=\"text-align: left;\"><strong>Orienta\u00e7\u00f5es para participa\u00e7\u00e3o<\/strong><\/h4>\n<ul style=\"list-style-type: disc;\">\n<li>\n<h5>Para participar clique no link abaixo\u00a0<span style=\"color: #3366ff;\">Audi\u00eancia P\u00fablica Online<\/span>\u00a0crie um novo t\u00f3pico, ou responda um t\u00f3pico criado por algu\u00e9m;<\/h5>\n<\/li>\n<li style=\"text-align: justify;\">\n<h5 style=\"text-align: justify;\">Sempre que necess\u00e1rio, os Administradores poder\u00e3o excluir t\u00f3picos, abrir novos t\u00f3picos ou tomar quaisquer atitudes que visem manter a melhor organiza\u00e7\u00e3o e o bom andamento da discuss\u00e3o;<\/h5>\n<\/li>\n<li style=\"text-align: justify;\">\n<h5>Por motivos de seguran\u00e7a, e-mails, telefones e qualquer outra forma de identifica\u00e7\u00e3o pessoal postados em t\u00f3picos ou resposta ser\u00e3o removidos pela modera\u00e7\u00e3o;<\/h5>\n<\/li>\n<li style=\"text-align: justify;\">\n<h5>N\u00e3o \u00e9 permitido postar links para propagandas;<\/h5>\n<\/li>\n<li style=\"text-align: justify;\">\n<h5>N\u00e3o \u00e9 permitido t\u00edtulos de t\u00f3picos ou mensagens n\u00e3o relacionadas ao assunto do t\u00f3pico (off-topic) e que n\u00e3o sejam ligadas \u00e0 assuntos abrangidos pela \u00e1rea da Audi\u00eancia P\u00fablica;<\/h5>\n<\/li>\n<li>\n<h5>Participe tamb\u00e9m atrav\u00e9s do WhatsApp clicando no \u00edcone abaixo(<span style=\"color: #ff0000;\">acesso apenas via celular com aplicativo instalado<\/span>).<\/h5>\n<\/li>\n<\/ul>\n<h4><a href=\"http:\/\/api.whatsapp.com\/send?1=pt_BR&amp;phone=5527xxxxxxxxx\"><img loading=\"lazy\" decoding=\"async\" class=\"wp-image-24974 aligncenter\" src=\"https:\/\/www.tjes.jus.br\/corregedoria\/wp-content\/uploads\/2018\/09\/Whatsapp.png\" alt=\"\" width=\"67\" height=\"68\" srcset=\"https:\/\/www.tjes.jus.br\/corregedoria\/wp-content\/uploads\/2018\/09\/Whatsapp.png 256w, https:\/\/www.tjes.jus.br\/corregedoria\/wp-content\/uploads\/2018\/09\/Whatsapp-150x150.png 150w\" sizes=\"(max-width: 67px) 100vw, 67px\" \/><\/a><\/h4>\n<p>&nbsp;<\/p>\n<p>&nbsp;<\/p>\n<p>&nbsp;<\/p>\n<p>[bbp-forum-index]<\/p>\n<p>&nbsp;<\/p>\n<p>&nbsp;<\/p>\n<p>&nbsp;<\/p>\n","protected":false},"excerpt":{"rendered":"<p>Orienta\u00e7\u00f5es para participa\u00e7\u00e3o Para participar clique no link abaixo\u00a0Audi\u00eancia P\u00fablica Online\u00a0crie um novo t\u00f3pico, ou responda um t\u00f3pico criado por algu\u00e9m; Sempre que necess\u00e1rio, os Administradores poder\u00e3o excluir t\u00f3picos, abrir novos t\u00f3picos ou tomar quaisquer atitudes que visem manter a melhor organiza\u00e7\u00e3o e o bom andamento da discuss\u00e3o; Por motivos de seguran\u00e7a, e-mails, telefones e [&hellip;]<\/p>\n","protected":false},"author":8,"featured_media":0,"parent":0,"menu_order":0,"comment_status":"closed","ping_status":"closed","template":"","meta":{"footnotes":""},"_links":{"self":[{"href":"https:\/\/www.tjes.jus.br\/corregedoria\/wp-json\/wp\/v2\/pages\/24955"}],"collection":[{"href":"https:\/\/www.tjes.jus.br\/corregedoria\/wp-json\/wp\/v2\/pages"}],"about":[{"href":"https:\/\/www.tjes.jus.br\/corregedoria\/wp-json\/wp\/v2\/types\/page"}],"author":[{"embeddable":true,"href":"https:\/\/www.tjes.jus.br\/corregedoria\/wp-json\/wp\/v2\/users\/8"}],"replies":[{"embeddable":true,"href":"https:\/\/www.tjes.jus.br\/corregedoria\/wp-json\/wp\/v2\/comments?post=24955"}],"version-history":[{"count":17,"href":"https:\/\/www.tjes.jus.br\/corregedoria\/wp-json\/wp\/v2\/pages\/24955\/revisions"}],"predecessor-version":[{"id":25085,"href":"https:\/\/www.tjes.jus.br\/corregedoria\/wp-json\/wp\/v2\/pages\/24955\/revisions\/25085"}],"wp:attachment":[{"href":"https:\/\/www.tjes.jus.br\/corregedoria\/wp-json\/wp\/v2\/media?parent=24955"}],"curies":[{"name":"wp","href":"https:\/\/api.w.org\/{rel}","templated":true}]}}