{"id":27428,"date":"2019-07-15T12:54:58","date_gmt":"2019-07-15T15:54:58","guid":{"rendered":"https:\/\/www.tjes.jus.br\/corregedoria\/?page_id=27428"},"modified":"2023-05-11T15:14:19","modified_gmt":"2023-05-11T18:14:19","slug":"correicoes","status":"publish","type":"page","link":"https:\/\/www.tjes.jus.br\/corregedoria\/correicoes\/","title":{"rendered":"Correi\u00e7\u00f5es"},"content":{"rendered":"<p style=\"text-align: left;\"><a href=\"https:\/\/www.tjes.jus.br\/corregedoria\/2023\/05\/11\/calendario-correicoes\/\">Calend\u00e1rio Correi\u00e7\u00f5es<\/a><\/p>\n<p>&nbsp;<\/p>\n","protected":false},"excerpt":{"rendered":"<p>Calend\u00e1rio Correi\u00e7\u00f5es &nbsp;<\/p>\n","protected":false},"author":8,"featured_media":0,"parent":0,"menu_order":0,"comment_status":"closed","ping_status":"closed","template":"","meta":{"footnotes":""},"_links":{"self":[{"href":"https:\/\/www.tjes.jus.br\/corregedoria\/wp-json\/wp\/v2\/pages\/27428"}],"collection":[{"href":"https:\/\/www.tjes.jus.br\/corregedoria\/wp-json\/wp\/v2\/pages"}],"about":[{"href":"https:\/\/www.tjes.jus.br\/corregedoria\/wp-json\/wp\/v2\/types\/page"}],"author":[{"embeddable":true,"href":"https:\/\/www.tjes.jus.br\/corregedoria\/wp-json\/wp\/v2\/users\/8"}],"replies":[{"embeddable":true,"href":"https:\/\/www.tjes.jus.br\/corregedoria\/wp-json\/wp\/v2\/comments?post=27428"}],"version-history":[{"count":8,"href":"https:\/\/www.tjes.jus.br\/corregedoria\/wp-json\/wp\/v2\/pages\/27428\/revisions"}],"predecessor-version":[{"id":27536,"href":"https:\/\/www.tjes.jus.br\/corregedoria\/wp-json\/wp\/v2\/pages\/27428\/revisions\/27536"}],"wp:attachment":[{"href":"https:\/\/www.tjes.jus.br\/corregedoria\/wp-json\/wp\/v2\/media?parent=27428"}],"curies":[{"name":"wp","href":"https:\/\/api.w.org\/{rel}","templated":true}]}}