{"id":28751,"date":"2020-01-09T15:18:34","date_gmt":"2020-01-09T17:18:34","guid":{"rendered":"https:\/\/www.tjes.jus.br\/corregedoria\/?page_id=28751"},"modified":"2020-07-24T20:53:14","modified_gmt":"2020-07-24T23:53:14","slug":"restituicao-de-guias-pagas","status":"publish","type":"page","link":"https:\/\/www.tjes.jus.br\/corregedoria\/sistemas-de-arrecadacao\/custas-processuais-e-outras-receitas-judiciarias\/restituicao-de-guias-pagas\/","title":{"rendered":"Restitui\u00e7\u00e3o de Guias Pagas"},"content":{"rendered":"<p style=\"padding-left: 30px;\"><strong>Base Legal:<\/strong><\/p>\n<p style=\"padding-left: 60px;\"><a href=\"https:\/\/www.tjes.jus.br\/corregedoria\/wp-content\/uploads\/2020\/07\/Artigos-307-e-308-do-Tomo-I-do-CNCGJES.pdf\">Artigos 307 e 308 do Tomo I do C\u00f3digo de Normas da CGJES<\/a><\/p>\n<p style=\"padding-left: 60px;\"><a href=\"https:\/\/www.tjes.jus.br\/corregedoria\/wp-content\/uploads\/2020\/07\/Modelo-de-Requerimento-Restitui\u00e7\u00e3o-Custas-Judiciais-2020.doc\">Modelo de Requerimento<\/a><\/p>\n<p style=\"padding-left: 60px;\"><a href=\"https:\/\/www.tjes.jus.br\/corregedoria\/wp-content\/uploads\/2020\/07\/Instru\u00e7\u00f5es-para-Preenchimento-2020.pdf\">Instru\u00e7\u00f5es para Preenchimento<\/a><\/p>\n","protected":false},"excerpt":{"rendered":"<p>Base Legal: Artigos 307 e 308 do Tomo I do C\u00f3digo de Normas da CGJES Modelo de Requerimento Instru\u00e7\u00f5es para Preenchimento<\/p>\n","protected":false},"author":12,"featured_media":0,"parent":5210,"menu_order":0,"comment_status":"closed","ping_status":"closed","template":"","meta":{"footnotes":""},"_links":{"self":[{"href":"https:\/\/www.tjes.jus.br\/corregedoria\/wp-json\/wp\/v2\/pages\/28751"}],"collection":[{"href":"https:\/\/www.tjes.jus.br\/corregedoria\/wp-json\/wp\/v2\/pages"}],"about":[{"href":"https:\/\/www.tjes.jus.br\/corregedoria\/wp-json\/wp\/v2\/types\/page"}],"author":[{"embeddable":true,"href":"https:\/\/www.tjes.jus.br\/corregedoria\/wp-json\/wp\/v2\/users\/12"}],"replies":[{"embeddable":true,"href":"https:\/\/www.tjes.jus.br\/corregedoria\/wp-json\/wp\/v2\/comments?post=28751"}],"version-history":[{"count":6,"href":"https:\/\/www.tjes.jus.br\/corregedoria\/wp-json\/wp\/v2\/pages\/28751\/revisions"}],"predecessor-version":[{"id":30465,"href":"https:\/\/www.tjes.jus.br\/corregedoria\/wp-json\/wp\/v2\/pages\/28751\/revisions\/30465"}],"up":[{"embeddable":true,"href":"https:\/\/www.tjes.jus.br\/corregedoria\/wp-json\/wp\/v2\/pages\/5210"}],"wp:attachment":[{"href":"https:\/\/www.tjes.jus.br\/corregedoria\/wp-json\/wp\/v2\/media?parent=28751"}],"curies":[{"name":"wp","href":"https:\/\/api.w.org\/{rel}","templated":true}]}}