{"id":28763,"date":"2020-01-09T15:42:17","date_gmt":"2020-01-09T17:42:17","guid":{"rendered":"https:\/\/www.tjes.jus.br\/corregedoria\/?page_id=28763"},"modified":"2023-03-09T15:34:32","modified_gmt":"2023-03-09T18:34:32","slug":"legislacao-aplicada-a-arrecadacao-judicial","status":"publish","type":"page","link":"https:\/\/www.tjes.jus.br\/corregedoria\/legislacao-aplicada-a-arrecadacao-judicial\/","title":{"rendered":"LEGISLA\u00c7\u00c3O APLICADA \u00c0 ARRECADA\u00c7\u00c3O JUDICIAL"},"content":{"rendered":"<p style=\"text-align: left;\">1 &#8211; <a href=\"https:\/\/www.tjes.jus.br\/corregedoria\/legislacao-aplicada-a-arrecadacao-judicial__trashed\/regimento-de-custas\/\">Regimento de Custas<\/a><\/p>\n<p style=\"text-align: left;\">2 &#8211; <a href=\"https:\/\/www.tjes.jus.br\/corregedoria\/legislacao\/codigo-de-normas\/\">C\u00f3digo de Normas <\/a><\/p>\n<p style=\"text-align: left;\">3 &#8211; <a href=\"https:\/\/www.tjes.jus.br\/corregedoria\/codigo-de-processos-civil-e-constituicao-federal\/\">C\u00f3digo de Processo Civil e Constitui\u00e7\u00e3o Federal<\/a><\/p>\n<p style=\"text-align: left;\">4 &#8211;<a href=\"https:\/\/www.tjes.jus.br\/corregedoria\/?page_id=28766&amp;preview=true\">Custas nos Juizados Especiais<\/a><\/p>\n<p>5 &#8211; <a href=\"https:\/\/www.tjes.jus.br\/corregedoria\/?page_id=28772&amp;preview=true\">Despesas Postais e Porte de Remessa e Retorno<\/a><\/p>\n<p style=\"text-align: left;\">6 &#8211; <a href=\"https:\/\/www.tjes.jus.br\/corregedoria\/?page_id=28779&amp;preview=true\">Despesas e Indeniza\u00e7\u00e3o de Oficial de Justi\u00e7a<\/a><\/p>\n<p style=\"text-align: left;\">7 &#8211; <a href=\"https:\/\/www.tjes.jus.br\/corregedoria\/tabela-de-custas\/\">Tabelas de Custas <\/a><\/p>\n<p style=\"text-align: left;\">8 &#8211; <a href=\"https:\/\/www.tjes.jus.br\/corregedoria\/tabelas-de-emolumentos\/\">Tabelas de Emolumentos<\/a><\/p>\n<p style=\"text-align: left;\">9 &#8211; <a href=\"https:\/\/www.tjes.jus.br\/corregedoria\/inscricao-de-debito-em-divida-ativa-na-sefaz-cadin\/\">Inscri\u00e7\u00e3o de D\u00e9bitos em D\u00edvida Ativa na SEFAZ (CADIN)<\/a><\/p>\n<p style=\"text-align: left;\">10 &#8211; <a href=\"https:\/\/www.tjes.jus.br\/corregedoria\/deposito-judicial\/\">Dep\u00f3sito Judicial<\/a><\/p>\n<p style=\"text-align: left;\">11 &#8211; <a href=\"https:\/\/www.tjes.jus.br\/corregedoria\/procedimentos-relacionados-a-cobrancas-de-custas\/\">Procedimentos Relacionados \u00e0 Cobran\u00e7as de Custas<\/a><\/p>\n<p style=\"text-align: left;\">12 &#8211; <a href=\"https:\/\/www.tjes.jus.br\/corregedoria\/restituicao-de-custas-e-fundos\/\">Restitui\u00e7\u00e3o de Custas e Fundos<\/a><\/p>\n<p style=\"text-align: left;\">13 &#8211; <a href=\"https:\/\/www.tjes.jus.br\/corregedoria\/funepj\/\">FUNEPJ<\/a><\/p>\n<p style=\"text-align: left;\">14 &#8211; <a href=\"https:\/\/www.tjes.jus.br\/corregedoria\/gestao-das-tabelas-processuais-unificadas\/\">Gest\u00e3o das Tabelas Processuais Unificadas<\/a><\/p>\n<p style=\"text-align: left;\">15 &#8211; <a href=\"https:\/\/www.tjes.jus.br\/corregedoria\/valor-de-referencia-do-tesouro-estadual-vrte\/\">Valor de Refer\u00eancia do Tesouro Estadual &#8211; VRTE<\/a><\/p>\n","protected":false},"excerpt":{"rendered":"<p>1 &#8211; Regimento de Custas 2 &#8211; C\u00f3digo de Normas 3 &#8211; C\u00f3digo de Processo Civil e Constitui\u00e7\u00e3o Federal 4 &#8211;Custas nos Juizados Especiais 5 &#8211; Despesas Postais e Porte de Remessa e Retorno 6 &#8211; Despesas e Indeniza\u00e7\u00e3o de Oficial de Justi\u00e7a 7 &#8211; Tabelas de Custas 8 &#8211; Tabelas de Emolumentos 9 &#8211; [&hellip;]<\/p>\n","protected":false},"author":12,"featured_media":0,"parent":0,"menu_order":0,"comment_status":"closed","ping_status":"closed","template":"","meta":{"footnotes":""},"_links":{"self":[{"href":"https:\/\/www.tjes.jus.br\/corregedoria\/wp-json\/wp\/v2\/pages\/28763"}],"collection":[{"href":"https:\/\/www.tjes.jus.br\/corregedoria\/wp-json\/wp\/v2\/pages"}],"about":[{"href":"https:\/\/www.tjes.jus.br\/corregedoria\/wp-json\/wp\/v2\/types\/page"}],"author":[{"embeddable":true,"href":"https:\/\/www.tjes.jus.br\/corregedoria\/wp-json\/wp\/v2\/users\/12"}],"replies":[{"embeddable":true,"href":"https:\/\/www.tjes.jus.br\/corregedoria\/wp-json\/wp\/v2\/comments?post=28763"}],"version-history":[{"count":6,"href":"https:\/\/www.tjes.jus.br\/corregedoria\/wp-json\/wp\/v2\/pages\/28763\/revisions"}],"predecessor-version":[{"id":36109,"href":"https:\/\/www.tjes.jus.br\/corregedoria\/wp-json\/wp\/v2\/pages\/28763\/revisions\/36109"}],"wp:attachment":[{"href":"https:\/\/www.tjes.jus.br\/corregedoria\/wp-json\/wp\/v2\/media?parent=28763"}],"curies":[{"name":"wp","href":"https:\/\/api.w.org\/{rel}","templated":true}]}}