{"id":28810,"date":"2020-01-09T16:15:40","date_gmt":"2020-01-09T18:15:40","guid":{"rendered":"https:\/\/www.tjes.jus.br\/corregedoria\/?page_id=28810"},"modified":"2020-10-13T14:08:07","modified_gmt":"2020-10-13T17:08:07","slug":"inscricao-de-debito-em-divida-ativa-na-sefaz-cadin","status":"publish","type":"page","link":"https:\/\/www.tjes.jus.br\/corregedoria\/inscricao-de-debito-em-divida-ativa-na-sefaz-cadin\/","title":{"rendered":"Inscri\u00e7\u00e3o de D\u00e9bitos em D\u00edvida ativa na SEFAZ (CADIN)"},"content":{"rendered":"<ul>\n<li><a href=\"https:\/\/www.tjes.jus.br\/corregedoria\/wp-content\/uploads\/2020\/01\/1-Lei-Estadual-n\u00ba-7.727_2004.pdf\">Lei Estadual n\u00ba7.727\/2004<\/a><\/li>\n<li><a href=\"https:\/\/www.tjes.jus.br\/corregedoria\/wp-content\/uploads\/2020\/01\/2-Ato-Normativo-Conjunto-n\u00ba-006_2013.pdf\">Ato Normativo Conjunto n\u00ba006\/2013<\/a><\/li>\n<li><a href=\"https:\/\/www.tjes.jus.br\/corregedoria\/wp-content\/uploads\/2020\/01\/Oficio-Circular-133_2013.pdf\">Oficio Circular 133\/2013<\/a><\/li>\n<li><a href=\"https:\/\/www.tjes.jus.br\/corregedoria\/wp-content\/uploads\/2020\/01\/3-Oficio-Circular-135_2013.pdf\">Oficio Circular 135\/2013<\/a><\/li>\n<li><a href=\"https:\/\/www.tjes.jus.br\/corregedoria\/2016\/10\/04\/oficio-circular-no-1532013-disp-17062013\/\">Oficio Circular 153\/2013<\/a><\/li>\n<li><a href=\"https:\/\/www.tjes.jus.br\/corregedoria\/wp-content\/uploads\/2020\/01\/4-Oficio-Circular-237_2013.pdf\">Oficio Circular 237\/2013<\/a><\/li>\n<li><a href=\"https:\/\/www.tjes.jus.br\/corregedoria\/wp-content\/uploads\/2020\/01\/5-Of\u00edcio-Circular-029_2016.pdf\">Oficio Circular 029\/2016<\/a><\/li>\n<li><a href=\"https:\/\/www.tjes.jus.br\/corregedoria\/wp-content\/uploads\/2020\/01\/2-Ato-Normativo-Conjunto-n\u00ba-006_2017.pdf\">Ato Normativo Conjunto n\u00ba006\/2017<\/a><\/li>\n<li><a href=\"https:\/\/www.tjes.jus.br\/corregedoria\/wp-content\/uploads\/2020\/01\/1-Ato-Normativo-Conjunto-026_2019.pdf\">Ato Normativo Conjunto n\u00ba026\/2019<\/a><\/li>\n<li><a href=\"https:\/\/www.tjes.jus.br\/corregedoria\/wp-content\/uploads\/2020\/10\/OF-Circular-28-2020.pdf\">Of\u00edcio Circular 028\/2020<\/a><\/li>\n<\/ul>\n<p>&nbsp;<\/p>\n<p>&nbsp;<\/p>\n<p>&nbsp;<\/p>\n","protected":false},"excerpt":{"rendered":"<p>Lei Estadual n\u00ba7.727\/2004 Ato Normativo Conjunto n\u00ba006\/2013 Oficio Circular 133\/2013 Oficio Circular 135\/2013 Oficio Circular 153\/2013 Oficio Circular 237\/2013 Oficio Circular 029\/2016 Ato Normativo Conjunto n\u00ba006\/2017 Ato Normativo Conjunto n\u00ba026\/2019 Of\u00edcio Circular 028\/2020 &nbsp; &nbsp; &nbsp;<\/p>\n","protected":false},"author":12,"featured_media":0,"parent":0,"menu_order":0,"comment_status":"closed","ping_status":"closed","template":"","meta":{"footnotes":""},"_links":{"self":[{"href":"https:\/\/www.tjes.jus.br\/corregedoria\/wp-json\/wp\/v2\/pages\/28810"}],"collection":[{"href":"https:\/\/www.tjes.jus.br\/corregedoria\/wp-json\/wp\/v2\/pages"}],"about":[{"href":"https:\/\/www.tjes.jus.br\/corregedoria\/wp-json\/wp\/v2\/types\/page"}],"author":[{"embeddable":true,"href":"https:\/\/www.tjes.jus.br\/corregedoria\/wp-json\/wp\/v2\/users\/12"}],"replies":[{"embeddable":true,"href":"https:\/\/www.tjes.jus.br\/corregedoria\/wp-json\/wp\/v2\/comments?post=28810"}],"version-history":[{"count":10,"href":"https:\/\/www.tjes.jus.br\/corregedoria\/wp-json\/wp\/v2\/pages\/28810\/revisions"}],"predecessor-version":[{"id":30680,"href":"https:\/\/www.tjes.jus.br\/corregedoria\/wp-json\/wp\/v2\/pages\/28810\/revisions\/30680"}],"wp:attachment":[{"href":"https:\/\/www.tjes.jus.br\/corregedoria\/wp-json\/wp\/v2\/media?parent=28810"}],"curies":[{"name":"wp","href":"https:\/\/api.w.org\/{rel}","templated":true}]}}