{"id":28820,"date":"2020-01-09T16:35:06","date_gmt":"2020-01-09T18:35:06","guid":{"rendered":"https:\/\/www.tjes.jus.br\/corregedoria\/?page_id=28820"},"modified":"2026-03-19T14:30:53","modified_gmt":"2026-03-19T17:30:53","slug":"procedimentos-relacionados-a-cobrancas-de-custas","status":"publish","type":"page","link":"https:\/\/www.tjes.jus.br\/corregedoria\/procedimentos-relacionados-a-cobrancas-de-custas\/","title":{"rendered":"Procedimentos Relacionados \u00e0 Cobran\u00e7as de Custas"},"content":{"rendered":"<ul>\n<li style=\"text-align: justify;\"><a href=\"https:\/\/www.tjes.jus.br\/corregedoria\/2026\/03\/19\/oficio-circular-cgjes-3125940-2026-disp-19-03-2026\/\">Of\u00edcio-Circular CGJES 3125940\/2026 \u2013 Orienta\u00e7\u00f5es sobre recentes e relevantes altera\u00e7\u00f5es no Regimento de Custas do Poder Judici\u00e1rio do Estado do Esp\u00edrito Santo (Lei Estadual no 9.974\/2013), introduzidas pela Lei Estadual no 12.695\/2025.<\/a><\/li>\n<li><a href=\"https:\/\/www.tjes.jus.br\/corregedoria\/wp-content\/uploads\/2020\/01\/1-Ato-Normativo-Conjunto-n\u00ba-026_2019-Guia-de-Execu\u00e7\u00e3o-Criminal.pdf\">Ato Normativo Conjunto n\u00ba026\/2019 &#8211; Guia de Execu\u00e7\u00e3o Criminal\u00a0<\/a><\/li>\n<li><a href=\"https:\/\/www.tjes.jus.br\/corregedoria\/wp-content\/uploads\/2020\/01\/2-Ato-Normativo-Conjunto-n\u00ba-006_2017-Multa-FUNPEN.pdf\">Ato Normativo Conjunto n\u00ba006\/2017 &#8211; Multa-FUNPEN<\/a><\/li>\n<li><a href=\"https:\/\/www.tjes.jus.br\/corregedoria\/2022\/10\/17\/provimento-no-12-2022-disp-17-10-2022\/\">Provimento CGJES 13\/2022\u00a0&#8211;\u00a0Regulamenta a emiss\u00e3o autom\u00e1tica das custas e despesas processuais nas a\u00e7\u00f5es de execu\u00e7\u00e3o fiscal<\/a><\/li>\n<li><a href=\"https:\/\/www.tjes.jus.br\/corregedoria\/wp-content\/uploads\/2020\/01\/3-Provimento-CGJES-n\u00ba-003_2016-Revoga\u00e7\u00e3o-de-dispositivos-do-C\u00f3digo-de-Normas-da-CGJES.pdf\">Provimento CGJES n\u00ba003\/2016 &#8211; Revoga\u00e7\u00e3o de dispositivos do C\u00f3digo de Normas da CGJES<\/a><\/li>\n<li><a href=\"https:\/\/www.tjes.jus.br\/corregedoria\/wp-content\/uploads\/2020\/01\/4-Provimento-CGJES-n\u00ba-001_2016-Altera\u00e7\u00e3o-do-C\u00f3digo-de-Normas-da-CGJES.pdf\">Provimento CGJES n\u00ba001\/2016 &#8211; Altera\u00e7\u00e3o do C\u00f3digo de Normas da CGJES<\/a><\/li>\n<li><a href=\"https:\/\/www.tjes.jus.br\/corregedoria\/wp-content\/uploads\/2020\/01\/5-Provimento-CGJES-n\u00ba-034_2015-Vincula\u00e7\u00e3o-de-guia-de-custas.pdf\">Provimento CGJES n\u00ba034\/2015 &#8211; Vincula\u00e7\u00e3o de Guia da Custas<\/a><\/li>\n<li style=\"text-align: justify;\"><a href=\"https:\/\/www.tjes.jus.br\/corregedoria\/wp-content\/uploads\/2020\/01\/6-Resolu\u00e7\u00e3o-TJES-n\u00ba-071_2015-Custas-finais-de-processos-de-compet\u00eancia-origin\u00e1ria-do-TJES.pdf\">Resolu\u00e7\u00e3o TJES n\u00ba 071\/2015 &#8211; Custas Finais de Processos de Compet\u00eancia Origin\u00e1ria do TJES<\/a><\/li>\n<li><a href=\"https:\/\/www.tjes.jus.br\/corregedoria\/wp-content\/uploads\/2020\/01\/7-Resolu\u00e7\u00e3o-TJES-n\u00ba-17_2015-Revogada.pdf\">Resolu\u00e7\u00e3o TJES n\u00ba17\/2015 &#8211; Revogada<\/a><\/li>\n<li><a href=\"https:\/\/www.tjes.jus.br\/corregedoria\/wp-content\/uploads\/2023\/11\/Of\u00edcio-Circular-CGJES-1851295-2023.pdf\">Of\u00edcio Circular CGJES n\u00ba 1851295\/2023 &#8211; Orientar\u00a0os magistrados do TJES a aplicar o disposto no art. 90, \u00a73\u00ba do CPC<\/a><\/li>\n<li style=\"text-align: justify;\"><a href=\"https:\/\/www.tjes.jus.br\/corregedoria\/wp-content\/uploads\/2020\/01\/8-Oficio-Circular-CGJES-007_2014-Orienta\u00e7\u00f5es-para-o-per\u00edodo-de-transitoriedade-da-Lei-n\u00ba-4.847_1993-para-a-Lei-n\u00ba-9.974_2013.pdf\">Oficio Circular CGJES n\u00ba007\/2014 &#8211; Orienta\u00e7\u00e3o para o Per\u00edodo de Transitoriedade da Lei n\u00ba 4.847_1993 para a Lei n\u00ba9.974\/2013<\/a><\/li>\n<li><a href=\"https:\/\/www.tjes.jus.br\/corregedoria\/wp-content\/uploads\/2020\/01\/9-Of\u00edcio-Circular-CGJES-n\u00ba-157_2013-Isen\u00e7\u00e3o-de-cobran\u00e7a-para-emiss\u00e3o-de-certid\u00f5es.pdf\">Oficio Circular CGJES n\u00ba157\/2013 &#8211; Isen\u00e7\u00e3o de Cobran\u00e7a para Emiss\u00e3o de Certid\u00f5es<\/a><\/li>\n<li><a href=\"https:\/\/www.tjes.jus.br\/corregedoria\/wp-content\/uploads\/2020\/01\/10-Of\u00edcio-Circular-CGJES-n\u00ba-148_2013-Custas-de-cancelamento-de-distribui\u00e7\u00e3o.pdf\">Oficio Circular CGJES n\u00ba148\/2013 -Custas de Cancelamento de Distribui\u00e7\u00e3o<\/a><\/li>\n<li><a href=\"https:\/\/www.tjes.jus.br\/corregedoria\/2016\/09\/13\/oficio-circular-no-3052013-disp-13122013\/\">Of\u00edcio Circular CGJES n\u00ba 305\/2013 \u2013 Orienta\u00e7\u00f5es sobre transi\u00e7\u00e3o da Lei 4.847\/93 para a 9.974\/2013.<\/a><\/li>\n<li><a href=\"https:\/\/www.tjes.jus.br\/corregedoria\/wp-content\/uploads\/2020\/01\/11-Of\u00edcio-Circular-CGJES-n\u00ba-082_2012-Custas-no-cancelamento-de-distribui\u00e7\u00e3o-e-exti\u00e7\u00e3o-de-processo-na-Lei-4.847_1993.pdf\">Oficio Circular CGJES n\u00ba082\/2012 &#8211; Custas no Cancelamento de Distribui\u00e7\u00e3o e extin\u00e7\u00e3o de Processo na Lei 4.847\/1993<\/a><\/li>\n<\/ul>\n","protected":false},"excerpt":{"rendered":"<p>Of\u00edcio-Circular CGJES 3125940\/2026 \u2013 Orienta\u00e7\u00f5es sobre recentes e relevantes altera\u00e7\u00f5es no Regimento de Custas do Poder Judici\u00e1rio do Estado do Esp\u00edrito Santo (Lei Estadual no 9.974\/2013), introduzidas pela Lei Estadual no 12.695\/2025. Ato Normativo Conjunto n\u00ba026\/2019 &#8211; Guia de Execu\u00e7\u00e3o Criminal\u00a0 Ato Normativo Conjunto n\u00ba006\/2017 &#8211; Multa-FUNPEN Provimento CGJES 13\/2022\u00a0&#8211;\u00a0Regulamenta a emiss\u00e3o autom\u00e1tica das custas [&hellip;]<\/p>\n","protected":false},"author":12,"featured_media":0,"parent":0,"menu_order":0,"comment_status":"closed","ping_status":"closed","template":"","meta":{"footnotes":""},"_links":{"self":[{"href":"https:\/\/www.tjes.jus.br\/corregedoria\/wp-json\/wp\/v2\/pages\/28820"}],"collection":[{"href":"https:\/\/www.tjes.jus.br\/corregedoria\/wp-json\/wp\/v2\/pages"}],"about":[{"href":"https:\/\/www.tjes.jus.br\/corregedoria\/wp-json\/wp\/v2\/types\/page"}],"author":[{"embeddable":true,"href":"https:\/\/www.tjes.jus.br\/corregedoria\/wp-json\/wp\/v2\/users\/12"}],"replies":[{"embeddable":true,"href":"https:\/\/www.tjes.jus.br\/corregedoria\/wp-json\/wp\/v2\/comments?post=28820"}],"version-history":[{"count":8,"href":"https:\/\/www.tjes.jus.br\/corregedoria\/wp-json\/wp\/v2\/pages\/28820\/revisions"}],"predecessor-version":[{"id":46663,"href":"https:\/\/www.tjes.jus.br\/corregedoria\/wp-json\/wp\/v2\/pages\/28820\/revisions\/46663"}],"wp:attachment":[{"href":"https:\/\/www.tjes.jus.br\/corregedoria\/wp-json\/wp\/v2\/media?parent=28820"}],"curies":[{"name":"wp","href":"https:\/\/api.w.org\/{rel}","templated":true}]}}