{"id":28857,"date":"2020-01-09T16:49:29","date_gmt":"2020-01-09T18:49:29","guid":{"rendered":"https:\/\/www.tjes.jus.br\/corregedoria\/?page_id=28857"},"modified":"2020-01-10T15:10:18","modified_gmt":"2020-01-10T17:10:18","slug":"codigo-de-processos-civil-e-constituicao-federal","status":"publish","type":"page","link":"https:\/\/www.tjes.jus.br\/corregedoria\/codigo-de-processos-civil-e-constituicao-federal\/","title":{"rendered":"C\u00f3digo de Processo Civil e Constitui\u00e7\u00e3o Federal"},"content":{"rendered":"<ul>\n<li><a href=\"http:\/\/www.planalto.gov.br\/ccivil_03\/_Ato2015-2018\/2015\/Lei\/L13105.htm\">C\u00f3digo de Processos Civil<\/a><\/li>\n<li><a href=\"http:\/\/www.planalto.gov.br\/ccivil_03\/Constituicao\/Constituicao.htm\">Constitui\u00e7\u00e3o Federal<\/a><\/li>\n<\/ul>\n","protected":false},"excerpt":{"rendered":"<p>C\u00f3digo de Processos Civil Constitui\u00e7\u00e3o Federal<\/p>\n","protected":false},"author":12,"featured_media":0,"parent":0,"menu_order":0,"comment_status":"closed","ping_status":"closed","template":"","meta":{"footnotes":""},"_links":{"self":[{"href":"https:\/\/www.tjes.jus.br\/corregedoria\/wp-json\/wp\/v2\/pages\/28857"}],"collection":[{"href":"https:\/\/www.tjes.jus.br\/corregedoria\/wp-json\/wp\/v2\/pages"}],"about":[{"href":"https:\/\/www.tjes.jus.br\/corregedoria\/wp-json\/wp\/v2\/types\/page"}],"author":[{"embeddable":true,"href":"https:\/\/www.tjes.jus.br\/corregedoria\/wp-json\/wp\/v2\/users\/12"}],"replies":[{"embeddable":true,"href":"https:\/\/www.tjes.jus.br\/corregedoria\/wp-json\/wp\/v2\/comments?post=28857"}],"version-history":[{"count":2,"href":"https:\/\/www.tjes.jus.br\/corregedoria\/wp-json\/wp\/v2\/pages\/28857\/revisions"}],"predecessor-version":[{"id":28895,"href":"https:\/\/www.tjes.jus.br\/corregedoria\/wp-json\/wp\/v2\/pages\/28857\/revisions\/28895"}],"wp:attachment":[{"href":"https:\/\/www.tjes.jus.br\/corregedoria\/wp-json\/wp\/v2\/media?parent=28857"}],"curies":[{"name":"wp","href":"https:\/\/api.w.org\/{rel}","templated":true}]}}