{"id":290,"date":"2016-06-01T11:20:35","date_gmt":"2016-06-01T14:20:35","guid":{"rendered":"http:\/\/10.99.253.4\/corregedoria\/?page_id=290"},"modified":"2026-02-03T16:40:41","modified_gmt":"2026-02-03T19:40:41","slug":"codigo-de-normas","status":"publish","type":"page","link":"https:\/\/www.tjes.jus.br\/corregedoria\/legislacao\/codigo-de-normas\/","title":{"rendered":"C\u00f3digo de Normas"},"content":{"rendered":"<p><strong>\u00a0 \u00a0 <span style=\"text-decoration: underline;\">NOVO C\u00d3DIGO DE NORMAS<\/span><\/strong><\/p>\n<p style=\"text-align: justify;\"><a href=\"https:\/\/www.tjes.jus.br\/corregedoria\/wp-content\/uploads\/2026\/02\/CN-JUDICIAL-2026.02.02-Versao-1.9.26-Com-alteracoes-dos-Provimentos-no-23-2025-no-01-2026-e-no-02-2026.pdf\">C\u00d3DIGO DE NORMAS &#8211; FORO JUDICIAL &#8211; TOMO I &#8211; Atualizado at\u00e9 Provimento CGJES n\u00ba 02\/2026, disponibilizado no eDi\u00e1rio em 26\/01\/2026<\/a><span style=\"color: #ff0000;\"><strong>(NOVO &#8211; EM VIGOR)<\/strong><\/span><\/p>\n<p style=\"text-align: justify;\"><a href=\"https:\/\/www.tjes.jus.br\/corregedoria\/wp-content\/uploads\/2026\/01\/CN-EXTRAJUDICIAL-Versao-6.0-ate-provimento-18-2025.pdf\">C\u00d3DIGO DE NORMAS \u2013 FORO EXTRAJUDICIAL \u2013 TOMO II \u2013 Atualizado at\u00e9 Provimento CGJES n\u00ba 18\/2025, disponibilizado no eDi\u00e1rio em 25\/11\/2025<\/a><span style=\"color: #0088cc;\">\u00a0<\/span><span style=\"color: #ff0000;\"><b>(NOVO \u2013 EM VIGOR)<\/b><\/span><\/p>\n<ul>\n<li style=\"text-align: justify;\"><a href=\"https:\/\/www.tjes.jus.br\/corregedoria\/wp-content\/uploads\/2016\/06\/CODIGOdeNORMAS_AnexoV.doc\" target=\"_blank\" rel=\"noopener noreferrer\">Anexo V do C\u00f3digo de Normas &#8211; Requisi\u00e7\u00e3o de Pagamento (Modelo em Formato .DOC)<\/a><\/li>\n<\/ul>\n<ul>\n<li><a href=\"https:\/\/www.tjes.jus.br\/corregedoria\/wp-content\/uploads\/2016\/08\/ModeloReciboAgosto2016.doc\" target=\"_blank\" rel=\"noopener noreferrer\">Anexo X do C\u00f3digo de Normas &#8211; Modelo Recibo (Formato .DOC)<\/a><\/li>\n<\/ul>\n<ul>\n<li><a href=\"https:\/\/www.tjes.jus.br\/corregedoria\/wp-content\/uploads\/2016\/06\/CODIGOdeNORMAS_AnexoI.doc\" target=\"_blank\" rel=\"noopener noreferrer\">Anexo I &#8211; Provimento 34\/2013 &#8211; Requisi\u00e7\u00e3o de Restitui\u00e7\u00e3o de FUNEPJ e Outros<\/a><\/li>\n<\/ul>\n<p><strong>\u00a0 \u00a0 <\/strong><\/p>\n<p><strong><span style=\"text-decoration: underline;\">ALTERA\u00c7\u00d5ES DO NOVO C\u00d3DIGO DE NORMAS<\/span><\/strong><\/p>\n<p style=\"text-align: center;\"><strong>TOMO I<\/strong><\/p>\n<p style=\"text-align: justify;\"><a href=\"https:\/\/www.tjes.jus.br\/corregedoria\/wp-content\/uploads\/2025\/10\/CN-JUDICIAL-2025.10.03-Versao-1.9.23-Ate-o-Provimento-09-2025.pdf\">C\u00d3DIGO DE NORMAS &#8211; FORO JUDICIAL &#8211; TOMO I &#8211; Atualizado at\u00e9 Provimento CGJES n\u00ba 09\/2025, disponibilizado no eDi\u00e1rio em 01\/07\/2025<\/a><\/p>\n<p><a href=\"https:\/\/www.tjes.jus.br\/corregedoria\/wp-content\/uploads\/2024\/11\/CN-JUDICIAL-2024.11.06-Versao-1.9.22-Com-alteracoes-do-Provimento-012-2024.pdf\">C\u00d3DIGO DE NORMAS &#8211; FORO JUDICIAL &#8211; TOMO I &#8211; Atualizado at\u00e9 Provimento CGJES n\u00ba 012\/2024, disponibilizado no eDi\u00e1rio em 06\/11\/2024<\/a><\/p>\n<p style=\"text-align: justify;\"><a href=\"https:\/\/www.tjes.jus.br\/corregedoria\/wp-content\/uploads\/2024\/10\/CN-JUDICIAL-Versao-1.9.21-Com-alteracoes-do-Provimento-010-2024-1.pdf\">C\u00d3DIGO DE NORMAS &#8211; FORO JUDICIAL &#8211; TOMO I &#8211; Atualizado at\u00e9 Provimento CGJES n\u00ba 010\/2024, disponibilizado no eDi\u00e1rio em 05\/09\/2024<\/a><\/p>\n<p style=\"text-align: justify;\"><a href=\"https:\/\/www.tjes.jus.br\/corregedoria\/wp-content\/uploads\/2023\/07\/CN-JUDICIAL-2023.07.25-Vers\u00e3o-1.9.20-Com-altera\u00e7\u00f5es-do-Provimento-016-2023.pdf\">C\u00d3DIGO DE NORMAS &#8211; FORO JUDICIAL &#8211; TOMO I &#8211; Atualizado at\u00e9 Provimento CGJES n\u00ba 016\/2023, disponibilizado no eDi\u00e1rio em 21\/07\/2023<\/a><\/p>\n<p style=\"text-align: justify;\"><a href=\"https:\/\/www.tjes.jus.br\/corregedoria\/wp-content\/uploads\/2023\/06\/CN-JUDICIAL-2023.06.27-Vers\u00e3o-1.9.19-Com-altera\u00e7\u00f5es-do-Provimento-014-2023.pdf\">C\u00d3DIGO DE NORMAS &#8211; FORO JUDICIAL &#8211; TOMO I &#8211; Atualizado at\u00e9 Provimento CGJES n\u00ba 014\/2023, disponibilizado no eDi\u00e1rio em 21\/06\/2023<\/a><\/p>\n<p style=\"text-align: justify;\"><a href=\"https:\/\/www.tjes.jus.br\/corregedoria\/wp-content\/uploads\/2023\/06\/CN-JUDICIAL-2023.06.20-Vers\u00e3o-1.9.18-Com-altera\u00e7\u00f5es-do-Provimento-013-2023.pdf\">C\u00d3DIGO DE NORMAS &#8211; FORO JUDICIAL &#8211; TOMO I &#8211; Atualizado at\u00e9 Provimento CGJES n\u00ba 013\/2023, disponibilizado no eDi\u00e1rio em 12\/06\/2023<\/a><\/p>\n<p><a href=\"https:\/\/www.tjes.jus.br\/corregedoria\/wp-content\/uploads\/2023\/05\/CN-JUDICIAL-2023.05.23-Vers\u00e3o-1.9.16-Com-altera\u00e7\u00f5es-do-Provimento-011-2023.pdf\">C\u00d3DIGO DE NORMAS &#8211; FORO JUDICIAL &#8211; TOMO I &#8211; Atualizado at\u00e9 Provimento CGJES n\u00ba 011\/2023, disponibilizado no eDi\u00e1rio em 23\/05\/2023<\/a><\/p>\n<p><a href=\"https:\/\/www.tjes.jus.br\/corregedoria\/wp-content\/uploads\/2023\/04\/CN-JUDICIAL-2023.04.18-Vers\u00e3o-1.9.15-Com-altera\u00e7\u00f5es-do-Provimento-008-2023.pdf\">C\u00d3DIGO DE NORMAS &#8211; FORO JUDICIAL &#8211; TOMO I &#8211; Atualizado at\u00e9 Provimento CGJES n\u00ba 08\/2023, disponibilizado no eDi\u00e1rio em 13\/04\/2023<\/a><\/p>\n<p style=\"text-align: justify;\"><a href=\"https:\/\/www.tjes.jus.br\/corregedoria\/wp-content\/uploads\/2023\/03\/CN-JUDICIAL-2023.03.10-Vers\u00e3o-1.9.13-Com-altera\u00e7\u00f5es-do-Provimento-003-2023.pdf\">C\u00d3DIGO DE NORMAS &#8211; FORO JUDICIAL &#8211; TOMO I &#8211; Atualizado at\u00e9 Provimento CGJES n\u00ba 003\/2023, disponibilizado no eDi\u00e1rio em 10\/03\/2023<\/a><\/p>\n<p><a href=\"https:\/\/www.tjes.jus.br\/corregedoria\/wp-content\/uploads\/2022\/06\/CN-JUDICIAL-2022_06_23-Vers\u00e3o-1.9.12-Com-altera\u00e7\u00f5es-do-Provimento-008-2022.pdf\">C\u00d3DIGO DE NORMAS &#8211; FORO JUDICIAL &#8211; TOMO I &#8211; Atualizado at\u00e9 Provimento CGJES n\u00ba 008\/2022, disponibilizado no eDi\u00e1rio em 23\/06\/2022<\/a><\/p>\n<p style=\"text-align: justify;\"><a href=\"https:\/\/www.tjes.jus.br\/corregedoria\/wp-content\/uploads\/2022\/02\/CN-JUDICIAL-2022.02.01-Vers\u00e3o-1.9.11-Com-altera\u00e7\u00f5es-do-Provimento-001-2022.pdf\">C\u00d3DIGO DE NORMAS &#8211; FORO JUDICIAL &#8211; TOMO I &#8211; Atualizado at\u00e9 Provimento CGJES n\u00ba 001\/2022, disponibilizado no eDi\u00e1rio em 01\/02\/2021<\/a><\/p>\n<p style=\"text-align: justify;\"><a href=\"https:\/\/www.tjes.jus.br\/corregedoria\/wp-content\/uploads\/2022\/01\/CN-JUDICIAL-2021.07.14-Vers\u00e3o-1.9.10-Com-altera\u00e7\u00f5es-do-Provimento-060-2021.pdf\">C\u00d3DIGO DE NORMAS &#8211; FORO JUDICIAL &#8211; TOMO I &#8211; Atualizado at\u00e9 Provimento CGJES n\u00ba 60\/2021, disponibilizado no eDi\u00e1rio em 14\/07\/2021<\/a><\/p>\n<p style=\"text-align: justify;\"><a href=\"https:\/\/www.tjes.jus.br\/corregedoria\/wp-content\/uploads\/2021\/07\/CN-JUDICIAL-2021.07.13-Vers\u00e3o-1.9.9-Com-altera\u00e7\u00f5es-do-Provimento-056-2021.pdf\">C\u00d3DIGO DE NORMAS &#8211; FORO JUDICIAL &#8211; TOMO I &#8211; Atualizado at\u00e9 Provimento CGJES n\u00ba 56\/2021, disponibilizado no eDi\u00e1rio em 13\/07\/2021<\/a><\/p>\n<p style=\"text-align: justify;\"><a href=\"https:\/\/www.tjes.jus.br\/corregedoria\/wp-content\/uploads\/2021\/07\/CN-JUDICIAL-2021.07.05-Vers\u00e3o-1.9.8-Com-altera\u00e7\u00f5es-do-Provimento-055-2021-PARA-PUBLICA\u00c7\u00c3O.pdf\">C\u00d3DIGO DE NORMAS &#8211; FORO JUDICIAL &#8211; TOMO I &#8211; Atualizado at\u00e9 Provimento CGJES n\u00ba 55\/2021, disponibilizado no eDi\u00e1rio em 05\/07\/2021<\/a><\/p>\n<p style=\"text-align: justify;\"><a href=\"https:\/\/www.tjes.jus.br\/corregedoria\/wp-content\/uploads\/2021\/05\/CN-JUDICIAL-2021.05.21-Vers\u00e3o-1.9.7-Com-altera\u00e7\u00f5es-do-Provimento-053-2021-PARA-PUBLICA\u00c7\u00c3O.pdf\">C\u00d3DIGO DE NORMAS &#8211; FORO JUDICIAL &#8211; TOMO I &#8211; Atualizado at\u00e9 Provimento CGJES n\u00ba 53\/2021, disponibilizado no eDi\u00e1rio em 20\/04\/2021<\/a><\/p>\n<p style=\"text-align: justify;\"><a href=\"https:\/\/www.tjes.jus.br\/corregedoria\/wp-content\/uploads\/2021\/04\/CN-JUDICIAL-2021.04.19-Vers\u00e3o-1.9.6-Com-altera\u00e7\u00f5es-do-Provimento-048-2021.pdf\">C\u00d3DIGO DE NORMAS &#8211; FORO JUDICIAL &#8211; TOMO I &#8211; Atualizado at\u00e9 Provimento CGJES n\u00ba 48\/2021, disponibilizado no eDi\u00e1rio em 19\/04\/2021<\/a><\/p>\n<p style=\"text-align: justify;\"><a href=\"https:\/\/www.tjes.jus.br\/corregedoria\/wp-content\/uploads\/2021\/01\/CN-JUDICIAL-2021.01.19-Vers\u00e3o-1.9.5-Com-altera\u00e7\u00f5es-do-Provimento-039-2021.pdf\">C\u00d3DIGO DE NORMAS &#8211; FORO JUDICIAL &#8211; TOMO I &#8211; Atualizado at\u00e9 Provimento CGJES n\u00ba 039\/2021, disponibilizado no eDi\u00e1rio em 19\/01\/2021<\/a><\/p>\n<p style=\"text-align: justify;\"><a href=\"https:\/\/www.tjes.jus.br\/corregedoria\/wp-content\/uploads\/2021\/01\/CN-JUDICIAL-2020.11.24-Vers\u00e3o-1.9.4-Com-altera\u00e7\u00f5es-do-Provimento-033-2020.pdf\">C\u00d3DIGO DE NORMAS &#8211; FORO JUDICIAL &#8211; TOMO I &#8211; Atualizado at\u00e9 Provimento CGJES n\u00ba 033\/2020, disponibilizado no eDi\u00e1rio em 24\/11\/2020<\/a><\/p>\n<p style=\"text-align: center;\"><strong>TOMO II<\/strong><\/p>\n<p style=\"text-align: justify;\"><a href=\"https:\/\/www.tjes.jus.br\/corregedoria\/wp-content\/uploads\/2025\/09\/CN-EXTRAJUDICIAL-Versao-5.9-ate-provimento-14.2025.pdf\">C\u00d3DIGO DE NORMAS \u2013 FORO EXTRAJUDICIAL \u2013 TOMO II \u2013 Atualizado at\u00e9 Provimento CGJES n\u00ba 14\/2025, disponibilizado no eDi\u00e1rio em 20\/08\/202<\/a>5<\/p>\n<p style=\"text-align: justify;\"><a href=\"https:\/\/www.tjes.jus.br\/corregedoria\/wp-content\/uploads\/2025\/06\/Copia-de-CN-EXTRAJUDICIAL-Versao-5.4-ate-provimento-7.2025.pdf\">C\u00d3DIGO DE NORMAS \u2013 FORO EXTRAJUDICIAL \u2013 TOMO II \u2013 Atualizado at\u00e9 Provimento CGJES n\u00ba 07\/2025, disponibilizado no eDi\u00e1rio em 04\/06\/2025<\/a><\/p>\n<p style=\"text-align: justify;\"><a href=\"https:\/\/www.tjes.jus.br\/corregedoria\/wp-content\/uploads\/2025\/05\/CN-EXTRAJUDICIAL-Versao-5.3-ate-provimento-6-2025.pdf\">C\u00d3DIGO DE NORMAS \u2013 FORO EXTRAJUDICIAL \u2013 TOMO II \u2013\u00a0\u00a0Atualizado at\u00e9 Provimento CGJES n\u00ba 06\/2025, disponibilizado no eDi\u00e1rio em 14\/05\/2025<\/a><\/p>\n<p style=\"text-align: justify;\"><a href=\"https:\/\/www.tjes.jus.br\/corregedoria\/wp-content\/uploads\/2025\/04\/CN-EXTRAJUDICIAL-Versao-5.2-ate-provimento-5_2025.pdf\">C\u00d3DIGO DE NORMAS \u2013 FORO EXTRAJUDICIAL \u2013 TOMO II \u2013\u00a0\u00a0Atualizado at\u00e9 Provimento CGJES n\u00ba 05\/2025, disponibilizado no eDi\u00e1rio em 25\/04\/2025<\/a><\/p>\n<p style=\"text-align: justify;\"><a href=\"https:\/\/www.tjes.jus.br\/corregedoria\/wp-content\/uploads\/2025\/02\/CN-EXTRAJUDICIAL-Versao-5.0-ate-provimento-01_2025.pdf\">C\u00d3DIGO DE NORMAS \u2013 FORO EXTRAJUDICIAL \u2013 TOMO II \u2013\u00a0\u00a0Atualizado at\u00e9 Provimento CGJES n\u00ba 01\/2025, disponibilizado no eDi\u00e1rio em 04\/02\/202<\/a>5<\/p>\n<p style=\"text-align: justify;\"><a href=\"https:\/\/www.tjes.jus.br\/corregedoria\/wp-content\/uploads\/2024\/03\/CN-EXTRAJUDICIAL-Versao-4.0-ate-provimento-26.2023-do-dia-14.12.2023-p3.pdf\">C\u00d3DIGO DE NORMAS \u2013 FORO EXTRAJUDICIAL \u2013 TOMO II \u2013\u00a0\u00a0Atualizado at\u00e9 Provimento CGJES n\u00ba 026\/2023, disponibilizado no eDi\u00e1rio em 14\/12\/2023<\/a><\/p>\n<p style=\"text-align: justify;\"><a href=\"https:\/\/www.tjes.jus.br\/corregedoria\/wp-content\/uploads\/2023\/10\/CN-EXTRAJUDICIAL-Vers\u00e3o-3.8-ate-provimento-19-2023-do-dia-3-10-2023.pdf\">C\u00d3DIGO DE NORMAS \u2013 FORO EXTRAJUDICIAL \u2013 TOMO II \u2013\u00a0\u00a0Atualizado at\u00e9 Provimento CGJES n\u00ba 019\/2023, disponibilizado no eDi\u00e1rio em 03\/10\/2023<\/a><\/p>\n<p style=\"text-align: justify;\"><a href=\"https:\/\/www.tjes.jus.br\/corregedoria\/wp-content\/uploads\/2023\/10\/CN-EXTRAJUDICIAL-Vers\u00e3o-3.6-ate-provimento_18-2023_disp_26-9-2023.pdf\">C\u00d3DIGO DE NORMAS \u2013 FORO EXTRAJUDICIAL \u2013 TOMO II \u2013\u00a0\u00a0Atualizado at\u00e9 Provimento CGJES n\u00ba 018\/2023, disponibilizado no eDi\u00e1rio em 26\/09\/2023<\/a><\/p>\n<p style=\"text-align: justify;\"><a href=\"https:\/\/www.tjes.jus.br\/corregedoria\/wp-content\/uploads\/2023\/09\/CN-EXTRAJUDICIAL-Vers\u00e3o-3.5-ate-provimento-17.2023-do-dia-1.9.2023.pdf\">C\u00d3DIGO DE NORMAS \u2013 FORO EXTRAJUDICIAL \u2013 TOMO II \u2013\u00a0\u00a0Atualizado at\u00e9 Provimento CGJES n\u00ba 017\/2023, disponibilizado no eDi\u00e1rio em 01\/09\/2023<\/a><\/p>\n<p><a href=\"https:\/\/www.tjes.jus.br\/corregedoria\/wp-content\/uploads\/2023\/07\/CN-EXTRAJUDICIAL-Vers\u00e3o-3.4-ate-provimento-15_2023_do_dia-12-7-2023.pdf\">C\u00d3DIGO DE NORMAS \u2013 FORO EXTRAJUDICIAL \u2013 TOMO II \u2013\u00a0\u00a0Atualizado at\u00e9 Provimento CGJES n\u00ba 015\/2023, disponibilizado no eDi\u00e1rio em 12\/07\/2023<\/a><\/p>\n<p><a href=\"https:\/\/www.tjes.jus.br\/corregedoria\/wp-content\/uploads\/2023\/05\/CN-EXTRAJUDICIAL-Vers\u00e3o-3.3-ate-provimento-10.2023-do-dia-5.5.2023.pdf\">C\u00d3DIGO DE NORMAS \u2013 FORO EXTRAJUDICIAL \u2013 TOMO II \u2013\u00a0\u00a0Atualizado at\u00e9 Provimento CGJES n\u00ba 10\/2023, disponibilizado no eDi\u00e1rio em 05\/05\/2023<\/a><\/p>\n<p style=\"text-align: justify;\"><a href=\"https:\/\/www.tjes.jus.br\/corregedoria\/wp-content\/uploads\/2022\/12\/CN-EXTRAJUDICIAL-Vers\u00e3o-3.2-ate-provimento_12-2022.pdf\">C\u00d3DIGO DE NORMAS \u2013 FORO EXTRAJUDICIAL \u2013 TOMO II \u2013\u00a0\u00a0Atualizado at\u00e9 Provimento CGJES n\u00ba 12\/2022, disponibilizado no eDi\u00e1rio em 29\/09\/2022<\/a><\/p>\n<p style=\"text-align: justify;\"><a href=\"https:\/\/www.tjes.jus.br\/corregedoria\/wp-content\/uploads\/2022\/07\/CN-EXTRAJUDICIAL-Vers\u00e3o-3.1-ate-provimento-10.2022-de-21.07.2022.pdf\">C\u00d3DIGO DE NORMAS \u2013 FORO EXTRAJUDICIAL \u2013 TOMO II \u2013\u00a0\u00a0Atualizado at\u00e9 Provimento CGJES n\u00ba 10\/2022, disponibilizado no eDi\u00e1rio em 21\/07\/2022<\/a><\/p>\n<p><span style=\"color: #ff0000;\"><a href=\"https:\/\/www.tjes.jus.br\/corregedoria\/wp-content\/uploads\/2022\/06\/CN-EXTRAJUDICIAL-29.06.2022-Vers\u00e3o-3.0-ate-provimento-07.2022-de-13.06.2022.pdf\"><span style=\"font-size: medium;\">C\u00d3DIGO DE NORMAS \u2013 FORO EXTRAJUDICIAL \u2013 TOMO II \u2013\u00a0\u00a0Atualizado at\u00e9 Provimento CGJES n\u00ba 07\/2022, disponibilizado no eDi\u00e1rio em 13\/06\/2022<\/span><\/a><\/span><\/p>\n<p><span style=\"color: #ff0000;\"><a href=\"https:\/\/www.tjes.jus.br\/corregedoria\/wp-content\/uploads\/2022\/06\/CN-EXTRAJUDICIAL-08.04.2022-Vers\u00e3o-2.9.6-altera\u00e7\u00e3o-na-apresenta\u00e7\u00e3o.pdf\"><span style=\"font-size: medium;\">C\u00d3DIGO DE NORMAS \u2013 FORO EXTRAJUDICIAL \u2013 TOMO II \u2013\u00a0\u00a0Atualizado at\u00e9 Provimento CGJES n\u00ba 04\/2022, disponibilizado no eDi\u00e1rio em 25\/03\/2022<\/span><\/a><\/span><\/p>\n<p style=\"text-align: justify;\"><span style=\"color: #ff0000;\"><span style=\"font-size: medium;\"><a href=\"https:\/\/www.tjes.jus.br\/corregedoria\/wp-content\/uploads\/2021\/07\/CN-EXTRAJUDICIAL-7.6.2021-Vers\u00e3o-2.9.3-altera\u00e7\u00f5es-ate-Provimento-054-2021-2.pdf\">C\u00d3DIGO DE NORMAS \u2013 FORO EXTRAJUDICIAL \u2013 TOMO II \u2013\u00a0\u00a0Atualizado at\u00e9 Provimento CGJES n\u00ba 058\/2021, disponibilizado no eDi\u00e1rio em 05\/07\/2021<\/a><\/span><\/span><\/p>\n<p style=\"text-align: justify;\"><a href=\"https:\/\/www.tjes.jus.br\/corregedoria\/wp-content\/uploads\/2021\/06\/CN-EXTRAJUDICIAL-7.6.2021-Vers\u00e3o-2.9.3-altera\u00e7\u00f5es-ate-Provimento-054-2021-2.pdf\"><span style=\"font-size: medium;\">C\u00d3DIGO DE NORMAS \u2013 FORO EXTRAJUDICIAL \u2013 TOMO II \u2013\u00a0\u00a0<\/span><span style=\"font-size: medium;\">Atualizado at\u00e9 Provimento CGJES n\u00ba 054\/2021, disponibilizado no eDi\u00e1rio em 07\/06\/2021<\/span><\/a><\/p>\n<p style=\"text-align: justify;\"><a href=\"https:\/\/www.tjes.jus.br\/corregedoria\/wp-content\/uploads\/2021\/05\/CN-EXTRAJUDICIAL-12.05.2021-Vers\u00e3o-2.9.2-altera\u00e7\u00f5es-ate-Provimento-045-2021.pdf\">C\u00d3DIGO DE NORMAS \u2013 FORO EXTRAJUDICIAL \u2013 TOMO II \u2013 Atualizado at\u00e9 Provimento CGJES n\u00ba 041\/2021, disponibilizado no eDi\u00e1rio em 10\/05\/2021, Provimento CGJES n\u00ba 042\/2021, disponibilizado no eDi\u00e1rio em 09\/02\/2021<span style=\"font-family: Calibri; font-size: medium;\">, Provimento CGJES n\u00ba 045\/2021, disponibilizado no eDi\u00e1rio de 09\/04\/2021<\/span><\/a><\/p>\n<p style=\"text-align: justify;\"><a href=\"https:\/\/www.tjes.jus.br\/corregedoria\/wp-content\/uploads\/2021\/05\/CN-EXTRAJUDICIAL-10.05.2021-Vers\u00e3o-2.9.1-altera\u00e7\u00f5es-ate-Provimento-042-2021.pdf\">C\u00d3DIGO DE NORMAS \u2013 FORO EXTRAJUDICIAL \u2013 TOMO II \u2013 Atualizado at\u00e9 Provimento CGJES n\u00ba 041\/2021, disponibilizado no eDi\u00e1rio em 10\/05\/2021, e Provimento CGJES n\u00ba 042\/2021, disponibilizado no eDi\u00e1rio em 09\/02\/2021<\/a><\/p>\n<p style=\"text-align: justify;\"><a href=\"https:\/\/www.tjes.jus.br\/corregedoria\/wp-content\/uploads\/2020\/10\/CN-EXTRAJUDICIAL-2020.10.22-Vers\u00e3o-2.8.2-Com-altera\u00e7\u00f5es-do-Provimento-028-2020.pdf\">C\u00d3DIGO DE NORMAS &#8211; FORO EXTRAJUDICIAL &#8211; TOMO II &#8211; Atualizado at\u00e9 Provimento CGJES n\u00ba 028\/2020, disponibilizado no eDi\u00e1rio em 04\/09\/2020<\/a><\/p>\n<p style=\"text-align: justify;\"><a href=\"https:\/\/www.tjes.jus.br\/corregedoria\/wp-content\/uploads\/2020\/10\/CN-JUDICIAL-2020.10.26-Vers%C3%A3o-1.9.3-Com-altera%C3%A7%C3%B5es-do-Provimento-031-2020.pdf\">C\u00d3DIGO DE NORMAS &#8211; Atualizado at\u00e9 Provimento CGJES n\u00ba 031\/2020, disponibilizado no eDi\u00e1rio em 26\/10\/2020<\/a><\/p>\n<p><strong>\u00a0 \u00a0 <span style=\"text-decoration: underline;\">C\u00d3DIGO DE NORMAS\u00a0ANTERIOR<\/span><\/strong><\/p>\n<p style=\"text-align: justify;\"><a href=\"https:\/\/www.tjes.jus.br\/corregedoria\/wp-content\/uploads\/2019\/11\/CN-Atualizado-at\u00e9-Provimento-38.2019.pdf\">C\u00d3DIGO DE NORMAS &#8211; Atualizado at\u00e9 Provimento CGJES n\u00ba 38\/2019, disponibilizado no eDi\u00e1rio em 26\/11\/2019<\/a><a href=\"https:\/\/www.tjes.jus.br\/corregedoria\/wp-content\/uploads\/2016\/09\/CODIGO_DE_NORMAS-Atualizado-at\u00e9-Provimento-09-2016.pdf\"><br \/>\n<\/a><\/p>\n<ul>\n<li><a href=\"https:\/\/www.tjes.jus.br\/corregedoria\/wp-content\/uploads\/2016\/06\/CODIGOdeNORMAS_AnexoV.doc\" target=\"_blank\" rel=\"noopener noreferrer\">Anexo V do C\u00f3digo de Normas &#8211; Requisi\u00e7\u00e3o de Pagamento (Modelo em Formato .DOC)<\/a><\/li>\n<\/ul>\n<ul>\n<li><a href=\"https:\/\/www.tjes.jus.br\/corregedoria\/wp-content\/uploads\/2016\/08\/ModeloReciboAgosto2016.doc\" target=\"_blank\" rel=\"noopener noreferrer\">Anexo X do C\u00f3digo de Normas &#8211; Modelo Recibo (Formato .DOC)<\/a><\/li>\n<\/ul>\n<ul>\n<li><a href=\"https:\/\/www.tjes.jus.br\/corregedoria\/wp-content\/uploads\/2016\/06\/CODIGOdeNORMAS_AnexoI.doc\" target=\"_blank\" rel=\"noopener noreferrer\">Anexo I &#8211; Provimento 34\/2013 &#8211; Requisi\u00e7\u00e3o de Restitui\u00e7\u00e3o de FUNEPJ e Outros<\/a><\/li>\n<\/ul>\n","protected":false},"excerpt":{"rendered":"<p>\u00a0 \u00a0 NOVO C\u00d3DIGO DE NORMAS C\u00d3DIGO DE NORMAS &#8211; FORO JUDICIAL &#8211; TOMO I &#8211; Atualizado at\u00e9 Provimento CGJES n\u00ba 02\/2026, disponibilizado no eDi\u00e1rio em 26\/01\/2026(NOVO &#8211; EM VIGOR) C\u00d3DIGO DE NORMAS \u2013 FORO EXTRAJUDICIAL \u2013 TOMO II \u2013 Atualizado at\u00e9 Provimento CGJES n\u00ba 18\/2025, disponibilizado no eDi\u00e1rio em 25\/11\/2025\u00a0(NOVO \u2013 EM VIGOR) Anexo [&hellip;]<\/p>\n","protected":false},"author":1,"featured_media":0,"parent":216,"menu_order":0,"comment_status":"closed","ping_status":"closed","template":"","meta":{"footnotes":""},"_links":{"self":[{"href":"https:\/\/www.tjes.jus.br\/corregedoria\/wp-json\/wp\/v2\/pages\/290"}],"collection":[{"href":"https:\/\/www.tjes.jus.br\/corregedoria\/wp-json\/wp\/v2\/pages"}],"about":[{"href":"https:\/\/www.tjes.jus.br\/corregedoria\/wp-json\/wp\/v2\/types\/page"}],"author":[{"embeddable":true,"href":"https:\/\/www.tjes.jus.br\/corregedoria\/wp-json\/wp\/v2\/users\/1"}],"replies":[{"embeddable":true,"href":"https:\/\/www.tjes.jus.br\/corregedoria\/wp-json\/wp\/v2\/comments?post=290"}],"version-history":[{"count":104,"href":"https:\/\/www.tjes.jus.br\/corregedoria\/wp-json\/wp\/v2\/pages\/290\/revisions"}],"predecessor-version":[{"id":46154,"href":"https:\/\/www.tjes.jus.br\/corregedoria\/wp-json\/wp\/v2\/pages\/290\/revisions\/46154"}],"up":[{"embeddable":true,"href":"https:\/\/www.tjes.jus.br\/corregedoria\/wp-json\/wp\/v2\/pages\/216"}],"wp:attachment":[{"href":"https:\/\/www.tjes.jus.br\/corregedoria\/wp-json\/wp\/v2\/media?parent=290"}],"curies":[{"name":"wp","href":"https:\/\/api.w.org\/{rel}","templated":true}]}}