{"id":29092,"date":"2020-02-03T13:51:33","date_gmt":"2020-02-03T15:51:33","guid":{"rendered":"https:\/\/www.tjes.jus.br\/corregedoria\/?page_id=29092"},"modified":"2020-11-27T16:23:40","modified_gmt":"2020-11-27T18:23:40","slug":"resolucoes-tjes-2020","status":"publish","type":"page","link":"https:\/\/www.tjes.jus.br\/corregedoria\/resolucoes-tjes-2020\/","title":{"rendered":"Resolu\u00e7\u00f5es TJES \u2013 2020"},"content":{"rendered":"<p><a href=\"https:\/\/www.tjes.jus.br\/corregedoria\/2020\/11\/27\/resolucao-no-40-2020-disp-27-11-2020\/\">40 &#8211; Alterar o Regimento \u00danico do Colegiado Recursal e da Turma de Uniformiza\u00e7\u00e3o de Interpreta\u00e7\u00e3o de Lei dos Juizados Especiais do Estado do Esp\u00edrito Santo<i>.<\/i>&#8211; Disp. 27\/11\/2020<\/a><\/p>\n<p style=\"text-align: justify;\"><a href=\"https:\/\/www.tjes.jus.br\/corregedoria\/2020\/07\/28\/resolucao-no-38-2020-disp-28-07-2020\/\">38 &#8211; <i>Altera o art. 1\u00ba, inciso I, da Resolu\u00e7\u00e3o n\u00ba 022 \/2019, de 28 de Junho de 2018, j\u00e1 com as altera\u00e7\u00f5es feitas pela Resolu\u00e7\u00e3o n\u00ba 022 \/ 2019, de 02 de Setembro de 2019.<\/i>&#8211; Disp. 27\/07\/2020<\/a><\/p>\n<p style=\"text-align: justify;\"><a href=\"https:\/\/www.tjes.jus.br\/corregedoria\/2020\/06\/10\/resolucao-no-37-2020-disp-09-06-2020\/\">37 &#8211; Disciplina a integra\u00e7\u00e3o das Comarcas de S\u00e3o Jos\u00e9 do Cal\u00e7ado, Bom Jesus do Norte e Apiac\u00e1.- Disp. 09\/06\/2020<\/a>\u00a0<strong><span style=\"color: #ff0000;\">&#8211;\u00a0Republica\u00e7\u00e3o<\/span><\/strong><\/p>\n<p style=\"text-align: justify;\"><a href=\"https:\/\/www.tjes.jus.br\/corregedoria\/2020\/06\/05\/resolucao-no-37-2020-disp-05-06-2020\/\">37 &#8211; Disciplina a integra\u00e7\u00e3o das Comarcas de S\u00e3o Jos\u00e9 do Cal\u00e7ado, Bom Jesus do Norte e Apiac\u00e1.- Disp. 05\/06\/2020<\/a>\u00a0\u00a0<strong><span style=\"color: #ff0000;\">&#8211;\u00a0Republicada<\/span><\/strong><\/p>\n<p style=\"text-align: justify;\"><a href=\"https:\/\/www.tjes.jus.br\/corregedoria\/2020\/06\/10\/resolucao-no-36-2020-disp-09-06-2020\/\">36 &#8211; Disciplina a integra\u00e7\u00e3o das Comarcas de Cariacica e Santa Leopoldina.- Disp. 09\/06\/2020<\/a>\u00a0<strong><span style=\"color: #ff0000;\">&#8211; Republica\u00e7\u00e3o<\/span><\/strong><\/p>\n<p style=\"text-align: justify;\"><a href=\"https:\/\/www.tjes.jus.br\/corregedoria\/2020\/06\/05\/resolucao-no-36-2020-disp-05-06-2020\/\">36 &#8211; Disciplina a integra\u00e7\u00e3o das Comarcas de Cariacica e Santa Leopoldina.- Disp. 05\/06\/2020<\/a>\u00a0<strong><span style=\"color: #ff0000;\">&#8211;\u00a0Republicada<\/span><\/strong><\/p>\n<p><a href=\"https:\/\/www.tjes.jus.br\/corregedoria\/2020\/06\/05\/resolucao-no-35-2020-disp-05-06-2020\/\">35 &#8211; Disciplina a integra\u00e7\u00e3o das Comarcas de Serra e Fund\u00e3o.- Disp. 09\/06\/2020<\/a>\u00a0<strong><span style=\"color: #ff0000;\">&#8211; Republica\u00e7\u00e3o<\/span><\/strong><\/p>\n<p><a href=\"https:\/\/www.tjes.jus.br\/corregedoria\/2020\/06\/05\/resolucao-no-35-2020-disp-05-06-2020\/\">35 &#8211; Disciplina a integra\u00e7\u00e3o das Comarcas de Serra e Fund\u00e3o.- Disp. 05\/06\/2020<\/a>\u00a0<strong><span style=\"color: #ff0000;\">&#8211;\u00a0Republicada<\/span><\/strong><\/p>\n<p style=\"text-align: justify;\"><a href=\"https:\/\/www.tjes.jus.br\/corregedoria\/2020\/06\/10\/resolucao-no-34-2020-disp-09-06-2020-republicada\/\">34 &#8211; Disciplina a integra\u00e7\u00e3o das Comarcas de \u00c1guia Branca e S\u00e3o Domingos do Norte.- Disp. 09\/06\/2020\u00a0<\/a><strong><span style=\"color: #ff0000;\">&#8211; Republica\u00e7\u00e3o<\/span><\/strong><\/p>\n<p style=\"text-align: justify;\"><a href=\"https:\/\/www.tjes.jus.br\/corregedoria\/2020\/06\/05\/resolucao-no-34-2020-disp-05-06-2020\/\">34 &#8211; Disciplina a integra\u00e7\u00e3o das Comarcas de \u00c1guia Branca e S\u00e3o Domingos do Norte.- Disp. 05\/06\/2020<\/a>\u00a0&#8211; <span style=\"color: #ff0000;\"><strong>Republicada<\/strong><\/span><\/p>\n<p style=\"text-align: justify;\"><a href=\"https:\/\/www.tjes.jus.br\/corregedoria\/2020\/05\/29\/resolucao-no-33-2020-disp-29-05-2020\/\">33 &#8211; Disciplina a integra\u00e7\u00e3o das Comarcas de Itapemirim e Rio Novo do Sul.- Disp. 29\/05\/2020<\/a><\/p>\n<p style=\"text-align: justify;\"><a href=\"https:\/\/www.tjes.jus.br\/corregedoria\/2020\/05\/29\/resolucao-no-32-2020-disp-29-05-2020\/\">32 &#8211; Disciplina a integra\u00e7\u00e3o das Comarcas de Linhares e Rio Bananal. &#8211; Disp. 29\/05\/2020<\/a><\/p>\n<p><a href=\"https:\/\/www.tjes.jus.br\/corregedoria\/2020\/05\/29\/resolucao-no-31-2020-disp-29-05-2020\/\">31 &#8211;\u00a0Disciplina a integra\u00e7\u00e3o das Comarcas de Marata\u00edzes e Presidente Kennedy.- Disp. 29\/05\/2020<\/a><\/p>\n<p style=\"text-align: justify;\"><a href=\"https:\/\/www.tjes.jus.br\/corregedoria\/2020\/05\/29\/resolucao-no-30-2020-disp-29-05-2020\/\">30 &#8211; Disciplina a integra\u00e7\u00e3o das Comarcas de Pancas e Alto Rio Novo.- Disp. 29\/05\/2020<\/a><\/p>\n<p style=\"text-align: justify;\"><a href=\"https:\/\/www.tjes.jus.br\/corregedoria\/2020\/05\/29\/resolucao-no-29-2020-disp-29-05-2020\/\">29 &#8211; Disciplina a integra\u00e7\u00e3o das Comarcas de Montanha e Mucurici.- Disp. 29\/05\/2020<\/a><\/p>\n<p style=\"text-align: justify;\"><a href=\"https:\/\/www.tjes.jus.br\/corregedoria\/2020\/05\/29\/resolucao-no-28-2020-disp-29-05-2020\/\">28 &#8211; Disciplina a integra\u00e7\u00e3o das Comarcas de Domingos Martins e Marechal Floriano. &#8211; Disp. 29\/05\/2020<\/a><\/p>\n<p><a href=\"https:\/\/www.tjes.jus.br\/corregedoria\/2020\/05\/29\/resolucao-no-27-2020-disp-29-05-2020\/\">27 &#8211; Disciplina a integra\u00e7\u00e3o das Comarcas de S\u00e3o Mateus e Jaguar\u00e9.- Disp. 29\/05\/2020<\/a><\/p>\n<p><a href=\"https:\/\/www.tjes.jus.br\/corregedoria\/2020\/06\/02\/resolucao-no-26-2020-disp-02-06-2020-republicacao\/\">26 &#8211; Disciplina a integra\u00e7\u00e3o das Comarcas de Itagua\u00e7u e Itarana. &#8211; Disp. 02\/06\/2020\u00a0<\/a><span style=\"color: #ff0000;\"><strong>&#8211; Republica\u00e7\u00e3o<\/strong><\/span><\/p>\n<p><a href=\"https:\/\/www.tjes.jus.br\/corregedoria\/2020\/05\/29\/resolucao-no-26-2020-disp-29-05-2020\/\">26 &#8211; Disciplina a integra\u00e7\u00e3o das Comarcas de Itagua\u00e7u e Itarana. &#8211; Disp. 29\/05\/2020<\/a>\u00a0<strong><span style=\"color: #ff0000;\">&#8211; Republicada<\/span><\/strong><\/p>\n<p style=\"text-align: justify;\"><a href=\"https:\/\/www.tjes.jus.br\/corregedoria\/2020\/05\/29\/resolucao-no-25-2020-disp-29-05-2020\/\">25 &#8211; Disciplina a integra\u00e7\u00e3o das Comarcas de Anchieta e Iconha.- Disp. 29\/05\/2020<\/a><\/p>\n<p style=\"text-align: justify;\"><a href=\"https:\/\/www.tjes.jus.br\/corregedoria\/2020\/05\/29\/resolucao-no-24-2020-disp-29-05-2020\/\">24 &#8211; Disciplina a integra\u00e7\u00e3o das Comarcas de I\u00fana e Ibitirama.- Disp. 29\/05\/2020<\/a><\/p>\n<p style=\"text-align: justify;\"><a href=\"https:\/\/www.tjes.jus.br\/corregedoria\/2020\/05\/29\/resolucao-no-23-2020-disp-29-05-2020\/\">23 &#8211; Disciplina a integra\u00e7\u00e3o das Comarcas de Ibira\u00e7u e Jo\u00e3o Neiva. &#8211; Disp. 29\/05\/2020<\/a><\/p>\n<p style=\"text-align: justify;\"><a href=\"https:\/\/www.tjes.jus.br\/corregedoria\/2020\/05\/29\/resolucao-no-22-2020-disp-29-05-2020\/\">22 &#8211; Disciplina a integra\u00e7\u00e3o das Comarcas de Gua\u00e7u\u00ed e Dores do Rio Preto. &#8211; Disp. 29\/05\/2020<\/a><\/p>\n<p style=\"text-align: justify;\"><a href=\"https:\/\/www.tjes.jus.br\/corregedoria\/2019\/08\/30\/resolucao-no-021-2019-disp-30-08-2019\/\">21 &#8211; Disciplina a integra\u00e7\u00e3o das Comarcas de Concei\u00e7\u00e3o da Barra e Pedro Can\u00e1rio. &#8211; Disp. 29\/05\/2020<\/a><\/p>\n<p style=\"text-align: justify;\"><a href=\"https:\/\/www.tjes.jus.br\/corregedoria\/2020\/05\/29\/resolucao-no-20-2020-disp-29-05-2020\/\">20 &#8211;\u00a0Disciplina a integra\u00e7\u00e3o das Comarcas de Venda Nova do Imigrante e Concei\u00e7\u00e3o do Castelo.- Disp. 29\/05\/2020<\/a><\/p>\n<p style=\"text-align: justify;\"><a href=\"https:\/\/www.tjes.jus.br\/corregedoria\/2020\/05\/29\/resolucao-no-19-2020-disp-29-05-2020\/\">19 &#8211;\u00a0Disciplina a integra\u00e7\u00e3o das Comarcas de Cachoeiro de Itapemirim, At\u00edlio Viv\u00e1cqua e Vargem Alta. &#8211; Disp. 29\/05\/2020<\/a><\/p>\n<p style=\"text-align: justify;\"><a href=\"https:\/\/www.tjes.jus.br\/corregedoria\/2020\/05\/29\/resolucao-no-18-2020-disp-29-05-2020\/\">18 &#8211;\u00a0Disciplina a integra\u00e7\u00e3o das Comarcas de Pinheiros e Boa Esperan\u00e7a.- Disp. 29\/05\/2020<\/a><\/p>\n<p style=\"text-align: justify;\"><a href=\"https:\/\/www.tjes.jus.br\/corregedoria\/2020\/05\/29\/resolucao-no-17-2020-disp-29-05-2020\/\">17 &#8211;\u00a0Disciplina a integra\u00e7\u00e3o das Comarcas de Barra de S\u00e3o Francisco e \u00c1gua Doce do Norte.- Disp. 29\/05\/2020<\/a><\/p>\n<p style=\"text-align: justify;\"><a href=\"https:\/\/www.tjes.jus.br\/corregedoria\/2020\/05\/29\/resolucao-no-16-2020-disp-29-05-2020\/\">16 &#8211;\u00a0Disciplina a integra\u00e7\u00e3o das Comarcas de Mimoso do Sul e Muqui.- Disp. 29\/05\/2020<\/a><\/p>\n<p style=\"text-align: justify;\"><a href=\"https:\/\/www.tjes.jus.br\/corregedoria\/2020\/05\/29\/resolucao-no-15-2020-disp-29-05-2020\/\">15 &#8211;\u00a0Disciplina a integra\u00e7\u00e3o das Comarcas de\u00a0Afonso Cl\u00e1udio e Laranja da Terra. &#8211; Disp. 29\/05\/2020<\/a><\/p>\n<p style=\"text-align: justify;\"><a href=\"https:\/\/www.tjes.jus.br\/corregedoria\/2020\/05\/29\/resolucao-no-14-2020-disp-29-05-2020\/\">14 &#8211;\u00a0Disciplina a integra\u00e7\u00e3o das Comarcas de\u00a0Alegre e Jer\u00f4nimo Monteiro. &#8211; Disp. 29\/05\/2020<\/a><\/p>\n<p style=\"text-align: justify;\"><a href=\"https:\/\/www.tjes.jus.br\/corregedoria\/2020\/05\/29\/resolucao-no-13-2020-disp-29-05-2020\/\">13 &#8211;\u00a0Disciplina a integra\u00e7\u00e3o das Comarcas de Colatina e Maril\u00e2ndia. &#8211; Disp. 29\/05\/2020<\/a><\/p>\n<p style=\"text-align: justify;\"><a href=\"https:\/\/www.tjes.jus.br\/corregedoria\/2020\/05\/26\/resolucao-no-12-2020-disp-26-05-2020\/\">12 &#8211; Altera a Resolu\u00e7\u00e3o n\u00ba 028, de 25 de junho de 2015,\u00a0deste Egr\u00e9gio Tribunal, que regulamenta a fun\u00e7\u00e3o\u00a0de Juiz Leigo no \u00e2mbito do Sistema dos Juizados\u00a0Especiais do Estado do Esp\u00edrito Santo para prever\u00a0a atua\u00e7\u00e3o dos Ju\u00edzes Leigos no \u00e2mbito do\u00a0Colegiado Recursal.\u00a0&#8211; Disp. 26\/05\/2020<\/a><\/p>\n<p style=\"text-align: justify;\"><a href=\"https:\/\/www.tjes.jus.br\/corregedoria\/2020\/04\/28\/resolucao-no-11-2020-disp-28-04-2020\/\">11 &#8211; Altera dispositivos da Resolu\u00e7\u00e3o n\u00ba 20\/2016 que disp\u00f5e sobre a concess\u00e3o de licen\u00e7a paternidade aos Magistrados e servidores \u2013 Disp. 28\/04\/2020<\/a><\/p>\n<p style=\"text-align: justify;\"><a href=\"https:\/\/www.tjes.jus.br\/corregedoria\/2020\/04\/28\/resolucao-no-10-2020-disp-28-04-2020\/\">10 &#8211; Disciplina o funcionamento do F\u00f3rum da Comarca de Iconha no F\u00f3rum da Comarca de Anchieta.\u00a0\u2013 Disp. 28\/04\/2020<\/a><\/p>\n<p style=\"text-align: justify;\"><a href=\"https:\/\/www.tjes.jus.br\/corregedoria\/2020\/03\/09\/resolucao-no-009-2020-disp-09-03-2020\/\">09 &#8211; Disp\u00f5e sobre o\u00a0valor do aux\u00edlio-sa\u00fade concedido aos Magistrados do Poder Judici\u00e1rio do Estado do Esp\u00edrito Santo.\u00a0\u2013 Disp. 09\/03\/2020<\/a><\/p>\n<p style=\"text-align: justify;\"><a href=\"https:\/\/www.tjes.jus.br\/corregedoria\/2020\/03\/09\/resolucao-no-008-2020-disp-09-03-2020\/\">08 &#8211;<\/a> <a href=\"https:\/\/www.tjes.jus.br\/corregedoria\/2020\/03\/09\/resolucao-no-008-2020-disp-09-03-2020\/\">Disp\u00f5e sobre o valor do vale-alimenta\u00e7\u00e3o concedido aos servidores do Poder Judici\u00e1rio do Estado do Esp\u00edrito Santo.\u00a0\u2013 Disp. 09\/03\/2020\u00a0<\/a><\/p>\n<p style=\"text-align: justify;\"><a href=\"https:\/\/www.tjes.jus.br\/corregedoria\/2020\/03\/06\/resolucao-no-07-2020-disp-05-03-2020\/\">07 &#8211;\u00a0\u00a0<strong>PERMUTAR<\/strong><strong>, entre si,\u00a0<\/strong>a Exm\u00aaSr\u00aa. Dr\u00aa Terezinha de Jesus Lordello L\u00e9,\u00a0Ju\u00edzade Direito Titular da 3\u00aa Vara C\u00edvel do Ju\u00edzo\u00a0de Guarapari, Comarca da Capital\u00a0e oExm\u00baSr. Dr. Gil Vellozo Taddei, Juiz de Direito Titular da Vara C\u00edvel da Comarca de Marata\u00edzes. 05\/03\/2020<\/a><\/p>\n<p style=\"text-align: justify;\"><a href=\"https:\/\/www.tjes.jus.br\/corregedoria\/2020\/03\/06\/resolucao-no-006-2020-disp-05-03-2020\/\">06 &#8211;\u00a0<strong>ALTERAR\u00a0<\/strong>a composi\u00e7\u00e3o da COMISS\u00c3O DE REGIMENTO INTERNO, no Bi\u00eanio 2020\/2021, nos termos do art. 112, do Regimento desta Corte. 05\/03\/2020<\/a><\/p>\n<p style=\"text-align: justify;\"><a href=\"https:\/\/www.tjes.jus.br\/corregedoria\/2020\/02\/11\/resolucao-no-05-2020-disp-11-02-2020\/\">05 \u2013 <span lang=\"pt-BR\"><strong>REFERENDAR\u00a0<\/strong><\/span><span lang=\"pt-BR\">a\u00a0<\/span><span lang=\"pt-BR\">Resolu\u00e7\u00e3o\u00a0<\/span><span lang=\"pt-BR\">n\u00ba\u00a0<\/span><span lang=\"pt-BR\">003\/2020<\/span><span lang=\"pt-BR\">,<\/span><span lang=\"pt-BR\">de\u00a0<\/span><span lang=\"pt-BR\">04\/02\/2020<\/span><span lang=\"pt-BR\">,\u00a0<\/span><span lang=\"pt-BR\">que\u00a0<\/span><span lang=\"pt-BR\">disp\u00f5e sobre o valor da despesa processual com Analista Judici\u00e1rio \u2013 Oficial de Justi\u00e7a Avaliados do Poder Judici\u00e1rio do Estado do Esp\u00edrito Santo.\u00a0<\/span>11\/02\/2020<\/a><\/p>\n<p style=\"text-align: justify;\"><a href=\"https:\/\/www.tjes.jus.br\/corregedoria\/2020\/02\/11\/resolucao-no-04-2020-disp-11-02-2020\/\">04 \u2013 Institui a Comiss\u00e3o Permanente de Seguran\u00e7a (CPS) no \u00e2mbito do Poder Judici\u00e1rio do Estado do Esp\u00edrito Santo, em substitui\u00e7\u00e3o aos termos da Resolu\u00e7\u00e3o n\u00ba 27\/12, de 11\/05\/2012, em fun\u00e7\u00e3o das novas regras estabelecidas pela Resolu\u00e7\u00e3o n\u00ba 291\/19 do Conselho Nacional de Justi\u00e7a (CNJ).\u00a011\/02\/2020<\/a><\/p>\n<p style=\"text-align: justify;\"><a href=\"https:\/\/www.tjes.jus.br\/corregedoria\/2020\/02\/04\/resolucao-no-03-2020-disp-04-02-2020\/\">03 \u2013 Disp\u00f5e sobre o valor da despesa processual com Analista Judici\u00e1rio \u2013 Oficial de Justi\u00e7a Avaliador do Poder Judici\u00e1rio do Estado do Esp\u00edrito Santo<span lang=\"pt-BR\">.<\/span>\u00a0\u2013 disp. 04\/02\/2020<\/a><\/p>\n<p style=\"text-align: justify;\"><a href=\"https:\/\/www.tjes.jus.br\/corregedoria\/2020\/02\/04\/resolucao-no-02-2020-disp-04-02-2020\/\">02 \u2013 Altera a reda\u00e7\u00e3o do Art. 3\u00ba da Resolu\u00e7\u00e3o n\u00ba 18\/2017, que institui a premia\u00e7\u00e3o anual de produtividade e gest\u00e3o judicial, intitulada \u201cM\u00c9RITO JURISDICIONAL DESEMBARGADOR WILLIAM COUTO GON\u00c7ALVES\u201d<span lang=\"pt-BR\">.<\/span>\u00a0\u2013 disp. 04\/02\/2020<\/a><\/p>\n<p style=\"text-align: justify;\"><a href=\"https:\/\/www.tjes.jus.br\/corregedoria\/2020\/02\/03\/resolucao-no-001-2020-disp-03-02-2020\/\">01 \u2013 <span lang=\"pt-BR\">Fica revogada a Resolu\u00e7\u00e3o n\u00b0 07\/2018, publicada no Di\u00e1rio da Justi\u00e7a em 26 de fevereiro de 2018.<\/span>\u00a0\u2013 disp. 03\/02\/2020<\/a><\/p>\n","protected":false},"excerpt":{"rendered":"<p>40 &#8211; Alterar o Regimento \u00danico do Colegiado Recursal e da Turma de Uniformiza\u00e7\u00e3o de Interpreta\u00e7\u00e3o de Lei dos Juizados Especiais do Estado do Esp\u00edrito Santo.&#8211; Disp. 27\/11\/2020 38 &#8211; Altera o art. 1\u00ba, inciso I, da Resolu\u00e7\u00e3o n\u00ba 022 \/2019, de 28 de Junho de 2018, j\u00e1 com as altera\u00e7\u00f5es feitas pela Resolu\u00e7\u00e3o n\u00ba [&hellip;]<\/p>\n","protected":false},"author":12,"featured_media":0,"parent":0,"menu_order":0,"comment_status":"closed","ping_status":"closed","template":"","meta":{"footnotes":""},"_links":{"self":[{"href":"https:\/\/www.tjes.jus.br\/corregedoria\/wp-json\/wp\/v2\/pages\/29092"}],"collection":[{"href":"https:\/\/www.tjes.jus.br\/corregedoria\/wp-json\/wp\/v2\/pages"}],"about":[{"href":"https:\/\/www.tjes.jus.br\/corregedoria\/wp-json\/wp\/v2\/types\/page"}],"author":[{"embeddable":true,"href":"https:\/\/www.tjes.jus.br\/corregedoria\/wp-json\/wp\/v2\/users\/12"}],"replies":[{"embeddable":true,"href":"https:\/\/www.tjes.jus.br\/corregedoria\/wp-json\/wp\/v2\/comments?post=29092"}],"version-history":[{"count":26,"href":"https:\/\/www.tjes.jus.br\/corregedoria\/wp-json\/wp\/v2\/pages\/29092\/revisions"}],"predecessor-version":[{"id":30838,"href":"https:\/\/www.tjes.jus.br\/corregedoria\/wp-json\/wp\/v2\/pages\/29092\/revisions\/30838"}],"wp:attachment":[{"href":"https:\/\/www.tjes.jus.br\/corregedoria\/wp-json\/wp\/v2\/media?parent=29092"}],"curies":[{"name":"wp","href":"https:\/\/api.w.org\/{rel}","templated":true}]}}