{"id":302,"date":"2016-06-01T11:36:09","date_gmt":"2016-06-01T14:36:09","guid":{"rendered":"http:\/\/10.99.253.4\/corregedoria\/?page_id=302"},"modified":"2026-03-25T15:56:28","modified_gmt":"2026-03-25T18:56:28","slug":"codigo-de-organizacao-judiciaria","status":"publish","type":"page","link":"https:\/\/www.tjes.jus.br\/corregedoria\/legislacao\/codigo-de-organizacao-judiciaria\/","title":{"rendered":"C\u00f3digo de Organiza\u00e7\u00e3o Judici\u00e1ria"},"content":{"rendered":"<p><a href=\"https:\/\/www.tjes.jus.br\/codigo-de-organizacao-judiciaria-do-estado-do-espirito-santo\/\">C\u00d3DIGO DE ORGANIZA\u00c7\u00c3O JUDICI\u00c1RIA DO ESTADO DO ESP\u00cdRITO SANTO<\/a><\/p>\n","protected":false},"excerpt":{"rendered":"<p>C\u00d3DIGO DE ORGANIZA\u00c7\u00c3O JUDICI\u00c1RIA DO ESTADO DO ESP\u00cdRITO SANTO<\/p>\n","protected":false},"author":1,"featured_media":0,"parent":216,"menu_order":0,"comment_status":"closed","ping_status":"closed","template":"","meta":{"footnotes":""},"_links":{"self":[{"href":"https:\/\/www.tjes.jus.br\/corregedoria\/wp-json\/wp\/v2\/pages\/302"}],"collection":[{"href":"https:\/\/www.tjes.jus.br\/corregedoria\/wp-json\/wp\/v2\/pages"}],"about":[{"href":"https:\/\/www.tjes.jus.br\/corregedoria\/wp-json\/wp\/v2\/types\/page"}],"author":[{"embeddable":true,"href":"https:\/\/www.tjes.jus.br\/corregedoria\/wp-json\/wp\/v2\/users\/1"}],"replies":[{"embeddable":true,"href":"https:\/\/www.tjes.jus.br\/corregedoria\/wp-json\/wp\/v2\/comments?post=302"}],"version-history":[{"count":11,"href":"https:\/\/www.tjes.jus.br\/corregedoria\/wp-json\/wp\/v2\/pages\/302\/revisions"}],"predecessor-version":[{"id":46759,"href":"https:\/\/www.tjes.jus.br\/corregedoria\/wp-json\/wp\/v2\/pages\/302\/revisions\/46759"}],"up":[{"embeddable":true,"href":"https:\/\/www.tjes.jus.br\/corregedoria\/wp-json\/wp\/v2\/pages\/216"}],"wp:attachment":[{"href":"https:\/\/www.tjes.jus.br\/corregedoria\/wp-json\/wp\/v2\/media?parent=302"}],"curies":[{"name":"wp","href":"https:\/\/api.w.org\/{rel}","templated":true}]}}