{"id":304,"date":"2016-06-01T11:37:16","date_gmt":"2016-06-01T14:37:16","guid":{"rendered":"http:\/\/10.99.253.4\/corregedoria\/?page_id=304"},"modified":"2021-10-14T15:09:21","modified_gmt":"2021-10-14T18:09:21","slug":"regimentos-internos","status":"publish","type":"page","link":"https:\/\/www.tjes.jus.br\/corregedoria\/legislacao\/regimentos-internos\/","title":{"rendered":"Regimentos Internos"},"content":{"rendered":"<h3 style=\"text-align: center;\"><strong><a href=\"https:\/\/www.tjes.jus.br\/corregedoria\/wp-content\/uploads\/2021\/10\/REGIMENTO_INTERNO_14102021.pdf\">Regimento Interno do TJES<\/a><br \/>\n<\/strong>(Publicado em 14\/10\/2021)<\/h3>\n<h3 style=\"text-align: center;\"><strong><a href=\"https:\/\/www.tjes.jus.br\/corregedoria\/index.php\/2016\/10\/10\/provimento-no-452011-disp-30122011\/\">Provimento n\u00ba 45\/2011<\/a><br \/>\n<\/strong>Disp\u00f5e sobre as atribui\u00e7\u00f5es das unidades administrativas da CGJES<\/h3>\n<h3 style=\"text-align: center;\"><strong><a href=\"https:\/\/www.tjes.jus.br\/corregedoria\/index.php\/2016\/08\/16\/provimento-no-172014-disp-27112014\/\" target=\"_blank\" rel=\"noopener\">Regimento Interno CEJA<\/a><br \/>\n<\/strong>Provimento CGJES n\u00ba 17\/2014, disponibilizado em 27\/11\/2014<\/h3>\n","protected":false},"excerpt":{"rendered":"<p>Regimento Interno do TJES (Publicado em 14\/10\/2021) Provimento n\u00ba 45\/2011 Disp\u00f5e sobre as atribui\u00e7\u00f5es das unidades administrativas da CGJES Regimento Interno CEJA Provimento CGJES n\u00ba 17\/2014, disponibilizado em 27\/11\/2014<\/p>\n","protected":false},"author":1,"featured_media":0,"parent":216,"menu_order":0,"comment_status":"closed","ping_status":"closed","template":"","meta":{"footnotes":""},"_links":{"self":[{"href":"https:\/\/www.tjes.jus.br\/corregedoria\/wp-json\/wp\/v2\/pages\/304"}],"collection":[{"href":"https:\/\/www.tjes.jus.br\/corregedoria\/wp-json\/wp\/v2\/pages"}],"about":[{"href":"https:\/\/www.tjes.jus.br\/corregedoria\/wp-json\/wp\/v2\/types\/page"}],"author":[{"embeddable":true,"href":"https:\/\/www.tjes.jus.br\/corregedoria\/wp-json\/wp\/v2\/users\/1"}],"replies":[{"embeddable":true,"href":"https:\/\/www.tjes.jus.br\/corregedoria\/wp-json\/wp\/v2\/comments?post=304"}],"version-history":[{"count":15,"href":"https:\/\/www.tjes.jus.br\/corregedoria\/wp-json\/wp\/v2\/pages\/304\/revisions"}],"predecessor-version":[{"id":32861,"href":"https:\/\/www.tjes.jus.br\/corregedoria\/wp-json\/wp\/v2\/pages\/304\/revisions\/32861"}],"up":[{"embeddable":true,"href":"https:\/\/www.tjes.jus.br\/corregedoria\/wp-json\/wp\/v2\/pages\/216"}],"wp:attachment":[{"href":"https:\/\/www.tjes.jus.br\/corregedoria\/wp-json\/wp\/v2\/media?parent=304"}],"curies":[{"name":"wp","href":"https:\/\/api.w.org\/{rel}","templated":true}]}}