{"id":31107,"date":"2021-02-12T13:41:38","date_gmt":"2021-02-12T15:41:38","guid":{"rendered":"https:\/\/www.tjes.jus.br\/corregedoria\/?page_id=31107"},"modified":"2021-02-12T13:41:38","modified_gmt":"2021-02-12T15:41:38","slug":"substituto-legal","status":"publish","type":"page","link":"https:\/\/www.tjes.jus.br\/corregedoria\/substituto-legal\/","title":{"rendered":"Substituto Legal"},"content":{"rendered":"<p>Nos termos do previsto no Art. 7\u00ba do Tomo II do C\u00f3digo de Normas da Corregedoria Geral de Justi\u00e7a do Tribunal de Justi\u00e7a do Estado do Esp\u00edrito Santo, os documentos abaixo relacionados, para a regulariza\u00e7\u00e3o<\/p>\n<p>&nbsp;<\/p>\n<ol>\n<li>C\u00f3pia da Portaria de nomea\u00e7\u00e3o;<\/li>\n<li>Homologa\u00e7\u00e3o pelo Juiz competente da Comarca;<\/li>\n<li>Portaria de Exonera\u00e7\u00e3o do Substituto Legal anterior (caso haja um nomeado);<\/li>\n<li>C\u00f3pia digitalizada dos seguintes documentos do Substituto Legal indicado:\n<ul>\n<li>RG<\/li>\n<li>CPF<\/li>\n<li>Comprovante de cumprimento das obriga\u00e7\u00f5es Eleitorais<\/li>\n<li>Comprovante de cumprimento das obriga\u00e7\u00f5es militares (homens)<\/li>\n<li>Diploma (Se possuir) e ou Comprovante de Conclus\u00e3o do Ensino M\u00e9dio<\/li>\n<li>Comprovante de Endere\u00e7o<\/li>\n<\/ul>\n<\/li>\n<li>Informar:\n<ul>\n<li>E-mail do Substituto Legal indicado (Pessoal);<\/li>\n<li>N\u00ba de Telefone do Substituto Legal Indicado;<\/li>\n<\/ul>\n<\/li>\n<\/ol>\n","protected":false},"excerpt":{"rendered":"<p>Nos termos do previsto no Art. 7\u00ba do Tomo II do C\u00f3digo de Normas da Corregedoria Geral de Justi\u00e7a do Tribunal de Justi\u00e7a do Estado do Esp\u00edrito Santo, os documentos abaixo relacionados, para a regulariza\u00e7\u00e3o &nbsp; C\u00f3pia da Portaria de nomea\u00e7\u00e3o; Homologa\u00e7\u00e3o pelo Juiz competente da Comarca; Portaria de Exonera\u00e7\u00e3o do Substituto Legal anterior (caso [&hellip;]<\/p>\n","protected":false},"author":8,"featured_media":0,"parent":0,"menu_order":0,"comment_status":"closed","ping_status":"closed","template":"","meta":{"footnotes":""},"_links":{"self":[{"href":"https:\/\/www.tjes.jus.br\/corregedoria\/wp-json\/wp\/v2\/pages\/31107"}],"collection":[{"href":"https:\/\/www.tjes.jus.br\/corregedoria\/wp-json\/wp\/v2\/pages"}],"about":[{"href":"https:\/\/www.tjes.jus.br\/corregedoria\/wp-json\/wp\/v2\/types\/page"}],"author":[{"embeddable":true,"href":"https:\/\/www.tjes.jus.br\/corregedoria\/wp-json\/wp\/v2\/users\/8"}],"replies":[{"embeddable":true,"href":"https:\/\/www.tjes.jus.br\/corregedoria\/wp-json\/wp\/v2\/comments?post=31107"}],"version-history":[{"count":7,"href":"https:\/\/www.tjes.jus.br\/corregedoria\/wp-json\/wp\/v2\/pages\/31107\/revisions"}],"predecessor-version":[{"id":31114,"href":"https:\/\/www.tjes.jus.br\/corregedoria\/wp-json\/wp\/v2\/pages\/31107\/revisions\/31114"}],"wp:attachment":[{"href":"https:\/\/www.tjes.jus.br\/corregedoria\/wp-json\/wp\/v2\/media?parent=31107"}],"curies":[{"name":"wp","href":"https:\/\/api.w.org\/{rel}","templated":true}]}}