{"id":31336,"date":"2021-03-19T12:32:13","date_gmt":"2021-03-19T15:32:13","guid":{"rendered":"https:\/\/www.tjes.jus.br\/corregedoria\/?page_id=31336"},"modified":"2024-05-15T15:58:16","modified_gmt":"2024-05-15T18:58:16","slug":"resolucoes-tjes-2021","status":"publish","type":"page","link":"https:\/\/www.tjes.jus.br\/corregedoria\/resolucoes-tjes-2021\/","title":{"rendered":"Resolu\u00e7\u00f5es TJES \u2013 2021"},"content":{"rendered":"<p style=\"text-align: justify;\"><a href=\"https:\/\/www.tjes.jus.br\/corregedoria\/2021\/12\/17\/resolucao-no-033-2021-disp-17-12-2021\/\">033 &#8211; Designar os Exm\u00bas. Srs. Desembargadores para comporem a COMISS\u00c3O DE REFORMA JUDICI\u00c1RIA, no Bi\u00eanio 2022\/2023- Disp.17\/12\/2021<\/a><\/p>\n<p style=\"text-align: justify;\"><a href=\"https:\/\/www.tjes.jus.br\/corregedoria\/2021\/12\/17\/resolucao-no-032-2021-disp-17-12-2021\/\">032 &#8211; Ficam eleitos o Exm\u00ba. Sr. Des. FERNANDO ESTEVAM BRAVIN RUY para o cargo de OUVIDOR JUDICI\u00c1RIO, e a Exm\u00aa. Sr\u00aa. Des\u00aa. RACHEL DUR\u00c3O CORREIA LIMA como VICE-OUVIDORA JUDICI\u00c1RIA, para o Bi\u00eanio 2022\/2023,\u00a0a partir de 16 de dezembro de 2021, nos termos do Artigo 10, \u00a77\u00ba e art. 71-A, do Regimento Interno, e art. 38, da Lei Complementar n\u00ba 234\/02.- Disp.17\/12\/2021<\/a><\/p>\n<p style=\"text-align: justify;\"><a href=\"https:\/\/www.tjes.jus.br\/corregedoria\/2021\/12\/17\/resolucao-no-031-2021-disp-17-12-2021\/\">031 &#8211; Reconduzir o Exm\u00ba. Sr. Des. WILLIAN SILVA ao cargo de DIRETOR-GERAL da Escola da Magistratura do Estado do Esp\u00edrito Santo, e\u00a0<strong>ELEGER<\/strong>\u00a0o Exm\u00ba. Sr. Des. J\u00daLIO C\u00c9SAR COSTA DE OLIVEIRA como VICE-DIRETOR-GERAL, para o Bi\u00eanio 2022\/2023,\u00a0a partir de 16 de dezembro de 2021, nos termos do art. 71-G, do Regimento Interno, e art. 38-T, da Lei Complementar n\u00ba 234\/02.- Disp.17\/12\/2021<\/a><\/p>\n<p style=\"text-align: justify;\"><a href=\"https:\/\/www.tjes.jus.br\/corregedoria\/2021\/12\/17\/resolucao-no-030-2021-disp-17-12-2021\/\">030 &#8211; Tornar sem efeito \u00a0Resolu\u00e7\u00e3o n\u00ba 16\/2021, disponibilizada no DJe em 25\/10\/2021, que elegeu\u00a0o Exm\u00ba Sr. Desembargador ROBSON LUIZ ALBANEZ como VICE &#8211; CORREGEDOR GERAL DA JUSTI\u00c7A do Egr\u00e9gio Tribunal de Justi\u00e7a para o Bi\u00eanio 2022\/2023, na forma do art. 10 do Regimento Interno desta Corte, e art. 13, da Lei Complementar n\u00ba 234\/02.- Disp.17\/12\/2021<\/a><\/p>\n<p style=\"text-align: justify;\"><a href=\"https:\/\/www.tjes.jus.br\/corregedoria\/2021\/12\/17\/resolucao-no-029-2021-disp-17-12-2021\/\">029 &#8211; Disp\u00f5e sobre a regulamenta\u00e7\u00e3o do ingresso no sistema socioeducativo dos adolescentes a quem se atribua a autoria de ato infracional nos Ju\u00edzos da Comarca da Capital, mediante a formaliza\u00e7\u00e3o do pronto atendimento prestado no Centro Integrado de Atendimento Socioeducativo da Grande Vit\u00f3ria (CIASE).- Disp.17\/12\/2021<\/a><\/p>\n<p style=\"text-align: justify;\"><a href=\"https:\/\/www.tjes.jus.br\/corregedoria\/2021\/12\/06\/resolucao-no-028-2021-disp-06-12-2021\/\">028 &#8211; Remover o Exm\u00ba Sr. Des. WALACE PANDOLPHO KIFFER, da 4\u00aa C\u00e2mara C\u00edvel, para a 2\u00aa C\u00e2mara Criminal deste Egr\u00e9gio Tribunal de Justi\u00e7a, nos termos do artigo 20 do Regimento Interno deste e. Tribunal de Justi\u00e7a, a partir de 16 de dezembro de 2021.- Disp.06\/12\/2021<\/a><\/p>\n<p style=\"text-align: justify;\"><a href=\"https:\/\/www.tjes.jus.br\/corregedoria\/2021\/12\/06\/resolucao-no-027-2021-disp-06-12-2021\/\">027 &#8211; Remover o Exm\u00ba. Sr. Des. JOS\u00c9 PAULO CALMON NOGUEIRA DA GAMA, da 2\u00aa C\u00e2mara C\u00edvel, para a 3\u00aa C\u00e2mara C\u00edvel deste Egr\u00e9gio Tribunal de Justi\u00e7a, nos termos do artigo 20 do Regimento Interno deste e. Tribunal de Justi\u00e7a, a partir de 16 de dezembro de 2021.- Disp.06\/12\/2021<\/a><\/p>\n<p style=\"text-align: justify;\"><a href=\"https:\/\/www.tjes.jus.br\/corregedoria\/2021\/12\/06\/resolucao-no-026-2021-disp-06-12-2021\/\">026 &#8211; Localizar o Exm\u00ba. Sr. Des. NEY BATISTA COUTINHO,\u00a0na 2\u00aa C\u00e2mara C\u00edvel, nos termos do artigo 26 do Regimento Interno deste e. Tribunal de Justi\u00e7a.- Disp.06\/12\/2021<\/a><\/p>\n<p style=\"text-align: justify;\"><a href=\"https:\/\/www.tjes.jus.br\/corregedoria\/2021\/12\/06\/resolucao-no-025-2021-disp-06-12-2021\/\">025 &#8211; Remover o Exm\u00ba Sr. Des. SAMUEL MEIRA BRASIL J\u00daNIOR, da 3\u00aa C\u00e2mara C\u00edvel, para a 2\u00aa C\u00e2mara C\u00edvel deste Egr\u00e9gio Tribunal de Justi\u00e7a, nos termos do artigo 20 do Regimento Interno deste e. Tribunal de Justi\u00e7a, a partir de 16 de dezembro de 2021.- Disp.06\/12\/2021<\/a><\/p>\n<p style=\"text-align: justify;\"><a href=\"https:\/\/www.tjes.jus.br\/corregedoria\/2021\/12\/06\/resolucao-no-024-2021-disp-06-12-2021\/\">024 &#8211; Localizar o Exm\u00ba. Sr. Des. RONALDO GON\u00c7ALVES DE SOUSA na 1\u00aa C\u00e2mara C\u00edvel, nos termos do artigo 26 do Regimento Interno deste e. Tribunal de Justi\u00e7a.- Disp.06\/12\/2021<\/a><\/p>\n<p style=\"text-align: justify;\"><a href=\"https:\/\/www.tjes.jus.br\/corregedoria\/2021\/12\/01\/resolucao-no-023-2021-disp-01-12-2021\/\">023 &#8211; Agraciar com a Comenda \u201cCruz do M\u00e9rito Judici\u00e1rio\u201d, pelo not\u00e1vel desempenho ao longo da sua carreira jur\u00eddica, e pelo carinho e considera\u00e7\u00e3o especial que tem devotado\u00a0\u00e0 Magistratura Capixaba, o eminente Desembargador \u00c9DER PONTES DA SILVA.- Disp.01\/12\/2021<\/a><\/p>\n<p style=\"text-align: justify;\"><a href=\"https:\/\/www.tjes.jus.br\/corregedoria\/2021\/12\/01\/resolucao-no-022-2021-disp-01-12-2021\/\">022 &#8211; Agraciar com a Comenda \u201cCruz do M\u00e9rito Judici\u00e1rio\u201d, pelo not\u00e1vel desempenho ao longo da sua carreira jur\u00eddica, e pelo carinho e considera\u00e7\u00e3o especial que tem devotado\u00a0\u00e0 Magistratura Capixaba, o eminente Desembargador \u00a0HELIMAR PINTO.- Disp.01\/12\/2021<\/a><\/p>\n<p style=\"text-align: justify;\"><a href=\"https:\/\/www.tjes.jus.br\/corregedoria\/2021\/12\/01\/resolucao-no-021-2021-disp-01-12-2021\/\">021 &#8211; Agraciar com a Comenda \u201cCruz do M\u00e9rito Judici\u00e1rio\u201d, pelo not\u00e1vel desempenho ao longo da sua carreira jur\u00eddica, e pelo carinho e considera\u00e7\u00e3o especial que tem devotado\u00a0\u00e0 Magistratura Capixaba, a\u00a0eminente Desembargadora RACHEL DUR\u00c3O CORREIA LIMA.- Disp.01\/12\/2021<\/a><\/p>\n<p style=\"text-align: justify;\"><a href=\"https:\/\/www.tjes.jus.br\/corregedoria\/2021\/12\/01\/resolucao-no-020-2021-disp-01-12-2021\/\">020 &#8211; Agraciar com a Comenda \u201cCruz do M\u00e9rito Judici\u00e1rio\u201d, pelo not\u00e1vel desempenho ao longo da sua carreira jur\u00eddica, e pelo carinho e considera\u00e7\u00e3o especial que tem devotado\u00a0\u00e0 Magistratura Capixaba, o eminente Desembargador J\u00daLIO C\u00c9SAR COSTA DE OLIVEIRA.- Disp.01\/12\/2021<\/a><\/p>\n<p style=\"text-align: justify;\"><a href=\"https:\/\/www.tjes.jus.br\/corregedoria\/2021\/12\/06\/resolucao-no-019-2021-disp-06-12-2021\/\">019 &#8211; Agraciar com a Comenda \u201cGr\u00e3-Cruz do M\u00e9rito Judici\u00e1rio\u201d, pelo not\u00e1vel desempenho ao longo da sua carreira jur\u00eddica, e pelo carinho e considera\u00e7\u00e3o especial que devotou\u00a0\u00e0 Magistratura Capixaba, o eminente Desembargador \u00c1LVARO MANOEL ROSINDO BOURGUIGNON.-Disp. 06\/12\/2021<\/a><\/p>\n<p style=\"text-align: justify;\"><a href=\"https:\/\/www.tjes.jus.br\/corregedoria\/2021\/12\/02\/resolucao-no-018-2021-disp-02-12-2021\/\">018 &#8211; Altera dispositivos da Resolu\u00e7\u00e3o n\u00ba 028\/2015, que regulamenta o exerc\u00edcio da fun\u00e7\u00e3o de Juiz Leigo no \u00e2mbito do Sistema dos Juizados Especiais do Poder Judici\u00e1rio do Estado do Esp\u00edrito Santo.-Disp. 02\/12\/2021<\/a><\/p>\n<p style=\"text-align: justify;\"><a href=\"https:\/\/www.tjes.jus.br\/corregedoria\/2021\/10\/14\/resolucao-no-014-2021-disp-07-10-2021\/\">014 &#8211; Institui o teletrabalho no \u00e2mbito do Poder Judici\u00e1rio do Estado do Esp\u00edrito Santo e d\u00e1 outras provid\u00eancias.-Disp. 07\/10\/2021<\/a><\/p>\n<p style=\"text-align: justify;\"><a href=\"https:\/\/www.tjes.jus.br\/corregedoria\/2021\/07\/02\/resolucao-no-12-2021-disp-02-07-2021\/\">012 &#8211;\u00a0Aprova a Estrat\u00e9gia do Poder Judici\u00e1rio do Poder Judici\u00e1rio do Estado do Esp\u00edrito Santo.-Disp. 02\/07\/2021<\/a><\/p>\n<p style=\"text-align: justify;\"><a href=\"https:\/\/www.tjes.jus.br\/corregedoria\/2021\/05\/28\/resolucao-no-010-2021-disp-28-05-2021\/\">010 &#8211;\u00a0Fica estabelecido que o valor do vale-alimenta\u00e7\u00e3o concedido aos servidores do Poder Judici\u00e1rio do Estado do Esp\u00edrito Santo ser\u00e1 de R$ 60,17 (sessenta reais e dezessete centavos) por vale.- Disp. 28\/05\/2021<\/a><\/p>\n<p style=\"text-align: justify;\"><a href=\"https:\/\/www.tjes.jus.br\/corregedoria\/2021\/05\/28\/resolucao-no-009-2021-disp-28-05-2021\/\">009 &#8211; Resolve que o valor do aux\u00edlio sa\u00fade concedido aos Magistrados do Poder Judici\u00e1rio do Estado do Esp\u00edrito Santo fica limitado ao valor de R$ 14.837,61 (quatorze mil, oitocentos e trinta e sete reais e sessenta e um centavos) anuais, por magistrado. &#8211; Disp. 28\/05\/2021<\/a><\/p>\n<p style=\"text-align: justify;\"><a href=\"https:\/\/www.tjes.jus.br\/corregedoria\/2021\/04\/26\/resolucao-no-008-2021-disp-26-04-2021\/\">008 &#8211; Regulamenta o procedimento de consigna\u00e7\u00e3o em folha de pagamento\u00a0no \u00e2mbito do Poder Judici\u00e1rio do Estado do Esp\u00edrito Santo.- Disp. 26\/04\/2021<\/a>\u00a0<strong><span style=\"color: #ff0000;\">&#8211; Republica\u00e7\u00e3o &#8211; REVOGADO<\/span><\/strong><\/p>\n<p style=\"text-align: justify;\"><a href=\"https:\/\/www.tjes.jus.br\/corregedoria\/2021\/04\/23\/resolucao-no-008-2021-disp-23-04-2021\/\">008 &#8211; Regulamenta o procedimento de consigna\u00e7\u00e3o em folha de pagamento\u00a0no \u00e2mbito do Poder Judici\u00e1rio do Estado do Esp\u00edrito Santo.- Disp. 23\/04\/2021<\/a>\u00a0<strong><span style=\"color: #ff0000;\">&#8211; Republicada<\/span><\/strong><\/p>\n<p style=\"text-align: justify;\"><a href=\"https:\/\/www.tjes.jus.br\/corregedoria\/2021\/03\/29\/resolucao-no-006-2021-disp-29-03-2021\/\">006 &#8211; Disp\u00f5e sobre a implanta\u00e7\u00e3o, difus\u00e3o e expans\u00e3o da Justi\u00e7a Restaurativa no\u00a0\u00e2mbito do Poder Judici\u00e1rio do Estado do Esp\u00edrito Santo e d\u00e1 outras provid\u00eancias.- Disp. 29\/03\/2021<\/a><\/p>\n<p style=\"text-align: justify;\"><a href=\"https:\/\/www.tjes.jus.br\/corregedoria\/2021\/03\/29\/resolucao-no-005-2021-disp-29-03-2021\/\">005 &#8211; \u00a0A presta\u00e7\u00e3o de servi\u00e7o do Projeto Justi\u00e7a Comunit\u00e1ria ser\u00e1 realizada pelo 3\u00ba Centro Judici\u00e1rio de Solu\u00e7\u00e3o de Conflito e Cidadania \u2013 3\u00ba CEJUSC, em todo Estado do Espirito Santo, caracterizando-se pelo atendimento gratuito aos cidad\u00e3os comprovadamente hipossuficientes em a\u00e7\u00f5es consensuais de Fam\u00edlia.- Disp. 29\/03\/2021<\/a><\/p>\n<p style=\"text-align: justify;\"><a href=\"https:\/\/www.tjes.jus.br\/corregedoria\/2021\/03\/29\/resolucao-no-004-2021-disp-29-03-2021\/\">004 &#8211; Regulamenta\u00a0a guarda e o destino de objetos e documentos perdidos,\u00a0encontrados nos pr\u00e9dios ou nas adjac\u00eancias do Poder Judici\u00e1rio do Esp\u00edrito Santo.- Disp. 29\/03\/2021<\/a><\/p>\n<p style=\"text-align: justify;\"><a href=\"https:\/\/www.tjes.jus.br\/corregedoria\/2021\/03\/22\/resolucao-no-003-2021-disp-22-03-2021\/\">003 &#8211; Acresce dispositivo na Resolu\u00e7\u00e3o n\u00ba 022\/2018 que disciplina a substitui\u00e7\u00e3o dos\u00a0magistrados quando declaram a suspei\u00e7\u00e3o ou impedimento ou na aus\u00eancia por qualquer motivo.- Disp. 22\/03\/2021<\/a><\/p>\n<p style=\"text-align: justify;\"><a href=\"https:\/\/www.tjes.jus.br\/corregedoria\/2021\/03\/22\/resolucao-no-002-2021-disp-22-03-2021\/\">002 &#8211; Institui o N\u00facleo de Intelig\u00eancia \u2013 NINT no \u00e2mbito do\u00a0Poder Judici\u00e1rio do Estado do Esp\u00edrito Santo e d\u00e1 outras provid\u00eancias.- Disp. 22\/03\/2021<\/a><\/p>\n<p style=\"text-align: justify;\"><a href=\"https:\/\/www.tjes.jus.br\/corregedoria\/2021\/03\/19\/resolucao-no-001-2020-disp-17-03-2021\/\">001 &#8211; Disp\u00f5e sobre as atribui\u00e7\u00f5es do N\u00facleo Permanente de M\u00e9todos Consensuais de Solu\u00e7\u00e3o de Conflitos (NUPEMEC), dos Centros Judici\u00e1rios de Solu\u00e7\u00e3o de Conflitos e Cidadania (CEJUSCs), o exerc\u00edcio das atividades de Mediador e Conciliador Judicial no \u00e2mbito do Tribunal de Justi\u00e7a do Esp\u00edrito Santo e d\u00e1\u00a0outras provid\u00eancias.- Disp. 17\/03\/2021<\/a><\/p>\n","protected":false},"excerpt":{"rendered":"<p>033 &#8211; Designar os Exm\u00bas. Srs. Desembargadores para comporem a COMISS\u00c3O DE REFORMA JUDICI\u00c1RIA, no Bi\u00eanio 2022\/2023- Disp.17\/12\/2021 032 &#8211; Ficam eleitos o Exm\u00ba. Sr. Des. FERNANDO ESTEVAM BRAVIN RUY para o cargo de OUVIDOR JUDICI\u00c1RIO, e a Exm\u00aa. Sr\u00aa. Des\u00aa. RACHEL DUR\u00c3O CORREIA LIMA como VICE-OUVIDORA JUDICI\u00c1RIA, para o Bi\u00eanio 2022\/2023,\u00a0a partir de 16 [&hellip;]<\/p>\n","protected":false},"author":8,"featured_media":0,"parent":0,"menu_order":0,"comment_status":"closed","ping_status":"closed","template":"","meta":{"footnotes":""},"_links":{"self":[{"href":"https:\/\/www.tjes.jus.br\/corregedoria\/wp-json\/wp\/v2\/pages\/31336"}],"collection":[{"href":"https:\/\/www.tjes.jus.br\/corregedoria\/wp-json\/wp\/v2\/pages"}],"about":[{"href":"https:\/\/www.tjes.jus.br\/corregedoria\/wp-json\/wp\/v2\/types\/page"}],"author":[{"embeddable":true,"href":"https:\/\/www.tjes.jus.br\/corregedoria\/wp-json\/wp\/v2\/users\/8"}],"replies":[{"embeddable":true,"href":"https:\/\/www.tjes.jus.br\/corregedoria\/wp-json\/wp\/v2\/comments?post=31336"}],"version-history":[{"count":24,"href":"https:\/\/www.tjes.jus.br\/corregedoria\/wp-json\/wp\/v2\/pages\/31336\/revisions"}],"predecessor-version":[{"id":40054,"href":"https:\/\/www.tjes.jus.br\/corregedoria\/wp-json\/wp\/v2\/pages\/31336\/revisions\/40054"}],"wp:attachment":[{"href":"https:\/\/www.tjes.jus.br\/corregedoria\/wp-json\/wp\/v2\/media?parent=31336"}],"curies":[{"name":"wp","href":"https:\/\/api.w.org\/{rel}","templated":true}]}}