{"id":31949,"date":"2021-06-08T15:03:55","date_gmt":"2021-06-08T18:03:55","guid":{"rendered":"https:\/\/www.tjes.jus.br\/corregedoria\/?page_id=31949"},"modified":"2021-06-09T14:22:37","modified_gmt":"2021-06-09T17:22:37","slug":"sistemas","status":"publish","type":"page","link":"https:\/\/www.tjes.jus.br\/corregedoria\/sistemas\/","title":{"rendered":"Sistemas"},"content":{"rendered":"<p style=\"text-align: justify;\"><a href=\"https:\/\/sistemas.cgj.es.gov.br\/Portal\/PagInicio.aspx\" target=\"_blank\" rel=\"noopener\">Portal CGJ<\/a><\/p>\n<p><a href=\"https:\/\/sistemas.tjes.jus.br\/sistemas\/sistcorrege\/index.cfm\">Sistema de Apoio \u00e0s Serventias Judiciais<\/a>(Inspe\u00e7\u00e3o Judicial, Correi\u00e7\u00e3o e Situa\u00e7\u00e3o do Acervo)<\/p>\n<p style=\"text-align: justify;\"><a href=\"https:\/\/sistemas.tjes.jus.br\/intranet\/arrecadacao\/login.cfm\" target=\"_blank\" rel=\"noopener\">Sistema de Arrecada\u00e7\u00e3o<\/a><\/p>\n<p style=\"text-align: justify;\"><a href=\"https:\/\/sistemas.tjes.jus.br\/intranet\/sistemas\/logon\/mudasenha.cfm?codfun=#nulo\">Alterar senha do Sistema de Arrecada\u00e7\u00e3o<\/a><\/p>\n<p><a href=\"https:\/\/sistemas.tjes.jus.br\/sistemas\/sistcorrege\/index.cfm#\">Atualiza\u00e7\u00e3o de D\u00e9bitos<\/a><\/p>\n<p><a href=\"https:\/\/sistemas.tjes.jus.br\/sistemas\/sistcorrege\/index.cfm#\">Multa Criminal<\/a><\/p>\n","protected":false},"excerpt":{"rendered":"<p>Portal CGJ Sistema de Apoio \u00e0s Serventias Judiciais(Inspe\u00e7\u00e3o Judicial, Correi\u00e7\u00e3o e Situa\u00e7\u00e3o do Acervo) Sistema de Arrecada\u00e7\u00e3o Alterar senha do Sistema de Arrecada\u00e7\u00e3o Atualiza\u00e7\u00e3o de D\u00e9bitos Multa Criminal<\/p>\n","protected":false},"author":8,"featured_media":0,"parent":0,"menu_order":0,"comment_status":"closed","ping_status":"closed","template":"","meta":{"footnotes":""},"_links":{"self":[{"href":"https:\/\/www.tjes.jus.br\/corregedoria\/wp-json\/wp\/v2\/pages\/31949"}],"collection":[{"href":"https:\/\/www.tjes.jus.br\/corregedoria\/wp-json\/wp\/v2\/pages"}],"about":[{"href":"https:\/\/www.tjes.jus.br\/corregedoria\/wp-json\/wp\/v2\/types\/page"}],"author":[{"embeddable":true,"href":"https:\/\/www.tjes.jus.br\/corregedoria\/wp-json\/wp\/v2\/users\/8"}],"replies":[{"embeddable":true,"href":"https:\/\/www.tjes.jus.br\/corregedoria\/wp-json\/wp\/v2\/comments?post=31949"}],"version-history":[{"count":14,"href":"https:\/\/www.tjes.jus.br\/corregedoria\/wp-json\/wp\/v2\/pages\/31949\/revisions"}],"predecessor-version":[{"id":31986,"href":"https:\/\/www.tjes.jus.br\/corregedoria\/wp-json\/wp\/v2\/pages\/31949\/revisions\/31986"}],"wp:attachment":[{"href":"https:\/\/www.tjes.jus.br\/corregedoria\/wp-json\/wp\/v2\/media?parent=31949"}],"curies":[{"name":"wp","href":"https:\/\/api.w.org\/{rel}","templated":true}]}}