{"id":330,"date":"2016-06-01T13:21:21","date_gmt":"2016-06-01T16:21:21","guid":{"rendered":"http:\/\/10.99.253.4\/corregedoria\/?page_id=330"},"modified":"2026-03-26T16:08:50","modified_gmt":"2026-03-26T19:08:50","slug":"composicao","status":"publish","type":"page","link":"https:\/\/www.tjes.jus.br\/corregedoria\/ceja\/composicao\/","title":{"rendered":"Composi\u00e7\u00e3o"},"content":{"rendered":"<p><img loading=\"lazy\" decoding=\"async\" class=\"wp-image-331 size-full aligncenter\" src=\"https:\/\/www.tjes.jus.br\/corregedoria\/wp-content\/uploads\/2016\/06\/b_Composicao.jpg\" alt=\"b_Composicao\" width=\"750\" height=\"97\" srcset=\"https:\/\/www.tjes.jus.br\/corregedoria\/wp-content\/uploads\/2016\/06\/b_Composicao.jpg 750w, https:\/\/www.tjes.jus.br\/corregedoria\/wp-content\/uploads\/2016\/06\/b_Composicao-300x39.jpg 300w\" sizes=\"(max-width: 750px) 100vw, 750px\" \/><\/p>\n<p style=\"text-align: center;\"><strong>BI\u00caNIO 2026 &#8211; 2027<\/strong><\/p>\n<p style=\"text-align: center;\"><strong>PRESIDENTE<\/strong><br \/>\nDesembargador Ewerton Schwab Pinto J\u00fanior<\/p>\n<p style=\"text-align: center;\"><strong>MEMBROS<\/strong><\/p>\n<p style=\"text-align: center;\"><strong>Titulares:<\/strong><\/p>\n<p style=\"text-align: center;\">Dra. Maria Ignez Bermudes Rodrigues<br \/>\nJuiza de Direito<\/p>\n<p style=\"text-align: center;\">Dr. Marcos Ant\u00f4nio Barbosa de Souza<br \/>\nJuiz de Direito<\/p>\n<p style=\"text-align: center;\">Dra. Val\u00e9ria Barros Duarte Moraes<br \/>\nCoordenadora do Centro de Apoio \u00e0s Promotorias da Inf\u00e2ncia e Juventude\/ES.<\/p>\n<p style=\"text-align: center;\">Dra. Ivone Vilanova de Souza<br \/>\nRepresentante da OAB\/ES<\/p>\n<p style=\"text-align: center;\"><strong>Suplentes:<\/strong><\/p>\n<p style=\"text-align: center;\">Dra. Viviane Brito Borille<br \/>\nJuiza de Direito<\/p>\n<p style=\"text-align: center;\">Dra. Ednalva da Penha Binda<br \/>\nJuiza de Direito<\/p>\n<p style=\"text-align: center;\">Dra. Arlete Uliana<br \/>\nRepresentante da OAB<\/p>\n<p style=\"text-align: center;\">Dra. Ana Lucia Ivanescuc de Vallim Braga<br \/>\nPromotora de Justi\u00e7a<\/p>\n<p style=\"text-align: center;\"><strong>COORDENA\u00c7\u00c3O<\/strong><\/p>\n<p style=\"text-align: center;\">Helerson Elias da Silva<\/p>\n<p style=\"text-align: center;\"><strong>EQUIPE T\u00c9CNICA<\/strong><\/p>\n<p style=\"text-align: center;\">Dianne Fran\u00e7oise Wruck &#8211; Psic\u00f3loga<\/p>\n<p style=\"text-align: center;\">Luciana Lacerda Mesquista Melo &#8211; Assistente Social<\/p>\n<p style=\"text-align: center;\">Nath\u00e1lia Pelegrini Mota Fernandes &#8211; Assistente Social<\/p>\n<p style=\"text-align: center;\">Elaine Teixeira Daher &#8211; T\u00e9cnico Judici\u00e1rio &#8211; \u00c1rea Administrativa<\/p>\n","protected":false},"excerpt":{"rendered":"<p>BI\u00caNIO 2026 &#8211; 2027 PRESIDENTE Desembargador Ewerton Schwab Pinto J\u00fanior MEMBROS Titulares: Dra. Maria Ignez Bermudes Rodrigues Juiza de Direito Dr. Marcos Ant\u00f4nio Barbosa de Souza Juiz de Direito Dra. Val\u00e9ria Barros Duarte Moraes Coordenadora do Centro de Apoio \u00e0s Promotorias da Inf\u00e2ncia e Juventude\/ES. Dra. Ivone Vilanova de Souza Representante da OAB\/ES Suplentes: Dra. [&hellip;]<\/p>\n","protected":false},"author":1,"featured_media":0,"parent":311,"menu_order":0,"comment_status":"closed","ping_status":"closed","template":"","meta":{"footnotes":""},"_links":{"self":[{"href":"https:\/\/www.tjes.jus.br\/corregedoria\/wp-json\/wp\/v2\/pages\/330"}],"collection":[{"href":"https:\/\/www.tjes.jus.br\/corregedoria\/wp-json\/wp\/v2\/pages"}],"about":[{"href":"https:\/\/www.tjes.jus.br\/corregedoria\/wp-json\/wp\/v2\/types\/page"}],"author":[{"embeddable":true,"href":"https:\/\/www.tjes.jus.br\/corregedoria\/wp-json\/wp\/v2\/users\/1"}],"replies":[{"embeddable":true,"href":"https:\/\/www.tjes.jus.br\/corregedoria\/wp-json\/wp\/v2\/comments?post=330"}],"version-history":[{"count":16,"href":"https:\/\/www.tjes.jus.br\/corregedoria\/wp-json\/wp\/v2\/pages\/330\/revisions"}],"predecessor-version":[{"id":46790,"href":"https:\/\/www.tjes.jus.br\/corregedoria\/wp-json\/wp\/v2\/pages\/330\/revisions\/46790"}],"up":[{"embeddable":true,"href":"https:\/\/www.tjes.jus.br\/corregedoria\/wp-json\/wp\/v2\/pages\/311"}],"wp:attachment":[{"href":"https:\/\/www.tjes.jus.br\/corregedoria\/wp-json\/wp\/v2\/media?parent=330"}],"curies":[{"name":"wp","href":"https:\/\/api.w.org\/{rel}","templated":true}]}}