{"id":33261,"date":"2021-12-17T15:55:05","date_gmt":"2021-12-17T17:55:05","guid":{"rendered":"https:\/\/www.tjes.jus.br\/corregedoria\/?page_id=33261"},"modified":"2021-12-17T17:05:47","modified_gmt":"2021-12-17T19:05:47","slug":"registro-de-imoveis","status":"publish","type":"page","link":"https:\/\/www.tjes.jus.br\/corregedoria\/registro-de-imoveis\/","title":{"rendered":"Registro de Im\u00f3veis"},"content":{"rendered":"<p><a href=\"https:\/\/www.tjes.jus.br\/corregedoria\/wp-content\/uploads\/2021\/12\/ANEXO-II-ATA-DE-TRANSMISS\u00c3O-DE-ACERVO-Registro-de-Im\u00f3veis.docx\">Ata de Transmiss\u00e3o de Acervo(anexo II)<\/a><br \/>\n<a href=\"https:\/\/www.tjes.jus.br\/corregedoria\/wp-content\/uploads\/2021\/12\/ANEXO-IV-.docx\">Informa\u00e7\u00f5es Administrativas, Financeiras, Cont\u00e1beis e Tribut\u00e1rias(anexo IV)<\/a><br \/>\n<a href=\"https:\/\/www.tjes.jus.br\/corregedoria\/wp-content\/uploads\/2021\/12\/ANEXO-V-.docx\">Levantamento de Servi\u00e7os Pendentes de Execu\u00e7\u00e3o com Emolumentos Pagos, Valores Recebidos e a Receber(anexo V)<\/a><\/p>\n","protected":false},"excerpt":{"rendered":"<p>Ata de Transmiss\u00e3o de Acervo(anexo II) Informa\u00e7\u00f5es Administrativas, Financeiras, Cont\u00e1beis e Tribut\u00e1rias(anexo IV) Levantamento de Servi\u00e7os Pendentes de Execu\u00e7\u00e3o com Emolumentos Pagos, Valores Recebidos e a Receber(anexo V)<\/p>\n","protected":false},"author":8,"featured_media":0,"parent":0,"menu_order":0,"comment_status":"closed","ping_status":"closed","template":"","meta":{"footnotes":""},"_links":{"self":[{"href":"https:\/\/www.tjes.jus.br\/corregedoria\/wp-json\/wp\/v2\/pages\/33261"}],"collection":[{"href":"https:\/\/www.tjes.jus.br\/corregedoria\/wp-json\/wp\/v2\/pages"}],"about":[{"href":"https:\/\/www.tjes.jus.br\/corregedoria\/wp-json\/wp\/v2\/types\/page"}],"author":[{"embeddable":true,"href":"https:\/\/www.tjes.jus.br\/corregedoria\/wp-json\/wp\/v2\/users\/8"}],"replies":[{"embeddable":true,"href":"https:\/\/www.tjes.jus.br\/corregedoria\/wp-json\/wp\/v2\/comments?post=33261"}],"version-history":[{"count":3,"href":"https:\/\/www.tjes.jus.br\/corregedoria\/wp-json\/wp\/v2\/pages\/33261\/revisions"}],"predecessor-version":[{"id":33276,"href":"https:\/\/www.tjes.jus.br\/corregedoria\/wp-json\/wp\/v2\/pages\/33261\/revisions\/33276"}],"wp:attachment":[{"href":"https:\/\/www.tjes.jus.br\/corregedoria\/wp-json\/wp\/v2\/media?parent=33261"}],"curies":[{"name":"wp","href":"https:\/\/api.w.org\/{rel}","templated":true}]}}