{"id":33473,"date":"2022-01-26T17:50:03","date_gmt":"2022-01-26T19:50:03","guid":{"rendered":"https:\/\/www.tjes.jus.br\/corregedoria\/?page_id=33473"},"modified":"2022-07-14T16:43:29","modified_gmt":"2022-07-14T19:43:29","slug":"pje-cor","status":"publish","type":"page","link":"https:\/\/www.tjes.jus.br\/corregedoria\/pje-cor\/","title":{"rendered":"PJeCor"},"content":{"rendered":"<p style=\"text-align: justify;\">O PJECOR \u00e9 um sistema informatizado \u00fanico para todas as corregedorias, que tem por objetivo unificar e padronizar a tramita\u00e7\u00e3o dos procedimentos administrativos, garantindo maior efici\u00eancia, transpar\u00eancia e economia na atua\u00e7\u00e3o dos \u00f3rg\u00e3os correicionais.<\/p>\n<p style=\"text-align: justify;\">Clique <a href=\"https:\/\/corregedoria.pje.jus.br\/login.seam\"><strong>AQUI<\/strong><\/a> para acessar o sistema.<\/p>\n<p><a href=\"https:\/\/www.tjes.jus.br\/corregedoria\/wp-content\/uploads\/2022\/01\/ORIENTA\u00c7\u00d5ES-SISTEMA-PJECOR-1.pdf\"><strong>Orienta\u00e7\u00f5es gerais<\/strong><\/a>(acesso, requisitos m\u00ednimos necess\u00e1rios e como obter ajuda)<\/p>\n<p>&nbsp;<\/p>\n<p><strong>\u00a0Legisla\u00e7\u00e3o:<\/strong><\/p>\n<hr \/>\n<p style=\"text-align: justify;\"><strong><a href=\"https:\/\/www.tjes.jus.br\/corregedoria\/2022\/01\/20\/oficio-circular-cgjes-1028268-2022-disp-20-01-2022\/\">Of\u00edcio Circular\u00a0CGJES 1028268\/2022<\/a>\u00a0\u2013 (Disponibilizado em 20\/01\/2022) \u2013\u00a0<\/strong>Determinar\u00a0a todos os magistrados do Poder Judici\u00e1rio do Estado do Esp\u00edrito Santo, bem como a todos os delegat\u00e1rios do foro extrajudicial que acessem com regularidade o sistema PjeCor, tanto no perfil\u00a0<em>jus postulandi<\/em>\u00a0quanto no perfil Procurador Gestor, visando verificar a exist\u00eancia de processos com notifica\u00e7\u00f5es\/intima\u00e7\u00f5es pendentes de ci\u00eancia e manifesta\u00e7\u00e3o.<\/p>\n<p style=\"text-align: justify;\"><strong><a href=\"https:\/\/www.tjes.jus.br\/corregedoria\/2020\/06\/22\/provimento-no-22-2020-disp-22-06-2020\/\">Provimento n\u00ba 22\/2020\u00a0<\/a>(Disponibilizado em 22\/06\/2020):<\/strong>\u00a0Estabelece a edi\u00e7\u00e3o de norma interna regulamentando o uso do PJeCor no \u00e2mbito desta Corregedoria Geral da Justi\u00e7a e d\u00e1 outras provid\u00eancias.<\/p>\n<p>&nbsp;<\/p>\n<p><strong>\u00a0Informa\u00e7\u00f5es Magistrados:<\/strong><\/p>\n<hr \/>\n<p><strong><a href=\"https:\/\/www.tjes.jus.br\/corregedoria\/wp-content\/uploads\/2021\/05\/CGJES-Manual-PJeCor-Acesso-movimenta%C3%A7%C3%A3o-de-processos-por-magistrados-Varas-V3.pdf\">Manual para acesso e movimenta\u00e7\u00e3o de processos<\/a><\/strong><\/p>\n<p><a href=\"https:\/\/www.tjes.jus.br\/corregedoria\/wp-content\/uploads\/2021\/08\/CGJES-Manual-PJeCor-Acesso-cadastro-usuarios-das-varas-pelo-magistrado.pdf\"><strong>Manual para cadastro de representantes das Varas por Magistrados<\/strong><\/a><\/p>\n<p>&nbsp;<\/p>\n<p><strong>\u00a0Informa\u00e7\u00f5es Not\u00e1rios e Registradores:<\/strong><\/p>\n<hr \/>\n<p><strong><a href=\"https:\/\/www.tjes.jus.br\/corregedoria\/wp-content\/uploads\/2021\/07\/CGJES-Manual-PJeCor-Acesso-movimenta%C3%A7%C3%A3o-de-processos-por-delegat%C3%A1rio.pdf\">Manual para acesso e movimenta\u00e7\u00e3o de processos<\/a><\/strong><\/p>\n<p><strong><a href=\"https:\/\/www.tjes.jus.br\/corregedoria\/wp-content\/uploads\/2021\/07\/CGJES-Manual-PJeCor-cadastro-usuarios-das-serventias-por-delegat%C3%A1rio.pdf\">Manual para cadastro de usu\u00e1rios da Serventia<\/a><\/strong><\/p>\n<p>&nbsp;<\/p>\n","protected":false},"excerpt":{"rendered":"<p>O PJECOR \u00e9 um sistema informatizado \u00fanico para todas as corregedorias, que tem por objetivo unificar e padronizar a tramita\u00e7\u00e3o dos procedimentos administrativos, garantindo maior efici\u00eancia, transpar\u00eancia e economia na atua\u00e7\u00e3o dos \u00f3rg\u00e3os correicionais. Clique AQUI para acessar o sistema. Orienta\u00e7\u00f5es gerais(acesso, requisitos m\u00ednimos necess\u00e1rios e como obter ajuda) &nbsp; \u00a0Legisla\u00e7\u00e3o: Of\u00edcio Circular\u00a0CGJES 1028268\/2022\u00a0\u2013 (Disponibilizado [&hellip;]<\/p>\n","protected":false},"author":8,"featured_media":0,"parent":0,"menu_order":0,"comment_status":"closed","ping_status":"closed","template":"","meta":{"footnotes":""},"_links":{"self":[{"href":"https:\/\/www.tjes.jus.br\/corregedoria\/wp-json\/wp\/v2\/pages\/33473"}],"collection":[{"href":"https:\/\/www.tjes.jus.br\/corregedoria\/wp-json\/wp\/v2\/pages"}],"about":[{"href":"https:\/\/www.tjes.jus.br\/corregedoria\/wp-json\/wp\/v2\/types\/page"}],"author":[{"embeddable":true,"href":"https:\/\/www.tjes.jus.br\/corregedoria\/wp-json\/wp\/v2\/users\/8"}],"replies":[{"embeddable":true,"href":"https:\/\/www.tjes.jus.br\/corregedoria\/wp-json\/wp\/v2\/comments?post=33473"}],"version-history":[{"count":14,"href":"https:\/\/www.tjes.jus.br\/corregedoria\/wp-json\/wp\/v2\/pages\/33473\/revisions"}],"predecessor-version":[{"id":39180,"href":"https:\/\/www.tjes.jus.br\/corregedoria\/wp-json\/wp\/v2\/pages\/33473\/revisions\/39180"}],"wp:attachment":[{"href":"https:\/\/www.tjes.jus.br\/corregedoria\/wp-json\/wp\/v2\/media?parent=33473"}],"curies":[{"name":"wp","href":"https:\/\/api.w.org\/{rel}","templated":true}]}}