{"id":33533,"date":"2022-02-10T13:52:18","date_gmt":"2022-02-10T15:52:18","guid":{"rendered":"https:\/\/www.tjes.jus.br\/corregedoria\/?page_id=33533"},"modified":"2025-07-07T14:09:55","modified_gmt":"2025-07-07T17:09:55","slug":"resolucoes-tjes-2022","status":"publish","type":"page","link":"https:\/\/www.tjes.jus.br\/corregedoria\/resolucoes-tjes-2022\/","title":{"rendered":"Resolu\u00e7\u00f5es TJES \u2013 2022"},"content":{"rendered":"<p style=\"text-align: justify;\"><a href=\"https:\/\/www.tjes.jus.br\/corregedoria\/2023\/01\/10\/resolucao-no-034-2022-disp-09-01-2023\/\">034 \u2013 PERMUTAR, entre si,\u00a0a Exm\u00aa\u00a0Sr\u00aa. Dr\u00aa ALINE MOREIRA SOUZA TINOCO, Ju\u00edza de Direito Titular da Vara de Fam\u00edlia de S\u00e3o Mateus, e o\u00a0Exm\u00ba\u00a0Sr. Dr. JAIME LIEVORE, Juiz\u00a0de Direito Titular da 1\u00aa Vara de Fam\u00edlia, \u00d3rf\u00e3os e Sucess\u00f5es da Comarca de Colatina\/ES.<strong>\u00a0<\/strong>\u2013 Disp. 09\/01\/2023<\/a><\/p>\n<p style=\"text-align: justify;\"><a href=\"https:\/\/www.tjes.jus.br\/corregedoria\/2023\/01\/10\/resolucao-no-033-2022-disp-09-01-2023\/\">033 \u2013 Altera dispositivo da Resolu\u00e7\u00e3o N\u00ba\u00a0008\/2021, que regulamenta o procedimento de consigna\u00e7\u00e3o em folha de pagamento no \u00e2mbito do Poder Judici\u00e1rio do Estado do Esp\u00edrito Santo. \u2013 Disp. 09\/01\/2023<\/a> &#8211; <span style=\"color: #ff0000;\"><strong>REVOGADO<\/strong><\/span><\/p>\n<p style=\"text-align: justify;\"><a href=\"https:\/\/www.tjes.jus.br\/corregedoria\/2022\/11\/21\/resolucao-no-031-2022-disp-21-11-2022\/\">031 \u2013 <em>Disp\u00f5e sobre o programa de cria\u00e7\u00e3o das Secretarias Judiciais Unificadas no 1\u00ba grau de jurisdi\u00e7\u00e3o, no \u00e2mbito do Poder Judici\u00e1rio do Estado do Esp\u00edrito Santo, definindo as regras gerais de funcionamento, e d\u00e1 outras provid\u00eancias.<\/em><strong>\u00a0<\/strong>\u2013 Disp. 21\/11\/2022<\/a><\/p>\n<p style=\"text-align: justify;\"><a href=\"https:\/\/www.tjes.jus.br\/corregedoria\/2022\/11\/07\/resolucao-no-030-2022-disp-04-11-2022\/\">030 \u2013 Agraciar o eminente Desembargador ADALTO DIAS TRIST\u00c3O com a Comenda \u201cGr\u00e3-Cruz do M\u00e9rito Judici\u00e1rio\u201d, pelo not\u00e1vel desempenho ao longo da sua carreira jur\u00eddica\u00a0e pelo carinho e considera\u00e7\u00e3o especial que tem devotado \u00e0 Magistratura Capixaba.<strong>\u00a0<\/strong>\u2013 Disp. 04\/11\/2022<\/a><\/p>\n<p style=\"text-align: justify;\"><a href=\"https:\/\/www.tjes.jus.br\/corregedoria\/2022\/10\/20\/resolucao-no-029-2022-disp-20-10-2022\/\">029 \u2013 INCLUIR na Comiss\u00e3o para a realiza\u00e7\u00e3o de concurso p\u00fablico para o cargo de JUIZ SUBSTITUTO, constitu\u00edda pela Resolu\u00e7\u00e3o n\u00ba 018\/2022, o Exmo. Subprocurador-Geral de Justi\u00e7a Institucional, Dr. Alexandre Jos\u00e9 Guimar\u00e3es.<strong>\u00a0<\/strong>\u2013 Disp. 20\/10\/2022<\/a><\/p>\n<p style=\"text-align: justify;\"><a href=\"https:\/\/www.tjes.jus.br\/corregedoria\/2022\/10\/20\/resolucao-no-028-2022-disp-20-10-2022\/\">028 \u2013 Agraciar com a Comenda \u201cCruz do M\u00e9rito Judici\u00e1rio\u201d, pelo not\u00e1vel desempenho ao longo da sua carreira jur\u00eddica, e pelo carinho e considera\u00e7\u00e3o especial que tem devotado \u00e0 Magistratura Capixaba, o eminente Desembargador\u00a0RAIMUNDO SIQUEIRA RIBEIRO.<strong>\u00a0<\/strong>\u2013 Disp. 20\/10\/2022<\/a><\/p>\n<p style=\"text-align: justify;\"><a href=\"https:\/\/www.tjes.jus.br\/corregedoria\/2022\/10\/20\/resolucao-no-027-2022-disp-20-10-2022\/\">027 \u2013 Agraciar com a Comenda \u201cCruz do M\u00e9rito Judici\u00e1rio\u201d, pelo not\u00e1vel desempenho ao longo da sua carreira jur\u00eddica, e pelo carinho e considera\u00e7\u00e3o especial que tem devotado \u00e0 Magistratura Capixaba, o eminente Desembargador S\u00c9RGIO RICARDO DE SOUZA.<strong>\u00a0<\/strong>\u2013 Disp. 20\/10\/2022<\/a><\/p>\n<p style=\"text-align: justify;\"><a href=\"https:\/\/www.tjes.jus.br\/corregedoria\/2022\/10\/06\/resolucao-no-026-2022-disp-05-10-2022\/\">026 \u2013\u00a0Altera a resolu\u00e7\u00e3o TJES n\u00ba 074\/2013 que regulamenta a indeniza\u00e7\u00e3o de transporte\/condu\u00e7\u00e3o do Analista Judici\u00e1rio \u2013 Oficial de Justi\u00e7a Avaliador do Poder Judici\u00e1rio do Estado do Esp\u00edrito Santo.<strong>\u00a0<\/strong>\u2013 Disp. 05\/10\/2022<\/a><\/p>\n<p style=\"text-align: justify;\"><a href=\"https:\/\/www.tjes.jus.br\/corregedoria\/2022\/09\/30\/resolucao-no-025-2022-disp-30-09-2022\/\">025 \u2013 Regulamenta o acesso dos Oficiais de Justi\u00e7a aos sistemas RENAJUD, PJE, INFOPEN, e INFOSEG no \u00e2mbito do Poder Judici\u00e1rio do Estado do Espirito Santo.<strong>\u00a0<\/strong>\u2013 Disp. 30\/09\/2022<\/a><\/p>\n<p style=\"text-align: justify;\"><a href=\"https:\/\/www.tjes.jus.br\/corregedoria\/2022\/09\/30\/resolucao-no-024-2022-disp-30-09-2022\/\">024 \u2013 Atribui aos ju\u00edzos criminais espec\u00edficos a compet\u00eancia para, no \u00e2mbito do Poder Judici\u00e1rio do Estado do Esp\u00edrito Santo, processar e julgar crimes por atos de viol\u00eancia pol\u00edtico-partid\u00e1ria, nos termos dos artigos 9\u00ba a 14 do Provimento n\u00ba 135, de 02 de setembro de 2022, da Corregedoria Nacional de Justi\u00e7a. \u2013 Disp. 30\/09\/2022<\/a><\/p>\n<p style=\"text-align: justify;\"><a href=\"https:\/\/www.tjes.jus.br\/corregedoria\/2022\/09\/23\/resolucao-no-023-2022-disp-23-09-2022\/\">023 \u2013 Regulamentar a remunera\u00e7\u00e3o dos Mediadores e Conciliadores Judiciais para atua\u00e7\u00e3o nos Centros Judici\u00e1rios de Solu\u00e7\u00e3o de Conflitos e Cidadania \u2013 CEJUSCs no \u00e2mbito do Poder Judici\u00e1rio do Estado do Esp\u00edrito Santo \u2013 PJES.<strong>\u00a0<\/strong>\u2013 Disp. 23\/09\/2022 &#8211;<\/a><span style=\"color: #ff0000;\"><strong>ALTERADO<\/strong><\/span><\/p>\n<p style=\"text-align: justify;\"><a href=\"https:\/\/www.tjes.jus.br\/corregedoria\/2022\/09\/23\/resolucao-no-022-2022-disp-23-09-2022\/\">022 \u2013 RESOLVE \u00a0o anexo VI da Resolu\u00e7\u00e3o\u00a0 n\u00ba 07\/2016 passa a vigorar conforme a seguir disposto (1323776).\u2013 Disp. 23\/09\/2022<\/a><\/p>\n<p style=\"text-align: justify;\"><a href=\"https:\/\/www.tjes.jus.br\/corregedoria\/2022\/09\/05\/resolucao-no-020-2022-disp-05-09-2022\/\">021 \u2013 Agraciar com a Comenda \u201cGr\u00e3-Cruz do M\u00e9rito Judici\u00e1rio\u201d, pelo not\u00e1vel desempenho ao longo da sua carreira jur\u00eddica, e pelo carinho e considera\u00e7\u00e3o especial que tem devotado \u00e0 Magistratura Capixaba, o eminente Desembargador NEY BATISTA COUTINHO.<strong>\u00a0<\/strong>\u2013 Disp. 05\/09\/2022<\/a><\/p>\n<p style=\"text-align: justify;\"><a href=\"https:\/\/www.tjes.jus.br\/corregedoria\/2022\/09\/02\/resolucao-no-020-2022-disp-29-08-2022\/\">020 \u2013 Resolve fica vedado o agendamento e gozo de f\u00e9rias ou f\u00e9rias pr\u00eamio, concomitantemente, pelos Ju\u00edzes de 1\u00ba Grau e seus respectivos Assessores.<strong>\u00a0<\/strong>\u2013 Disp. 29\/08\/2022<\/a><\/p>\n<p style=\"text-align: justify;\"><a href=\"https:\/\/www.tjes.jus.br\/corregedoria\/2022\/08\/10\/resolucao-no-019-2022-disp-10-08-2022\/\">019 \u2013 Agraciar com a Comenda \u201cGr\u00e3-Cruz do M\u00e9rito Judici\u00e1rio\u201d, pelo not\u00e1vel desempenho ao longo da sua carreira jur\u00eddica, e pelo carinho e considera\u00e7\u00e3o especial que tem devotado \u00e0 Magistratura Capixaba, o eminente Desembargador\u00a0<strong>RONALDO GON\u00c7ALVES DE SOUSA.<\/strong><strong>\u00a0<\/strong>\u2013 Disp. 10\/08\/2022<\/a><\/p>\n<p style=\"text-align: justify;\"><a href=\"https:\/\/www.tjes.jus.br\/corregedoria\/2022\/07\/21\/resolucao-no-018-2022-disp-20-07-2022\/\">018 \u2013 Constituir a Comiss\u00e3o para a realiza\u00e7\u00e3o de concurso p\u00fablico para o cargo de<strong>\u00a0JUIZ SUBSTITUTO\u00a0<\/strong>\u2013 Disp. 20\/07\/2022<\/a>\u00a0&#8211; <span style=\"color: #ff0000;\"><strong>ALTERADO<\/strong><\/span><\/p>\n<p style=\"text-align: justify;\"><a href=\"https:\/\/www.tjes.jus.br\/corregedoria\/2022\/06\/02\/resolucao-no-016-2022-disp-02-06-2022\/\">017 \u2013 Resolve cessar, a pedido, a partir de 27\/05\/2022, os efeitos da Resolu\u00e7\u00e3o N\u00b0 40\/2021, disponibilizada no DJ\u00a0em 17\/12\/2021, que designou o Exm\u00ba Sr. Des. ARTHUR JOS\u00c9 NEIVA DE ALMEIDA para o cargo de SUPERVISOR DAS VARAS C\u00cdVEIS do Egr\u00e9gio Tribunal de Justi\u00e7a. Disp.02\/06\/2022<\/a><\/p>\n<p style=\"text-align: justify;\"><a href=\"https:\/\/www.tjes.jus.br\/corregedoria\/2022\/05\/30\/resolucao-no-016-2022-disp-30-05-2022\/\">016 \u2013 Fica eleita\u00a0a\u00a0Exm\u00aa. Sr\u00aa. Des\u00aa. RACHEL DUR\u00c3O CORREIA LIMA como OUVIDORA DA MULHER, para o Bi\u00eanio 2022\/2023,\u00a0a partir de 13\/05\/2022, nos termos do artigo 14 da Resolu\u00e7\u00e3o TJES n\u00ba 011\/2022, disponibilizada\u00a0no DJe em 13\/05\/2022.\u2013 Disp. 30\/05\/2022<\/a><\/p>\n<p><a href=\"https:\/\/www.tjes.jus.br\/corregedoria\/2022\/05\/27\/resolucao-no-015-2022-disp-13-05-2022\/\">015 \u2013 Resolve que o anexo VI da Resolu\u00e7\u00e3o n\u00ba 07\/2016 passa a vigorar conforme a seguir disposto. \u2013 Disp. 27\/05\/2022<\/a><\/p>\n<p><a href=\"https:\/\/www.tjes.jus.br\/corregedoria\/2022\/05\/27\/resolucao-no-014-2022-disp-13-05-2022\/\">014 \u2013 Resolve que o valor do aux\u00edlio sa\u00fade concedido aos Magistrados do Poder Judici\u00e1rio do Estado do Esp\u00edrito Santo fica limitado ao valor de R$ 16.330,27 (dezesseis mil, trezentos e trinta reais e vinte e sete centavos) anuais, por magistrado. \u2013 Disp. 27\/05\/2022<\/a><\/p>\n<p><a href=\"https:\/\/www.tjes.jus.br\/corregedoria\/2022\/05\/27\/resolucao-no-013-2022-disp-13-05-2022\/\">013 \u2013 Fica estabelecido que o valor do vale-alimenta\u00e7\u00e3o concedido aos servidores do Poder Judici\u00e1rio do Estado do Esp\u00edrito Santo ser\u00e1 de R$ 66,22 (sessenta e seis reais e vinte e dois centavos) por vale.\u2013 Disp. 27\/05\/2022<\/a><\/p>\n<p><a href=\"https:\/\/www.tjes.jus.br\/corregedoria\/2022\/05\/27\/resolucao-no-012-2022-disp-13-05-2022\/\">012 \u2013 Alterar o valor di\u00e1rio da indeniza\u00e7\u00e3o de transporte paga aos Analistas Judici\u00e1rios &#8211; Oficiais de Justi\u00e7a Avaliadores do Poder Judici\u00e1rio do Estado do Esp\u00edrito Santo, fixando-o em R$ 150,54 (cento e cinquenta reais e cinquenta e quatro centavos).\u2013 Disp. 27\/05\/2022<\/a><\/p>\n<p style=\"text-align: justify;\"><a href=\"https:\/\/www.tjes.jus.br\/corregedoria\/2022\/05\/13\/resolucao-no-011-2022-disp-13-05-2022\/\">011 \u2013 Disp\u00f5e sobre as compet\u00eancias da Ouvidoria Judici\u00e1ria e implementa a Ouvidoria da Mulher. \u2013 Disp. 27\/05\/2022<\/a><\/p>\n<p><a href=\"https:\/\/www.tjes.jus.br\/corregedoria\/2022\/05\/10\/resolucao-no-010-2022-disp-10-05-2022\/\">010 \u2013 Institui o Projeto \u201cF\u00d3RUM DIGITAL\u201d no \u00e2mbito do Poder Judici\u00e1rio do Estado do Esp\u00edrito Santo. \u2013 Disp. 10\/05\/2022<\/a><\/p>\n<p><a href=\"https:\/\/www.tjes.jus.br\/corregedoria\/2022\/05\/09\/resolucao-no-009-2022-disp-09-05-2022\/\">009 \u2013 Revoga a Resolu\u00e7\u00e3o n. 001\/2016 e o Art. 2\u00ba e Anexo I, ambos\u00a0da Resolu\u00e7\u00e3o 015\/2018, que versa sobre concess\u00e3o de di\u00e1rias no \u00e2mbito do Poder Judici\u00e1rio do Estado do Esp\u00edrito Santo.\u00a0\u2013 Disp. 09\/05\/2022<\/a><\/p>\n<p style=\"text-align: justify;\"><a href=\"https:\/\/www.tjes.jus.br\/corregedoria\/2022\/05\/05\/resolucao-no-008-2022-disp-03-05-2022\/\">008 \u2013\u00a0Agraciar com a Comenda \u201cCruz do M\u00e9rito Judici\u00e1rio\u201d, pelo not\u00e1vel desempenho ao longo da sua carreira jur\u00eddica, e pelo carinho e considera\u00e7\u00e3o especial que tem devotado \u00e0 Magistratura Capixaba, a\u00a0eminente Desembargadora\u00a0<strong>MARIANNE JUDICE DE MATTOS.<\/strong> \u2013 Disp. 03\/05\/2022<\/a><\/p>\n<p style=\"text-align: justify;\"><a href=\"https:\/\/www.tjes.jus.br\/corregedoria\/2022\/05\/05\/resolucao-no-007-2022-disp-03-05-2022\/\">007 \u2013\u00a0Agraciar com a Comenda \u201cCruz do M\u00e9rito Judici\u00e1rio\u201d, pelo not\u00e1vel desempenho ao longo da sua carreira jur\u00eddica, e pelo carinho e considera\u00e7\u00e3o especial que tem devotado \u00e0 Magistratura Capixaba, o\u00a0eminente Desembargador\u00a0<strong>RAPHAEL AMERICANO C\u00c2MARA.<\/strong>\u00a0<i>\u00a0<\/i>\u2013 Disp. 03\/05\/2022<\/a><\/p>\n<p style=\"text-align: justify;\"><a href=\"https:\/\/www.tjes.jus.br\/corregedoria\/2022\/04\/18\/resolucao-no-006-2022-disp-18-04-2022\/\">006 \u2013 Resolve remover a Exm\u00aa. Sr.\u00aa Des\u00aa. Eliana Junqueira Munh\u00f3s Ferreira, da 3\u00aa C\u00e2mara C\u00edvel para a 4\u00aa C\u00e2mara C\u00edvel, nos termos do artigo 20 do Regimento Interno deste e. Tribunal de Justi\u00e7a, a partir da data da publica\u00e7\u00e3o.<i>\u00a0<\/i>\u2013 Disp. 18\/04\/2022<\/a><\/p>\n<p style=\"text-align: justify;\"><a href=\"https:\/\/www.tjes.jus.br\/corregedoria\/2024\/05\/15\/resolucao-no-005-2022-disp-13-04-2022\/\">005 \u2013 Altera dispositivo da Resolu\u00e7\u00e3o n\u00ba. 008\/2021, que regulamenta o procedimento de consigna\u00e7\u00e3o em folha de pagamento no \u00e2mbito do Poder Judici\u00e1rio do Estado do Esp\u00edrito Santo.<i>\u00a0<\/i>\u2013 Disp. 13\/04\/2022\u00a0<\/a> <span style=\"color: #ff0000;\"><strong>REVOGADO<\/strong><\/span><\/p>\n<p style=\"text-align: justify;\"><a href=\"https:\/\/www.tjes.jus.br\/corregedoria\/2022\/04\/01\/resolucao-no-004-2022-disp-01-04-2022\/\">004 \u2013 Regulamenta\u00a0o pagamento da gratifica\u00e7\u00e3o por acumula\u00e7\u00e3o de jurisdi\u00e7\u00e3o dos membros de primeiro grau do Poder Judici\u00e1rio do Estado do Esp\u00edrito Santo.<i>\u00a0<\/i>\u2013 Disp. 01\/04\/2022<\/a><\/p>\n<p style=\"text-align: justify;\"><a href=\"https:\/\/www.tjes.jus.br\/corregedoria\/2022\/04\/01\/resolucao-no-003-2022-disp-01-04-2022\/\">003 \u2013 Institui o Programa de Resid\u00eancia Jur\u00eddica no Poder Judici\u00e1rio do Estado do Esp\u00edrito Santo.<i>\u00a0<\/i>\u2013 Disp. 01\/04\/2022<\/a>\u00a0&#8211; <span style=\"color: #ff0000;\"><strong>ALTERADO &#8211; REVOGADO<\/strong><\/span><\/p>\n<p style=\"text-align: justify;\"><a href=\"https:\/\/www.tjes.jus.br\/corregedoria\/2022\/03\/22\/resolucao-no-002-2022-disp-22-03-2022\/\">002 \u2013 Agraciar com a Comenda \u201cGr\u00e3-Cruz do M\u00e9rito Judici\u00e1rio\u201d, pelo not\u00e1vel desempenho ao longo da sua carreira jur\u00eddica, e pelo carinho e considera\u00e7\u00e3o especial que tem devotado \u00e0 Magistratura Capixaba, a\u00a0eminente DesembargadoraELISABETH LORDES<i>.\u00a0<\/i>\u2013 Disp. 22\/03\/2022<\/a><\/p>\n<p style=\"text-align: justify;\"><a href=\"https:\/\/www.tjes.jus.br\/corregedoria\/2022\/02\/10\/resolucao-no-001-2022-disp-08-02-2022\/\">001 \u2013 Revogar a Resolu\u00e7\u00e3o n. 001\/1999<i>.\u00a0<\/i>\u2013 Disp. 08\/02\/2022<\/a><\/p>\n","protected":false},"excerpt":{"rendered":"<p>034 \u2013 PERMUTAR, entre si,\u00a0a Exm\u00aa\u00a0Sr\u00aa. Dr\u00aa ALINE MOREIRA SOUZA TINOCO, Ju\u00edza de Direito Titular da Vara de Fam\u00edlia de S\u00e3o Mateus, e o\u00a0Exm\u00ba\u00a0Sr. Dr. JAIME LIEVORE, Juiz\u00a0de Direito Titular da 1\u00aa Vara de Fam\u00edlia, \u00d3rf\u00e3os e Sucess\u00f5es da Comarca de Colatina\/ES.\u00a0\u2013 Disp. 09\/01\/2023 033 \u2013 Altera dispositivo da Resolu\u00e7\u00e3o N\u00ba\u00a0008\/2021, que regulamenta o procedimento [&hellip;]<\/p>\n","protected":false},"author":8,"featured_media":0,"parent":0,"menu_order":0,"comment_status":"closed","ping_status":"closed","template":"","meta":{"footnotes":""},"_links":{"self":[{"href":"https:\/\/www.tjes.jus.br\/corregedoria\/wp-json\/wp\/v2\/pages\/33533"}],"collection":[{"href":"https:\/\/www.tjes.jus.br\/corregedoria\/wp-json\/wp\/v2\/pages"}],"about":[{"href":"https:\/\/www.tjes.jus.br\/corregedoria\/wp-json\/wp\/v2\/types\/page"}],"author":[{"embeddable":true,"href":"https:\/\/www.tjes.jus.br\/corregedoria\/wp-json\/wp\/v2\/users\/8"}],"replies":[{"embeddable":true,"href":"https:\/\/www.tjes.jus.br\/corregedoria\/wp-json\/wp\/v2\/comments?post=33533"}],"version-history":[{"count":35,"href":"https:\/\/www.tjes.jus.br\/corregedoria\/wp-json\/wp\/v2\/pages\/33533\/revisions"}],"predecessor-version":[{"id":44151,"href":"https:\/\/www.tjes.jus.br\/corregedoria\/wp-json\/wp\/v2\/pages\/33533\/revisions\/44151"}],"wp:attachment":[{"href":"https:\/\/www.tjes.jus.br\/corregedoria\/wp-json\/wp\/v2\/media?parent=33533"}],"curies":[{"name":"wp","href":"https:\/\/api.w.org\/{rel}","templated":true}]}}