{"id":337,"date":"2016-06-01T13:23:25","date_gmt":"2016-06-01T16:23:25","guid":{"rendered":"http:\/\/10.99.253.4\/corregedoria\/?page_id=337"},"modified":"2016-06-17T10:11:04","modified_gmt":"2016-06-17T13:11:04","slug":"atribuicoes-2","status":"publish","type":"page","link":"https:\/\/www.tjes.jus.br\/corregedoria\/ceja\/atribuicoes-2\/","title":{"rendered":"Atribui\u00e7\u00f5es"},"content":{"rendered":"<p><img loading=\"lazy\" decoding=\"async\" class=\"aligncenter wp-image-338 size-full\" src=\"https:\/\/www.tjes.jus.br\/corregedoria\/wp-content\/uploads\/2016\/06\/b_Atribuicoes.jpg\" alt=\"b_Atribuicoes\" width=\"750\" height=\"97\" srcset=\"https:\/\/www.tjes.jus.br\/corregedoria\/wp-content\/uploads\/2016\/06\/b_Atribuicoes.jpg 750w, https:\/\/www.tjes.jus.br\/corregedoria\/wp-content\/uploads\/2016\/06\/b_Atribuicoes-300x39.jpg 300w\" sizes=\"(max-width: 750px) 100vw, 750px\" \/><\/p>\n<p>&nbsp;<\/p>\n<p><strong>COMPETE \u00c0 CEJA\/ES:<\/strong><\/p>\n<p>I &#8211; auxiliar os ju\u00edzos com compet\u00eancia na mat\u00e9ria da inf\u00e2ncia e da juventude nos procedimentos relativos \u00e0 habilita\u00e7\u00e3o de postulantes \u00e0 ado\u00e7\u00e3o, bem como nos relativos \u00e0 ado\u00e7\u00e3o nacional e internacional de crian\u00e7as e adolescentes;<\/p>\n<p>II &#8211; processar e julgar os pedidos de habilita\u00e7\u00e3o \u00e0 ado\u00e7\u00e3o formulados por pretendentes estrangeiros ou brasileiros residentes ou domiciliados fora do Pa\u00eds;<\/p>\n<p>III &#8211; indicar aos pretendentes estrangeiros habilitados, as crian\u00e7as e adolescentes cadastrados em condi\u00e7\u00e3o de serem adotados, quando n\u00e3o houver pretendentes nacionais;<\/p>\n<p>IV \u2013 manter interc\u00e2mbio com comiss\u00f5es similares de outros estados, visando \u00e0 consecu\u00e7\u00e3o de seus objetivos;<\/p>\n<p>V &#8211; administrar o Sistema de Informa\u00e7\u00e3o e Ger\u00eancia da Ado\u00e7\u00e3o e Acolhimento no Estado do Esp\u00edrito Santo, SIGA\/ES, contendo os cadastros estaduais de crian\u00e7as e adolescentes acolhidos, em condi\u00e7\u00f5es ou n\u00e3o de serem adotados, de postulantes habilitados \u00e0 ado\u00e7\u00e3o estadual, nacional e internacional e de institui\u00e7\u00f5es e fam\u00edlias acolhedoras, gerados a partir dos dados registrados pelos respectivos Ju\u00edzos da Inf\u00e2ncia e Juventude de todo estado, bem como pela CEJA\/ES, conforme determina o art. 50, \u00a7 9\u00ba do ECRIAD;<\/p>\n<p>VI \u2013 zelar pela correta e tempestiva alimenta\u00e7\u00e3o do Cadastro Nacional de Ado\u00e7\u00e3o (CNA) e do Cadastro Nacional de Crian\u00e7as Acolhidas (CNCA), ambos do Conselho Nacional de Justi\u00e7a (CNJ), conforme determina o art. 50, \u00a7 9\u00ba do ECRIAD;<\/p>\n<p>VII \u2013 cadastrar, fiscalizar e orientar a atua\u00e7\u00e3o, no Estado do Esp\u00edrito Santo, dos organismos internacionais credenciados no pa\u00eds de origem e pela Autoridade Central Administrativa Federal, para promo\u00e7\u00e3o de ado\u00e7\u00f5es internacionais;<\/p>\n<p>VIII \u2013 acompanhar os procedimentos p\u00f3s-adotivos no exterior, atrav\u00e9s dos relat\u00f3rios encaminhados pela Autoridade Central do pa\u00eds de acolhida e pelos organismos internacionais que atuam nas ado\u00e7\u00f5es no Esp\u00edrito Santo;<\/p>\n<p>IX \u2013 expedir o \u201cAcordo de Continuidade do Procedimento de Ado\u00e7\u00e3o\u201d e o \u201cCertificado de Conformidade de Ado\u00e7\u00e3o Internacional\u201d.<\/p>\n","protected":false},"excerpt":{"rendered":"<p>&nbsp; COMPETE \u00c0 CEJA\/ES: I &#8211; auxiliar os ju\u00edzos com compet\u00eancia na mat\u00e9ria da inf\u00e2ncia e da juventude nos procedimentos relativos \u00e0 habilita\u00e7\u00e3o de postulantes \u00e0 ado\u00e7\u00e3o, bem como nos relativos \u00e0 ado\u00e7\u00e3o nacional e internacional de crian\u00e7as e adolescentes; II &#8211; processar e julgar os pedidos de habilita\u00e7\u00e3o \u00e0 ado\u00e7\u00e3o formulados por pretendentes estrangeiros [&hellip;]<\/p>\n","protected":false},"author":1,"featured_media":0,"parent":311,"menu_order":0,"comment_status":"closed","ping_status":"closed","template":"","meta":{"footnotes":""},"_links":{"self":[{"href":"https:\/\/www.tjes.jus.br\/corregedoria\/wp-json\/wp\/v2\/pages\/337"}],"collection":[{"href":"https:\/\/www.tjes.jus.br\/corregedoria\/wp-json\/wp\/v2\/pages"}],"about":[{"href":"https:\/\/www.tjes.jus.br\/corregedoria\/wp-json\/wp\/v2\/types\/page"}],"author":[{"embeddable":true,"href":"https:\/\/www.tjes.jus.br\/corregedoria\/wp-json\/wp\/v2\/users\/1"}],"replies":[{"embeddable":true,"href":"https:\/\/www.tjes.jus.br\/corregedoria\/wp-json\/wp\/v2\/comments?post=337"}],"version-history":[{"count":4,"href":"https:\/\/www.tjes.jus.br\/corregedoria\/wp-json\/wp\/v2\/pages\/337\/revisions"}],"predecessor-version":[{"id":2326,"href":"https:\/\/www.tjes.jus.br\/corregedoria\/wp-json\/wp\/v2\/pages\/337\/revisions\/2326"}],"up":[{"embeddable":true,"href":"https:\/\/www.tjes.jus.br\/corregedoria\/wp-json\/wp\/v2\/pages\/311"}],"wp:attachment":[{"href":"https:\/\/www.tjes.jus.br\/corregedoria\/wp-json\/wp\/v2\/media?parent=337"}],"curies":[{"name":"wp","href":"https:\/\/api.w.org\/{rel}","templated":true}]}}