{"id":33805,"date":"2022-04-18T12:57:38","date_gmt":"2022-04-18T15:57:38","guid":{"rendered":"https:\/\/www.tjes.jus.br\/corregedoria\/?page_id=33805"},"modified":"2022-04-18T12:59:25","modified_gmt":"2022-04-18T15:59:25","slug":"modelo-de-relatorio-de-inspecao-extrajudicial-2019","status":"publish","type":"page","link":"https:\/\/www.tjes.jus.br\/corregedoria\/modelo-de-relatorio-de-inspecao-extrajudicial-2019\/","title":{"rendered":"Modelo de Relat\u00f3rio de Inspe\u00e7\u00e3o Extrajudicial &#8211; 2019\u00a0"},"content":{"rendered":"<h3 style=\"text-align: justify; padding-left: 30px;\">Modelo de Relat\u00f3rio de Inspe\u00e7\u00e3o Extrajudicial<strong> (<\/strong><strong><span style=\"color: #ff0000;\">Utilizado at\u00e9 o ano de 2019<\/span><\/strong><strong>)\u00a0<\/strong><\/h3>\n<div>\n<div style=\"padding-left: 30px; text-align: justify;\"><a href=\"https:\/\/www.tjes.jus.br\/corregedoria\/2019\/02\/28\/oficio-circular-n-229-2019-disp-28-02-2019\/\"><strong>Of\u00edcio Circular n\u00ba 229\/2019\u00a0<\/strong><\/a><\/div>\n<div style=\"padding-left: 30px; text-align: justify;\"><strong><a href=\"https:\/\/www.tjes.jus.br\/corregedoria\/2016\/08\/16\/provimento-no-292015-disp-09032015\/\" target=\"_blank\" rel=\"noopener\">Provimento n\u00ba 29\/2015<\/a> (Publicado em 09\/03\/2015):<\/strong> Regulamenta a inspe\u00e7\u00e3o de todas as unidades do servi\u00e7o notarial e de registro sujeitas \u00e0 fiscaliza\u00e7\u00e3o do Poder Judici\u00e1rio do Estado do Esp\u00edrito Santo, para os fins do art. 37 da <a href=\"http:\/\/www.planalto.gov.br\/ccivil_03\/LEIS\/L8935.htm\">Lei n\u00ba 8.935\/94<\/a> (Lei dos Not\u00e1rios e Registradores), e do art. 59, VI, &#8220;a&#8221;, da Lei Complementar Estadual n\u00ba 234\/2002 (<a href=\"https:\/\/www.tjes.jus.br\/corregedoria\/index.php\/legislacao\/codigo-de-organizacao-judiciaria\/\">C\u00f3digo de Organiza\u00e7\u00e3o Judici\u00e1ria<\/a>).<\/div>\n<div style=\"padding-left: 60px;\"><a href=\"https:\/\/www.tjes.jus.br\/corregedoria\/wp-content\/uploads\/2019\/07\/COMUM-A-TODAS-AS-ATRIBUICOES-4.pdf\"><strong>Modelo 001<\/strong><\/a> &#8211; Comum as todas as atribui\u00e7\u00f5es (Utilizado at\u00e9 o ano de 2019)<\/div>\n<div style=\"padding-left: 60px;\"><strong><a href=\"https:\/\/www.tjes.jus.br\/corregedoria\/wp-content\/uploads\/2019\/03\/REGISTRO-GERAL-DE-IM\u00d3VEIS-3.pdf\">Modelo 002<\/a>\u00a0<\/strong>&#8211; Registro de im\u00f3veis\u00a0(Utilizado at\u00e9 o ano de 2019)<\/div>\n<div style=\"padding-left: 60px;\"><a href=\"https:\/\/www.tjes.jus.br\/corregedoria\/wp-content\/uploads\/2019\/03\/TABELIONATO-DE-PROTESTO-3.pdf\"><strong>Modelo 003<\/strong><\/a>&#8211; Tabelionato de protesto de t\u00edtulos\u00a0(Utilizado at\u00e9 o ano de 2019)<\/div>\n<div style=\"padding-left: 60px;\"><strong><a href=\"https:\/\/www.tjes.jus.br\/corregedoria\/wp-content\/uploads\/2019\/03\/REGISTRO-DE-T\u00cdTULOS-E-DOCUMENTOS-E-CIVIS-DAS-PESSOAS-JUR\u00cdD-3.pdf\">Modelo 004<\/a>\u00a0<\/strong>&#8211; Registro de t\u00edtulos e documentos e civis das pessoas jur\u00eddicas\u00a0(Utilizado at\u00e9 o ano de 2019)<\/div>\n<div style=\"padding-left: 60px;\"><strong><a href=\"https:\/\/www.tjes.jus.br\/corregedoria\/wp-content\/uploads\/2019\/03\/REGISTRO-CIVIL-DAS-PESSOAS-NATURAIS-3.pdf\">Modelo 005<\/a>\u00a0<\/strong>&#8211; Registro civil das pessoas naturais\u00a0(Utilizado at\u00e9 o ano de 2019)<\/div>\n<div style=\"padding-left: 60px;\"><strong><a href=\"https:\/\/www.tjes.jus.br\/corregedoria\/wp-content\/uploads\/2019\/03\/TABELIONATO-DE-NOTAS-3.pdf\">Modelo 006<\/a>\u00a0<\/strong>&#8211; Tabelionato de notas\u00a0(Utilizado at\u00e9 o ano de 2019)<\/div>\n<\/div>\n","protected":false},"excerpt":{"rendered":"<p>Modelo de Relat\u00f3rio de Inspe\u00e7\u00e3o Extrajudicial (Utilizado at\u00e9 o ano de 2019)\u00a0 Of\u00edcio Circular n\u00ba 229\/2019\u00a0 Provimento n\u00ba 29\/2015 (Publicado em 09\/03\/2015): Regulamenta a inspe\u00e7\u00e3o de todas as unidades do servi\u00e7o notarial e de registro sujeitas \u00e0 fiscaliza\u00e7\u00e3o do Poder Judici\u00e1rio do Estado do Esp\u00edrito Santo, para os fins do art. 37 da Lei n\u00ba [&hellip;]<\/p>\n","protected":false},"author":8,"featured_media":0,"parent":0,"menu_order":0,"comment_status":"closed","ping_status":"closed","template":"","meta":{"footnotes":""},"_links":{"self":[{"href":"https:\/\/www.tjes.jus.br\/corregedoria\/wp-json\/wp\/v2\/pages\/33805"}],"collection":[{"href":"https:\/\/www.tjes.jus.br\/corregedoria\/wp-json\/wp\/v2\/pages"}],"about":[{"href":"https:\/\/www.tjes.jus.br\/corregedoria\/wp-json\/wp\/v2\/types\/page"}],"author":[{"embeddable":true,"href":"https:\/\/www.tjes.jus.br\/corregedoria\/wp-json\/wp\/v2\/users\/8"}],"replies":[{"embeddable":true,"href":"https:\/\/www.tjes.jus.br\/corregedoria\/wp-json\/wp\/v2\/comments?post=33805"}],"version-history":[{"count":1,"href":"https:\/\/www.tjes.jus.br\/corregedoria\/wp-json\/wp\/v2\/pages\/33805\/revisions"}],"predecessor-version":[{"id":33806,"href":"https:\/\/www.tjes.jus.br\/corregedoria\/wp-json\/wp\/v2\/pages\/33805\/revisions\/33806"}],"wp:attachment":[{"href":"https:\/\/www.tjes.jus.br\/corregedoria\/wp-json\/wp\/v2\/media?parent=33805"}],"curies":[{"name":"wp","href":"https:\/\/api.w.org\/{rel}","templated":true}]}}