{"id":33807,"date":"2022-04-18T12:59:57","date_gmt":"2022-04-18T15:59:57","guid":{"rendered":"https:\/\/www.tjes.jus.br\/corregedoria\/?page_id=33807"},"modified":"2022-04-18T13:00:33","modified_gmt":"2022-04-18T16:00:33","slug":"modelo-de-relatorio-de-inspecao-extrajudicial-2021","status":"publish","type":"page","link":"https:\/\/www.tjes.jus.br\/corregedoria\/modelo-de-relatorio-de-inspecao-extrajudicial-2021\/","title":{"rendered":"Modelo de Relat\u00f3rio de Inspe\u00e7\u00e3o Extrajudicial &#8211; 2021"},"content":{"rendered":"<h3 style=\"text-align: justify; padding-left: 30px;\">Modelo de Relat\u00f3rio de Inspe\u00e7\u00e3o Extrajudicial<strong> (<\/strong><strong><span style=\"color: #ff0000;\">Utilizado at\u00e9 o ano de 2021<\/span><\/strong><strong>)\u00a0<\/strong><\/h3>\n<div>\n<div style=\"padding-left: 30px; text-align: justify;\"><a href=\"https:\/\/www.tjes.jus.br\/corregedoria\/2020\/05\/06\/oficio-circular-no-13-2020-disp-06-05-2020\/\"><strong>Of\u00edcio Circular n\u00ba 13\/2020\u00a0<\/strong><\/a><\/div>\n<div style=\"padding-left: 30px; text-align: justify;\"><a href=\"https:\/\/www.tjes.jus.br\/corregedoria\/wp-content\/uploads\/2021\/06\/CN-EXTRAJUDICIAL-7.6.2021-Vers%C3%A3o-2.9.3-altera%C3%A7%C3%B5es-ate-Provimento-054-2021-2.pdf\"><strong>C\u00f3digo de Normas &#8211; Foro Extrajudicial &#8211; Tomo II<\/strong><\/a><\/div>\n<div style=\"padding-left: 60px;\"><a href=\"https:\/\/www.tjes.jus.br\/corregedoria\/wp-content\/uploads\/2021\/04\/COMUM-A-TODAS-AS-ATRIBUICOES-6.0-PROV-CGJES-45-2021.pdf\"><strong>Modelo 001<\/strong><\/a> &#8211; Comum as todas as atribui\u00e7\u00f5es (Utilizado at\u00e9 o ano de 2021)<\/div>\n<div style=\"padding-left: 60px;\"><strong><a href=\"https:\/\/www.tjes.jus.br\/corregedoria\/wp-content\/uploads\/2021\/10\/Modelo-002-Registro-Geral-de-Im\u00f3veis-Prov.-115.pdf\">Modelo 002<\/a>\u00a0<\/strong>&#8211; Registro de im\u00f3veis\u00a0(Utilizado at\u00e9 o ano de 2021)<\/div>\n<div style=\"padding-left: 60px;\"><a href=\"https:\/\/www.tjes.jus.br\/corregedoria\/wp-content\/uploads\/2020\/05\/TABELIONATO-DE-PROTESTO-4.0-PROV-88.pdf\"><strong>Modelo 003<\/strong><\/a> &#8211; Tabelionato de protesto de t\u00edtulos\u00a0(Utilizado at\u00e9 o ano de 2021)<\/div>\n<div style=\"padding-left: 60px;\"><strong><a href=\"https:\/\/www.tjes.jus.br\/corregedoria\/wp-content\/uploads\/2020\/05\/RDT-PJ-3.0-PROV-88.pdf\">Modelo 004<\/a>\u00a0<\/strong>&#8211; Registro de t\u00edtulos e documentos e civis das pessoas jur\u00eddicas\u00a0(Utilizado at\u00e9 o ano de 2021)<\/div>\n<div style=\"padding-left: 60px;\"><a href=\"https:\/\/www.tjes.jus.br\/corregedoria\/wp-content\/uploads\/2020\/05\/REGISTRO-CIVIL-DAS-PESSOAS-NATURAIS-3.0-COM-REMISS\u00d5ES-AO-CN-2017.pdf\"><strong>Modelo 005\u00a0<\/strong><\/a>&#8211; Registro civil das pessoas naturais\u00a0(Utilizado at\u00e9 o ano de 2021)<\/div>\n<div style=\"padding-left: 60px;\"><strong><a href=\"https:\/\/www.tjes.jus.br\/corregedoria\/wp-content\/uploads\/2020\/05\/TABELIONATO-DE-NOTAS-4.0-PROV-88.pdf\">Modelo 006<\/a>\u00a0<\/strong>&#8211; Tabelionato de notas\u00a0(Utilizado at\u00e9 o ano de 2021)<\/div>\n<\/div>\n","protected":false},"excerpt":{"rendered":"<p>Modelo de Relat\u00f3rio de Inspe\u00e7\u00e3o Extrajudicial (Utilizado at\u00e9 o ano de 2021)\u00a0 Of\u00edcio Circular n\u00ba 13\/2020\u00a0 C\u00f3digo de Normas &#8211; Foro Extrajudicial &#8211; Tomo II Modelo 001 &#8211; Comum as todas as atribui\u00e7\u00f5es (Utilizado at\u00e9 o ano de 2021) Modelo 002\u00a0&#8211; Registro de im\u00f3veis\u00a0(Utilizado at\u00e9 o ano de 2021) Modelo 003 &#8211; Tabelionato de protesto [&hellip;]<\/p>\n","protected":false},"author":8,"featured_media":0,"parent":0,"menu_order":0,"comment_status":"closed","ping_status":"closed","template":"","meta":{"footnotes":""},"_links":{"self":[{"href":"https:\/\/www.tjes.jus.br\/corregedoria\/wp-json\/wp\/v2\/pages\/33807"}],"collection":[{"href":"https:\/\/www.tjes.jus.br\/corregedoria\/wp-json\/wp\/v2\/pages"}],"about":[{"href":"https:\/\/www.tjes.jus.br\/corregedoria\/wp-json\/wp\/v2\/types\/page"}],"author":[{"embeddable":true,"href":"https:\/\/www.tjes.jus.br\/corregedoria\/wp-json\/wp\/v2\/users\/8"}],"replies":[{"embeddable":true,"href":"https:\/\/www.tjes.jus.br\/corregedoria\/wp-json\/wp\/v2\/comments?post=33807"}],"version-history":[{"count":2,"href":"https:\/\/www.tjes.jus.br\/corregedoria\/wp-json\/wp\/v2\/pages\/33807\/revisions"}],"predecessor-version":[{"id":34525,"href":"https:\/\/www.tjes.jus.br\/corregedoria\/wp-json\/wp\/v2\/pages\/33807\/revisions\/34525"}],"wp:attachment":[{"href":"https:\/\/www.tjes.jus.br\/corregedoria\/wp-json\/wp\/v2\/media?parent=33807"}],"curies":[{"name":"wp","href":"https:\/\/api.w.org\/{rel}","templated":true}]}}