{"id":34230,"date":"2022-06-10T17:11:05","date_gmt":"2022-06-10T20:11:05","guid":{"rendered":"https:\/\/www.tjes.jus.br\/corregedoria\/?page_id=34230"},"modified":"2026-02-13T16:52:15","modified_gmt":"2026-02-13T19:52:15","slug":"transparencia","status":"publish","type":"page","link":"https:\/\/www.tjes.jus.br\/corregedoria\/transparencia\/","title":{"rendered":"Transpar\u00eancia"},"content":{"rendered":"<p style=\"text-align: justify;\">Relat\u00f3rio mensal das Serventias extrajudiciais com o valor obtido com emolumentos arrecadados, outras receitas, inclusive eventual remunera\u00e7\u00e3o percebida pelo respons\u00e1vel pela serventia e o valor total das despesas (Resolu\u00e7\u00e3o N\u00ba 215 de 16\/12\/2015, Art. 6<sup>o<\/sup>,\u00a0\u00a7 3<sup>o<\/sup>).<\/p>\n<p><a href=\"https:\/\/www.tjes.jus.br\/corregedoria\/relatorio-mensal-das-serventias-extrajudiciais\/\">Relat\u00f3rio Mensal das Serventias Extrajudiciais<\/a><\/p>\n","protected":false},"excerpt":{"rendered":"<p>Relat\u00f3rio mensal das Serventias extrajudiciais com o valor obtido com emolumentos arrecadados, outras receitas, inclusive eventual remunera\u00e7\u00e3o percebida pelo respons\u00e1vel pela serventia e o valor total das despesas (Resolu\u00e7\u00e3o N\u00ba 215 de 16\/12\/2015, Art. 6o,\u00a0\u00a7 3o). Relat\u00f3rio Mensal das Serventias Extrajudiciais<\/p>\n","protected":false},"author":8,"featured_media":0,"parent":0,"menu_order":0,"comment_status":"closed","ping_status":"closed","template":"","meta":{"footnotes":""},"_links":{"self":[{"href":"https:\/\/www.tjes.jus.br\/corregedoria\/wp-json\/wp\/v2\/pages\/34230"}],"collection":[{"href":"https:\/\/www.tjes.jus.br\/corregedoria\/wp-json\/wp\/v2\/pages"}],"about":[{"href":"https:\/\/www.tjes.jus.br\/corregedoria\/wp-json\/wp\/v2\/types\/page"}],"author":[{"embeddable":true,"href":"https:\/\/www.tjes.jus.br\/corregedoria\/wp-json\/wp\/v2\/users\/8"}],"replies":[{"embeddable":true,"href":"https:\/\/www.tjes.jus.br\/corregedoria\/wp-json\/wp\/v2\/comments?post=34230"}],"version-history":[{"count":4,"href":"https:\/\/www.tjes.jus.br\/corregedoria\/wp-json\/wp\/v2\/pages\/34230\/revisions"}],"predecessor-version":[{"id":46368,"href":"https:\/\/www.tjes.jus.br\/corregedoria\/wp-json\/wp\/v2\/pages\/34230\/revisions\/46368"}],"wp:attachment":[{"href":"https:\/\/www.tjes.jus.br\/corregedoria\/wp-json\/wp\/v2\/media?parent=34230"}],"curies":[{"name":"wp","href":"https:\/\/api.w.org\/{rel}","templated":true}]}}