{"id":34519,"date":"2022-09-23T16:48:08","date_gmt":"2022-09-23T19:48:08","guid":{"rendered":"https:\/\/www.tjes.jus.br\/corregedoria\/?page_id=34519"},"modified":"2022-09-23T16:48:08","modified_gmt":"2022-09-23T19:48:08","slug":"modelo-de-relatorio-de-inspecao-extrajudicial-utilizado-ate-23-09-2022","status":"publish","type":"page","link":"https:\/\/www.tjes.jus.br\/corregedoria\/modelo-de-relatorio-de-inspecao-extrajudicial-utilizado-ate-23-09-2022\/","title":{"rendered":"Modelo de Relat\u00f3rio de Inspe\u00e7\u00e3o Extrajudicial &#8211; (Utilizado at\u00e9 23\/09\/2022)"},"content":{"rendered":"<div>\n<h3>\u00a0 \u00a0 \u00a0 \u00a0 \u00a0 \u00a0Modelo de Relat\u00f3rio de Inspe\u00e7\u00e3o Extrajudicial<strong>\u00a0(<\/strong><span style=\"color: #ff0000;\"><strong>Utilizado at\u00e9 o dia 23\/09\/2022<\/strong><\/span><strong>)\u00a0<\/strong><\/h3>\n<p><strong><a href=\"https:\/\/www.tjes.jus.br\/corregedoria\/wp-content\/uploads\/2021\/12\/of\u00edcio_circular_0965548-2021.pdf\">\u00a0 \u00a0 \u00a0<\/a><\/strong><\/p>\n<div style=\"padding-left: 30px; text-align: justify;\"><a href=\"https:\/\/www.tjes.jus.br\/corregedoria\/wp-content\/uploads\/2021\/12\/of\u00edcio_circular_0965548-2021.pdf\"><strong>Of\u00edcio Circular n\u00ba 0965548\/2021\u00a0<\/strong><\/a><\/div>\n<div style=\"padding-left: 30px; text-align: justify;\"><a href=\"https:\/\/www.tjes.jus.br\/corregedoria\/wp-content\/uploads\/2021\/06\/CN-EXTRAJUDICIAL-7.6.2021-Vers%C3%A3o-2.9.3-altera%C3%A7%C3%B5es-ate-Provimento-054-2021-2.pdf\"><strong>C\u00f3digo de Normas &#8211; Foro Extrajudicial &#8211; Tomo II<\/strong><\/a><\/div>\n<p>&nbsp;<\/p>\n<\/div>\n<div style=\"padding-left: 60px;\"><a href=\"https:\/\/www.tjes.jus.br\/corregedoria\/wp-content\/uploads\/2022\/08\/Modelo-001-Comum-a-Todas-as-Atribui\u00e7\u00f5es.pdf\"><strong>Modelo 001<\/strong><\/a> &#8211; Comum as todas as atribui\u00e7\u00f5es ( Utilizado at\u00e9 o dia\u00a023\/09\/2022)<\/div>\n<div style=\"padding-left: 60px;\"><a href=\"https:\/\/www.tjes.jus.br\/corregedoria\/wp-content\/uploads\/2022\/04\/Modelo-002-Registro-Geral-de-Im\u00f3veis-29-04-22.pdf\"><strong>Modelo 002<\/strong><\/a> &#8211; Registro de im\u00f3veis\u00a0(Utilizado at\u00e9 o dia\u00a023\/09\/2022)<\/div>\n<div style=\"padding-left: 60px;\"><a href=\"https:\/\/www.tjes.jus.br\/corregedoria\/wp-content\/uploads\/2022\/04\/Modelo-003-Tabelionato-de-Protesto.pdf\"><strong>Modelo 003<\/strong><\/a> &#8211; Tabelionato de protesto de t\u00edtulos\u00a0(Utilizado at\u00e9 o dia\u00a023\/09\/2022)<\/div>\n<div style=\"padding-left: 60px;\"><strong><a href=\"https:\/\/www.tjes.jus.br\/corregedoria\/wp-content\/uploads\/2022\/04\/Modelo-004-RDTPJ.pdf\">Modelo 004<\/a>\u00a0<\/strong>&#8211; Registro de t\u00edtulos e documentos e civis das pessoas jur\u00eddicas\u00a0(Utilizado at\u00e9 o dia\u00a023\/09\/2022)<\/div>\n<div style=\"padding-left: 60px;\"><a href=\"https:\/\/www.tjes.jus.br\/corregedoria\/wp-content\/uploads\/2021\/12\/REGISTRO-CIVIL-DAS-PESSOAS-NATURAIS-4.0.pdf\"><strong>Modelo 005<\/strong><\/a> &#8211; Registro civil das pessoas naturais\u00a0(Utilizado at\u00e9 o dia\u00a023\/09\/2022)<\/div>\n<div style=\"padding-left: 60px;\"><a href=\"https:\/\/www.tjes.jus.br\/corregedoria\/wp-content\/uploads\/2022\/04\/Modelo-006-Tabelionato-de-Notas.pdf\"><strong>Modelo 006<\/strong><\/a> &#8211; Tabelionato de notas\u00a0(Utilizado at\u00e9 o dia\u00a023\/09\/2022)<\/div>\n","protected":false},"excerpt":{"rendered":"<p>\u00a0 \u00a0 \u00a0 \u00a0 \u00a0 \u00a0Modelo de Relat\u00f3rio de Inspe\u00e7\u00e3o Extrajudicial\u00a0(Utilizado at\u00e9 o dia 23\/09\/2022)\u00a0 \u00a0 \u00a0 \u00a0 Of\u00edcio Circular n\u00ba 0965548\/2021\u00a0 C\u00f3digo de Normas &#8211; Foro Extrajudicial &#8211; Tomo II &nbsp; Modelo 001 &#8211; Comum as todas as atribui\u00e7\u00f5es ( Utilizado at\u00e9 o dia\u00a023\/09\/2022) Modelo 002 &#8211; Registro de im\u00f3veis\u00a0(Utilizado at\u00e9 o dia\u00a023\/09\/2022) Modelo [&hellip;]<\/p>\n","protected":false},"author":16,"featured_media":0,"parent":0,"menu_order":0,"comment_status":"closed","ping_status":"closed","template":"","meta":{"footnotes":""},"_links":{"self":[{"href":"https:\/\/www.tjes.jus.br\/corregedoria\/wp-json\/wp\/v2\/pages\/34519"}],"collection":[{"href":"https:\/\/www.tjes.jus.br\/corregedoria\/wp-json\/wp\/v2\/pages"}],"about":[{"href":"https:\/\/www.tjes.jus.br\/corregedoria\/wp-json\/wp\/v2\/types\/page"}],"author":[{"embeddable":true,"href":"https:\/\/www.tjes.jus.br\/corregedoria\/wp-json\/wp\/v2\/users\/16"}],"replies":[{"embeddable":true,"href":"https:\/\/www.tjes.jus.br\/corregedoria\/wp-json\/wp\/v2\/comments?post=34519"}],"version-history":[{"count":1,"href":"https:\/\/www.tjes.jus.br\/corregedoria\/wp-json\/wp\/v2\/pages\/34519\/revisions"}],"predecessor-version":[{"id":34800,"href":"https:\/\/www.tjes.jus.br\/corregedoria\/wp-json\/wp\/v2\/pages\/34519\/revisions\/34800"}],"wp:attachment":[{"href":"https:\/\/www.tjes.jus.br\/corregedoria\/wp-json\/wp\/v2\/media?parent=34519"}],"curies":[{"name":"wp","href":"https:\/\/api.w.org\/{rel}","templated":true}]}}