{"id":35663,"date":"2023-01-18T18:08:40","date_gmt":"2023-01-18T20:08:40","guid":{"rendered":"https:\/\/www.tjes.jus.br\/corregedoria\/?page_id=35663"},"modified":"2025-03-11T13:09:22","modified_gmt":"2025-03-11T16:09:22","slug":"resolucoes-tjes-2023","status":"publish","type":"page","link":"https:\/\/www.tjes.jus.br\/corregedoria\/resolucoes-tjes-2023\/","title":{"rendered":"Resolu\u00e7\u00f5es TJES \u2013 2023"},"content":{"rendered":"<p><a href=\"https:\/\/www.tjes.jus.br\/corregedoria\/2023\/12\/14\/resolucao-no-043-2023-disp-13-12-2023\/\">043 \u2013 COLOCAR os Exm\u00bas. Srs. Ju\u00edzes de Direito,\u00a0DR. EZEQUIEL TUR\u00cdBIO; DR\u00aa. ANA CL\u00c1UDIA RODRIGUES DE FARIA; DR\u00aa. GISELE SOUZA DE OLIVEIRA E DR. C\u00c1SSIO JORGE TRIST\u00c3O GUEDES, \u00e0 disposi\u00e7\u00e3o da \u00a0CORREGEDORIA-GERAL DA JUSTI\u00c7A, para atuarem como Ju\u00edzes Corregedores, no bi\u00eanio 2024\/2025, a partir de 14 de dezembro de 2023.<strong>\u00a0<\/strong>\u2013 Disp. 13\/12\/2023<\/a><\/p>\n<p style=\"text-align: justify;\"><a href=\"https:\/\/www.tjes.jus.br\/corregedoria\/2023\/12\/11\/resolucao-no-041-2023-disp-11-12-2023\/\">041 \u2013 <em>Disp\u00f5e sobre diretrizes e normas gerais para o ingresso e perman\u00eancia de pessoas acompanhadas de animal de assist\u00eancia no \u00e2mbito do Poder Judici\u00e1rio do Estado do Esp\u00edrito Santo.<\/em><strong>\u00a0<\/strong>\u2013 Disp. 11\/12\/2023<\/a><\/p>\n<p style=\"text-align: justify;\"><a href=\"https:\/\/www.tjes.jus.br\/corregedoria\/2023\/12\/01\/resolucao-no-040-2023-disp-01-12-2023\/\">040 \u2013 Colocar os Exm\u00bas. Srs.\u00a0Ju\u00edzes de Direito, Dr.\u00a0<strong>ADRIANO CORR\u00caA DE MELLO<\/strong>\u00a0e Dr.\u00a0<strong>RODRIGO FERREIRA MIRANDA<\/strong>, \u00e0 disposi\u00e7\u00e3o da Presid\u00eancia do Tribunal de Justi\u00e7a, a partir de 14\/12\/2023,\u00a0para exercerem as fun\u00e7\u00f5es de Ju\u00edzes Auxiliares no bi\u00eanio de 2024\/2025.<strong>\u00a0<\/strong>\u2013 Disp. 01\/12\/2023<\/a><\/p>\n<p style=\"text-align: justify;\"><a href=\"https:\/\/www.tjes.jus.br\/corregedoria\/2023\/11\/29\/resolucao-no-038-2023-disp-29-11-2023\/\">038 \u2013 Agraciar o eminente Desembargador RAIMUNDO SIQUEIRA RIBEIRO<strong>\u00a0<\/strong>com a Comenda \u201cGr\u00e3-Cruz do M\u00e9rito Judici\u00e1rio\u201d, pelo not\u00e1vel desempenho ao longo da sua carreira jur\u00eddica e pelo carinho e considera\u00e7\u00e3o especial que tem devotado \u00e0 Magistratura Capixaba.<strong>\u00a0<\/strong>\u2013 Disp. 29\/11\/2023<\/a><\/p>\n<p style=\"text-align: justify;\"><a href=\"https:\/\/www.tjes.jus.br\/corregedoria\/2023\/11\/06\/resolucao-no-037-2023-disp-06-11-2023\/\">037 \u2013 Regulamenta a cria\u00e7\u00e3o da Pol\u00edtica de Preven\u00e7\u00e3o e Enfrentamento do Ass\u00e9dio Moral, do Ass\u00e9dio Sexual e da Discrimina\u00e7\u00e3o no \u00e2mbito do Poder Judici\u00e1rio Estadual do Esp\u00edrito Santo e regulamenta os meios para sua implementa\u00e7\u00e3o e coordena\u00e7\u00e3o.<strong>\u00a0<\/strong>\u2013 Disp. 06\/11\/2023<\/a><\/p>\n<p style=\"text-align: justify;\"><a href=\"https:\/\/www.tjes.jus.br\/corregedoria\/2023\/11\/01\/resolucao-no-036-2023-disp-01-11-2023\/\">036 \u2013 Agraciar os eminentes\u00a0magistrados aposentados, Dr.\u00a0Benjamin de Azevedo Quaresma, Dr.\u00a0Francisco Vicente Finamore Simoni, Dr.\u00a0Jocyr de Oliveira Celestino\u00a0e Dr.\u00a0Jos\u00e9 Machado de Souza\u00a0com a Comenda \u201cCruz do M\u00e9rito Judici\u00e1rio\u201d, pelos\u00a0relevantes servi\u00e7os prestados \u00e0 comunidade capixaba, por meio da atua\u00e7\u00e3o volunt\u00e1ria, junto aos Centros Judici\u00e1rios de Solu\u00e7\u00e3o de Conflitos e Cidadania \u2013 CEJUSCs, viabilizando a implementa\u00e7\u00e3o da Pol\u00edtica Judici\u00e1ria Nacional de Tratamento Adequado de Conflitos.<strong>\u00a0<\/strong>\u2013 Disp. 01\/11\/2023<\/a><\/p>\n<p><a href=\"https:\/\/www.tjes.jus.br\/corregedoria\/2023\/10\/30\/resolucao-no-035-2023-disp-30-10-2023\/\">035 \u2013 Altera as atribui\u00e7\u00f5es\u00a0das Contadorias do Ju\u00edzo de Vit\u00f3ria, Comarca da Capital.<strong>\u00a0<\/strong>\u2013 Disp. 30\/10\/2023<\/a><\/p>\n<p style=\"text-align: justify;\"><a href=\"https:\/\/www.tjes.jus.br\/corregedoria\/2023\/10\/20\/resolucao-no-034-2023-disp-20-10-2023\/\">034 \u2013\u00a0Designar\u00a0a partir de 19\/10\/2023, a Exm\u00aa Sr\u00aa. Des\u00aa. MARIANNE JUDICE DE MATTOS para o cargo de SUPERVISORA DAS VARAS C\u00cdVEIS do Egr\u00e9gio Tribunal de Justi\u00e7a, na forma do art. 10, \u00a77\u00ba, art. 71-A, art. 71-E, todos do Regimento Interno, e art. 38-K, da Lei Complementar n\u00ba 234\/02.<strong>\u00a0<\/strong>\u2013 Disp. 20\/10\/2023<\/a><\/p>\n<p style=\"text-align: justify;\"><a href=\"https:\/\/www.tjes.jus.br\/corregedoria\/2023\/10\/20\/resolucao-no-033-2023-disp-20-10-2023\/\">033 \u2013 \u00a0Agraciar o eminente Desembargador\u00a0F\u00e1bio Brasil Nery<strong>\u00a0<\/strong>com a Comenda \u201cCruz do M\u00e9rito Judici\u00e1rio\u201d, pelo not\u00e1vel desempenho ao longo da sua carreira jur\u00eddica e pelo carinho e considera\u00e7\u00e3o especial que tem devotado \u00e0 Magistratura Capixaba.<strong>\u00a0<\/strong>\u2013 Disp. 20\/10\/2023<\/a><\/p>\n<p style=\"text-align: justify;\"><a href=\"https:\/\/www.tjes.jus.br\/corregedoria\/2023\/10\/16\/resolucao-no-032-2023-disp-16-10-2023\/\">032 \u2013\u00a0 Resolu\u00e7\u00e3o &#8211; 30\u00aa Sess\u00e3o Administrativa Ordin\u00e1ria do Egr\u00e9gio Tribunal Pleno 05\/10\/2023.<strong>\u00a0<\/strong>\u2013 Disp. 16\/10\/2023<\/a><\/p>\n<p style=\"text-align: justify;\"><a href=\"https:\/\/www.tjes.jus.br\/corregedoria\/2023\/10\/02\/resolucao-no-031-2023-disp-29-09-2023\/\">031 \u2013\u00a0 Altera e inclui\u00a0dispositivos na Resolu\u00e7\u00e3o n\u00ba 007\/2016, que regulamenta o Programa de Est\u00e1gio Remunerado no \u00e2mbito o Poder Judici\u00e1rio do Estado do Esp\u00edrito Santo e d\u00e1 outras provid\u00eancias.<strong>\u00a0<\/strong>\u2013 Disp. 29\/09\/2023<\/a><\/p>\n<p style=\"text-align: justify;\"><a href=\"https:\/\/www.tjes.jus.br\/corregedoria\/2023\/09\/12\/resolucao-no-030-2023-disp-12-09-2023\/\">030 \u2013\u00a0\u00a0Altera a Resolu\u00e7\u00e3o TJES n\u00ba 012, de 1\u00ba de abril de 2013, que regulamenta a concess\u00e3o de aux\u00edlio-creche no \u00e2mbito do Poder Judici\u00e1rio do Estado do Esp\u00edrito Santo aos servidores ativos, para estender o benef\u00edcio\u00a0aos magistrados ativos, e d\u00e1 outras provid\u00eancias.<strong>\u00a0<\/strong>\u2013 Disp. 12\/09\/2023<\/a><\/p>\n<p style=\"text-align: justify;\"><a href=\"https:\/\/www.tjes.jus.br\/corregedoria\/2023\/08\/23\/resolucao-no-029-2023-disp-23-08-2023\/\">029 \u2013 Regionaliza Ju\u00edzos de Execu\u00e7\u00e3o de Medida Socioeducativa Meio Fechado e Semiliberdade.<strong>\u00a0<\/strong>\u2013 Disp. 23\/08\/2023<\/a><\/p>\n<p style=\"text-align: justify;\"><a href=\"https:\/\/www.tjes.jus.br\/corregedoria\/2023\/08\/23\/resolucao-no-028-2023-disp-23-08-2023\/\">028 \u2013 <em>Insere\u00a0a al\u00ednea &#8220;h&#8221; no\u00a0art. 4\u00ba da Resolu\u00e7\u00e3o n\u00ba\u00a029\/2010, que disp\u00f5e sobre o regime de plant\u00e3o judici\u00e1rio em primeiro e segundo graus de jurisdi\u00e7\u00e3o e d\u00e1 outras provid\u00eancias.<\/em><strong>\u00a0<\/strong>\u2013 Disp. 23\/08\/2023<\/a><\/p>\n<p style=\"text-align: justify;\"><a href=\"https:\/\/www.tjes.jus.br\/corregedoria\/2023\/08\/02\/resolucao-no-027-2023-disp-02-08-2023\/\">027 \u2013 Cria, no Ju\u00edzo de Vit\u00f3ria, Comarca da Capital, a Vara Especializada em Crimes Contra a Crian\u00e7a e o Adolescente (VECA) e d\u00e1 outras provid\u00eancias.<strong>\u00a0<\/strong>\u2013 Disp. 02\/08\/2023<\/a>\u00a0 &#8211; <span style=\"color: #ff0000;\"><strong>ALTERADO<\/strong><\/span><\/p>\n<p style=\"text-align: justify;\"><a href=\"https:\/\/www.tjes.jus.br\/corregedoria\/2023\/08\/02\/resolucao-no-026-2023-disp-02-08-2023\/\">026 \u2013 Altera a Resolu\u00e7\u00e3o TJES n\u00ba 21\/2018, que disciplina o\u00a0Programa de Servi\u00e7o Volunt\u00e1rio no \u00e2mbito do Poder Judici\u00e1rio do Estado do Esp\u00edrito Santo.<strong>\u00a0<\/strong>\u2013 Disp. 02\/08\/2023<\/a><\/p>\n<p style=\"text-align: justify;\"><a href=\"https:\/\/www.tjes.jus.br\/corregedoria\/2023\/07\/25\/resolucao-no-025-2023-disp-25-07-2023\/\">025 \u2013 \u00a0Alterar a composi\u00e7\u00e3o da Comiss\u00e3o para a realiza\u00e7\u00e3o de concurso p\u00fablico para o cargo de\u00a0JUIZ SUBSTITUTO, institu\u00edda pela Resolu\u00e7\u00e3o 018\/2022, disponibilizada no DJ de 20 de julho de 2022, e alterada pela Resolu\u00e7\u00e3o n\u00ba 019\/2023,\u00a0disponibilizada no DJ de 19\u00a0de junho de 2023.<strong>\u00a0<\/strong>\u2013 Disp. 25\/07\/2023<\/a><\/p>\n<p style=\"text-align: justify;\"><a href=\"https:\/\/www.tjes.jus.br\/corregedoria\/2023\/07\/25\/resolucao-no-024-2023-disp-25-07-2023\/\">024 \u2013Altera o Anexo I da dispositivo da Resolu\u00e7\u00e3o TJES n\u00ba 35\/2015, que cria microrregi\u00f5es para a escala de plant\u00e3o do Analista Judici\u00e1rio \u2013 Oficial de Justi\u00e7a\u00a0no \u00e2mbito do Poder Judici\u00e1rio do Estado do Esp\u00edrito Santo.<strong>\u00a0<\/strong>\u2013 Disp. 25\/07\/2023<\/a><\/p>\n<p style=\"text-align: justify;\"><a href=\"https:\/\/www.tjes.jus.br\/corregedoria\/2023\/07\/17\/resolucao-no-023-2023-disp-17-07-2023\/\">023 \u2013 Agraciar a eminente Desembargadora D\u00e9bora Maria Ambos Correa da Silva com a Comenda \u201cCruz do M\u00e9rito Judici\u00e1rio\u201d, pelo not\u00e1vel desempenho ao longo da sua carreira jur\u00eddica e pelo carinho e considera\u00e7\u00e3o especial que tem devotado \u00e0 Magistratura Capixaba.<strong>\u00a0<\/strong>\u2013 Disp. 17\/07\/2023<\/a><\/p>\n<p style=\"text-align: justify;\"><a href=\"https:\/\/www.tjes.jus.br\/corregedoria\/2023\/07\/17\/resolucao-no-022-2023-disp-17-07-2023\/\">022 \u2013 Agraciar o eminente Desembargador Jorge do Nascimento Viana com a Comenda \u201cGr\u00e3-Cruz do M\u00e9rito Judici\u00e1rio\u201d, pelo not\u00e1vel desempenho ao longo da sua carreira jur\u00eddica e pelo carinho e considera\u00e7\u00e3o especial que tem devotado \u00e0 Magistratura Capixaba.<strong>\u00a0<\/strong>\u2013 Disp. 17\/07\/2023<\/a><\/p>\n<p style=\"text-align: justify;\"><a href=\"https:\/\/www.tjes.jus.br\/corregedoria\/2023\/06\/26\/resolucao-no-021-2023-disp-26-06-2023\/\">021 \u2013 Referendar a Resolu\u00e7\u00e3o n\u00ba 019\/2023, disponibilizada no DJe de 19\/03\/2023.<strong>\u00a0<\/strong>\u2013 Disp. 26\/06\/2023<\/a><\/p>\n<p style=\"text-align: justify;\"><a href=\"https:\/\/www.tjes.jus.br\/corregedoria\/2023\/06\/20\/resolucao-no-020-2023-disp-20-06-2023\/\">020 \u2013 Altera a Resolu\u00e7\u00e3o 003\/2022, que instituiu o Programa de Resid\u00eancia Jur\u00eddica no Poder Judici\u00e1rio do Estado do Esp\u00edrito Santo.<strong>\u00a0<\/strong>\u2013 Disp. 20\/06\/2023<\/a><\/p>\n<p style=\"text-align: justify;\"><a href=\"https:\/\/www.tjes.jus.br\/corregedoria\/2023\/06\/19\/resolucao-no-019-2023-disp-19-06-2023\/\">019 \u2013 Alterar, <strong>\u00a0<\/strong><em>ad referendum<\/em>\u00a0do Egr\u00e9gio Tribunal Pleno, a composi\u00e7\u00e3o da Comiss\u00e3o para a realiza\u00e7\u00e3o de concurso p\u00fablico para o cargo de\u00a0JUIZ SUBSTITUTO, institu\u00edda pela Resolu\u00e7\u00e3o 018\/2022, disponibilizada no DJ de 20 de julho de 2022, e alterada pela Resolu\u00e7\u00e3o n\u00ba 01\/2023,\u00a0disponibilizada no DJ de 18 de janeiro de 2023.<strong>\u00a0<\/strong>\u2013 Disp. 19\/06\/2023<\/a><\/p>\n<p style=\"text-align: justify;\"><a href=\"https:\/\/www.tjes.jus.br\/corregedoria\/2023\/06\/06\/resolucao-no-018-2023-disp-06-06-2023\/\">018 \u2013 Institui, no \u00e2mbito do Poder Judici\u00e1rio do Estado do Esp\u00edrito Santo, a metodologia de\u00a0realiza\u00e7\u00e3o de audi\u00eancias concentradas socioeducativas, nos casos das medidas socioeducativas de interna\u00e7\u00e3o e semiliberdade nas Varas da Inf\u00e2ncia e Juventude com compet\u00eancia para execu\u00e7\u00e3o das medidas socioeducativas que impliquem em priva\u00e7\u00e3o de liberdade.<strong>\u00a0<\/strong>\u2013 Disp. 06\/06\/2023<\/a><\/p>\n<p style=\"text-align: justify;\"><a href=\"https:\/\/www.tjes.jus.br\/corregedoria\/2023\/05\/12\/resolucao-no-017-2023-disp-12-05-2023\/\">017 \u2013 Agraciar o eminente Desembargador MANOEL ALVES RABELO\u00a0com a Comenda \u201cGr\u00e3-Cruz do M\u00e9rito Judici\u00e1rio\u201d, pelo not\u00e1vel desempenho ao longo da sua carreira jur\u00eddica e pelo carinho e considera\u00e7\u00e3o especial que tem devotado \u00e0 Magistratura Capixaba.<strong>\u00a0<\/strong>\u2013 Disp. 12\/05\/2023<\/a><\/p>\n<p style=\"text-align: justify;\"><a href=\"https:\/\/www.tjes.jus.br\/corregedoria\/2023\/03\/29\/resolucao-no-015-2023-disp-29-03-2023\/\">015 \u2013 Altera dispositivo da Resolu\u00e7\u00e3o N\u00ba\u00a0007\/2016, que regulamenta o Programa de Est\u00e1gio Remunerado no \u00e2mbito do Poder Judici\u00e1rio do Estado do Esp\u00edrito Santo e d\u00e1 outras provid\u00eancias.<strong>\u00a0<\/strong>\u2013 Disp. 29\/03\/2023<\/a><\/p>\n<p><a href=\"https:\/\/www.tjes.jus.br\/corregedoria\/2023\/03\/30\/resolucao-no-014-2023-disp-17-03-2023\/\">014 \u2013 Altera o\u00a0art. 1\u00ba da Resolu\u00e7\u00e3o n\u00ba 66\/2011.<strong>\u00a0<\/strong>\u2013 Disp. 17\/03\/2023<\/a><\/p>\n<p><a href=\"https:\/\/www.tjes.jus.br\/corregedoria\/2023\/03\/30\/resolucao-no-013-2023-disp-20-03-2023-republicacao\/\">013 \u2013 Os \u00a7\u00a7 1\u00ba e 2\u00ba, do art. 2\u00ba da Resolu\u00e7\u00e3o TJES n\u00ba 36\/2011, passam a vigorar com as seguintes reda\u00e7\u00f5es.<strong>\u00a0<\/strong>\u2013 Disp. 20\/03\/2023<\/a>\u00a0&#8211; <span style=\"color: #ff0000;\"><strong>REPUBLICA\u00c7\u00c3O<\/strong><\/span><\/p>\n<p><a href=\"https:\/\/www.tjes.jus.br\/corregedoria\/2023\/03\/30\/resolucao-no-013-2023-disp-17-03-2023\/\">013 \u2013 Os \u00a7\u00a7 1\u00ba e 2\u00ba, do art. 2\u00ba da Resolu\u00e7\u00e3o TJES n\u00ba 36\/2011, passam a vigorar com as seguintes reda\u00e7\u00f5es.<strong>\u00a0<\/strong>\u2013 Disp. 17\/03\/2023<\/a>\u00a0&#8211; <span style=\"color: #ff0000;\"><strong>REPUBLICADA<\/strong><\/span><\/p>\n<p><a href=\"https:\/\/www.tjes.jus.br\/corregedoria\/2023\/03\/30\/resolucao-no-012-2023-disp-17-03-2023\/\">012 \u2013 O caput do art. 2\u00ba da Resolu\u00e7\u00e3o TJES n\u00ba 01\/2007, passa a vigorar com a seguinte reda\u00e7\u00e3o.<strong>\u00a0<\/strong>\u2013 Disp. 17\/03\/2023<\/a><\/p>\n<p style=\"text-align: justify;\"><a href=\"https:\/\/www.tjes.jus.br\/corregedoria\/2023\/02\/27\/resolucao-no-010-2023-disp-23-02-2023\/\">010 \u2013 Altera o \u00a73\u00ba do art. 3\u00ba da Resolu\u00e7\u00e3o n\u00ba 07\/2016, que instituiu o Programa de Est\u00e1gio Remunerado no \u00e2mbito do Poder Judici\u00e1rio do Estado do Esp\u00edrito Santo e d\u00e1 outras provid\u00eancias.<strong>\u00a0<\/strong>\u2013 Disp. 23\/02\/2023<\/a><\/p>\n<p style=\"text-align: justify;\"><a href=\"https:\/\/www.tjes.jus.br\/corregedoria\/2023\/02\/27\/resolucao-no-009-2023-disp-23-02-2023\/\">009 \u2013 Reajustar o valor di\u00e1rio da indeniza\u00e7\u00e3o de transporte paga aos Analistas Judici\u00e1rios &#8211; Oficiais de Justi\u00e7a Avaliadores do Poder Judici\u00e1rio do Estado do Esp\u00edrito Santo.<strong>\u00a0<\/strong>\u2013 Disp. 23\/02\/2023<\/a><\/p>\n<p style=\"text-align: justify;\"><a href=\"https:\/\/www.tjes.jus.br\/corregedoria\/2023\/02\/27\/resolucao-no-008-2023-disp-23-02-2023\/\">008 \u2013 Reajustar o\u00a0valor do aux\u00edlio sa\u00fade concedido aos Magistrados do Poder Judici\u00e1rio do Estado do Esp\u00edrito Santo, ficando este\u00a0limitado ao valor de R$ 17.275,79 (dezessete mil, duzentos e setenta e cinco reais e setenta e nove centavos) anuais, por magistrado.<strong>\u00a0<\/strong>\u2013 Disp. 23\/02\/2023<\/a><\/p>\n<p style=\"text-align: justify;\"><a href=\"https:\/\/www.tjes.jus.br\/corregedoria\/2023\/02\/27\/resolucao-no-007-2023-disp-23-02-2023\/\">007 \u2013 Reajustar o valor do vale-alimenta\u00e7\u00e3o concedido aos servidores do Poder Judici\u00e1rio do Estado do Esp\u00edrito Santo, estabelecendo\u00a0R$ 70,05 (setenta reais e cinco centavos) por vale.\u00a0\u2013 Disp. 23\/02\/2023<\/a><\/p>\n<p style=\"text-align: justify;\"><a href=\"https:\/\/www.tjes.jus.br\/corregedoria\/2023\/02\/15\/resolucao-no-006-2023-disp-15-02-2023\/\">006 \u2013 Institui o Programa de Moderniza\u00e7\u00e3o do Poder Judici\u00e1rio do Estado do Esp\u00edrito Santo (PROMOJUES) e cria seu Sistema de Governan\u00e7a.<strong>\u00a0<\/strong>\u2013 Disp. 15\/02\/2023<\/a><\/p>\n<p style=\"text-align: justify;\"><a href=\"https:\/\/www.tjes.jus.br\/corregedoria\/2023\/02\/14\/resolucao-no-005-2023-disp-14-02-2023\/\">005 \u2013 Referendar a Resolu\u00e7\u00e3o N\u00ba 001\/2023, disponibilizada no Di\u00e1rio da Justi\u00e7a Eletr\u00f4nico desta Corte de 18 de janeiro de 2023, que deslocou a participa\u00e7\u00e3o do Desembargador Samuel Meira Brasil J\u00fanior da presid\u00eancia da Comiss\u00e3o de Concurso para a de membro e designou a Desembargadora Eliana Junqueira Munh\u00f3s Ferreira como Presidente da Comiss\u00e3o de Concurso P\u00fablico para o cargo de Juiz Substituto.<strong>\u00a0<\/strong>\u2013 Disp. 14\/02\/2023<\/a><\/p>\n<p><a href=\"https:\/\/www.tjes.jus.br\/corregedoria\/2023\/02\/07\/resolucao-no-004-2023-disp-07-02-2023-republicacao\/\">004 \u2013 Homologar o\u00a0resultado final da sele\u00e7\u00e3o referente ao\u00a0Programa de Resid\u00eancia Jur\u00eddica do Poder Judici\u00e1rio do Estado do Esp\u00edrito Santo, nos termos do ANEXO I.\u2013 Disp. 07\/02\/2023<\/a>\u00a0 &#8211;\u00a0<strong><span style=\"color: #ff0000;\">REPUBLICA\u00c7\u00c3O<\/span><\/strong><\/p>\n<p style=\"text-align: justify;\"><a href=\"https:\/\/www.tjes.jus.br\/corregedoria\/2023\/02\/06\/resolucao-no-004-2023-disp-06-02-2023\/\">004 \u2013 Homologar o\u00a0resultado final da sele\u00e7\u00e3o referente ao\u00a0Programa de Resid\u00eancia Jur\u00eddica do Poder Judici\u00e1rio do Estado do Esp\u00edrito Santo, nos termos do ANEXO I.<strong>\u00a0<\/strong>\u2013 Disp. 06\/02\/2023<\/a> &#8211;\u00a0<strong><span style=\"color: #ff0000;\">REPUBLICADO<\/span><\/strong><\/p>\n<p style=\"text-align: justify;\"><a href=\"https:\/\/www.tjes.jus.br\/corregedoria\/2023\/02\/06\/resolucao-no-003-2023-disp-06-02-2023\/\">003 \u2013 Determina a institui\u00e7\u00e3o do sigilo n\u00edvel 1 no acesso aos autos de precat\u00f3rios\u00a0para o resguardo dos dados sens\u00edveis neles contidos,\u00a0no \u00e2mbito do Poder Judici\u00e1rio do\u00a0Estado do Esp\u00edrito Santo.<strong>\u00a0<\/strong>\u2013 Disp. 06\/02\/2023<\/a><\/p>\n<p style=\"text-align: justify;\"><a href=\"https:\/\/www.tjes.jus.br\/corregedoria\/2023\/02\/06\/resolucao-no-002-2023-disp-06-02-2023\/\">002 \u2013 Agraciar o eminente Desembargador\u00a0<strong>UBIRATAN ALMEIDA AZEVEDO\u00a0<\/strong>com a Comenda \u201cCruz do M\u00e9rito Judici\u00e1rio\u201d, pelo not\u00e1vel desempenho ao longo da sua carreira jur\u00eddica e pelo carinho e considera\u00e7\u00e3o especial que tem devotado \u00e0 Magistratura Capixaba.\u2013 Disp. 06\/02\/2023<\/a><\/p>\n<p style=\"text-align: justify;\"><a href=\"https:\/\/www.tjes.jus.br\/corregedoria\/2023\/01\/18\/resolucao-no-001-2023-disp-18-01-2023\/\">001 \u2013 Alterar,\u00a0<em>ad referendum\u00a0<\/em>do Egr\u00e9gio Tribunal Pleno,\u00a0a Resolu\u00e7\u00e3o n\u00ba 018\/2022, disponibilizada\u00a0no Di\u00e1rio da Justi\u00e7a de 20 de julho de 2022, para deslocar a participa\u00e7\u00e3o do Desembargador Samuel Meira Brasil J\u00fanior da presid\u00eancia da Comiss\u00e3o de Concurso para a de membro.<strong>\u00a0<\/strong>\u2013 Disp. 18\/01\/2023<\/a><\/p>\n","protected":false},"excerpt":{"rendered":"<p>043 \u2013 COLOCAR os Exm\u00bas. Srs. Ju\u00edzes de Direito,\u00a0DR. EZEQUIEL TUR\u00cdBIO; DR\u00aa. ANA CL\u00c1UDIA RODRIGUES DE FARIA; DR\u00aa. GISELE SOUZA DE OLIVEIRA E DR. C\u00c1SSIO JORGE TRIST\u00c3O GUEDES, \u00e0 disposi\u00e7\u00e3o da \u00a0CORREGEDORIA-GERAL DA JUSTI\u00c7A, para atuarem como Ju\u00edzes Corregedores, no bi\u00eanio 2024\/2025, a partir de 14 de dezembro de 2023.\u00a0\u2013 Disp. 13\/12\/2023 041 \u2013 Disp\u00f5e [&hellip;]<\/p>\n","protected":false},"author":16,"featured_media":0,"parent":0,"menu_order":0,"comment_status":"closed","ping_status":"closed","template":"","meta":{"footnotes":""},"_links":{"self":[{"href":"https:\/\/www.tjes.jus.br\/corregedoria\/wp-json\/wp\/v2\/pages\/35663"}],"collection":[{"href":"https:\/\/www.tjes.jus.br\/corregedoria\/wp-json\/wp\/v2\/pages"}],"about":[{"href":"https:\/\/www.tjes.jus.br\/corregedoria\/wp-json\/wp\/v2\/types\/page"}],"author":[{"embeddable":true,"href":"https:\/\/www.tjes.jus.br\/corregedoria\/wp-json\/wp\/v2\/users\/16"}],"replies":[{"embeddable":true,"href":"https:\/\/www.tjes.jus.br\/corregedoria\/wp-json\/wp\/v2\/comments?post=35663"}],"version-history":[{"count":39,"href":"https:\/\/www.tjes.jus.br\/corregedoria\/wp-json\/wp\/v2\/pages\/35663\/revisions"}],"predecessor-version":[{"id":42753,"href":"https:\/\/www.tjes.jus.br\/corregedoria\/wp-json\/wp\/v2\/pages\/35663\/revisions\/42753"}],"wp:attachment":[{"href":"https:\/\/www.tjes.jus.br\/corregedoria\/wp-json\/wp\/v2\/media?parent=35663"}],"curies":[{"name":"wp","href":"https:\/\/api.w.org\/{rel}","templated":true}]}}