{"id":35939,"date":"2023-02-17T19:30:35","date_gmt":"2023-02-17T21:30:35","guid":{"rendered":"https:\/\/www.tjes.jus.br\/corregedoria\/?page_id=35939"},"modified":"2023-02-23T19:03:04","modified_gmt":"2023-02-23T21:03:04","slug":"informacoes-correicoes","status":"publish","type":"page","link":"https:\/\/www.tjes.jus.br\/corregedoria\/informacoes-correicoes\/","title":{"rendered":"Informa\u00e7\u00f5es Correi\u00e7\u00f5es"},"content":{"rendered":"<p style=\"text-align: justify;\">Em cumprimento \u00e0 solicita\u00e7\u00e3o constante do Of\u00edcio n\u00ba 37 &#8211; CN (1486576), encaminho as informa\u00e7\u00f5es das correi\u00e7\u00f5es realizadas por esta Corregedoria Geral da Justi\u00e7a, nos \u00faltimos 12 (doze) meses (01\/03\/2022 a 17\/02\/2022).<\/p>\n<p>&nbsp;<\/p>\n<p><a href=\"https:\/\/www.tjes.jus.br\/corregedoria\/wp-content\/uploads\/2023\/02\/Relat\u00f3rio-das-Correi\u00e7\u00f5es-Extraordin\u00e1rias-\u00faltimos-12-meses-MAR-a-FEV.zip\">Relat\u00f3rio das Correi\u00e7\u00f5es Extraordin\u00e1rias &#8211; \u00faltimos 12 meses<\/a>(Arquivo extens\u00e3o<strong> .ZIP<\/strong>)<\/p>\n<p>Relat\u00f3rios das Correi\u00e7\u00f5es Ordin\u00e1rias &#8211; \u00faltimos 12 meses(Arquivos extens\u00e3o<strong> .ZIP<\/strong>):<\/p>\n<ul>\n<li><a href=\"https:\/\/www.tjes.jus.br\/corregedoria\/wp-content\/uploads\/2023\/02\/Relat\u00f3rios-das-Correi\u00e7\u00f5es-Ordin\u00e1rias-\u00faltimos-12-meses-MAR-a-FEV-PARTE-1.zip\">Parte 1<\/a><\/li>\n<li><a href=\"https:\/\/www.tjes.jus.br\/corregedoria\/wp-content\/uploads\/2023\/02\/Relat\u00f3rios-das-Correi\u00e7\u00f5es-Ordin\u00e1rias-\u00faltimos-12-meses-MAR-a-FEV-PARTE-2.zip\">Parte 2<\/a><\/li>\n<li><a href=\"https:\/\/www.tjes.jus.br\/corregedoria\/wp-content\/uploads\/2023\/02\/Relat\u00f3rios-das-Correi\u00e7\u00f5es-Ordin\u00e1rias-\u00faltimos-12-meses-MAR-a-FEV-PARTE-3.zip\">Parte 3<\/a><\/li>\n<li><a href=\"https:\/\/www.tjes.jus.br\/corregedoria\/wp-content\/uploads\/2023\/02\/Relat\u00f3rios-das-Correi\u00e7\u00f5es-Ordin\u00e1rias-\u00faltimos-12-meses-MAR-a-FEV-PARTE-4.zip\">Parte 4<\/a><\/li>\n<\/ul>\n<p><a href=\"https:\/\/www.tjes.jus.br\/corregedoria\/wp-content\/uploads\/2023\/02\/Relat\u00f3rios-das-Correi\u00e7\u00f5es-Virtuais-\u00faltimos-12-meses-MAR-a-FEV.zip\">Relat\u00f3rios das Correi\u00e7\u00f5es Virtuais &#8211; \u00faltimos 12 meses<\/a>(Arquivo extens\u00e3o<strong> .ZIP<\/strong>)<\/p>\n<p><a href=\"https:\/\/www.tjes.jus.br\/corregedoria\/wp-content\/uploads\/2023\/02\/SMJE-informa\u00e7\u00f5es-CNJ-\u00faltimos-12-meses-01-MAR-2022-a-17-FEV-2023-1.xlsx\">SMJE- Informa\u00e7\u00f5es CNJ \u00faltimos 12 meses<\/a>(Planilha extens\u00e3o<strong> .XLSX<\/strong>)<\/p>\n","protected":false},"excerpt":{"rendered":"<p>Em cumprimento \u00e0 solicita\u00e7\u00e3o constante do Of\u00edcio n\u00ba 37 &#8211; CN (1486576), encaminho as informa\u00e7\u00f5es das correi\u00e7\u00f5es realizadas por esta Corregedoria Geral da Justi\u00e7a, nos \u00faltimos 12 (doze) meses (01\/03\/2022 a 17\/02\/2022). &nbsp; Relat\u00f3rio das Correi\u00e7\u00f5es Extraordin\u00e1rias &#8211; \u00faltimos 12 meses(Arquivo extens\u00e3o .ZIP) Relat\u00f3rios das Correi\u00e7\u00f5es Ordin\u00e1rias &#8211; \u00faltimos 12 meses(Arquivos extens\u00e3o .ZIP): Parte 1 [&hellip;]<\/p>\n","protected":false},"author":8,"featured_media":0,"parent":0,"menu_order":0,"comment_status":"closed","ping_status":"closed","template":"","meta":{"footnotes":""},"_links":{"self":[{"href":"https:\/\/www.tjes.jus.br\/corregedoria\/wp-json\/wp\/v2\/pages\/35939"}],"collection":[{"href":"https:\/\/www.tjes.jus.br\/corregedoria\/wp-json\/wp\/v2\/pages"}],"about":[{"href":"https:\/\/www.tjes.jus.br\/corregedoria\/wp-json\/wp\/v2\/types\/page"}],"author":[{"embeddable":true,"href":"https:\/\/www.tjes.jus.br\/corregedoria\/wp-json\/wp\/v2\/users\/8"}],"replies":[{"embeddable":true,"href":"https:\/\/www.tjes.jus.br\/corregedoria\/wp-json\/wp\/v2\/comments?post=35939"}],"version-history":[{"count":13,"href":"https:\/\/www.tjes.jus.br\/corregedoria\/wp-json\/wp\/v2\/pages\/35939\/revisions"}],"predecessor-version":[{"id":35961,"href":"https:\/\/www.tjes.jus.br\/corregedoria\/wp-json\/wp\/v2\/pages\/35939\/revisions\/35961"}],"wp:attachment":[{"href":"https:\/\/www.tjes.jus.br\/corregedoria\/wp-json\/wp\/v2\/media?parent=35939"}],"curies":[{"name":"wp","href":"https:\/\/api.w.org\/{rel}","templated":true}]}}