{"id":36119,"date":"2023-03-09T16:17:37","date_gmt":"2023-03-09T19:17:37","guid":{"rendered":"https:\/\/www.tjes.jus.br\/corregedoria\/?page_id=36119"},"modified":"2023-03-09T17:16:06","modified_gmt":"2023-03-09T20:16:06","slug":"multa-criminal","status":"publish","type":"page","link":"https:\/\/www.tjes.jus.br\/corregedoria\/multa-criminal\/","title":{"rendered":"Multa Criminal"},"content":{"rendered":"<p><a href=\"http:\/\/aplicativos.tjes.jus.br\/sistemaspublicos\/corregedoria\/arrecadacao\/multacriminal\/CadMultaCriminal1.cfm\">Calcular multa criminal<\/a><\/p>\n<p><a href=\"http:\/\/aplicativos.tjes.jus.br\/sistemaspublicos\/corregedoria\/arrecadacao\/multacriminal\/AtualizarCalculo.cfm\">Atualizar multa criminal<\/a><\/p>\n<p><a href=\"http:\/\/aplicativos.tjes.jus.br\/sistemaspublicos\/corregedoria\/arrecadacao\/multacriminal\/ConsultaMulta1.cfm\">Consultar, excluir e Imprimir c\u00e1lculo da multa criminal<\/a><\/p>\n<p><a href=\"https:\/\/www.tjes.jus.br\/corregedoria\/pagamento-da-multa\/\">Pagamento da Multa<\/a><\/p>\n<hr \/>\n<p><strong>Outras Informa\u00e7\u00f5es:<\/strong><\/p>\n<p><strong>1.<\/strong> <a href=\"https:\/\/www.tjes.jus.br\/corregedoria\/wp-content\/uploads\/2023\/03\/Manual_1521118_MANUAL_MULTA_CRIMINAL_INTERNET.pdf\">Manual Orientativo<\/a><br \/>\n<strong>2.<\/strong> <a href=\"https:\/\/www.tjes.jus.br\/corregedoria\/legislacao-multa-criminal\/\">Legisla\u00e7\u00e3o<\/a><\/p>\n","protected":false},"excerpt":{"rendered":"<p>Calcular multa criminal Atualizar multa criminal Consultar, excluir e Imprimir c\u00e1lculo da multa criminal Pagamento da Multa Outras Informa\u00e7\u00f5es: 1. Manual Orientativo 2. Legisla\u00e7\u00e3o<\/p>\n","protected":false},"author":8,"featured_media":0,"parent":0,"menu_order":0,"comment_status":"closed","ping_status":"closed","template":"","meta":{"footnotes":""},"_links":{"self":[{"href":"https:\/\/www.tjes.jus.br\/corregedoria\/wp-json\/wp\/v2\/pages\/36119"}],"collection":[{"href":"https:\/\/www.tjes.jus.br\/corregedoria\/wp-json\/wp\/v2\/pages"}],"about":[{"href":"https:\/\/www.tjes.jus.br\/corregedoria\/wp-json\/wp\/v2\/types\/page"}],"author":[{"embeddable":true,"href":"https:\/\/www.tjes.jus.br\/corregedoria\/wp-json\/wp\/v2\/users\/8"}],"replies":[{"embeddable":true,"href":"https:\/\/www.tjes.jus.br\/corregedoria\/wp-json\/wp\/v2\/comments?post=36119"}],"version-history":[{"count":9,"href":"https:\/\/www.tjes.jus.br\/corregedoria\/wp-json\/wp\/v2\/pages\/36119\/revisions"}],"predecessor-version":[{"id":36147,"href":"https:\/\/www.tjes.jus.br\/corregedoria\/wp-json\/wp\/v2\/pages\/36119\/revisions\/36147"}],"wp:attachment":[{"href":"https:\/\/www.tjes.jus.br\/corregedoria\/wp-json\/wp\/v2\/media?parent=36119"}],"curies":[{"name":"wp","href":"https:\/\/api.w.org\/{rel}","templated":true}]}}