{"id":36125,"date":"2023-03-09T16:24:01","date_gmt":"2023-03-09T19:24:01","guid":{"rendered":"https:\/\/www.tjes.jus.br\/corregedoria\/?page_id=36125"},"modified":"2023-03-09T17:13:04","modified_gmt":"2023-03-09T20:13:04","slug":"pagamento-da-multa","status":"publish","type":"page","link":"https:\/\/www.tjes.jus.br\/corregedoria\/pagamento-da-multa\/","title":{"rendered":"Pagamento da Multa"},"content":{"rendered":"<p style=\"text-align: justify;\">O pagamento da multa criminal \u00e9 efetuado no Banco do Brasil atrav\u00e9s da Guia de Recolhimento da Uni\u00e3o &#8211; GRU, extra\u00edda na internet.<\/p>\n<p><strong>Informa\u00e7\u00f5es para preenchimento da GRU:<\/strong> Fundo Penitenci\u00e1rio Nacional &#8211; FUNPEN, CNPJ 00.394.494\/0008-02, UG 200333, Gest\u00e3o 00001, identificando-os com os seguintes c\u00f3digos, conforme o caso:<\/p>\n<p style=\"text-align: justify;\"><strong>a.1)<\/strong> Multas decorrentes de senten\u00e7as condenat\u00f3rias com tr\u00e2nsito em julgado, advindas de aplica\u00e7\u00e3o do art. 49 do CP ou resultantes do art. 84 da Lei n\u00b0 9.099\/95:C\u00b0 14600-5 &#8211; Receita referente Multa decorrente Senten\u00e7a Penal Condenat\u00f3ria.<\/p>\n<p style=\"text-align: justify;\"><strong>a.2)<\/strong> Multas decorrentes de quebramento de fian\u00e7a (art. 341 do CPP): C\u00b014601-3 &#8211; Receita referente Juros\/Mora decorrente de Fian\u00e7as Quebradas ou Perdidas.<\/p>\n","protected":false},"excerpt":{"rendered":"<p>O pagamento da multa criminal \u00e9 efetuado no Banco do Brasil atrav\u00e9s da Guia de Recolhimento da Uni\u00e3o &#8211; GRU, extra\u00edda na internet. Informa\u00e7\u00f5es para preenchimento da GRU: Fundo Penitenci\u00e1rio Nacional &#8211; FUNPEN, CNPJ 00.394.494\/0008-02, UG 200333, Gest\u00e3o 00001, identificando-os com os seguintes c\u00f3digos, conforme o caso: a.1) Multas decorrentes de senten\u00e7as condenat\u00f3rias com tr\u00e2nsito [&hellip;]<\/p>\n","protected":false},"author":8,"featured_media":0,"parent":0,"menu_order":0,"comment_status":"closed","ping_status":"closed","template":"","meta":{"footnotes":""},"_links":{"self":[{"href":"https:\/\/www.tjes.jus.br\/corregedoria\/wp-json\/wp\/v2\/pages\/36125"}],"collection":[{"href":"https:\/\/www.tjes.jus.br\/corregedoria\/wp-json\/wp\/v2\/pages"}],"about":[{"href":"https:\/\/www.tjes.jus.br\/corregedoria\/wp-json\/wp\/v2\/types\/page"}],"author":[{"embeddable":true,"href":"https:\/\/www.tjes.jus.br\/corregedoria\/wp-json\/wp\/v2\/users\/8"}],"replies":[{"embeddable":true,"href":"https:\/\/www.tjes.jus.br\/corregedoria\/wp-json\/wp\/v2\/comments?post=36125"}],"version-history":[{"count":7,"href":"https:\/\/www.tjes.jus.br\/corregedoria\/wp-json\/wp\/v2\/pages\/36125\/revisions"}],"predecessor-version":[{"id":36145,"href":"https:\/\/www.tjes.jus.br\/corregedoria\/wp-json\/wp\/v2\/pages\/36125\/revisions\/36145"}],"wp:attachment":[{"href":"https:\/\/www.tjes.jus.br\/corregedoria\/wp-json\/wp\/v2\/media?parent=36125"}],"curies":[{"name":"wp","href":"https:\/\/api.w.org\/{rel}","templated":true}]}}