{"id":39368,"date":"2024-03-13T12:30:04","date_gmt":"2024-03-13T15:30:04","guid":{"rendered":"https:\/\/www.tjes.jus.br\/corregedoria\/?page_id=39368"},"modified":"2024-03-13T12:35:42","modified_gmt":"2024-03-13T15:35:42","slug":"extratos-das-atas-das-reunioes-da-comissao-de-protecao-de-dados-da-corregedoria-nacional-de-justica-cpd-cn-cnj","status":"publish","type":"page","link":"https:\/\/www.tjes.jus.br\/corregedoria\/extratos-das-atas-das-reunioes-da-comissao-de-protecao-de-dados-da-corregedoria-nacional-de-justica-cpd-cn-cnj\/","title":{"rendered":"Extratos das atas das reuni\u00f5es da Comiss\u00e3o de Prote\u00e7\u00e3o de Dados da Corregedoria Nacional de Justi\u00e7a (CPD\/CN\/CNJ)"},"content":{"rendered":"\n<p style=\"text-align: justify;\">Por for\u00e7a do art. 3o do Provimento n. 134, de 24 de agosto de 2022, foi criada, no \u00e2mbito da Corregedoria Nacional de Justi\u00e7a do Conselho Nacional de Justi\u00e7a, a Comiss\u00e3o de Prote\u00e7\u00e3o de Dados \u2013 CPD\/CN\/CNJ, de car\u00e1ter consultivo, respons\u00e1vel por propor, independentemente de provoca\u00e7\u00e3o, diretrizes com crit\u00e9rios sobre a aplica\u00e7\u00e3o, interpreta\u00e7\u00e3o e adequa\u00e7\u00e3o das Serventias \u00e0 LGPD, espontaneamente ou mediante provoca\u00e7\u00e3o pelas Associa\u00e7\u00f5es.<\/p>\n<p style=\"text-align: justify;\">Referida Comiss\u00e3o, cujos membros foram designados pela Portaria n. 30, de 15 de maio de 2023, foi instalada em sess\u00e3o realizada no dia 1o de junho de 2023, tendo sido realizadas, ao longo do ano de 2023, outras onze sess\u00f5es, em que foram discutidos temas relacionados \u00e0s repercuss\u00f5es da Lei Geral de Prote\u00e7\u00e3o de Dados (Lei n. 13.709\/2018) nos servi\u00e7os notariais e de registro.<\/p>\n<p><a href=\"https:\/\/www.cnj.jus.br\/corregedoriacnj\/extrajudicial\/comissao-de-protecao-de-dados-da-corregedoria-nacional-de-justica\/\"><strong>Clique aqui<\/strong><\/a> para visualizar os extratos das atas das sess\u00f5es realizadas em 2023.<\/p>\n","protected":false},"excerpt":{"rendered":"<p>Por for\u00e7a do art. 3o do Provimento n. 134, de 24 de agosto de 2022, foi criada, no \u00e2mbito da Corregedoria Nacional de Justi\u00e7a do Conselho Nacional de Justi\u00e7a, a Comiss\u00e3o de Prote\u00e7\u00e3o de Dados \u2013 CPD\/CN\/CNJ, de car\u00e1ter consultivo, respons\u00e1vel por propor, independentemente de provoca\u00e7\u00e3o, diretrizes com crit\u00e9rios sobre a aplica\u00e7\u00e3o, interpreta\u00e7\u00e3o e adequa\u00e7\u00e3o [&hellip;]<\/p>\n","protected":false},"author":8,"featured_media":0,"parent":0,"menu_order":0,"comment_status":"closed","ping_status":"closed","template":"","meta":{"footnotes":""},"_links":{"self":[{"href":"https:\/\/www.tjes.jus.br\/corregedoria\/wp-json\/wp\/v2\/pages\/39368"}],"collection":[{"href":"https:\/\/www.tjes.jus.br\/corregedoria\/wp-json\/wp\/v2\/pages"}],"about":[{"href":"https:\/\/www.tjes.jus.br\/corregedoria\/wp-json\/wp\/v2\/types\/page"}],"author":[{"embeddable":true,"href":"https:\/\/www.tjes.jus.br\/corregedoria\/wp-json\/wp\/v2\/users\/8"}],"replies":[{"embeddable":true,"href":"https:\/\/www.tjes.jus.br\/corregedoria\/wp-json\/wp\/v2\/comments?post=39368"}],"version-history":[{"count":3,"href":"https:\/\/www.tjes.jus.br\/corregedoria\/wp-json\/wp\/v2\/pages\/39368\/revisions"}],"predecessor-version":[{"id":39372,"href":"https:\/\/www.tjes.jus.br\/corregedoria\/wp-json\/wp\/v2\/pages\/39368\/revisions\/39372"}],"wp:attachment":[{"href":"https:\/\/www.tjes.jus.br\/corregedoria\/wp-json\/wp\/v2\/media?parent=39368"}],"curies":[{"name":"wp","href":"https:\/\/api.w.org\/{rel}","templated":true}]}}