{"id":4183,"date":"2016-07-25T11:00:57","date_gmt":"2016-07-25T14:00:57","guid":{"rendered":"https:\/\/www.tjes.jus.br\/corregedoria\/?page_id=4183"},"modified":"2016-07-25T11:09:09","modified_gmt":"2016-07-25T14:09:09","slug":"central-de-informacoes-do-registro-civil","status":"publish","type":"page","link":"https:\/\/www.tjes.jus.br\/corregedoria\/central-de-informacoes-do-registro-civil\/","title":{"rendered":"Central de Informa\u00e7\u00f5es do Registro Civil"},"content":{"rendered":"<ul>\n<li><strong>P\u00fablico Externo:<\/strong> <a href=\"https:\/\/www.registrocivil.org.br\/#\/ajuda\/informacoesGerais\/401393\/\" target=\"_blank\">Certid\u00e3o do Registro Civil<\/a>.<\/li>\n<\/ul>\n<p>&nbsp;<\/p>\n<ul>\n<li><strong>Usu\u00e1rios Corregedoria:<\/strong>\n<ul>\n<li><a href=\"https:\/\/sistema.registrocivil.org.br\/portal\/?CFID=2802586&amp;CFTOKEN=dda0297206267b3a-57D4C667-08AC-38BC-BCA71771EBA38934\" target=\"_blank\">Provimento 41\/2013 &#8211; Central de informa\u00e7\u00f5es do registro civil.<\/a><\/li>\n<li><a href=\"https:\/\/www.tjes.jus.br\/corregedoria\/wp-content\/uploads\/2016\/07\/MANUAL_CRCJUD.pdf\">Manual CRC JUD<\/a>.<\/li>\n<\/ul>\n<\/li>\n<\/ul>\n","protected":false},"excerpt":{"rendered":"<p>P\u00fablico Externo: Certid\u00e3o do Registro Civil. &nbsp; Usu\u00e1rios Corregedoria: Provimento 41\/2013 &#8211; Central de informa\u00e7\u00f5es do registro civil. Manual CRC JUD.<\/p>\n","protected":false},"author":1,"featured_media":0,"parent":0,"menu_order":0,"comment_status":"closed","ping_status":"closed","template":"","meta":{"footnotes":""},"_links":{"self":[{"href":"https:\/\/www.tjes.jus.br\/corregedoria\/wp-json\/wp\/v2\/pages\/4183"}],"collection":[{"href":"https:\/\/www.tjes.jus.br\/corregedoria\/wp-json\/wp\/v2\/pages"}],"about":[{"href":"https:\/\/www.tjes.jus.br\/corregedoria\/wp-json\/wp\/v2\/types\/page"}],"author":[{"embeddable":true,"href":"https:\/\/www.tjes.jus.br\/corregedoria\/wp-json\/wp\/v2\/users\/1"}],"replies":[{"embeddable":true,"href":"https:\/\/www.tjes.jus.br\/corregedoria\/wp-json\/wp\/v2\/comments?post=4183"}],"version-history":[{"count":2,"href":"https:\/\/www.tjes.jus.br\/corregedoria\/wp-json\/wp\/v2\/pages\/4183\/revisions"}],"predecessor-version":[{"id":4195,"href":"https:\/\/www.tjes.jus.br\/corregedoria\/wp-json\/wp\/v2\/pages\/4183\/revisions\/4195"}],"wp:attachment":[{"href":"https:\/\/www.tjes.jus.br\/corregedoria\/wp-json\/wp\/v2\/media?parent=4183"}],"curies":[{"name":"wp","href":"https:\/\/api.w.org\/{rel}","templated":true}]}}