{"id":4196,"date":"2016-07-25T11:13:36","date_gmt":"2016-07-25T14:13:36","guid":{"rendered":"https:\/\/www.tjes.jus.br\/corregedoria\/?page_id=4196"},"modified":"2017-11-09T13:49:28","modified_gmt":"2017-11-09T15:49:28","slug":"sistema-de-registro-eletronico-de-imoveis-srei","status":"publish","type":"page","link":"https:\/\/www.tjes.jus.br\/corregedoria\/sistema-de-registro-eletronico-de-imoveis-srei\/","title":{"rendered":"Sistema de Registro Eletr\u00f4nico de Im\u00f3veis &#8211; SREI"},"content":{"rendered":"<p style=\"text-align: justify;\">O Sistema de Registro Eletr\u00f4nico de Im\u00f3veis &#8211; SREI tem como princ\u00edpio a utiliza\u00e7\u00e3o das Tecnologias de Informa\u00e7\u00e3o e Comunica\u00e7\u00e3o &#8211; TICs para desmaterializar procedimentos registrais internos das serventias, bem como promover a intera\u00e7\u00e3o destas com o Poder Judici\u00e1rio, \u00f3rg\u00e3os da Administra\u00e7\u00e3o P\u00fablica, empresas e cidad\u00e3os na protocoliza\u00e7\u00e3o eletr\u00f4nica de t\u00edtulos e no acesso \u00e0s certid\u00f5es e informa\u00e7\u00f5es registrais, de forma a aprimorar a qualidade e a efici\u00eancia do servi\u00e7o p\u00fablico prestado sob delega\u00e7\u00e3o p\u00fablica.<\/p>\n<p style=\"text-align: justify;\"><strong>Provimentos CGJ\/ES<\/strong><\/p>\n<p style=\"text-align: justify;\"><a href=\"https:\/\/www.tjes.jus.br\/corregedoria\/index.php\/2016\/08\/16\/provimento-no-592013-disp-02122013\/\">Provimento n\u00ba 59\/2013 (Publicado em 02\/12\/2013)<\/a> &#8211; Institui e regulamenta a implanta\u00e7\u00e3o do Sistema de Registro Eletr\u00f4nico de Im\u00f3veis &#8211; SREI e a utiliza\u00e7\u00e3o da Central de Servi\u00e7os Eletr\u00f4nicos Compartilhados dos Registradores de Im\u00f3veis (Central Registradores de Im\u00f3veis) e d\u00e1 outras provid\u00eancias.<\/p>\n<p style=\"text-align: justify;\"><a href=\"https:\/\/www.tjes.jus.br\/corregedoria\/wp-content\/uploads\/2016\/08\/Provimento_04-2014.pdf\" target=\"_blank\" rel=\"noopener\">Provimento n\u00ba 04\/2014 (Publicado em 25\/03\/2014)<\/a> &#8211; Altera a reda\u00e7\u00e3o dos <a href=\"https:\/\/www.tjes.jus.br\/corregedoria\/index.php\/2016\/08\/16\/provimento-no-592013-disp-02122013\/\" target=\"_blank\" rel=\"noopener\">artigos 94 e 99 do Provimento CGJ\/ES n\u00ba 59\/2013<\/a>.<\/p>\n<p style=\"text-align: justify;\"><a href=\"https:\/\/www.tjes.jus.br\/corregedoria\/index.php\/2016\/08\/16\/provimento-no-122014-disp-23072014\/\">Provimento n\u00ba 12\/2014 (Publicado em 23\/07\/2014)<\/a> &#8211; Altera a reda\u00e7\u00e3o do <a href=\"https:\/\/www.tjes.jus.br\/corregedoria\/index.php\/2016\/08\/16\/provimento-no-592013-disp-02122013\/\" target=\"_blank\" rel=\"noopener\">artigo 94 do Provimento CGJES n\u00ba 59\/2013<\/a>.<\/p>\n<p style=\"text-align: justify;\"><strong>Of\u00edcios Circulares CGJ\/ES<\/strong><\/p>\n<p style=\"text-align: justify;\"><a href=\"https:\/\/www.tjes.jus.br\/corregedoria\/index.php\/2016\/09\/06\/oficio-circular-no-0492014-disp-16062014\/\">Of\u00edcio Circular n\u00ba 145\/2015<\/a>\u00a0(Publicado em 06\/10\/2015) &#8211; Comunica\u00a0a todos os MM. Ju\u00edzes de Direito do Estado do Esp\u00edrito Santo que est\u00e1 liberada a utiliza\u00e7\u00e3o, <strong>de forma obrigat\u00f3ria<\/strong>, do m\u00f3dulo \u201cDA CENTRAL DE INDISPONIBILIDADE DE BENS\u201d, normatizado nos artigos 77 usque 93, do <a href=\"https:\/\/www.tjes.jus.br\/corregedoria\/2016\/08\/16\/provimento-no-592013-disp-02122013\/\" target=\"_blank\" rel=\"noopener\">Provimento CGJES n.\u00ba 59\/2013<\/a> e <a href=\"http:\/\/www.cnj.jus.br\/atos-normativos?documento=2049\" target=\"_blank\" rel=\"noopener\">Provimento CNJ n.\u00ba 39\/2014<\/a>, e que dever\u00e1 ser acessado, por quest\u00f5es de melhor compatibilidade pelo navegador Mozilla Firefox, pelo endere\u00e7o eletr\u00f4nico <a href=\"http:\/\/www.registradores.org.br\/\" target=\"_blank\" rel=\"noopener\">www.registradores.org.br<\/a>.<\/p>\n<p style=\"text-align: justify;\"><a href=\"https:\/\/www.tjes.jus.br\/corregedoria\/index.php\/2016\/09\/06\/oficio-circular-no-832014-disp-04112014\/\">Of\u00edcio Circular n\u00ba 83\/2014<\/a> (Publicado em 04\/11\/2014) &#8211; Utiliza\u00e7\u00e3o do M\u00f3dulo Penhora online da Central Registradores de Im\u00f3veis.<\/p>\n<p style=\"text-align: justify;\"><a href=\"https:\/\/www.tjes.jus.br\/corregedoria\/2016\/09\/06\/oficio-circular-no-1062014-disp-09012015\/\" target=\"_blank\" rel=\"noopener\">Of\u00edcio Circular n\u00ba 106\/2014<\/a> (Publicado dia 12\/01\/2015) &#8211; Penhora online da Central de Registradores de Im\u00f3veis.<\/p>\n<p style=\"text-align: justify;\"><a href=\"https:\/\/www.tjes.jus.br\/corregedoria\/index.php\/2016\/09\/01\/oficio-circular-no-1272015-disponibilizado-via-malote-digital\/\">Of\u00edcio Circular n\u00ba 127\/2015<\/a> (disponibilizado por malote digital)<strong>:<\/strong> Orienta\u00e7\u00f5es t\u00e9cnicas acerca do M\u00f3dulo de Penhora Online da Central de Registradores de Im\u00f3veis.<\/p>\n<p style=\"text-align: justify;\"><strong>Manuais<\/strong><\/p>\n<p style=\"text-align: justify;\">1 &#8211; <a href=\"https:\/\/www.tjes.jus.br\/corregedoria\/wp-content\/uploads\/2016\/07\/Penhora-Online-Cadastro.pdf\" target=\"_blank\" rel=\"noopener\">Cadastro<\/a><\/p>\n<p style=\"text-align: justify;\">2 &#8211; <a href=\"https:\/\/www.tjes.jus.br\/corregedoria\/wp-content\/uploads\/2016\/07\/Penhora-Online-Juizes.pdf\" target=\"_blank\" rel=\"noopener\">Ju\u00edzes<\/a><\/p>\n<p style=\"text-align: justify;\">3 &#8211; <a href=\"https:\/\/www.tjes.jus.br\/corregedoria\/wp-content\/uploads\/2016\/07\/Penhora-Online-PH-e-SPH.pdf\" target=\"_blank\" rel=\"noopener\">Usu\u00e1rio<\/a><\/p>\n","protected":false},"excerpt":{"rendered":"<p>O Sistema de Registro Eletr\u00f4nico de Im\u00f3veis &#8211; SREI tem como princ\u00edpio a utiliza\u00e7\u00e3o das Tecnologias de Informa\u00e7\u00e3o e Comunica\u00e7\u00e3o &#8211; TICs para desmaterializar procedimentos registrais internos das serventias, bem como promover a intera\u00e7\u00e3o destas com o Poder Judici\u00e1rio, \u00f3rg\u00e3os da Administra\u00e7\u00e3o P\u00fablica, empresas e cidad\u00e3os na protocoliza\u00e7\u00e3o eletr\u00f4nica de t\u00edtulos e no acesso \u00e0s [&hellip;]<\/p>\n","protected":false},"author":1,"featured_media":0,"parent":0,"menu_order":0,"comment_status":"closed","ping_status":"closed","template":"","meta":{"footnotes":""},"_links":{"self":[{"href":"https:\/\/www.tjes.jus.br\/corregedoria\/wp-json\/wp\/v2\/pages\/4196"}],"collection":[{"href":"https:\/\/www.tjes.jus.br\/corregedoria\/wp-json\/wp\/v2\/pages"}],"about":[{"href":"https:\/\/www.tjes.jus.br\/corregedoria\/wp-json\/wp\/v2\/types\/page"}],"author":[{"embeddable":true,"href":"https:\/\/www.tjes.jus.br\/corregedoria\/wp-json\/wp\/v2\/users\/1"}],"replies":[{"embeddable":true,"href":"https:\/\/www.tjes.jus.br\/corregedoria\/wp-json\/wp\/v2\/comments?post=4196"}],"version-history":[{"count":24,"href":"https:\/\/www.tjes.jus.br\/corregedoria\/wp-json\/wp\/v2\/pages\/4196\/revisions"}],"predecessor-version":[{"id":20844,"href":"https:\/\/www.tjes.jus.br\/corregedoria\/wp-json\/wp\/v2\/pages\/4196\/revisions\/20844"}],"wp:attachment":[{"href":"https:\/\/www.tjes.jus.br\/corregedoria\/wp-json\/wp\/v2\/media?parent=4196"}],"curies":[{"name":"wp","href":"https:\/\/api.w.org\/{rel}","templated":true}]}}