{"id":42104,"date":"2025-01-09T16:57:11","date_gmt":"2025-01-09T19:57:11","guid":{"rendered":"https:\/\/www.tjes.jus.br\/corregedoria\/?page_id=42104"},"modified":"2025-06-06T13:11:20","modified_gmt":"2025-06-06T16:11:20","slug":"correicoes-2025","status":"publish","type":"page","link":"https:\/\/www.tjes.jus.br\/corregedoria\/correicoes-2025\/","title":{"rendered":"Correi\u00e7\u00f5es 2025"},"content":{"rendered":"\n<ul>\n<li style=\"text-align: justify;\"><strong><a href=\"https:\/\/www.tjes.jus.br\/corregedoria\/2025\/05\/16\/portaria-no-003-2025-disp-16-05-2025\/\">Portaria n\u00ba 003\/2025<\/a>(Disponibilizada em 16\/05\/2025)<\/strong> &#8211; <strong>ALTERAR<\/strong>\u00a0o cronograma de\u00a0<strong>CORREI\u00c7\u00d5ES PRESENCIAIS\u00a0<\/strong>do ano de 2025, previsto no art. 1\u00ba da Portaria n\u00ba 026\/2024, disponibilizada no dia 19\/12\/2024,\u00a0<strong>especificamente quanto ao m\u00eas designado para fiscaliza\u00e7\u00e3o da Comarca de Venda Nova do Imigrante*<\/strong>.<\/li>\n<li style=\"text-align: justify;\"><strong><a href=\"https:\/\/www.tjes.jus.br\/corregedoria\/2025\/04\/04\/portaria-no-02-2025-disp-28-03-2025\/\">Portaria n\u00ba 002\/2025<\/a> (Disponibilizada em 04\/04\/2025)<\/strong> &#8211; <strong>ALTERAR<\/strong>\u00a0o cronograma de\u00a0<strong>CORREI\u00c7\u00d5ES PRESENCIAIS\u00a0<\/strong>do ano de 2025, previsto no art. 1\u00ba da Portaria n\u00ba 026\/2024, disponibilizada no dia 19\/12\/2024.<\/li>\n<li style=\"text-align: justify;\"><strong><a href=\"https:\/\/www.tjes.jus.br\/corregedoria\/2025\/01\/08\/portaria-no-026-2024-disp-19-12-2024\/\">Portaria n\u00ba 26\/2024<\/a> (Disponibilizada em 19\/12\/2024)<\/strong> \u2013 Determinar a realiza\u00e7\u00e3o de\u00a0<strong>CORREI\u00c7\u00d5ES PRESENCIAIS<\/strong>\u00a0nas seguintes unidades judici\u00e1rias e serventias extrajudiciais do Estado do Esp\u00edrito Santo em 2025.<\/li>\n<\/ul>\n","protected":false},"excerpt":{"rendered":"<p>Portaria n\u00ba 003\/2025(Disponibilizada em 16\/05\/2025) &#8211; ALTERAR\u00a0o cronograma de\u00a0CORREI\u00c7\u00d5ES PRESENCIAIS\u00a0do ano de 2025, previsto no art. 1\u00ba da Portaria n\u00ba 026\/2024, disponibilizada no dia 19\/12\/2024,\u00a0especificamente quanto ao m\u00eas designado para fiscaliza\u00e7\u00e3o da Comarca de Venda Nova do Imigrante*. Portaria n\u00ba 002\/2025 (Disponibilizada em 04\/04\/2025) &#8211; ALTERAR\u00a0o cronograma de\u00a0CORREI\u00c7\u00d5ES PRESENCIAIS\u00a0do ano de 2025, previsto no art. [&hellip;]<\/p>\n","protected":false},"author":8,"featured_media":0,"parent":0,"menu_order":0,"comment_status":"closed","ping_status":"closed","template":"","meta":{"footnotes":""},"_links":{"self":[{"href":"https:\/\/www.tjes.jus.br\/corregedoria\/wp-json\/wp\/v2\/pages\/42104"}],"collection":[{"href":"https:\/\/www.tjes.jus.br\/corregedoria\/wp-json\/wp\/v2\/pages"}],"about":[{"href":"https:\/\/www.tjes.jus.br\/corregedoria\/wp-json\/wp\/v2\/types\/page"}],"author":[{"embeddable":true,"href":"https:\/\/www.tjes.jus.br\/corregedoria\/wp-json\/wp\/v2\/users\/8"}],"replies":[{"embeddable":true,"href":"https:\/\/www.tjes.jus.br\/corregedoria\/wp-json\/wp\/v2\/comments?post=42104"}],"version-history":[{"count":4,"href":"https:\/\/www.tjes.jus.br\/corregedoria\/wp-json\/wp\/v2\/pages\/42104\/revisions"}],"predecessor-version":[{"id":43885,"href":"https:\/\/www.tjes.jus.br\/corregedoria\/wp-json\/wp\/v2\/pages\/42104\/revisions\/43885"}],"wp:attachment":[{"href":"https:\/\/www.tjes.jus.br\/corregedoria\/wp-json\/wp\/v2\/media?parent=42104"}],"curies":[{"name":"wp","href":"https:\/\/api.w.org\/{rel}","templated":true}]}}