{"id":4236,"date":"2016-07-25T12:32:25","date_gmt":"2016-07-25T15:32:25","guid":{"rendered":"https:\/\/www.tjes.jus.br\/corregedoria\/?page_id=4236"},"modified":"2016-07-25T12:33:36","modified_gmt":"2016-07-25T15:33:36","slug":"certificado-digital","status":"publish","type":"page","link":"https:\/\/www.tjes.jus.br\/corregedoria\/certificado-digital\/","title":{"rendered":"Certificado Digital"},"content":{"rendered":"<p>1 &#8211; <a href=\"https:\/\/www.tjes.jus.br\/corregedoria\/wp-content\/uploads\/2016\/07\/manual.pdf\" target=\"_blank\">Manual de instala\u00e7\u00e3o e uso<\/a>;<\/p>\n<p>2 &#8211; <a href=\"https:\/\/www.tjes.jus.br\/corregedoria\/wp-content\/uploads\/2016\/07\/ACSRF.zip\" target=\"_blank\">Certificado Intermedi\u00e1rio ACSRF<\/a>;<\/p>\n<p>3 &#8211; <a href=\"https:\/\/www.tjes.jus.br\/corregedoria\/wp-content\/uploads\/2016\/07\/ACRAIZBRASIL.zip\" target=\"_blank\">Certificado Raiz Brasileira<\/a>;<\/p>\n<p>4 &#8211; <a href=\"https:\/\/www.tjes.jus.br\/corregedoria\/wp-content\/uploads\/2016\/07\/ACSERASA.zip\" target=\"_blank\">Certificado Intermedi\u00e1rio ACSERASA<\/a>.<\/p>\n","protected":false},"excerpt":{"rendered":"<p>1 &#8211; Manual de instala\u00e7\u00e3o e uso; 2 &#8211; Certificado Intermedi\u00e1rio ACSRF; 3 &#8211; Certificado Raiz Brasileira; 4 &#8211; Certificado Intermedi\u00e1rio ACSERASA.<\/p>\n","protected":false},"author":1,"featured_media":0,"parent":0,"menu_order":0,"comment_status":"closed","ping_status":"closed","template":"","meta":{"footnotes":""},"_links":{"self":[{"href":"https:\/\/www.tjes.jus.br\/corregedoria\/wp-json\/wp\/v2\/pages\/4236"}],"collection":[{"href":"https:\/\/www.tjes.jus.br\/corregedoria\/wp-json\/wp\/v2\/pages"}],"about":[{"href":"https:\/\/www.tjes.jus.br\/corregedoria\/wp-json\/wp\/v2\/types\/page"}],"author":[{"embeddable":true,"href":"https:\/\/www.tjes.jus.br\/corregedoria\/wp-json\/wp\/v2\/users\/1"}],"replies":[{"embeddable":true,"href":"https:\/\/www.tjes.jus.br\/corregedoria\/wp-json\/wp\/v2\/comments?post=4236"}],"version-history":[{"count":2,"href":"https:\/\/www.tjes.jus.br\/corregedoria\/wp-json\/wp\/v2\/pages\/4236\/revisions"}],"predecessor-version":[{"id":4241,"href":"https:\/\/www.tjes.jus.br\/corregedoria\/wp-json\/wp\/v2\/pages\/4236\/revisions\/4241"}],"wp:attachment":[{"href":"https:\/\/www.tjes.jus.br\/corregedoria\/wp-json\/wp\/v2\/media?parent=4236"}],"curies":[{"name":"wp","href":"https:\/\/api.w.org\/{rel}","templated":true}]}}