{"id":4244,"date":"2016-07-25T12:37:14","date_gmt":"2016-07-25T15:37:14","guid":{"rendered":"https:\/\/www.tjes.jus.br\/corregedoria\/?page_id=4244"},"modified":"2018-12-05T18:14:07","modified_gmt":"2018-12-05T20:14:07","slug":"certidao-de-acoes-no-pjes-para-pessoas-fisicas-e-juridicas","status":"publish","type":"page","link":"https:\/\/www.tjes.jus.br\/corregedoria\/certidao-de-acoes-no-pjes-para-pessoas-fisicas-e-juridicas\/","title":{"rendered":"Certid\u00e3o de A\u00e7\u00f5es no PJES para Pessoas F\u00edsicas e Jur\u00eddicas"},"content":{"rendered":"<ul>\n<li style=\"text-align: justify;\">\n<h4><a href=\"http:\/\/sistemas.tjes.jus.br\/certidaonegativa\/sistemas\/certidao\/CERTIDAOPESQUISA.cfm\" target=\"_blank\" rel=\"noopener\"><strong>Solicitar emiss\u00e3o de Certid\u00e3o Negativa<\/strong><\/a>;<\/h4>\n<\/li>\n<li>\n<h4><a href=\"http:\/\/sistemas.tjes.jus.br\/certidaonegativa\/sistemas\/certidao\/CERTIDAOAUTENTICIDADE.cfm\"><strong>Verificar autenticidade de Certid\u00e3o Negativa<\/strong>;<\/a><\/h4>\n<\/li>\n<li style=\"text-align: justify;\">\n<h4><a href=\"https:\/\/www.tjes.jus.br\/corregedoria\/2016\/06\/10\/ato-normativo-no-1972014-disp-25092014\/\" target=\"_blank\" rel=\"noopener\">Ato que descreve as regras da emiss\u00e3o da certid\u00e3o negativa.<\/a><\/h4>\n<\/li>\n<\/ul>\n<p>&nbsp;<\/p>\n<p style=\"text-align: justify;\">Solicitar emiss\u00e3o de Certid\u00e3o Negativa possibilita que qualquer pessoa f\u00edsica ou jur\u00eddica solicite a certid\u00e3o negativa de acordo com as naturezas disponibilizadas. Caso n\u00e3o haja qualquer registro nas bases processuais do Tribunal de Justi\u00e7a do Estado do Esp\u00edrito Santo, o solicitante poder\u00e1 imprimir imediatamente a sua certid\u00e3o. Caso n\u00e3o seja poss\u00edvel a emiss\u00e3o &#8211; seja pela ocorr\u00eancia de hom\u00f4nimos ou de informa\u00e7\u00f5es insuficientes para individualizar o solicitante -, ser\u00e1 necess\u00e1rio procurar a Se\u00e7\u00e3o de Protocolo e Distribui\u00e7\u00e3o do F\u00f3rum do seu domic\u00edlio, sendo de 1\u00ba grau e Distribui\u00e7\u00e3o do Tribunal de Justi\u00e7a, sendo 2\u00ba grau ou <a href=\"http:\/\/aplicativos.tjes.jus.br\/sistemaspublicos\/consulta_12_instancias\/consulta_proces.cfm\" target=\"_blank\" rel=\"noopener\">consultar processos<\/a>.<\/p>\n<p style=\"text-align: justify;\">Verificar autenticidade de Certid\u00e3o Negativa visa a confer\u00eancia das informa\u00e7\u00f5es contidas na Certid\u00e3o, de acordo com seu n\u00famero, pelas entidades a quem tenha sido apresentada e garante que a emiss\u00e3o foi efetuada pelo Tribunal de Justi\u00e7a do Estado do Esp\u00edrito Santo.<\/p>\n","protected":false},"excerpt":{"rendered":"<p>Solicitar emiss\u00e3o de Certid\u00e3o Negativa; Verificar autenticidade de Certid\u00e3o Negativa; Ato que descreve as regras da emiss\u00e3o da certid\u00e3o negativa. &nbsp; Solicitar emiss\u00e3o de Certid\u00e3o Negativa possibilita que qualquer pessoa f\u00edsica ou jur\u00eddica solicite a certid\u00e3o negativa de acordo com as naturezas disponibilizadas. Caso n\u00e3o haja qualquer registro nas bases processuais do Tribunal de Justi\u00e7a [&hellip;]<\/p>\n","protected":false},"author":1,"featured_media":0,"parent":0,"menu_order":0,"comment_status":"closed","ping_status":"closed","template":"","meta":{"footnotes":""},"_links":{"self":[{"href":"https:\/\/www.tjes.jus.br\/corregedoria\/wp-json\/wp\/v2\/pages\/4244"}],"collection":[{"href":"https:\/\/www.tjes.jus.br\/corregedoria\/wp-json\/wp\/v2\/pages"}],"about":[{"href":"https:\/\/www.tjes.jus.br\/corregedoria\/wp-json\/wp\/v2\/types\/page"}],"author":[{"embeddable":true,"href":"https:\/\/www.tjes.jus.br\/corregedoria\/wp-json\/wp\/v2\/users\/1"}],"replies":[{"embeddable":true,"href":"https:\/\/www.tjes.jus.br\/corregedoria\/wp-json\/wp\/v2\/comments?post=4244"}],"version-history":[{"count":22,"href":"https:\/\/www.tjes.jus.br\/corregedoria\/wp-json\/wp\/v2\/pages\/4244\/revisions"}],"predecessor-version":[{"id":25604,"href":"https:\/\/www.tjes.jus.br\/corregedoria\/wp-json\/wp\/v2\/pages\/4244\/revisions\/25604"}],"wp:attachment":[{"href":"https:\/\/www.tjes.jus.br\/corregedoria\/wp-json\/wp\/v2\/media?parent=4244"}],"curies":[{"name":"wp","href":"https:\/\/api.w.org\/{rel}","templated":true}]}}