{"id":4266,"date":"2016-07-25T13:12:46","date_gmt":"2016-07-25T16:12:46","guid":{"rendered":"https:\/\/www.tjes.jus.br\/corregedoria\/?page_id=4266"},"modified":"2026-03-25T15:47:43","modified_gmt":"2026-03-25T18:47:43","slug":"manuais-e-cartilhas","status":"publish","type":"page","link":"https:\/\/www.tjes.jus.br\/corregedoria\/manuais-e-cartilhas\/","title":{"rendered":"Manuais e Cartilhas"},"content":{"rendered":"<table style=\"width: 824px;\">\n<tbody>\n<tr style=\"height: 28px;\">\n<td style=\"width: 812px; height: 28px; text-align: justify;\" colspan=\"2\"><b>CGJES &#8211; Corregedoria Geral da Justi\u00e7a do ES<\/b><\/td>\n<\/tr>\n<tr style=\"height: 28px; text-align: justify;\">\n<td style=\"width: 67px; height: 322px;\"><\/td>\n<td style=\"width: 734px; height: 322px;\"><strong>Manuais do Sistema de Arrecada\u00e7\u00e3o<\/strong><\/p>\n<ul>\n<li>Capa (<a href=\"https:\/\/www.tjes.jus.br\/corregedoria\/wp-content\/uploads\/2016\/09\/Capa-do-Manual-do-Sistema-de-Arrecada\u00e7\u00e3o.pdf\">Clique aqui<\/a>)<\/li>\n<li>\u00cdndice (<a href=\"https:\/\/www.tjes.jus.br\/corregedoria\/wp-content\/uploads\/2016\/09\/Indice-do-Manual-do-Sistema-de-Arrecada\u00e7\u00e3o.pdf\">Clique aqui<\/a>)<\/li>\n<li>Introdu\u00e7\u00e3o (<a href=\"https:\/\/www.tjes.jus.br\/corregedoria\/wp-content\/uploads\/2016\/09\/Introdu\u00e7\u00e3o-do-Manual-do-Sistema-de-Arrecada\u00e7\u00e3o.pdf\">Clique aqui<\/a>)<\/li>\n<li>Configura\u00e7\u00e3o do Computador (<a href=\"https:\/\/www.tjes.jus.br\/corregedoria\/wp-content\/uploads\/2016\/09\/Configura\u00e7\u00e3o-computador-do-Manual-do-Sistema-de-Arrecada\u00e7\u00e3o.pdf\">Clique aqui<\/a>)<\/li>\n<li>Utiliza\u00e7\u00e3o do Sistema (<a href=\"https:\/\/www.tjes.jus.br\/corregedoria\/wp-content\/uploads\/2016\/09\/Manual-do-Sistema-de-Arrecada\u00e7\u00e3o-Utiliza\u00e7\u00e3o.pdf\">Clique aqui<\/a>)<\/li>\n<li>Recibo e Relat\u00f3rios (<a href=\"https:\/\/www.tjes.jus.br\/corregedoria\/wp-content\/uploads\/2016\/09\/Recibos-e-Relat\u00f3rios-Manual-do-Sistema-de-Arrecada\u00e7\u00e3o.pdf\">Clique aqui<\/a>)<\/li>\n<li>Exce\u00e7\u00f5es (<a href=\"https:\/\/www.tjes.jus.br\/corregedoria\/wp-content\/uploads\/2016\/09\/Exce\u00e7\u00f5es-Manual-do-Sistema-de-Arrecada\u00e7\u00e3o.pdf\">Clique aqui<\/a>)<\/li>\n<li>Lei n\u00ba 4.847\/93 (<a href=\"https:\/\/www.tjes.jus.br\/corregedoria\/wp-content\/uploads\/2016\/06\/Lei_Ordinaria_4847-1993.pdf\">Clique aqui<\/a>)<\/li>\n<li>Lei n\u00ba 6.670\/2001 (<a href=\"https:\/\/www.tjes.jus.br\/corregedoria\/wp-content\/uploads\/2016\/06\/Lei_Ordinaria_6670-2001.pdf\">Clique aqui<\/a>)<\/li>\n<\/ul>\n<\/td>\n<\/tr>\n<tr style=\"height: 28px;\">\n<td style=\"width: 67px; height: 28px;\"><\/td>\n<td style=\"width: 734px; height: 28px;\"><strong>Cartilha de Regulariza\u00e7\u00e3o Fundi\u00e1ria Urbana<\/strong> (<a href=\"https:\/\/www.tjes.jus.br\/corregedoria\/wp-content\/uploads\/2023\/07\/Cartilha-REURB.pdf\">Clique aqui<\/a>)<\/td>\n<\/tr>\n<tr>\n<td style=\"width: 67px;\"><\/td>\n<td style=\"width: 734px;\"><strong>Manual Simplificado do Usu\u00e1rio &#8211; BNMP 3.0 <\/strong>(<a href=\"https:\/\/www.tjes.jus.br\/corregedoria\/wp-content\/uploads\/2024\/10\/manual-usuario-bnmp-3-0.pdf\">Clique aqui<\/a>)<\/td>\n<\/tr>\n<tr style=\"height: 28px; text-align: justify;\">\n<td style=\"width: 67px; height: 98px;\"><\/td>\n<td style=\"width: 734px; height: 98px;\"><strong>Manual Orientativo de Emiss\u00e3o de Guias <\/strong>(<a href=\"https:\/\/www.tjes.jus.br\/corregedoria\/wp-content\/uploads\/2018\/07\/Manual-Orientativo-de-Emiss\u00e3o-de-Guias-v.5.pdf\">Clique aqui<\/a>)<br \/>\n<strong>Manual Emiss\u00e3o de Guia de Pena de Presta\u00e7\u00e3o Pecuni\u00e1ria pelas Unidades Gestoras\u00a0<\/strong>(<a href=\"https:\/\/www.tjes.jus.br\/corregedoria\/wp-content\/uploads\/2016\/07\/17-Emitir-guia-de-Prestacao-Pecuniaria-pelas-Unidades-Gestoras-UG.pdf\">Clique aqui<\/a>)<\/td>\n<\/tr>\n<tr style=\"height: 28px; text-align: justify;\">\n<td style=\"width: 67px; height: 40px;\"><\/td>\n<td style=\"width: 734px; height: 40px;\"><strong>Manual de Procedimentos para Contadorias Judiciais<\/strong> (<a href=\"https:\/\/www.tjes.jus.br\/corregedoria\/wp-content\/uploads\/2016\/09\/ManualContadorJudicialFinal_03-10-2011.pdf\">Clique aqui<\/a>)<\/td>\n<\/tr>\n<tr style=\"height: 28px;\">\n<td style=\"width: 67px; height: 28px;\"><\/td>\n<td style=\"width: 734px; height: 28px;\"><strong>Manual do Usu\u00e1rio &#8211; Situa\u00e7\u00e3o do Acervo\u00a0<\/strong>(<a href=\"https:\/\/www.tjes.jus.br\/corregedoria\/wp-content\/uploads\/2022\/02\/2022-manual-Situa\u00e7\u00e3o-do-Acervo-v1.pdf\">Clique aqui<\/a>)<strong><br \/>\n<\/strong><\/td>\n<\/tr>\n<tr style=\"height: 154px;\">\n<td style=\"width: 67px; height: 154px;\"><\/td>\n<td style=\"width: 734px; height: 154px;\"><strong>Manual de Sistema de Dep\u00f3sito Judicial<\/strong><\/p>\n<ul>\n<li>Abertura de Conta e consulta de Extrato (<a href=\"https:\/\/www.tjes.jus.br\/wp-content\/uploads\/Sistema-de-Dep%C3%B3sitos-Judiciais-Banestes-Abertura-de-Conta-e-Consulta-Extrato-1.pdf\" target=\"_blank\" rel=\"noopener\">Clique aqui<\/a>)<\/li>\n<li>Emitir Alvar\u00e1 Eletr\u00f4nico (<a href=\"https:\/\/www.tjes.jus.br\/wp-content\/uploads\/Sistema-de-Dep%C3%B3sitos-Judiciais-Banestes-Emitir-Alvar%C3%A1-Eletr%C3%B4nico-1.pdf\" target=\"_blank\" rel=\"noopener\">Clique aqui<\/a>)<\/li>\n<li>Assinar\u00a0Alvar\u00e1 Eletr\u00f4nico (<a href=\"https:\/\/www.tjes.jus.br\/wp-content\/uploads\/Sistema-de-Dep%C3%B3sitos-Judiciais-Banestes-Assinar-Alvar%C3%A1-Eletr%C3%B4nico-1.pdf\" target=\"_blank\" rel=\"noopener\">Clique aqui<\/a>)<\/li>\n<\/ul>\n<\/td>\n<\/tr>\n<tr style=\"height: 28px;\">\n<td style=\"width: 67px; height: 28px;\"><\/td>\n<td style=\"width: 734px; height: 28px;\"><strong>Manual PjeCor Acesso e Movimenta\u00e7\u00e3o de Processos por Magistrados\u00a0<\/strong>(<a href=\"https:\/\/www.tjes.jus.br\/corregedoria\/wp-content\/uploads\/2021\/05\/CGJES-Manual-PJeCor-Acesso-movimenta\u00e7\u00e3o-de-processos-por-magistrados-Varas-V3.pdf\">Clique aqui<\/a>)<br \/>\n<strong>Manual PjeCor Cadastro de representantes das Varas por Magistrados <\/strong>(<a href=\"https:\/\/www.tjes.jus.br\/corregedoria\/wp-content\/uploads\/2021\/08\/CGJES-Manual-PJeCor-Acesso-cadastro-usuarios-das-varas-pelo-magistrado.pdf\">Clique aqui<\/a>)<\/td>\n<\/tr>\n<tr style=\"height: 98px;\">\n<td style=\"width: 67px; height: 98px;\"><\/td>\n<td style=\"width: 734px; height: 98px;\"><strong>Manual PjeCor Acesso e Movimenta\u00e7\u00e3o de Processos por Delegat\u00e1rios <\/strong>(<a href=\"https:\/\/www.tjes.jus.br\/corregedoria\/wp-content\/uploads\/2021\/07\/CGJES-Manual-PJeCor-Acesso-movimenta\u00e7\u00e3o-de-processos-por-delegat\u00e1rio.pdf\">Clique aqui<\/a>)<br \/>\n<strong>Manual PjeCor Cadastro de usu\u00e1rios da Serventia por Delegat\u00e1rios <\/strong>(<a href=\"https:\/\/www.tjes.jus.br\/corregedoria\/wp-content\/uploads\/2021\/07\/CGJES-Manual-PJeCor-cadastro-usuarios-das-serventias-por-delegat\u00e1rio.pdf\">Clique aqui<\/a>)<\/td>\n<\/tr>\n<tr style=\"height: 126px;\">\n<td style=\"width: 67px; height: 126px;\"><\/td>\n<td style=\"width: 734px; height: 126px;\"><strong>Manual de Cunho Disciplinar em Face de Magistrados <\/strong>(<a href=\"https:\/\/www.tjes.jus.br\/corregedoria\/wp-content\/uploads\/2021\/06\/Manual-de-cunho-disciplinar-em-face-de-magistrados.pdf\">Clique aqui<\/a>)<\/p>\n<p style=\"text-align: justify;\"><strong><a href=\"https:\/\/www.tjes.jus.br\/corregedoria\/wp-content\/uploads\/2021\/06\/Ordem-de-Servico-06_2021.pdf\">Ordem de Servi\u00e7o n\u00ba 06\/2021<\/a>:<\/strong> Publicar o Manual de Cunho Disciplinar em face de Magistrados a todos os setores da Corregedoria Geral da Justi\u00e7a.<\/p>\n<\/td>\n<\/tr>\n<\/tbody>\n<\/table>\n<table style=\"width: 824px;\">\n<tbody>\n<tr style=\"height: 28px;\">\n<td style=\"width: 62px; height: 28px;\" colspan=\"2\"><strong>AMB &#8211; Associa\u00e7\u00e3o dos Magistrados Brasileiros<\/strong><\/td>\n<\/tr>\n<tr style=\"height: 28px;\">\n<td style=\"width: 62px;\"><\/td>\n<td style=\"width: 678px;\">\u00a0<a href=\"https:\/\/www.tjes.jus.br\/corregedoria\/wp-content\/uploads\/2016\/07\/AMB-Cartilha-Previdencia-para-Ju\u00edzes.pdf\" target=\"_blank\" rel=\"noopener\">AMB &#8211; Cartilha Previd\u00eancia para Ju\u00edzes<\/a><\/td>\n<\/tr>\n<tr style=\"height: 28px;\">\n<td style=\"width: 62px;\"><\/td>\n<td style=\"width: 678px;\">\u00a0<a href=\"https:\/\/www.tjes.jus.br\/corregedoria\/wp-content\/uploads\/2016\/07\/AMB-Pesquisa_JUIZES_2015.pdf\" target=\"_blank\" rel=\"noopener\">AMB &#8211; Pesquisa 2015<\/a><\/td>\n<\/tr>\n<\/tbody>\n<\/table>\n<table style=\"width: 824px;\">\n<tbody>\n<tr style=\"height: 28px;\">\n<td style=\"width: 62px; height: 28px;\" colspan=\"2\"><strong>CNJ &#8211; Conselho Nacional de Justi\u00e7a<\/strong><\/td>\n<\/tr>\n<tr style=\"height: 28px;\">\n<td style=\"width: 62px;\"><\/td>\n<td style=\"width: 678px;\"><a href=\"https:\/\/www.tjes.jus.br\/corregedoria\/wp-content\/uploads\/2016\/07\/CNJ-Gest\u00e3o-por-Compet\u00eancias.pdf\" target=\"_blank\" rel=\"noopener\">CNJ &#8211;\u00a0Gest\u00e3o por Compet\u00eancias<\/a><\/td>\n<\/tr>\n<tr style=\"height: 28px;\">\n<td style=\"width: 62px;\"><\/td>\n<td style=\"width: 678px;\"><a href=\"https:\/\/www.tjes.jus.br\/corregedoria\/wp-content\/uploads\/2016\/07\/CNJ-Guia-de-Concilia\u00e7\u00e3o-e-Media\u00e7\u00e3o.pdf\" target=\"_blank\" rel=\"noopener\">CNJ &#8211; Guia de Concilia\u00e7\u00e3o e Media\u00e7\u00e3o<\/a><\/td>\n<\/tr>\n<tr style=\"height: 28px;\">\n<td style=\"width: 62px;\"><\/td>\n<td style=\"width: 678px;\"><a href=\"https:\/\/www.tjes.jus.br\/corregedoria\/wp-content\/uploads\/2016\/07\/CNJ-Manual-de-Redes-Sociais-1.pdf\" target=\"_blank\" rel=\"noopener\">CNJ &#8211; Manual de Redes Sociais<\/a><\/td>\n<\/tr>\n<tr style=\"height: 28px;\">\n<td style=\"width: 62px;\"><\/td>\n<td style=\"width: 678px;\"><a href=\"https:\/\/www.tjes.jus.br\/corregedoria\/wp-content\/uploads\/2016\/07\/CNJ-Manual-do-CNCA-Cadastro-Nac-de-Crian\u00e7as-Acolhidas.pdf\" target=\"_blank\" rel=\"noopener\">CNJ &#8211; Manual do CNCA &#8211; Cadastro Nacional de Crian\u00e7as Acolhidas<\/a><\/td>\n<\/tr>\n<tr style=\"height: 28px;\">\n<td style=\"width: 62px;\"><\/td>\n<td style=\"width: 678px;\"><a href=\"https:\/\/www.tjes.jus.br\/corregedoria\/wp-content\/uploads\/2016\/07\/CNJ-Manual_Mediacao.pdf\" target=\"_blank\" rel=\"noopener\">CNJ &#8211; Manual de Media\u00e7\u00e3o<\/a><\/td>\n<\/tr>\n<tr style=\"height: 28px;\">\n<td style=\"width: 62px;\"><\/td>\n<td style=\"width: 678px;\"><a href=\"https:\/\/www.tjes.jus.br\/corregedoria\/wp-content\/uploads\/2016\/09\/Manual_rotinas_varas_criminais_CNJ.pdf\">CNJ &#8211; Manual Pr\u00e1tico de Rotinas das Varas Criminais e de Execu\u00e7\u00e3o Penal<\/a><\/td>\n<\/tr>\n<tr>\n<td style=\"width: 62px;\"><\/td>\n<td style=\"width: 678px;\"><a href=\"https:\/\/www.tjes.jus.br\/corregedoria\/wp-content\/uploads\/2025\/09\/Protocolo_para_julgamento_com_perspectiva_de_genero.pdf\" target=\"_blank\" rel=\"noopener\">CNJ &#8211; Protocolo para Julgamento com Perspectiva de G\u00eanero<\/a><\/td>\n<\/tr>\n<tr>\n<td style=\"width: 62px;\"><\/td>\n<td style=\"width: 678px;\"><a href=\"https:\/\/www.tjes.jus.br\/corregedoria\/wp-content\/uploads\/2025\/09\/Protocolo_para_julgamento_com_perspectiva_racial.pdf\" target=\"_blank\" rel=\"noopener\">CNJ &#8211; Protocolo de Julgamento com Perspectiva Racial<\/a><\/td>\n<\/tr>\n<\/tbody>\n<\/table>\n<table style=\"width: 824px;\">\n<tbody>\n<tr style=\"height: 28px;\">\n<td style=\"width: 62px; height: 28px;\" colspan=\"2\"><strong>STJ &#8211; Superior Tribunal de Justi\u00e7a<\/strong><\/td>\n<\/tr>\n<tr style=\"height: 28px;\">\n<td style=\"width: 62px;\"><\/td>\n<td style=\"width: 678px;\"><a href=\"https:\/\/www.tjes.jus.br\/corregedoria\/wp-content\/uploads\/2016\/07\/STJ-Manual-Padroniza\u00e7\u00e3o-Textos.pdf\" target=\"_blank\" rel=\"noopener\">STJ &#8211; Manual de Padroniza\u00e7\u00e3o de Textos<\/a><\/td>\n<\/tr>\n<\/tbody>\n<\/table>\n<table style=\"width: 824px;\">\n<tbody>\n<tr style=\"height: 28px;\">\n<td style=\"width: 62px; height: 28px;\" colspan=\"2\"><strong>TJDF &#8211; Tribunal de Justi\u00e7a do Distrito Federal<\/strong><\/td>\n<\/tr>\n<tr style=\"height: 28px;\">\n<td style=\"width: 62px;\"><\/td>\n<td style=\"width: 678px;\"><a href=\"https:\/\/www.tjes.jus.br\/corregedoria\/wp-content\/uploads\/2016\/07\/TJDFT-Cartorio-de-notas.pdf\" target=\"_blank\" rel=\"noopener\">TJDF &#8211; Cart\u00f3rio de Notas<\/a><\/td>\n<\/tr>\n<tr style=\"height: 28px;\">\n<td style=\"width: 62px;\"><\/td>\n<td style=\"width: 678px;\"><a href=\"https:\/\/www.tjes.jus.br\/corregedoria\/wp-content\/uploads\/2016\/07\/TJDFT-MANUAL_CorreicaoExtrajudicial.pdf\" target=\"_blank\" rel=\"noopener\">TJDF &#8211; Manual de Correi\u00e7\u00e3o Extrajudicial<\/a><\/td>\n<\/tr>\n<tr style=\"height: 28px;\">\n<td style=\"width: 62px;\"><\/td>\n<td style=\"width: 678px;\"><a href=\"https:\/\/www.tjes.jus.br\/corregedoria\/wp-content\/uploads\/2016\/07\/TJDFT-MANUAL_CorreicaoJudicial.pdf\" target=\"_blank\" rel=\"noopener\">TJDF &#8211; Manual de Correi\u00e7\u00e3o Judicial<\/a><\/td>\n<\/tr>\n<tr style=\"height: 28px;\">\n<td style=\"width: 62px;\"><\/td>\n<td style=\"width: 678px;\"><a href=\"https:\/\/www.tjes.jus.br\/corregedoria\/wp-content\/uploads\/2016\/07\/TJDFT-Protesto-de-Titulos.pdf\">TJDF &#8211; Protesto de T\u00edtulos<\/a><\/td>\n<\/tr>\n<tr style=\"height: 28px;\">\n<td style=\"width: 62px;\"><\/td>\n<td style=\"width: 678px;\"><a href=\"https:\/\/www.tjes.jus.br\/corregedoria\/wp-content\/uploads\/2016\/07\/TJDFT-Registro-Civil-das-Pessoas-Naturais.pdf\">TJDF &#8211; Registro Civil das Pessoas Naturais<\/a><\/td>\n<\/tr>\n<tr style=\"height: 28px;\">\n<td style=\"width: 62px;\"><\/td>\n<td style=\"width: 678px;\"><a href=\"https:\/\/www.tjes.jus.br\/corregedoria\/wp-content\/uploads\/2016\/07\/TJDFT-Registro-de-Imoveis.pdf\">TJDF &#8211; Registro de Im\u00f3veis<\/a><\/td>\n<\/tr>\n<\/tbody>\n<\/table>\n<table style=\"width: 824px;\">\n<tbody>\n<tr style=\"height: 28px;\">\n<td style=\"width: 62px; height: 28px;\" colspan=\"2\"><strong>TJMG &#8211; Tribunal de Justi\u00e7a de Minas Gerais<\/strong><\/td>\n<\/tr>\n<tr style=\"height: 28px;\">\n<td style=\"width: 62px;\"><\/td>\n<td style=\"width: 678px;\"><a href=\"https:\/\/www.tjes.jus.br\/corregedoria\/wp-content\/uploads\/2016\/07\/TJMG-Extrajudicial-Reg-Civ-Pessoas-Naturais.pdf\" target=\"_blank\" rel=\"noopener\">TJMG &#8211; Extrajudicial &#8211; Reg Civ Pessoas Naturais<\/a><\/td>\n<\/tr>\n<tr style=\"height: 28px;\">\n<td style=\"width: 62px;\"><\/td>\n<td style=\"width: 678px;\"><a href=\"https:\/\/www.tjes.jus.br\/corregedoria\/wp-content\/uploads\/2016\/07\/TJMG-Extrajudicial-Reg-Titulos-e-docs-Reg-Civ-P-Juridicas.pdf\" target=\"_blank\" rel=\"noopener\">TJMG &#8211; Extrajudicial &#8211; Reg Titulos e docs &#8211; Reg Civ P Juridicas<\/a><\/td>\n<\/tr>\n<tr style=\"height: 28px;\">\n<td style=\"width: 62px;\"><\/td>\n<td style=\"width: 678px;\"><a href=\"https:\/\/www.tjes.jus.br\/corregedoria\/wp-content\/uploads\/2016\/07\/TJMG-Extrajudicial-Registro-de-Imoveis.pdf\" target=\"_blank\" rel=\"noopener\">TJMG &#8211; Extrajudicial &#8211; Registro de Imoveis<\/a><\/td>\n<\/tr>\n<tr style=\"height: 28px;\">\n<td style=\"width: 62px;\"><\/td>\n<td style=\"width: 678px;\"><a href=\"https:\/\/www.tjes.jus.br\/corregedoria\/wp-content\/uploads\/2016\/07\/TJMG-Extrajudicial-Saiba-como-funciona.pdf\" target=\"_blank\" rel=\"noopener\">TJMG &#8211; Extrajudicial &#8211; Saiba como funciona<\/a><\/td>\n<\/tr>\n<tr style=\"height: 28px;\">\n<td style=\"width: 62px;\"><\/td>\n<td style=\"width: 678px;\"><a href=\"https:\/\/www.tjes.jus.br\/corregedoria\/wp-content\/uploads\/2016\/07\/TJMG-Extrajudicial-Tabelionato-de-Notas.pdf\" target=\"_blank\" rel=\"noopener\">TJMG &#8211; Extrajudicial &#8211; Tabelionato de Notas<\/a><\/td>\n<\/tr>\n<tr style=\"height: 28px;\">\n<td style=\"width: 62px;\"><\/td>\n<td style=\"width: 678px;\"><a href=\"https:\/\/www.tjes.jus.br\/corregedoria\/wp-content\/uploads\/2016\/07\/TJMG-Extrajudicial-Tabelionato-de-Protestos.pdf\" target=\"_blank\" rel=\"noopener\">TJMG &#8211; Extrajudicial &#8211; Tabelionato de Protestos<\/a><\/td>\n<\/tr>\n<tr style=\"height: 28px;\">\n<td style=\"width: 62px;\"><\/td>\n<td style=\"width: 678px;\"><a href=\"https:\/\/www.tjes.jus.br\/corregedoria\/wp-content\/uploads\/2016\/07\/TJMG-Manual-para-curso-de-pretendente-a-adocao.pdf\" target=\"_blank\" rel=\"noopener\">TJMG &#8211; Manual para curso de pretendente a Ado\u00e7\u00e3o<\/a><\/td>\n<\/tr>\n<tr style=\"height: 28px;\">\n<td style=\"width: 62px;\"><\/td>\n<td style=\"width: 678px;\"><a href=\"https:\/\/www.tjes.jus.br\/corregedoria\/wp-content\/uploads\/2016\/07\/TJMG-Manual_atos_normativos-27_06_14.pdf\" target=\"_blank\" rel=\"noopener\">TJMG &#8211; Manual de Atos Normativos<\/a><\/td>\n<\/tr>\n<tr style=\"height: 28px;\">\n<td style=\"width: 62px;\"><\/td>\n<td style=\"width: 678px;\"><a href=\"https:\/\/www.tjes.jus.br\/corregedoria\/wp-content\/uploads\/2016\/07\/TJMG-MANUAL_DE_BOAS_PRATICAS_DE_GESTAO_DOS_GABINETES.pdf\" target=\"_blank\" rel=\"noopener\">TJMG &#8211; Manual de Boas Pr\u00e1ticas de Gest\u00e3o dos Gabinetes<\/a><\/td>\n<\/tr>\n<\/tbody>\n<\/table>\n<table style=\"width: 824px;\">\n<tbody>\n<tr style=\"height: 28px;\">\n<td style=\"width: 62px; height: 28px;\" colspan=\"2\"><strong>TJRN &#8211; Tribunal de Justi\u00e7a do Rio Grande do Norte<\/strong><\/td>\n<\/tr>\n<tr style=\"height: 28px;\">\n<td style=\"width: 62px;\"><\/td>\n<td style=\"width: 678px;\"><a href=\"https:\/\/www.tjes.jus.br\/corregedoria\/wp-content\/uploads\/2016\/07\/TJRN-Manual-de-Inf-e-Juv.pdf\" target=\"_blank\" rel=\"noopener\">TJRN &#8211; Manual de Inf\u00e2ncia e Juventude<\/a><\/td>\n<\/tr>\n<\/tbody>\n<\/table>\n<table style=\"width: 824px;\">\n<tbody>\n<tr style=\"height: 28px;\">\n<td style=\"width: 62px; height: 28px;\" colspan=\"2\"><strong>TJRS &#8211; Tribunal de Justi\u00e7a do Rio Grande do Sul<\/strong><\/td>\n<\/tr>\n<tr style=\"height: 28px;\">\n<td style=\"width: 62px;\"><\/td>\n<td style=\"width: 678px;\"><a href=\"https:\/\/www.tjes.jus.br\/corregedoria\/wp-content\/uploads\/2016\/07\/TJRS-Cartilha-Superendividado.pdf\" target=\"_blank\" rel=\"noopener\">TJRS &#8211; Cartilha Superendividado<\/a><\/td>\n<\/tr>\n<\/tbody>\n<\/table>\n<table style=\"width: 824px;\">\n<tbody>\n<tr style=\"height: 28px;\">\n<td style=\"width: 62px; height: 28px;\" colspan=\"2\"><strong>TJSP &#8211; Tribunal de Justi\u00e7a de S\u00e3o Paulo<\/strong><\/td>\n<\/tr>\n<tr style=\"height: 28px;\">\n<td style=\"width: 62px;\"><\/td>\n<td style=\"width: 678px;\"><a href=\"https:\/\/www.tjes.jus.br\/corregedoria\/wp-content\/uploads\/2016\/07\/TJSP-CGJSP-Cartilha-Extrajudicial.pdf\" target=\"_blank\" rel=\"noopener\">TJSP &#8211; Cartilha Extrajudicial<\/a><\/td>\n<\/tr>\n<\/tbody>\n<\/table>\n<table style=\"width: 824px;\">\n<tbody>\n<tr style=\"height: 28px;\">\n<td style=\"width: 62px; height: 28px;\" colspan=\"2\"><strong>TJTO &#8211; Tribunal de Justi\u00e7a de Tocantins<\/strong><\/td>\n<\/tr>\n<tr style=\"height: 28px;\">\n<td style=\"width: 62px;\"><\/td>\n<td style=\"width: 678px;\"><a href=\"https:\/\/www.tjes.jus.br\/corregedoria\/wp-content\/uploads\/2016\/07\/TJTO-ManualProcedimentosPenaisEstadoTO.pdf\" target=\"_blank\" rel=\"noopener\">TJTO &#8211; Manual de Procedimentos Penais<\/a><\/td>\n<\/tr>\n<\/tbody>\n<\/table>\n<table style=\"width: 824px;\">\n<tbody>\n<tr style=\"height: 28px; text-align: justify;\">\n<td style=\"width: 62px; height: 28px;\" colspan=\"2\"><strong>TJGO &#8211; Tribunal de Justi\u00e7a de\u00a0Goi\u00e1s<\/strong><\/td>\n<\/tr>\n<tr style=\"height: 28px;\">\n<td style=\"width: 62px; text-align: justify;\"><\/td>\n<td style=\"width: 678px; text-align: justify;\"><a href=\"https:\/\/www.tjes.jus.br\/corregedoria\/wp-content\/uploads\/2016\/07\/TJGO-Manual_Infancia_e_Juventude.pdf\" target=\"_blank\" rel=\"noopener\">TJGO &#8211; Manual Inf\u00e2ncia e Juventude<\/a><\/td>\n<\/tr>\n<\/tbody>\n<\/table>\n","protected":false},"excerpt":{"rendered":"<p>CGJES &#8211; Corregedoria Geral da Justi\u00e7a do ES Manuais do Sistema de Arrecada\u00e7\u00e3o Capa (Clique aqui) \u00cdndice (Clique aqui) Introdu\u00e7\u00e3o (Clique aqui) Configura\u00e7\u00e3o do Computador (Clique aqui) Utiliza\u00e7\u00e3o do Sistema (Clique aqui) Recibo e Relat\u00f3rios (Clique aqui) Exce\u00e7\u00f5es (Clique aqui) Lei n\u00ba 4.847\/93 (Clique aqui) Lei n\u00ba 6.670\/2001 (Clique aqui) Cartilha de Regulariza\u00e7\u00e3o Fundi\u00e1ria Urbana [&hellip;]<\/p>\n","protected":false},"author":1,"featured_media":0,"parent":0,"menu_order":0,"comment_status":"closed","ping_status":"closed","template":"","meta":{"footnotes":""},"_links":{"self":[{"href":"https:\/\/www.tjes.jus.br\/corregedoria\/wp-json\/wp\/v2\/pages\/4266"}],"collection":[{"href":"https:\/\/www.tjes.jus.br\/corregedoria\/wp-json\/wp\/v2\/pages"}],"about":[{"href":"https:\/\/www.tjes.jus.br\/corregedoria\/wp-json\/wp\/v2\/types\/page"}],"author":[{"embeddable":true,"href":"https:\/\/www.tjes.jus.br\/corregedoria\/wp-json\/wp\/v2\/users\/1"}],"replies":[{"embeddable":true,"href":"https:\/\/www.tjes.jus.br\/corregedoria\/wp-json\/wp\/v2\/comments?post=4266"}],"version-history":[{"count":60,"href":"https:\/\/www.tjes.jus.br\/corregedoria\/wp-json\/wp\/v2\/pages\/4266\/revisions"}],"predecessor-version":[{"id":46758,"href":"https:\/\/www.tjes.jus.br\/corregedoria\/wp-json\/wp\/v2\/pages\/4266\/revisions\/46758"}],"wp:attachment":[{"href":"https:\/\/www.tjes.jus.br\/corregedoria\/wp-json\/wp\/v2\/media?parent=4266"}],"curies":[{"name":"wp","href":"https:\/\/api.w.org\/{rel}","templated":true}]}}