{"id":4268,"date":"2016-07-25T13:19:22","date_gmt":"2016-07-25T16:19:22","guid":{"rendered":"https:\/\/www.tjes.jus.br\/corregedoria\/?page_id=4268"},"modified":"2016-09-05T13:56:40","modified_gmt":"2016-09-05T16:56:40","slug":"procedimentos-para-habilitacao-a-adocao-internacional","status":"publish","type":"page","link":"https:\/\/www.tjes.jus.br\/corregedoria\/procedimentos-para-habilitacao-a-adocao-internacional\/","title":{"rendered":"Procedimentos para Habilita\u00e7\u00e3o \u00e0 Ado\u00e7\u00e3o Internacional"},"content":{"rendered":"<p style=\"text-align: justify;\">O pedido de habilita\u00e7\u00e3o de postulante residente ou domiciliado fora do pa\u00eds ser\u00e1 formalizado por <strong>peti\u00e7\u00e3o<\/strong>, com <strong>firma reconhecida<\/strong>, e encaminhado \u00e0 Comiss\u00e3o <strong>atrav\u00e9s de organismo estrangeiro cadastrado na CEJA\/ES<\/strong> ou <strong>diretamente pela Autoridade Central do pa\u00eds de domic\u00edlio do pretendente<\/strong>, <em>instru\u00eddo com<\/em>:<\/p>\n<p style=\"text-align: justify; padding-left: 60px;\"><strong>I \u2013<\/strong> documento expedido pela autoridade competente do pa\u00eds de domic\u00edlio do pretendente, comprovando sua habilita\u00e7\u00e3o para adotar crian\u00e7a ou adolescente estrangeiro;<\/p>\n<p style=\"text-align: justify; padding-left: 60px;\"><strong>II \u2013<\/strong> declara\u00e7\u00e3o, firmada de pr\u00f3prio punho, de ci\u00eancia da gratuidade e irrevogabilidade da ado\u00e7\u00e3o no Brasil;<\/p>\n<p style=\"text-align: justify; padding-left: 60px;\"><strong>III \u2013<\/strong> declara\u00e7\u00e3o, firmada de pr\u00f3prio punho, de ci\u00eancia da proibi\u00e7\u00e3o de qualquer contato com pais, guardi\u00e3o e com a crian\u00e7a ou adolescente no Brasil, antes que tenha sido expedido o \u201cAcordo de Continuidade do Procedimento de Ado\u00e7\u00e3o\u201d e autorizado pelo ju\u00edzo competente;<\/p>\n<p style=\"text-align: justify; padding-left: 60px;\"><strong>IV \u2013<\/strong> procura\u00e7\u00e3o do organismo estrangeiro a que o pretendente esteja vinculado, quando aplic\u00e1vel;<\/p>\n<p style=\"text-align: justify; padding-left: 60px;\"><strong>V \u2013<\/strong> atestado de sanidade f\u00edsica e mental;<\/p>\n<p style=\"text-align: justify; padding-left: 60px;\"><strong>VI \u2013<\/strong> estudo psicol\u00f3gico e estudo social sobre o requerente, incluindo motiva\u00e7\u00e3o para a ado\u00e7\u00e3o, realizados por entidade especializada e credenciada no pa\u00eds de domic\u00edlio do pretendente;<\/p>\n<p style=\"text-align: justify; padding-left: 60px;\"><strong>VII \u2013<\/strong> atestado de antecedentes criminais;<\/p>\n<p style=\"text-align: justify; padding-left: 60px;\"><strong>VIII \u2013<\/strong> atestado de resid\u00eancia;<\/p>\n<p style=\"text-align: justify; padding-left: 60px;\"><strong>IX \u2013<\/strong> declara\u00e7\u00e3o de rendimentos;<\/p>\n<p style=\"text-align: justify; padding-left: 60px;\"><strong>X \u2013<\/strong> certid\u00e3o de nascimento ou casamento;<\/p>\n<p style=\"text-align: justify; padding-left: 60px;\"><strong>XI \u2013<\/strong> passaporte v\u00e1lido;<\/p>\n<p style=\"text-align: justify; padding-left: 60px;\"><strong>XII \u2013<\/strong> fotografias em boa qualidade do pretendente, sua fam\u00edlia e resid\u00eancia habitual;<\/p>\n<p style=\"text-align: justify; padding-left: 60px;\"><strong>XIII \u2013<\/strong> legisla\u00e7\u00e3o sobre ado\u00e7\u00e3o no pa\u00eds de domic\u00edlio, com prova de vig\u00eancia;<\/p>\n<p style=\"text-align: justify; padding-left: 60px;\"><strong>XIV \u2013<\/strong> termo de anu\u00eancia do c\u00f4njuge ou convivente, caso n\u00e3o seja de seu interesse adotar conjuntamente com o\/a pretendente.<\/p>\n<p style=\"text-align: justify;\">&#8211; Os documentos\u00a0acima listados dever\u00e3o ser apresentados em suas <strong>vias originais ou c\u00f3pias devidamente autenticadas pela autoridade consular ou apostiladas<\/strong>, <em>observados os tratados e conven\u00e7\u00f5es internacionais, e acompanhados da respectiva tradu\u00e7\u00e3o para l\u00edngua portuguesa por tradutor p\u00fablico juramentada<\/em>.<\/p>\n<p style=\"text-align: justify;\">&#8211; C\u00f3pias de documentos j\u00e1 analisados por outra Comiss\u00e3o poder\u00e3o instruir o requerimento, desde que autenticados pela mesma.<\/p>\n<p style=\"text-align: justify;\">&#8211; Tratando-se de pedido de habilita\u00e7\u00e3o de requerente estrangeiro ou brasileiro residente no exterior, sua habilita\u00e7\u00e3o ser\u00e1 sempre perante a CEJA\/ES.<\/p>\n<p style=\"text-align: justify;\">&#8211; O estrangeiro residente e domiciliado no Brasil, com visto de perman\u00eancia ativo, habilitar-se-\u00e1 diretamente perante o Juizado da Inf\u00e2ncia e Juventude.<\/p>\n<p style=\"text-align: justify;\">&#8211; Os pedidos de Habilita\u00e7\u00e3o ser\u00e3o registrados e autuados respeitada a ordem <strong>cronol\u00f3gica<\/strong> de entrada.<\/p>\n<p style=\"text-align: justify;\">&#8211; Deferido o pedido de Habilita\u00e7\u00e3o expedir-se-\u00e1 o Laudo de Habilita\u00e7\u00e3o e o pretendente ser\u00e1 imediatamente cadastrado no Sistema de Informa\u00e7\u00e3o e Ger\u00eancia da Ado\u00e7\u00e3o e Acolhimento-<strong>SIGA\/ES<\/strong>, respeitada a ordem <strong>cronol\u00f3gica<\/strong> da habilita\u00e7\u00e3o.<\/p>\n","protected":false},"excerpt":{"rendered":"<p>O pedido de habilita\u00e7\u00e3o de postulante residente ou domiciliado fora do pa\u00eds ser\u00e1 formalizado por peti\u00e7\u00e3o, com firma reconhecida, e encaminhado \u00e0 Comiss\u00e3o atrav\u00e9s de organismo estrangeiro cadastrado na CEJA\/ES ou diretamente pela Autoridade Central do pa\u00eds de domic\u00edlio do pretendente, instru\u00eddo com: I \u2013 documento expedido pela autoridade competente do pa\u00eds de domic\u00edlio do [&hellip;]<\/p>\n","protected":false},"author":1,"featured_media":0,"parent":0,"menu_order":0,"comment_status":"closed","ping_status":"closed","template":"","meta":{"footnotes":""},"_links":{"self":[{"href":"https:\/\/www.tjes.jus.br\/corregedoria\/wp-json\/wp\/v2\/pages\/4268"}],"collection":[{"href":"https:\/\/www.tjes.jus.br\/corregedoria\/wp-json\/wp\/v2\/pages"}],"about":[{"href":"https:\/\/www.tjes.jus.br\/corregedoria\/wp-json\/wp\/v2\/types\/page"}],"author":[{"embeddable":true,"href":"https:\/\/www.tjes.jus.br\/corregedoria\/wp-json\/wp\/v2\/users\/1"}],"replies":[{"embeddable":true,"href":"https:\/\/www.tjes.jus.br\/corregedoria\/wp-json\/wp\/v2\/comments?post=4268"}],"version-history":[{"count":4,"href":"https:\/\/www.tjes.jus.br\/corregedoria\/wp-json\/wp\/v2\/pages\/4268\/revisions"}],"predecessor-version":[{"id":6030,"href":"https:\/\/www.tjes.jus.br\/corregedoria\/wp-json\/wp\/v2\/pages\/4268\/revisions\/6030"}],"wp:attachment":[{"href":"https:\/\/www.tjes.jus.br\/corregedoria\/wp-json\/wp\/v2\/media?parent=4268"}],"curies":[{"name":"wp","href":"https:\/\/api.w.org\/{rel}","templated":true}]}}