{"id":42902,"date":"2025-03-20T14:54:33","date_gmt":"2025-03-20T17:54:33","guid":{"rendered":"https:\/\/www.tjes.jus.br\/corregedoria\/?page_id=42902"},"modified":"2025-03-20T15:01:36","modified_gmt":"2025-03-20T18:01:36","slug":"assessoria-de-planejamento-e-fiscalizacao-das-serventias-2025","status":"publish","type":"page","link":"https:\/\/www.tjes.jus.br\/corregedoria\/assessoria-de-planejamento-e-fiscalizacao-das-serventias-2025\/","title":{"rendered":"Assessoria de Planejamento e Fiscaliza\u00e7\u00e3o das Serventias \u2013 2025"},"content":{"rendered":"\n<p style=\"text-align: justify;\"><strong><a href=\"https:\/\/www.tjes.jus.br\/corregedoria\/2025\/03\/20\/oficio-circular-cgjes-01-2025-disp-20-03-2025\/\">Of\u00edcio Circular CGJES N\u00ba 01\/2025<\/a>\u00a0\u2013<\/strong> \u00a0<strong>Assessoria de Planejamento e Fiscaliza\u00e7\u00e3o das Serventias \u2013 (Disponibilizado em 20\/03\/2025) \u2013 <\/strong>Determinar\u00a0aos\u00a0Cart\u00f3rios de Notas do Estado do Esp\u00edrito Santo\u00a0a n\u00e3o aplica\u00e7\u00e3o do disposto na nota 3, tabela 7 do Ato n.\u00ba 03\/2024,\u00a0face a aus\u00eancia de regulamenta\u00e7\u00e3o por esta Corregedoria Geral de Justi\u00e7a.<\/p>\n","protected":false},"excerpt":{"rendered":"<p>Of\u00edcio Circular CGJES N\u00ba 01\/2025\u00a0\u2013 \u00a0Assessoria de Planejamento e Fiscaliza\u00e7\u00e3o das Serventias \u2013 (Disponibilizado em 20\/03\/2025) \u2013 Determinar\u00a0aos\u00a0Cart\u00f3rios de Notas do Estado do Esp\u00edrito Santo\u00a0a n\u00e3o aplica\u00e7\u00e3o do disposto na nota 3, tabela 7 do Ato n.\u00ba 03\/2024,\u00a0face a aus\u00eancia de regulamenta\u00e7\u00e3o por esta Corregedoria Geral de Justi\u00e7a.<\/p>\n","protected":false},"author":8,"featured_media":0,"parent":0,"menu_order":0,"comment_status":"closed","ping_status":"closed","template":"","meta":{"footnotes":""},"_links":{"self":[{"href":"https:\/\/www.tjes.jus.br\/corregedoria\/wp-json\/wp\/v2\/pages\/42902"}],"collection":[{"href":"https:\/\/www.tjes.jus.br\/corregedoria\/wp-json\/wp\/v2\/pages"}],"about":[{"href":"https:\/\/www.tjes.jus.br\/corregedoria\/wp-json\/wp\/v2\/types\/page"}],"author":[{"embeddable":true,"href":"https:\/\/www.tjes.jus.br\/corregedoria\/wp-json\/wp\/v2\/users\/8"}],"replies":[{"embeddable":true,"href":"https:\/\/www.tjes.jus.br\/corregedoria\/wp-json\/wp\/v2\/comments?post=42902"}],"version-history":[{"count":3,"href":"https:\/\/www.tjes.jus.br\/corregedoria\/wp-json\/wp\/v2\/pages\/42902\/revisions"}],"predecessor-version":[{"id":42912,"href":"https:\/\/www.tjes.jus.br\/corregedoria\/wp-json\/wp\/v2\/pages\/42902\/revisions\/42912"}],"wp:attachment":[{"href":"https:\/\/www.tjes.jus.br\/corregedoria\/wp-json\/wp\/v2\/media?parent=42902"}],"curies":[{"name":"wp","href":"https:\/\/api.w.org\/{rel}","templated":true}]}}