{"id":4357,"date":"2016-07-25T15:09:03","date_gmt":"2016-07-25T18:09:03","guid":{"rendered":"https:\/\/www.tjes.jus.br\/corregedoria\/?page_id=4357"},"modified":"2019-12-19T14:18:22","modified_gmt":"2019-12-19T16:18:22","slug":"instrucoes-normativas-2","status":"publish","type":"page","link":"https:\/\/www.tjes.jus.br\/corregedoria\/legislacao\/instrucoes-normativas-2\/","title":{"rendered":"Instru\u00e7\u00f5es Normativas"},"content":{"rendered":"<h2 style=\"text-align: justify;\">2018<\/h2>\n<ul style=\"text-align: justify;\">\n<li style=\"text-align: justify;\"><a href=\"https:\/\/www.tjes.jus.br\/corregedoria\/2018\/07\/19\/instrucao-conjunta-no-001-2018-disp-19-07-2018\/\"><strong>N\u00ba 001\/2018<\/strong><\/a>\u00a0(CONJUNTA) &#8211; \u00a019\/07\/2018 &#8211; Disp\u00f5em, no \u00e2mbito do Estado do Esp\u00edrito Santo, sobre a destrui\u00e7\u00e3o das subst\u00e2ncias entorpecentes apreendidos em inqu\u00e9ritos policiais, procedimentos ou processos criminais e de apura\u00e7\u00e3o de atos infracionais, e d\u00e1 outras provid\u00eancias.<\/li>\n<\/ul>\n<h2 style=\"text-align: justify;\">2010<\/h2>\n<ul style=\"text-align: justify;\">\n<li style=\"text-align: justify;\"><a href=\"https:\/\/www.tjes.jus.br\/PDF\/arquivoscgjes\/normasinternas\/instrucoes\/2010\/Instrucao_002_2010.pdf\"><strong>N\u00ba 002\/2010<\/strong><\/a>\u00a0&#8211;\u00a0 21\/06\/2010 &#8211;\u00a0Determina a utiliza\u00e7\u00e3o do Sistema Recursos Humanos On Line para registro da frequ\u00eancia mensal, escala de f\u00e9rias e recesso anual e requerimentos de f\u00e9rias, recesso e abono pelos servidores p\u00fablicos do Poder Judici\u00e1rio em todas as Comarcas do Estado do Esp\u00edrito Santo.<\/li>\n<li style=\"text-align: justify;\"><a href=\"https:\/\/www.tjes.jus.br\/PDF\/arquivoscgjes\/normasinternas\/instrucoes\/2010\/Instrucao_001_2010.pdf\"><strong>N\u00ba 001\/2010<\/strong><\/a>\u00a0&#8211;\u00a0 02\/06\/2010 &#8211;\u00a0Altera\u00a0parcialmente, a rela\u00e7\u00e3o do artigo 2\u00ba, parte final, da Instru\u00e7\u00e3o n\u00ba. 006\/2009, editada\u00a0por esta Corregedoria Geral da justi\u00e7a, objetivando conform\u00e1-la ao disposto no art. 86, caput,\u00a0da lei Complementar estadual no. 46\/94.\u00a0<b><\/b><\/li>\n<\/ul>\n<h2 style=\"text-align: justify;\">2009<\/h2>\n<ul style=\"text-align: justify;\">\n<li style=\"text-align: justify;\"><a href=\"https:\/\/www.tjes.jus.br\/PDF\/arquivoscgjes\/normasinternas\/instrucoes\/Instrucao_n%C2%BA006_2009.pdf\"><strong>N\u00ba 006\/2009\u00a0<\/strong><\/a>&#8211;\u00a0 01\/07\/2009 &#8211;\u00a0Disp\u00f5e sobre medidas necess\u00e1rias para a concess\u00e3o\u00a0e pagamento\u00a0de di\u00e1rias\u00a0de acordo com a Resolu\u00e7\u00e3o n\u00ad\u00ba 73, do CNJ, de 28 de Abril de 2009 harmonizando os crit\u00e9rios da Instru\u00e7\u00e3o n\u00ba 005\/2009.<\/li>\n<li style=\"text-align: justify;\"><a href=\"https:\/\/www.tjes.jus.br\/PDF\/arquivoscgjes\/normasinternas\/instrucoes\/Instrucao_n%C2%BA005_2009.pdf\"><strong>N\u00ba 005\/2009<\/strong><\/a>\u00a0&#8211;\u00a0 24\/06\/2009 &#8211;\u00a0Determina medidas para a concess\u00e3o e pagamento de di\u00e1rias no \u00e2mbito do Poder Judici\u00e1rio de acordo com a Resolu\u00e7\u00e3o do CNJ n\u00ba 73, de 28 de abril de 2009, revogando a Instru\u00e7\u00e3o N\u00ba 004\/2008.<\/li>\n<\/ul>\n<h2 style=\"text-align: justify;\">2008<\/h2>\n<ul style=\"text-align: justify;\">\n<li><a href=\"https:\/\/www.tjes.jus.br\/PDF\/arquivoscgjes\/normasinternas\/instrucoes\/INSTRU%C3%87%C3%83O%20N%204%20-%20DI%C3%81RIAS%20-%20PARA%20PUBLICAR.pdf\" target=\"_blank\" rel=\"noopener\"><strong>N\u00ba 004\/2008<\/strong><\/a>\u00a0&#8211;\u00a0 09\/07\/2008 &#8211;\u00a0Determina regras para a concess\u00e3o e pagamento de di\u00e1rias, revogando todas as instru\u00e7\u00f5es\u00a0anteriores sobre esta mat\u00e9ria.<\/li>\n<li><a href=\"https:\/\/www.tjes.jus.br\/PDF\/arquivoscgjes\/normasinternas\/instrucoes\/Instru%C3%A7%C3%A3o_003.08_publicada_em_14.02.08.pdf\" target=\"_blank\" rel=\"noopener\"><strong>N\u00ba 003\/2008<\/strong><\/a>\u00a0&#8211;\u00a0 14\/02\/2008 &#8211;\u00a0Disp\u00f5e sobre o encaminhamento mensal do quantitativo de processos judiciais de separa\u00e7\u00e3o e div\u00f3rcio encerrados em 1\u00aa. inst\u00e2ncia pelos Ju\u00edzes das Varas de Fam\u00edlia e os Ju\u00edzes Diretores de Foruns de 1\u00aa. e 2\u00aa. Entr\u00e2ncias.<\/li>\n<li><a href=\"https:\/\/www.tjes.jus.br\/PDF\/arquivoscgjes\/normasinternas\/instrucoes\/INSTRU%C3%87%C3%83O_N%C2%BA%20001_DI%C3%81RIAS.pdf\"><strong>N\u00ba 001\/2008<\/strong><\/a>\u00a0&#8211;\u00a0 29\/01\/2008 &#8211;\u00a0Disp\u00f5e sobre a concess\u00e3o e o pagamento de di\u00e1rias, tendo em vista Decis\u00e3o do Egr\u00e9gio Tribunal do Pleno.<\/li>\n<\/ul>\n<h2 style=\"text-align: justify;\">2006<\/h2>\n<ul>\n<li style=\"text-align: justify;\"><a href=\"https:\/\/www.tjes.jus.br\/PDF\/arquivoscgjes\/normasinternas\/instrucoes\/OrientDiarias.pdf\" target=\"_blank\" rel=\"noopener\">Di\u00e1rias &#8211; Orienta\u00e7\u00f5es<\/a><\/li>\n<li style=\"text-align: justify;\"><a href=\"https:\/\/www.tjes.jus.br\/PDF\/arquivoscgjes\/normasinternas\/instrucoes\/BoletimDiarias.pdf\" target=\"_blank\" rel=\"noopener\">Di\u00e1rias &#8211; Boletim<\/a><\/li>\n<\/ul>\n","protected":false},"excerpt":{"rendered":"<p>2018 N\u00ba 001\/2018\u00a0(CONJUNTA) &#8211; \u00a019\/07\/2018 &#8211; Disp\u00f5em, no \u00e2mbito do Estado do Esp\u00edrito Santo, sobre a destrui\u00e7\u00e3o das subst\u00e2ncias entorpecentes apreendidos em inqu\u00e9ritos policiais, procedimentos ou processos criminais e de apura\u00e7\u00e3o de atos infracionais, e d\u00e1 outras provid\u00eancias. 2010 N\u00ba 002\/2010\u00a0&#8211;\u00a0 21\/06\/2010 &#8211;\u00a0Determina a utiliza\u00e7\u00e3o do Sistema Recursos Humanos On Line para registro da frequ\u00eancia [&hellip;]<\/p>\n","protected":false},"author":1,"featured_media":0,"parent":216,"menu_order":0,"comment_status":"closed","ping_status":"closed","template":"","meta":{"footnotes":""},"_links":{"self":[{"href":"https:\/\/www.tjes.jus.br\/corregedoria\/wp-json\/wp\/v2\/pages\/4357"}],"collection":[{"href":"https:\/\/www.tjes.jus.br\/corregedoria\/wp-json\/wp\/v2\/pages"}],"about":[{"href":"https:\/\/www.tjes.jus.br\/corregedoria\/wp-json\/wp\/v2\/types\/page"}],"author":[{"embeddable":true,"href":"https:\/\/www.tjes.jus.br\/corregedoria\/wp-json\/wp\/v2\/users\/1"}],"replies":[{"embeddable":true,"href":"https:\/\/www.tjes.jus.br\/corregedoria\/wp-json\/wp\/v2\/comments?post=4357"}],"version-history":[{"count":6,"href":"https:\/\/www.tjes.jus.br\/corregedoria\/wp-json\/wp\/v2\/pages\/4357\/revisions"}],"predecessor-version":[{"id":28674,"href":"https:\/\/www.tjes.jus.br\/corregedoria\/wp-json\/wp\/v2\/pages\/4357\/revisions\/28674"}],"up":[{"embeddable":true,"href":"https:\/\/www.tjes.jus.br\/corregedoria\/wp-json\/wp\/v2\/pages\/216"}],"wp:attachment":[{"href":"https:\/\/www.tjes.jus.br\/corregedoria\/wp-json\/wp\/v2\/media?parent=4357"}],"curies":[{"name":"wp","href":"https:\/\/api.w.org\/{rel}","templated":true}]}}