{"id":4375,"date":"2016-07-25T15:50:11","date_gmt":"2016-07-25T18:50:11","guid":{"rendered":"https:\/\/www.tjes.jus.br\/corregedoria\/?page_id=4375"},"modified":"2025-02-14T17:48:41","modified_gmt":"2025-02-14T20:48:41","slug":"sistemas-de-arrecadacao","status":"publish","type":"page","link":"https:\/\/www.tjes.jus.br\/corregedoria\/sistemas-de-arrecadacao\/","title":{"rendered":"Sistemas de Arrecada\u00e7\u00e3o"},"content":{"rendered":"<p style=\"text-align: left;\"><a href=\"https:\/\/www.tjes.jus.br\/corregedoria\/index.php\/sistemas-de-arrecadacao\/custas-processuais-e-outras-receitas-judiciarias\/\" target=\"_self\" rel=\"noopener\">Custas Processuais e Outras Receitas Judici\u00e1rias<\/a><\/p>\n<p style=\"text-align: left;\"><a href=\"https:\/\/www.tjes.jus.br\/corregedoria\/index.php\/sistemas-de-arrecadacao\/atualizacao-monetaria\/\" target=\"_self\" rel=\"noopener\">Atualiza\u00e7\u00e3o Monet\u00e1ria<\/a><\/p>\n<p style=\"text-align: left;\"><a href=\"https:\/\/www.tjes.jus.br\/corregedoria\/index.php\/foro-extrajudicial\/tabela-de-emolumentos\/\">Tabelas de Emolumentos<\/a><\/p>\n<p style=\"text-align: left;\"><a href=\"https:\/\/www.tjes.jus.br\/corregedoria\/index.php\/serventias-nao-oficializadas-guias-e-relatorios\/\">Serventias Extrajudiciais &#8211; Guias e Relat\u00f3rios<\/a><\/p>\n<p style=\"text-align: left;\"><a href=\"https:\/\/sistemas.tjes.jus.br\/intranet\/arrecadacao\/\" target=\"_blank\" rel=\"noopener\">Sistemas de Arrecada\u00e7\u00e3o<\/a> (Somente usu\u00e1rios cadastrados)<\/p>\n<p style=\"text-align: left;\"><a href=\"https:\/\/www.tjes.jus.br\/corregedoria\/index.php\/manual-de-uso-do-convenio-da-sefaz-es-cadin\/\" rel=\"noopener\">Manual de Uso das Funcionalidades do Conv\u00eanio da SEFAZ-ES (CADIN)<\/a><\/p>\n<p style=\"text-align: left;\">\n","protected":false},"excerpt":{"rendered":"<p>Custas Processuais e Outras Receitas Judici\u00e1rias Atualiza\u00e7\u00e3o Monet\u00e1ria Tabelas de Emolumentos Serventias Extrajudiciais &#8211; Guias e Relat\u00f3rios Sistemas de Arrecada\u00e7\u00e3o (Somente usu\u00e1rios cadastrados) Manual de Uso das Funcionalidades do Conv\u00eanio da SEFAZ-ES (CADIN)<\/p>\n","protected":false},"author":1,"featured_media":0,"parent":0,"menu_order":0,"comment_status":"closed","ping_status":"closed","template":"","meta":{"footnotes":""},"_links":{"self":[{"href":"https:\/\/www.tjes.jus.br\/corregedoria\/wp-json\/wp\/v2\/pages\/4375"}],"collection":[{"href":"https:\/\/www.tjes.jus.br\/corregedoria\/wp-json\/wp\/v2\/pages"}],"about":[{"href":"https:\/\/www.tjes.jus.br\/corregedoria\/wp-json\/wp\/v2\/types\/page"}],"author":[{"embeddable":true,"href":"https:\/\/www.tjes.jus.br\/corregedoria\/wp-json\/wp\/v2\/users\/1"}],"replies":[{"embeddable":true,"href":"https:\/\/www.tjes.jus.br\/corregedoria\/wp-json\/wp\/v2\/comments?post=4375"}],"version-history":[{"count":16,"href":"https:\/\/www.tjes.jus.br\/corregedoria\/wp-json\/wp\/v2\/pages\/4375\/revisions"}],"predecessor-version":[{"id":42479,"href":"https:\/\/www.tjes.jus.br\/corregedoria\/wp-json\/wp\/v2\/pages\/4375\/revisions\/42479"}],"wp:attachment":[{"href":"https:\/\/www.tjes.jus.br\/corregedoria\/wp-json\/wp\/v2\/media?parent=4375"}],"curies":[{"name":"wp","href":"https:\/\/api.w.org\/{rel}","templated":true}]}}