{"id":4378,"date":"2016-07-25T15:54:46","date_gmt":"2016-07-25T18:54:46","guid":{"rendered":"https:\/\/www.tjes.jus.br\/corregedoria\/?page_id=4378"},"modified":"2018-02-09T17:30:11","modified_gmt":"2018-02-09T19:30:11","slug":"serventias-nao-oficializadas-guias-e-relatorios","status":"publish","type":"page","link":"https:\/\/www.tjes.jus.br\/corregedoria\/sistemas-de-arrecadacao\/serventias-nao-oficializadas-guias-e-relatorios\/","title":{"rendered":"Serventias Extrajudiciais &#8211; Guias e Relat\u00f3rios"},"content":{"rendered":"<p style=\"text-align: justify;\">Problemas na impress\u00e3o?\u00a0<a href=\"https:\/\/www.tjes.jus.br\/corregedoria\/wp-content\/uploads\/2016\/07\/scriptx.zip\">Clique AQUI para instalar o componente<\/a><\/p>\n<p style=\"text-align: justify;\">1\u00a0&#8211; Cadastrar Guia de Recolhimento do FUNEPJ<br \/>\n<a href=\"http:\/\/aplicativos.tjes.jus.br\/sistemaspublicos\/corregedoria\/arrecadacao\/guias\/cad_guiaavulsa.cfm?CodReceita=108\" target=\"_blank\" rel=\"noopener\">Guia da Receita 108<\/a>\u00a0 &#8211; 15% da\u00a0arrecada\u00e7\u00e3o bruta dos cart\u00f3rios n\u00e3o oficializados &#8230;<br \/>\n<a href=\"http:\/\/aplicativos.tjes.jus.br\/sistemaspublicos\/corregedoria\/arrecadacao\/guias\/cad_guiaavulsa.cfm?CodReceita=221\" target=\"_blank\" rel=\"noopener\">Guia da Receita\u00a0221<\/a>\u00a0 &#8211; Super\u00e1vit \u00a0ExtraJudicial<\/p>\n<p style=\"text-align: justify;\">2\u00a0&#8211; <a href=\"http:\/\/aplicativos.tjes.jus.br\/sistemaspublicos\/corregedoria\/arrecadacao\/relatorios\/ConsultaCustasporProcesso.cfm\" target=\"_blank\" rel=\"noopener\">Consultar \/ Imprimir 2\u00aa via de Guia Gerada<\/a><\/p>\n<p style=\"text-align: justify;\">3 &#8211; Modelos de Relat\u00f3rios e Formul\u00e1rios para Serventias N\u00e3o-Oficializadas : Selos, FARPEN \/ FUNEPJ<br \/>\n<a href=\"https:\/\/www.tjes.jus.br\/corregedoria\/wp-content\/uploads\/2016\/08\/ModeloReciboAgosto2016.doc\" target=\"_blank\" rel=\"noopener\">Recibo dos emolumentos dos servi\u00e7os notariais e de registro<\/a><\/p>\n","protected":false},"excerpt":{"rendered":"<p>Problemas na impress\u00e3o?\u00a0Clique AQUI para instalar o componente 1\u00a0&#8211; Cadastrar Guia de Recolhimento do FUNEPJ Guia da Receita 108\u00a0 &#8211; 15% da\u00a0arrecada\u00e7\u00e3o bruta dos cart\u00f3rios n\u00e3o oficializados &#8230; Guia da Receita\u00a0221\u00a0 &#8211; Super\u00e1vit \u00a0ExtraJudicial 2\u00a0&#8211; Consultar \/ Imprimir 2\u00aa via de Guia Gerada 3 &#8211; Modelos de Relat\u00f3rios e Formul\u00e1rios para Serventias N\u00e3o-Oficializadas : Selos, [&hellip;]<\/p>\n","protected":false},"author":1,"featured_media":0,"parent":4375,"menu_order":0,"comment_status":"closed","ping_status":"closed","template":"","meta":{"footnotes":""},"_links":{"self":[{"href":"https:\/\/www.tjes.jus.br\/corregedoria\/wp-json\/wp\/v2\/pages\/4378"}],"collection":[{"href":"https:\/\/www.tjes.jus.br\/corregedoria\/wp-json\/wp\/v2\/pages"}],"about":[{"href":"https:\/\/www.tjes.jus.br\/corregedoria\/wp-json\/wp\/v2\/types\/page"}],"author":[{"embeddable":true,"href":"https:\/\/www.tjes.jus.br\/corregedoria\/wp-json\/wp\/v2\/users\/1"}],"replies":[{"embeddable":true,"href":"https:\/\/www.tjes.jus.br\/corregedoria\/wp-json\/wp\/v2\/comments?post=4378"}],"version-history":[{"count":6,"href":"https:\/\/www.tjes.jus.br\/corregedoria\/wp-json\/wp\/v2\/pages\/4378\/revisions"}],"predecessor-version":[{"id":22468,"href":"https:\/\/www.tjes.jus.br\/corregedoria\/wp-json\/wp\/v2\/pages\/4378\/revisions\/22468"}],"up":[{"embeddable":true,"href":"https:\/\/www.tjes.jus.br\/corregedoria\/wp-json\/wp\/v2\/pages\/4375"}],"wp:attachment":[{"href":"https:\/\/www.tjes.jus.br\/corregedoria\/wp-json\/wp\/v2\/media?parent=4378"}],"curies":[{"name":"wp","href":"https:\/\/api.w.org\/{rel}","templated":true}]}}