{"id":4386,"date":"2016-07-25T16:03:04","date_gmt":"2016-07-25T19:03:04","guid":{"rendered":"https:\/\/www.tjes.jus.br\/corregedoria\/?page_id=4386"},"modified":"2020-10-08T16:10:23","modified_gmt":"2020-10-08T19:10:23","slug":"manual-de-uso-do-convenio-da-sefaz-es-cadin","status":"publish","type":"page","link":"https:\/\/www.tjes.jus.br\/corregedoria\/sistemas-de-arrecadacao\/manual-de-uso-do-convenio-da-sefaz-es-cadin\/","title":{"rendered":"Manual de Uso do Conv\u00eanio da SEFAZ-ES (CADIN)"},"content":{"rendered":"<p style=\"text-align: justify;\"><a href=\"https:\/\/www.tjes.jus.br\/corregedoria\/wp-content\/uploads\/2020\/10\/Manual_de_uso_das_funcionalidades_do_convenio_da_SEFAZ_-_30_de_julho_de_2020.pdf\">Manual de uso das funcionalidades do conv\u00eanio da SEFAZ-ES (CADIN)<\/a><\/p>\n<p style=\"text-align: justify;\"><a href=\"https:\/\/www.tjes.jus.br\/corregedoria\/wp-content\/uploads\/2020\/10\/Of\u00edcio-Circular-28_2020.pdf\">Of\u00edcio-Circular n\u00b0 28\/2020<\/a> &#8211; Determina aos magistrados e magistradas o integral cumprimento do artigo 297, \u00a7 4\u00ba, do C\u00f3digo de Normas e publica a vers\u00e3o atualizada do Manual de uso das funcionalidades do conv\u00eanio da SEFAZ (CADIN).<\/p>\n<p style=\"text-align: justify;\"><a href=\"https:\/\/www.tjes.jus.br\/corregedoria\/2016\/10\/13\/oficio-circular-no-0292016-disp-08062016\/\" target=\"_blank\" rel=\"noopener\">Of\u00edcio-Circular n\u00ba 029\/2016<\/a>\u00a0&#8211;\u00a0Publica a vers\u00e3o atualizada do Manual de Procedimento de uso das Funcionalidades do Conv\u00eanio de Coopera\u00e7\u00e3o T\u00e9cnica para Informa\u00e7\u00f5es On Line dos D\u00e9bitos de Custas Processuais Vencidas e demais Receitas destinadas ao Fundo Especial do Poder Judici\u00e1rio do Estado do Esp\u00edrito Santo (CADIN).<\/p>\n<p style=\"text-align: justify;\"><a href=\"https:\/\/www.tjes.jus.br\/corregedoria\/wp-content\/uploads\/2016\/10\/Oficio_Circular_135-2013.pdf\" target=\"_blank\" rel=\"noopener\">Of\u00edcio-Circular n\u00ba 135\/2013<\/a>\u00a0&#8211;\u00a0Comunica que est\u00e1 dispon\u00edvel no sistema eJUD, uma listagem com as partes do processo, na mesma tela, para selecionar as guias para o envio on line \u00e0 SEFAZ\/ES, com a fun\u00e7\u00e3o para o usu\u00e1rio efetuar o cadastramento do CNPJ\/CPF da parte devedora, caso os mesmos n\u00e3o tenham sido cadastrados no momento em que a guia foi gerada e determina que a unidade judici\u00e1ria sempre realize confer\u00eancia do CNPJ\/CPF da parte devedora, antes do envio das informa\u00e7\u00f5es online para a SEFAZ\/ES.<\/p>\n<p style=\"text-align: justify;\"><a href=\"https:\/\/www.tjes.jus.br\/corregedoria\/index.php\/2016\/06\/27\/ato-normativo-conjunto-no-0062013-disp-09042013\/\" target=\"_blank\" rel=\"noopener\">Ato Normativo Conjunto n\u00ba 06\/2013<\/a>\u00a0&#8211;\u00a0Disp\u00f5e sobre a regulamenta\u00e7\u00e3o do procedimento para remessa, on line, das informa\u00e7\u00f5es dos d\u00e9bitos de custas processuais vencidas e demais receitas destinadas ao Fundo Especial do Poder Judici\u00e1rio do Estado do Esp\u00edrito Santo \u2013 FUNEPJ \u00e0 Secretaria de Estado da Fazenda do Esp\u00edrito Santo.<\/p>\n","protected":false},"excerpt":{"rendered":"<p>Manual de uso das funcionalidades do conv\u00eanio da SEFAZ-ES (CADIN) Of\u00edcio-Circular n\u00b0 28\/2020 &#8211; Determina aos magistrados e magistradas o integral cumprimento do artigo 297, \u00a7 4\u00ba, do C\u00f3digo de Normas e publica a vers\u00e3o atualizada do Manual de uso das funcionalidades do conv\u00eanio da SEFAZ (CADIN). Of\u00edcio-Circular n\u00ba 029\/2016\u00a0&#8211;\u00a0Publica a vers\u00e3o atualizada do Manual [&hellip;]<\/p>\n","protected":false},"author":1,"featured_media":0,"parent":4375,"menu_order":0,"comment_status":"closed","ping_status":"closed","template":"","meta":{"footnotes":""},"_links":{"self":[{"href":"https:\/\/www.tjes.jus.br\/corregedoria\/wp-json\/wp\/v2\/pages\/4386"}],"collection":[{"href":"https:\/\/www.tjes.jus.br\/corregedoria\/wp-json\/wp\/v2\/pages"}],"about":[{"href":"https:\/\/www.tjes.jus.br\/corregedoria\/wp-json\/wp\/v2\/types\/page"}],"author":[{"embeddable":true,"href":"https:\/\/www.tjes.jus.br\/corregedoria\/wp-json\/wp\/v2\/users\/1"}],"replies":[{"embeddable":true,"href":"https:\/\/www.tjes.jus.br\/corregedoria\/wp-json\/wp\/v2\/comments?post=4386"}],"version-history":[{"count":7,"href":"https:\/\/www.tjes.jus.br\/corregedoria\/wp-json\/wp\/v2\/pages\/4386\/revisions"}],"predecessor-version":[{"id":30667,"href":"https:\/\/www.tjes.jus.br\/corregedoria\/wp-json\/wp\/v2\/pages\/4386\/revisions\/30667"}],"up":[{"embeddable":true,"href":"https:\/\/www.tjes.jus.br\/corregedoria\/wp-json\/wp\/v2\/pages\/4375"}],"wp:attachment":[{"href":"https:\/\/www.tjes.jus.br\/corregedoria\/wp-json\/wp\/v2\/media?parent=4386"}],"curies":[{"name":"wp","href":"https:\/\/api.w.org\/{rel}","templated":true}]}}