{"id":4395,"date":"2016-07-25T16:14:53","date_gmt":"2016-07-25T19:14:53","guid":{"rendered":"https:\/\/www.tjes.jus.br\/corregedoria\/?page_id=4395"},"modified":"2022-02-15T17:39:52","modified_gmt":"2022-02-15T19:39:52","slug":"guia-de-prestacao-de-pena-pecuniaria","status":"publish","type":"page","link":"https:\/\/www.tjes.jus.br\/corregedoria\/guia-de-prestacao-de-pena-pecuniaria\/","title":{"rendered":"Guia de Presta\u00e7\u00e3o de Pena Pecuni\u00e1ria"},"content":{"rendered":"<p style=\"text-align: justify;\">1 &#8211; <a href=\"http:\/\/aplicativos.tjes.jus.br\/sistemaspublicos\/corregedoria\/arrecadacao\/guias\/Cad_GuiaPenaPecun.cfm\">Gerar Guia de Presta\u00e7\u00e3o de Pena Pecuni\u00e1ria<\/a><\/p>\n<p style=\"text-align: justify;\">2 &#8211; <a href=\"http:\/\/aplicativos.tjes.jus.br\/sistemaspublicos\/corregedoria\/arrecadacao\/guias\/Cad_GuiaAvulsaEsp.cfm?tipochamada=17&amp;codigoreceita=20\">Guia de Devolu\u00e7\u00e3o do Saldo Residual do Projeto liberado com Recursos de Pena de Presta\u00e7\u00e3o Pecuni\u00e1ria<\/a><\/p>\n<p style=\"text-align: justify;\">3 &#8211; <a href=\"http:\/\/aplicativos.tjes.jus.br\/sistemaspublicos\/corregedoria\/arrecadacao\/relatorios\/ConsultaCustasporProcesso.cfm\">Consultar Guias de Presta\u00e7\u00e3o de Pena Pecuni\u00e1ria por Processo<\/a><\/p>\n<p style=\"text-align: justify;\">4 &#8211; <a href=\"http:\/\/aplicativos.tjes.jus.br\/sistemaspublicos\/corregedoria\/arrecadacao\/guias\/Cons_GuiaSelo.cfm\">Consultar \/ Imprimir 2\u00aa Via de Guia Gerada<\/a><\/p>\n<p style=\"text-align: justify;\">5 &#8211; <a href=\"https:\/\/www.tjes.jus.br\/corregedoria\/wp-content\/uploads\/2016\/07\/ManualGeracaoGuiaPenaPrestacaoPecuniariaEjud.pdf\" target=\"_blank\" rel=\"noopener\">Manual<\/a><\/p>\n<p style=\"text-align: justify;\">6 &#8211; <a href=\"https:\/\/www.tjes.jus.br\/corregedoria\/2016\/06\/27\/ato-normativo-conjunto-no-0022013-disp-18012013\/\" target=\"_blank\" rel=\"noopener\">Ato Normativo Conjunto n\u00ba 002\/2013<\/a>\u00a0&#8211; (Publicado em 18\/01\/2013) &#8211; Da Abertura da Conta Corrente e Recolhimento dos Valores.<\/p>\n<p style=\"text-align: justify;\">7 &#8211; <a href=\"https:\/\/www.tjes.jus.br\/corregedoria\/wp-content\/uploads\/2016\/09\/Oficio_Circular_119-2013.pdf\" target=\"_blank\" rel=\"noopener\">Of\u00edcio Circular n\u00ba 119\/2013<\/a>\u00a0&#8211; (Publicado DJ 19\/03\/13) &#8211; Publicar o c\u00f3digo conv\u00eanio das Unidades Gestoras &#8211; UG e suas respectivas contas correntes.<\/p>\n<p style=\"text-align: justify;\">8 &#8211; <a href=\"https:\/\/www.tjes.jus.br\/corregedoria\/2017\/11\/08\/oficio-circular-no-1392013-disp-07052013\/\" rel=\"noopener\">Of\u00edcio Circular n\u00ba 139\/2013<\/a> &#8211; Determinar a utiliza\u00e7\u00e3o dos Anexos I a V para atendimentos dos requisitos estabelecidos no Ato Conjunto n\u00ba 002\/13.<\/p>\n<p style=\"text-align: justify;\">9 &#8211; <a href=\"https:\/\/www.tjes.jus.br\/corregedoria\/index.php\/2016\/09\/16\/resolucao-cnj-no-154-de-13072012\/\" target=\"_blank\" rel=\"noopener\">Resolu\u00e7\u00e3o CNJ n\u00ba 154\/2012<\/a><\/p>\n<p style=\"text-align: justify;\">10 &#8211;\u00a0<a href=\"https:\/\/www.tjes.jus.br\/corregedoria\/wp-content\/uploads\/2016\/07\/Of_Circular_139-2013-Manual_cadastramento_instituicao.pdf\" target=\"_blank\" rel=\"noopener\">Manual\u00a0Cadastramento &#8211;\u00a0Institui\u00e7\u00f5es<\/a><\/p>\n","protected":false},"excerpt":{"rendered":"<p>1 &#8211; Gerar Guia de Presta\u00e7\u00e3o de Pena Pecuni\u00e1ria 2 &#8211; Guia de Devolu\u00e7\u00e3o do Saldo Residual do Projeto liberado com Recursos de Pena de Presta\u00e7\u00e3o Pecuni\u00e1ria 3 &#8211; Consultar Guias de Presta\u00e7\u00e3o de Pena Pecuni\u00e1ria por Processo 4 &#8211; Consultar \/ Imprimir 2\u00aa Via de Guia Gerada 5 &#8211; Manual 6 &#8211; Ato Normativo [&hellip;]<\/p>\n","protected":false},"author":1,"featured_media":0,"parent":0,"menu_order":0,"comment_status":"closed","ping_status":"closed","template":"","meta":{"footnotes":""},"_links":{"self":[{"href":"https:\/\/www.tjes.jus.br\/corregedoria\/wp-json\/wp\/v2\/pages\/4395"}],"collection":[{"href":"https:\/\/www.tjes.jus.br\/corregedoria\/wp-json\/wp\/v2\/pages"}],"about":[{"href":"https:\/\/www.tjes.jus.br\/corregedoria\/wp-json\/wp\/v2\/types\/page"}],"author":[{"embeddable":true,"href":"https:\/\/www.tjes.jus.br\/corregedoria\/wp-json\/wp\/v2\/users\/1"}],"replies":[{"embeddable":true,"href":"https:\/\/www.tjes.jus.br\/corregedoria\/wp-json\/wp\/v2\/comments?post=4395"}],"version-history":[{"count":10,"href":"https:\/\/www.tjes.jus.br\/corregedoria\/wp-json\/wp\/v2\/pages\/4395\/revisions"}],"predecessor-version":[{"id":33574,"href":"https:\/\/www.tjes.jus.br\/corregedoria\/wp-json\/wp\/v2\/pages\/4395\/revisions\/33574"}],"wp:attachment":[{"href":"https:\/\/www.tjes.jus.br\/corregedoria\/wp-json\/wp\/v2\/media?parent=4395"}],"curies":[{"name":"wp","href":"https:\/\/api.w.org\/{rel}","templated":true}]}}