{"id":4399,"date":"2016-07-25T16:26:32","date_gmt":"2016-07-25T19:26:32","guid":{"rendered":"https:\/\/www.tjes.jus.br\/corregedoria\/?page_id=4399"},"modified":"2016-07-26T13:38:41","modified_gmt":"2016-07-26T16:38:41","slug":"significado-do-brasao","status":"publish","type":"page","link":"https:\/\/www.tjes.jus.br\/corregedoria\/significado-do-brasao\/","title":{"rendered":"Significado do Bras\u00e3o"},"content":{"rendered":"<p style=\"text-align: justify;\">O bras\u00e3o de armas do estado do Esp\u00edrito Santo foi institu\u00eddo por decreto-lei em 24 de julho de 1947 e \u00e9 obrigatoriamente impresso em todos os pap\u00e9is oficiais do governo do estado.<\/p>\n<p style=\"text-align: justify;\">O primeiro bras\u00e3o do estado foi oficializado pela Lei n\u00ba 02 de 11 de junho de 1892 e adotava como emblema a constela\u00e7\u00e3o do Cruzeiro do Sul, circundada por quatro datas not\u00e1veis para o estado, tendo em volta as palavras &#8220;estado do Esp\u00edrito Santo&#8221;.<\/p>\n<p style=\"text-align: justify;\">Posteriormente, atrav\u00e9s do Decreto n\u00famero 456, de 7 de setembro de 1909 (revogado pela Constitui\u00e7\u00e3o brasileira de 1937), o bras\u00e3o adquiriu as caracter\u00edsticas atuais, cujos principais componentes e seus significados s\u00e3o:<\/p>\n<p style=\"text-align: justify;\"><img loading=\"lazy\" decoding=\"async\" class=\"size-medium wp-image-4412 alignleft\" src=\"https:\/\/www.tjes.jus.br\/corregedoria\/wp-content\/uploads\/2016\/07\/Brasao-Oficial-300x283.gif\" alt=\"Brasao-Oficial\" width=\"300\" height=\"283\" \/>&#8211; <strong>RAMO DE CAF\u00c9<\/strong> (\u00e0 direita): representa o principal produto agr\u00edcola capixaba (desde 1850);<\/p>\n<p style=\"text-align: justify;\">&#8211; <strong>RAMO DE CANA DE A\u00c7\u00daCAR<\/strong> (\u00e0 esquerda): representa o principal produto agr\u00edcola da economia do estado no passado (at\u00e9 1850);<\/p>\n<p style=\"text-align: justify;\">&#8211; <strong>23 DE MAIO DE 1535<\/strong>: dia de chegada de Vasco Fernandes Coutinho ao Esp\u00edrito Santo in\u00edcio da coloniza\u00e7\u00e3o do solo esp\u00edrito-santense;<\/p>\n<p style=\"text-align: justify;\">&#8211; <strong>12 DE JUNHO DE 1817<\/strong>: dia do fuzilamento, na Bahia, de domingos Jos\u00e9 Martins, era vai capixaba, um dos chefes da Revolu\u00e7\u00e3o pernambucana, que visava a independ\u00eancia do Brasil de Portugal;<\/p>\n<p style=\"text-align: justify;\">&#8211; <strong>TR\u00caS ESTRELAS<\/strong> (acima, embaixo e \u00e0 esquerda): representam os estados vizinhos (Bahia, Rio de Janeiro e Minas Gerais).<\/p>\n","protected":false},"excerpt":{"rendered":"<p>O bras\u00e3o de armas do estado do Esp\u00edrito Santo foi institu\u00eddo por decreto-lei em 24 de julho de 1947 e \u00e9 obrigatoriamente impresso em todos os pap\u00e9is oficiais do governo do estado. O primeiro bras\u00e3o do estado foi oficializado pela Lei n\u00ba 02 de 11 de junho de 1892 e adotava como emblema a constela\u00e7\u00e3o [&hellip;]<\/p>\n","protected":false},"author":1,"featured_media":0,"parent":0,"menu_order":0,"comment_status":"closed","ping_status":"closed","template":"","meta":{"footnotes":""},"_links":{"self":[{"href":"https:\/\/www.tjes.jus.br\/corregedoria\/wp-json\/wp\/v2\/pages\/4399"}],"collection":[{"href":"https:\/\/www.tjes.jus.br\/corregedoria\/wp-json\/wp\/v2\/pages"}],"about":[{"href":"https:\/\/www.tjes.jus.br\/corregedoria\/wp-json\/wp\/v2\/types\/page"}],"author":[{"embeddable":true,"href":"https:\/\/www.tjes.jus.br\/corregedoria\/wp-json\/wp\/v2\/users\/1"}],"replies":[{"embeddable":true,"href":"https:\/\/www.tjes.jus.br\/corregedoria\/wp-json\/wp\/v2\/comments?post=4399"}],"version-history":[{"count":4,"href":"https:\/\/www.tjes.jus.br\/corregedoria\/wp-json\/wp\/v2\/pages\/4399\/revisions"}],"predecessor-version":[{"id":4415,"href":"https:\/\/www.tjes.jus.br\/corregedoria\/wp-json\/wp\/v2\/pages\/4399\/revisions\/4415"}],"wp:attachment":[{"href":"https:\/\/www.tjes.jus.br\/corregedoria\/wp-json\/wp\/v2\/media?parent=4399"}],"curies":[{"name":"wp","href":"https:\/\/api.w.org\/{rel}","templated":true}]}}